{"id":505,"date":"2015-10-19T08:57:42","date_gmt":"2015-10-19T07:57:42","guid":{"rendered":"http:\/\/agora.xtec.cat\/formacio\/form021\/?page_id=505"},"modified":"2020-03-26T21:22:36","modified_gmt":"2020-03-26T20:22:36","slug":"impuls-de-la-lectura","status":"publish","type":"page","link":"https:\/\/serveiseducatius.xtec.cat\/baixpenedes\/dinamitzacio\/impuls-de-la-lectura\/","title":{"rendered":"Impuls de la lectura"},"content":{"rendered":"<p><a href=\"http:\/\/xtec.gencat.cat\/ca\/projectes\/lectura\/impulslectura\/\" target=\"_blank\" rel=\"noopener noreferrer\"><img loading=\"lazy\" decoding=\"async\" class=\"alignleft wp-image-6544 \" src=\"http:\/\/serveiseducatius.xtec.cat\/baixpenedes\/wp-content\/uploads\/usu764\/2015\/10\/impulslectura.jpg_154211131.jpg\" alt=\"impulslectura-jpg_154211131\" width=\"180\" height=\"200\" \/><\/a>El Departament d&#8217;Ensenyament participa en el <strong><a href=\"http:\/\/www.govern.cat\/pres_gov\/AppJava\/govern\/grans-reptes\/aixecar-catalunya\/160231\/govern-impulsa-nacional-lectura-lobjectiu-daugmentar-habits-lectors-ciutadans.html\" target=\"_blank\" rel=\"noopener noreferrer\">Pla Nacional de Lectura<\/a> <\/strong>presentat pel Govern de la Generalitat establint com a objectiu estrat\u00e8gic la millora de l&#8217;\u00e8xit escolar de tot l&#8217;alumnat. I ho fa potenciant la lectura sistem\u00e0tica en totes les \u00e0rees i mat\u00e8ries del curr\u00edculum al llarg de tota l&#8217;escolaritat b\u00e0sica per augmentar la compet\u00e8ncia comunicativa i ling\u00fc\u00edstica i el desenvolupament de l&#8217;h\u00e0bit lector dels infants i joves, sense oblidar que la compet\u00e8ncia lectora \u00e9s la base de molts aprenentatges i un requisit per participar amb \u00e8xit en bona part dels \u00e0mbits de la vida adulta.<\/p>\n<p>Consulteu tota la informaci\u00f3 a:\u00a0<a href=\"http:\/\/xtec.gencat.cat\/ca\/projectes\/lectura\/impulslectura\/\" target=\"_blank\" rel=\"noopener noreferrer\">http:\/\/xtec.gencat.cat\/ca\/projectes\/lectura\/impulslectura\/<\/a><\/p>\n<p>&nbsp;<\/p>\n<p><b><u>Programa El gust per la lectura<\/u><\/b><\/p>\n<p><a href=\"http:\/\/xtec.gencat.cat\/ca\/projectes\/lectura\/gustperlalectura\/\" target=\"_blank\" rel=\"noopener noreferrer\"><img loading=\"lazy\" decoding=\"async\" class=\"wp-image-7755 alignleft\" src=\"http:\/\/serveiseducatius.xtec.cat\/baixpenedes\/wp-content\/uploads\/usu764\/2015\/10\/gust_lectura.png\" alt=\"gust_lectura\" width=\"179\" height=\"78\" srcset=\"https:\/\/serveiseducatius.xtec.cat\/baixpenedes\/wp-content\/uploads\/usu764\/2015\/10\/gust_lectura.png 563w, https:\/\/serveiseducatius.xtec.cat\/baixpenedes\/wp-content\/uploads\/usu764\/2015\/10\/gust_lectura-300x131.png 300w\" sizes=\"auto, (max-width: 179px) 100vw, 179px\" \/><\/a><\/p>\n<p>El programa El Gust per la Lectura t\u00e9 per objectiu la formaci\u00f3 de bons lectors i lectores. Es tracta que, al llarg de la seva formaci\u00f3 educativa, els nostres alumnes esdevinguin lectors competents, cr\u00edtics i capa\u00e7os de gaudir del plaer de la lectura.\u00a0 El programa\u00a0 ofereix material did\u00e0ctic al professorat, i estrat\u00e8gies i recursos per a la dinamitzaci\u00f3 de la lectura, de manera que s\u2019afavoreixi el desenvolupament de les compet\u00e8ncies liter\u00e0ria i social i ciutadana. La dinamitzaci\u00f3 de la lectura es porta a terme relacionant les obres liter\u00e0ries amb altres tipus de discursos, de formats art\u00edstics i d\u2019activitats, amb la intenci\u00f3 que el fet lector, a m\u00e9s de proporcionar sensibilitat est\u00e8tica i contribuir al creixement personal, esdevingui element potenciador del treball compartit i la construcci\u00f3 de la ciutadania.<\/p>\n<p><a href=\"http:\/\/serveiseducatius.xtec.cat\/baixpenedes\/categoria\/dinamitzacio\/gust-lectura\/\">Not\u00edcies relacionades amb el gust per la lectura<\/a><\/p>\n<p><a href=\"http:\/\/xtec.gencat.cat\/ca\/projectes\/lectura\/gustperlalectura\/\" target=\"_blank\" rel=\"noopener noreferrer\">M\u00e9s informaci\u00f3 a XTEC.CAT<\/a><\/p>\n<p><!--__________________________--><\/p>\n<p><!--__________________________--><\/p>\n<p style=\"margin-top: 30px; font-size: 18px;\"><b><u>Recursos<\/u><\/b><\/p>\n<p><a href=\"http:\/\/xtec.gencat.cat\/web\/.content\/alfresco\/d\/d\/workspace\/SpacesStore\/0061\/8a244715-1333-4a23-adcc-735622e229f8\/albums_illustrat.pdf\" target=\"_blank\" rel=\"noopener noreferrer\">&#8211; Els \u00e0lbums i els llibres il\u00b7lustrats: una descoberta, diverses veus&#8230;<\/a><br \/>\n<a href=\"http:\/\/xtec.gencat.cat\/web\/.content\/alfresco\/d\/d\/workspace\/SpacesStore\/0041\/3119ac29-3721-4f42-940b-b6d8f81884c5\/atrapats_pels_llibres.pdf\" target=\"_blank\" rel=\"noopener noreferrer\">&#8211; Atrapats pels llibres<\/a><br \/>\n<a href=\"http:\/\/xtec.gencat.cat\/web\/.content\/alfresco\/d\/d\/workspace\/SpacesStore\/0022\/7e76576c-4092-4959-a043-f28a3d70eddc\/club_lectura.pdf\" target=\"_blank\" rel=\"noopener noreferrer\">&#8211; El club de lectura. Joan Portell<\/a><\/p>\n<p lang=\"zxx\"><span style=\"text-decoration: underline;\"><span style=\"font-family: Arial, sans-serif;\"><span style=\"font-size: large;\"><b>Aprenentatge inicial de la lectura<\/b><\/span><\/span><\/span><\/p>\n<p lang=\"zxx\" style=\"text-align: justify;\"><span style=\"font-family: Arial, sans-serif;\"><span style=\"font-size: medium;\">Saber llegir \u00e9s una habilitat imprescindible per al desenvolupament personal. \u00c9s un factor fonamental per a l&#8217;assoliment de les compet\u00e8ncies b\u00e0siques que ha d&#8217;estar incl\u00f2s en la programaci\u00f3 de totes les \u00e0rees del curr\u00edculum.<\/span><\/span><\/p>\n<p style=\"text-align: justify;\">Consulteu tota la informaci\u00f3 a :\u00a0<a href=\"http:\/\/xtec.gencat.cat\/ca\/curriculum\/primaria\/ailectura\/\">http:\/\/xtec.gencat.cat\/ca\/curriculum\/primaria\/ailectura\/<\/a><\/p>\n<p lang=\"zxx\" style=\"text-align: justify;\"><span style=\"text-decoration: underline;\"><span style=\"font-family: Arial, sans-serif;\"><span style=\"font-size: large;\"><b>La pir\u00e0mide de la lectura<\/b><\/span><\/span><\/span><\/p>\n<p lang=\"zxx\" style=\"text-align: justify;\"><span style=\"font-family: Arial, sans-serif;\"><span style=\"font-size: medium;\">La proposta de la pir\u00e0mide de la lectura vol oferir al professorat una eina de reflexi\u00f3 sobre algunes de les activitats que propicien la implicaci\u00f3 de l\u2019alumne en la lectura i, de retruc, faciliten l\u2019adquisici\u00f3 de l\u2019h\u00e0bit lector, amb la finalitat d\u2019orientar o reorientar la seva tasca docent i establir l\u00ednies de continu\u00eftat amb la fam\u00edlia i l\u2019entorn.<\/span><\/span><\/p>\n<p lang=\"zxx\" style=\"text-align: justify;\">\u00a0 \u00a0 \u00a0 \u00a0 \u00a0 \u00a0 \u00a0 \u00a0 \u00a0 \u00a0 \u00a0 \u00a0 \u00a0 \u00a0 \u00a0 \u00a0<a href=\"http:\/\/serveiseducatius.xtec.cat\/baixpenedes\/wp-content\/uploads\/usu764\/2017\/01\/primamide_secundaria_430x304.png\"><img loading=\"lazy\" decoding=\"async\" class=\"size-medium wp-image-6677 alignnone\" src=\"http:\/\/serveiseducatius.xtec.cat\/baixpenedes\/wp-content\/uploads\/usu764\/2017\/01\/primamide_secundaria_430x304-300x212.png\" alt=\"primamide_secundaria_430x304\" width=\"300\" height=\"212\" srcset=\"https:\/\/serveiseducatius.xtec.cat\/baixpenedes\/wp-content\/uploads\/usu764\/2017\/01\/primamide_secundaria_430x304-300x212.png 300w, https:\/\/serveiseducatius.xtec.cat\/baixpenedes\/wp-content\/uploads\/usu764\/2017\/01\/primamide_secundaria_430x304.png 430w\" sizes=\"auto, (max-width: 300px) 100vw, 300px\" \/><\/a><a href=\"http:\/\/serveiseducatius.xtec.cat\/baixpenedes\/wp-content\/uploads\/usu764\/2017\/01\/piramide_primaria_430x304.png\"><img loading=\"lazy\" decoding=\"async\" class=\"size-medium wp-image-6676 alignnone\" src=\"http:\/\/serveiseducatius.xtec.cat\/baixpenedes\/wp-content\/uploads\/usu764\/2017\/01\/piramide_primaria_430x304-300x212.png\" alt=\"piramide_primaria_430x304\" width=\"300\" height=\"212\" srcset=\"https:\/\/serveiseducatius.xtec.cat\/baixpenedes\/wp-content\/uploads\/usu764\/2017\/01\/piramide_primaria_430x304-300x212.png 300w, https:\/\/serveiseducatius.xtec.cat\/baixpenedes\/wp-content\/uploads\/usu764\/2017\/01\/piramide_primaria_430x304.png 430w\" sizes=\"auto, (max-width: 300px) 100vw, 300px\" \/><\/a><\/p>\n<p lang=\"zxx\" style=\"text-align: justify;\"><strong>Propostes did\u00e0ctiques<\/strong><br \/>\n<a href=\"http:\/\/xtec.gencat.cat\/ca\/projectes\/lectura\/impulslectura\/einesprof\/piramide\/index.html\">http:\/\/xtec.gencat.cat\/ca\/projectes\/lectura\/impulslectura\/einesprof\/piramide\/index.html<\/a><\/p>\n","protected":false},"excerpt":{"rendered":"<p>El Departament d&#8217;Ensenyament participa en el Pla Nacional de Lectura presentat pel Govern de la Generalitat establint com a objectiu estrat\u00e8gic la millora de l&#8217;\u00e8xit escolar de tot l&#8217;alumnat. I ho fa potenciant la lectura sistem\u00e0tica en totes les \u00e0rees i mat\u00e8ries del curr\u00edculum al llarg de tota l&#8217;escolaritat b\u00e0sica per augmentar la compet\u00e8ncia comunicativa [&hellip;]<\/p>\n","protected":false},"author":7,"featured_media":0,"parent":5401,"menu_order":0,"comment_status":"closed","ping_status":"closed","template":"page-templates\/side-menu.php","meta":{"_bbp_topic_count":0,"_bbp_reply_count":0,"_bbp_total_topic_count":0,"_bbp_total_reply_count":0,"_bbp_voice_count":0,"_bbp_anonymous_reply_count":0,"_bbp_topic_count_hidden":0,"_bbp_reply_count_hidden":0,"_bbp_forum_subforum_count":0,"site-sidebar-layout":"default","site-content-layout":"","ast-site-content-layout":"","site-content-style":"default","site-sidebar-style":"default","ast-global-header-display":"","ast-banner-title-visibility":"","ast-main-header-display":"","ast-hfb-above-header-display":"","ast-hfb-below-header-display":"","ast-hfb-mobile-header-display":"","site-post-title":"","ast-breadcrumbs-content":"","ast-featured-img":"","footer-sml-layout":"","theme-transparent-header-meta":"","adv-header-id-meta":"","stick-header-meta":"","header-above-stick-meta":"","header-main-stick-meta":"","header-below-stick-meta":"","astra-migrate-meta-layouts":"default","ast-page-background-enabled":"default","ast-page-background-meta":{"desktop":{"background-color":"var(--ast-global-color-4)","background-image":"","background-repeat":"repeat","background-position":"center center","background-size":"auto","background-attachment":"scroll","background-type":"","background-media":"","overlay-type":"","overlay-color":"","overlay-opacity":"","overlay-gradient":""},"tablet":{"background-color":"","background-image":"","background-repeat":"repeat","background-position":"center center","background-size":"auto","background-attachment":"scroll","background-type":"","background-media":"","overlay-type":"","overlay-color":"","overlay-opacity":"","overlay-gradient":""},"mobile":{"background-color":"","background-image":"","background-repeat":"repeat","background-position":"center center","background-size":"auto","background-attachment":"scroll","background-type":"","background-media":"","overlay-type":"","overlay-color":"","overlay-opacity":"","overlay-gradient":""}},"ast-content-background-meta":{"desktop":{"background-color":"var(--ast-global-color-5)","background-image":"","background-repeat":"repeat","background-position":"center center","background-size":"auto","background-attachment":"scroll","background-type":"","background-media":"","overlay-type":"","overlay-color":"","overlay-opacity":"","overlay-gradient":""},"tablet":{"background-color":"var(--ast-global-color-5)","background-image":"","background-repeat":"repeat","background-position":"center center","background-size":"auto","background-attachment":"scroll","background-type":"","background-media":"","overlay-type":"","overlay-color":"","overlay-opacity":"","overlay-gradient":""},"mobile":{"background-color":"var(--ast-global-color-5)","background-image":"","background-repeat":"repeat","background-position":"center center","background-size":"auto","background-attachment":"scroll","background-type":"","background-media":"","overlay-type":"","overlay-color":"","overlay-opacity":"","overlay-gradient":""}},"footnotes":""},"class_list":["post-505","page","type-page","status-publish","hentry"],"post_mailing_queue_ids":[],"_links":{"self":[{"href":"https:\/\/serveiseducatius.xtec.cat\/baixpenedes\/wp-json\/wp\/v2\/pages\/505","targetHints":{"allow":["GET"]}}],"collection":[{"href":"https:\/\/serveiseducatius.xtec.cat\/baixpenedes\/wp-json\/wp\/v2\/pages"}],"about":[{"href":"https:\/\/serveiseducatius.xtec.cat\/baixpenedes\/wp-json\/wp\/v2\/types\/page"}],"author":[{"embeddable":true,"href":"https:\/\/serveiseducatius.xtec.cat\/baixpenedes\/wp-json\/wp\/v2\/users\/7"}],"replies":[{"embeddable":true,"href":"https:\/\/serveiseducatius.xtec.cat\/baixpenedes\/wp-json\/wp\/v2\/comments?post=505"}],"version-history":[{"count":4,"href":"https:\/\/serveiseducatius.xtec.cat\/baixpenedes\/wp-json\/wp\/v2\/pages\/505\/revisions"}],"predecessor-version":[{"id":8113,"href":"https:\/\/serveiseducatius.xtec.cat\/baixpenedes\/wp-json\/wp\/v2\/pages\/505\/revisions\/8113"}],"up":[{"embeddable":true,"href":"https:\/\/serveiseducatius.xtec.cat\/baixpenedes\/wp-json\/wp\/v2\/pages\/5401"}],"wp:attachment":[{"href":"https:\/\/serveiseducatius.xtec.cat\/baixpenedes\/wp-json\/wp\/v2\/media?parent=505"}],"curies":[{"name":"wp","href":"https:\/\/api.w.org\/{rel}","templated":true}]}}