{"id":5005,"date":"2016-06-16T13:27:32","date_gmt":"2016-06-16T11:27:32","guid":{"rendered":"http:\/\/serveiseducatius.xtec.cat\/baixpenedes\/?page_id=5005"},"modified":"2017-06-23T12:21:24","modified_gmt":"2017-06-23T10:21:24","slug":"altres-apps","status":"publish","type":"page","link":"https:\/\/serveiseducatius.xtec.cat\/baixpenedes\/recursos\/recursos-tic\/apps\/altres-apps\/","title":{"rendered":"Altres Apps"},"content":{"rendered":"<table>\n<tbody>\n<tr>\n<td><a href=\"https:\/\/play.google.com\/store\/apps\/details?id=flipboard.app&amp;hl=ca\" target=\"blank&quot;\"><img loading=\"lazy\" decoding=\"async\" src=\"http:\/\/serveiseducatius.xtec.cat\/baixpenedes\/wp-content\/uploads\/usu764\/2016\/06\/Flipboard.jpg\" alt=\"\" width=\"100\" height=\"100\" \/><\/a><\/td>\n<td>\n<div class=\"colortext\">Permet seleccionar i rebre not\u00edcies di\u00e0ries sobre uns temes mitjan\u00e7ant una interf\u00edcie t\u00e0ctil. Tamb\u00e9 permet veure tot tipus d\u2019enlla\u00e7os dels temes d\u2019inter\u00e8s.<\/div>\n<\/td>\n<\/tr>\n<tr>\n<td><a href=\"https:\/\/play.google.com\/store\/apps\/details?id=org.withouthat.acalendar\" target=\"blank\"><img loading=\"lazy\" decoding=\"async\" src=\"http:\/\/serveiseducatius.xtec.cat\/baixpenedes\/wp-content\/uploads\/usu764\/2016\/06\/aCalendar.jpg\" alt=\"\" width=\"100\" height=\"100\" \/><\/a><\/td>\n<td>\n<div class=\"colortext\">Permet fer el teu propi calendari mitjan\u00e7ant una interf\u00edcie t\u00e0ctil.<\/div>\n<\/td>\n<\/tr>\n<tr>\n<td><a href=\"https:\/\/play.google.com\/store\/apps\/details?id=com.aldiko.android\" target=\"blank\"><img loading=\"lazy\" decoding=\"async\" src=\"http:\/\/serveiseducatius.xtec.cat\/baixpenedes\/wp-content\/uploads\/usu764\/2016\/06\/Aldiko.jpg\" alt=\"\" width=\"100\" height=\"100\" \/><\/a><\/td>\n<td>\n<div class=\"colortext\">Llibreria virtual per visualitzar els teus eBooks.<\/div>\n<\/td>\n<\/tr>\n<tr>\n<td><a href=\"https:\/\/play.google.com\/store\/apps\/details?id=com.aurasma.aurasma&amp;hl=ca\" target=\"blank\"><img loading=\"lazy\" decoding=\"async\" src=\"http:\/\/serveiseducatius.xtec.cat\/baixpenedes\/wp-content\/uploads\/usu764\/2016\/06\/Aurasma.jpg\" alt=\"\" width=\"100\" height=\"100\" \/><\/a><\/td>\n<td>\n<div class=\"colortext\">Permet veure v\u00eddeos i imatges mitjan\u00e7ant la realitat augmentada.<\/div>\n<\/td>\n<\/tr>\n<tr>\n<td><a href=\"https:\/\/play.google.com\/store\/apps\/details?id=com.msearcher.camfind\" target=\"blank&quot;\"><img loading=\"lazy\" decoding=\"async\" src=\"http:\/\/serveiseducatius.xtec.cat\/baixpenedes\/wp-content\/uploads\/usu764\/2016\/06\/CamFind.jpg\" alt=\"\" width=\"100\" height=\"100\" \/><\/a><\/td>\n<td>\n<div class=\"colortext\">Llegir QR, codis de barres, buscar productes, cr\u00edtiques de restaurant i botigues mitjan\u00e7ant una foto d\u2019aquests<\/div>\n<\/td>\n<\/tr>\n<tr>\n<td><a href=\"https:\/\/play.google.com\/store\/apps\/details?id=com.fusionprojects.edmodo&amp;hl=ca\" target=\"blank\"><img loading=\"lazy\" decoding=\"async\" src=\"http:\/\/serveiseducatius.xtec.cat\/baixpenedes\/wp-content\/uploads\/usu764\/2016\/06\/Edmodo.jpg\" alt=\"\" width=\"100\" height=\"100\" \/><\/a><\/td>\n<td>\n<div class=\"colortext\">Eina per portar a l&#8217;espai virtual el proc\u00e9s ensenyament-aprenentatge. A m\u00e9s de la seva f\u00e0cil accessibilitat funciona com a xarxa social educativa.<\/div>\n<\/td>\n<\/tr>\n<tr>\n<td><a href=\"https:\/\/play.google.com\/store\/apps\/details?id=com.google.android.apps.docs&amp;hl=ca\" target=\"blank\"><img loading=\"lazy\" decoding=\"async\" src=\"http:\/\/serveiseducatius.xtec.cat\/baixpenedes\/wp-content\/uploads\/usu764\/2016\/06\/Google-Drive.jpg\" alt=\"\" width=\"100\" height=\"100\" \/><\/a><\/td>\n<td>\n<div class=\"colortext\">Applicacio per a pujar i baixar arxius del drive i tenirlo sempre sincronitza.<\/div>\n<\/td>\n<\/tr>\n<tr>\n<td><a href=\"https:\/\/play.google.com\/store\/apps\/details?id=com.estrongs.android.pop&amp;hl=es_419\" target=\"blank\"><img loading=\"lazy\" decoding=\"async\" src=\"http:\/\/serveiseducatius.xtec.cat\/baixpenedes\/wp-content\/uploads\/usu764\/2016\/06\/ES-File-Explorer.jpg\" alt=\"\" width=\"100\" height=\"100\" \/><\/a><\/td>\n<td>\n<div class=\"colortext\">Permet veure i obrir tot els arxius del nostre dispositiu Android i t\u00e9 uns extres com el temps, youtube, etc.<\/div>\n<\/td>\n<\/tr>\n<tr>\n<td><a href=\"https:\/\/play.google.com\/store\/apps\/details?id=com.linkedin.android&amp;hl=es_419\" target=\"blank\"><img loading=\"lazy\" decoding=\"async\" src=\"http:\/\/serveiseducatius.xtec.cat\/baixpenedes\/wp-content\/uploads\/usu764\/2016\/06\/LinkedIn.jpg\" alt=\"\" width=\"100\" height=\"100\" \/><\/a><\/td>\n<td>\n<div class=\"colortext\">Aplicaci\u00f3 per a Android de la famosa xarxa social per buscar feina.<\/div>\n<\/td>\n<\/tr>\n<tr>\n<td><a href=\"https:\/\/play.google.com\/store\/apps\/details?id=tw.com.quickmark&amp;hl=es_419\" target=\"blank\"><img loading=\"lazy\" decoding=\"async\" src=\"http:\/\/serveiseducatius.xtec.cat\/baixpenedes\/wp-content\/uploads\/usu764\/2016\/06\/QuickMark.jpg\" alt=\"\" width=\"100\" height=\"100\" \/><\/a><\/td>\n<td>\n<div class=\"colortext\">Permet llegir els codis de barres i buscar informaci\u00f3 sobre ell.<\/div>\n<\/td>\n<\/tr>\n<tr>\n<td><a href=\"https:\/\/play.google.com\/store\/apps\/details?id=com.modelmakertools.simplemindfree\" target=\"blank\"><img loading=\"lazy\" decoding=\"async\" src=\"http:\/\/serveiseducatius.xtec.cat\/baixpenedes\/wp-content\/uploads\/usu764\/2016\/06\/SimpleMind.jpg\" alt=\"\" width=\"100\" height=\"100\" \/><\/a><\/td>\n<td>\n<div class=\"colortext\">Serveix per fer mapes mentals.<\/div>\n<\/td>\n<\/tr>\n<tr>\n<td><a href=\"https:\/\/play.google.com\/store\/apps\/details?id=com.skype.raider\" target=\"blank\"><img loading=\"lazy\" decoding=\"async\" src=\"http:\/\/serveiseducatius.xtec.cat\/baixpenedes\/wp-content\/uploads\/usu764\/2016\/06\/Skype.jpg\" alt=\"\" width=\"100\" height=\"100\" \/><\/a><\/td>\n<td>\n<div class=\"colortext\">Serveix per fer trucades de veu i v\u00eddeo o enviar missatges de text als teus contactes de forma gratu\u00efta.<\/div>\n<\/td>\n<\/tr>\n<tr>\n<td><a href=\"https:\/\/play.google.com\/store\/apps\/details?id=com.spreaker.android&amp;hl=es\" target=\"blank\"><img loading=\"lazy\" decoding=\"async\" src=\"http:\/\/serveiseducatius.xtec.cat\/baixpenedes\/wp-content\/uploads\/usu764\/2016\/06\/Podcasts.jpg\" alt=\"\" width=\"100\" height=\"100\" \/><\/a><\/td>\n<td>\n<div class=\"colortext\">Permet escoltar podcast sobre una varietat de temes.<\/div>\n<\/td>\n<\/tr>\n<tr>\n<td><a href=\"https:\/\/play.google.com\/store\/apps\/details?id=com.twitter.android&amp;hl=es_419\" target=\"blank\"><img loading=\"lazy\" decoding=\"async\" src=\"http:\/\/serveiseducatius.xtec.cat\/baixpenedes\/wp-content\/uploads\/usu764\/2016\/06\/Twitter.jpg\" alt=\"\" width=\"100\" height=\"100\" \/><\/a><\/td>\n<td>\n<div class=\"colortext\">Aplicaci\u00f3 de la famosa xarxa social que nom\u00e9s deixa escriure piulades (missatges) de 140 car\u00e0cters com a m\u00e0xim.<\/div>\n<\/td>\n<\/tr>\n<\/tbody>\n<\/table>\n","protected":false},"excerpt":{"rendered":"<p>Permet seleccionar i rebre not\u00edcies di\u00e0ries sobre uns temes mitjan\u00e7ant una interf\u00edcie t\u00e0ctil. Tamb\u00e9 permet veure tot tipus d\u2019enlla\u00e7os dels temes d\u2019inter\u00e8s. Permet fer el teu propi calendari mitjan\u00e7ant una interf\u00edcie t\u00e0ctil. Llibreria virtual per visualitzar els teus eBooks. Permet veure v\u00eddeos i imatges mitjan\u00e7ant la realitat augmentada. Llegir QR, codis de barres, buscar productes, [&hellip;]<\/p>\n","protected":false},"author":1,"featured_media":0,"parent":2549,"menu_order":0,"comment_status":"closed","ping_status":"closed","template":"page-templates\/side-menu.php","meta":{"_bbp_topic_count":0,"_bbp_reply_count":0,"_bbp_total_topic_count":0,"_bbp_total_reply_count":0,"_bbp_voice_count":0,"_bbp_anonymous_reply_count":0,"_bbp_topic_count_hidden":0,"_bbp_reply_count_hidden":0,"_bbp_forum_subforum_count":0,"site-sidebar-layout":"default","site-content-layout":"","ast-site-content-layout":"","site-content-style":"default","site-sidebar-style":"default","ast-global-header-display":"","ast-banner-title-visibility":"","ast-main-header-display":"","ast-hfb-above-header-display":"","ast-hfb-below-header-display":"","ast-hfb-mobile-header-display":"","site-post-title":"","ast-breadcrumbs-content":"","ast-featured-img":"","footer-sml-layout":"","theme-transparent-header-meta":"","adv-header-id-meta":"","stick-header-meta":"","header-above-stick-meta":"","header-main-stick-meta":"","header-below-stick-meta":"","astra-migrate-meta-layouts":"default","ast-page-background-enabled":"default","ast-page-background-meta":{"desktop":{"background-color":"var(--ast-global-color-4)","background-image":"","background-repeat":"repeat","background-position":"center center","background-size":"auto","background-attachment":"scroll","background-type":"","background-media":"","overlay-type":"","overlay-color":"","overlay-opacity":"","overlay-gradient":""},"tablet":{"background-color":"","background-image":"","background-repeat":"repeat","background-position":"center center","background-size":"auto","background-attachment":"scroll","background-type":"","background-media":"","overlay-type":"","overlay-color":"","overlay-opacity":"","overlay-gradient":""},"mobile":{"background-color":"","background-image":"","background-repeat":"repeat","background-position":"center center","background-size":"auto","background-attachment":"scroll","background-type":"","background-media":"","overlay-type":"","overlay-color":"","overlay-opacity":"","overlay-gradient":""}},"ast-content-background-meta":{"desktop":{"background-color":"var(--ast-global-color-5)","background-image":"","background-repeat":"repeat","background-position":"center center","background-size":"auto","background-attachment":"scroll","background-type":"","background-media":"","overlay-type":"","overlay-color":"","overlay-opacity":"","overlay-gradient":""},"tablet":{"background-color":"var(--ast-global-color-5)","background-image":"","background-repeat":"repeat","background-position":"center center","background-size":"auto","background-attachment":"scroll","background-type":"","background-media":"","overlay-type":"","overlay-color":"","overlay-opacity":"","overlay-gradient":""},"mobile":{"background-color":"var(--ast-global-color-5)","background-image":"","background-repeat":"repeat","background-position":"center center","background-size":"auto","background-attachment":"scroll","background-type":"","background-media":"","overlay-type":"","overlay-color":"","overlay-opacity":"","overlay-gradient":""}},"footnotes":""},"class_list":["post-5005","page","type-page","status-publish","hentry"],"post_mailing_queue_ids":[],"_links":{"self":[{"href":"https:\/\/serveiseducatius.xtec.cat\/baixpenedes\/wp-json\/wp\/v2\/pages\/5005","targetHints":{"allow":["GET"]}}],"collection":[{"href":"https:\/\/serveiseducatius.xtec.cat\/baixpenedes\/wp-json\/wp\/v2\/pages"}],"about":[{"href":"https:\/\/serveiseducatius.xtec.cat\/baixpenedes\/wp-json\/wp\/v2\/types\/page"}],"author":[{"embeddable":true,"href":"https:\/\/serveiseducatius.xtec.cat\/baixpenedes\/wp-json\/wp\/v2\/users\/1"}],"replies":[{"embeddable":true,"href":"https:\/\/serveiseducatius.xtec.cat\/baixpenedes\/wp-json\/wp\/v2\/comments?post=5005"}],"version-history":[{"count":3,"href":"https:\/\/serveiseducatius.xtec.cat\/baixpenedes\/wp-json\/wp\/v2\/pages\/5005\/revisions"}],"predecessor-version":[{"id":7900,"href":"https:\/\/serveiseducatius.xtec.cat\/baixpenedes\/wp-json\/wp\/v2\/pages\/5005\/revisions\/7900"}],"up":[{"embeddable":true,"href":"https:\/\/serveiseducatius.xtec.cat\/baixpenedes\/wp-json\/wp\/v2\/pages\/2549"}],"wp:attachment":[{"href":"https:\/\/serveiseducatius.xtec.cat\/baixpenedes\/wp-json\/wp\/v2\/media?parent=5005"}],"curies":[{"name":"wp","href":"https:\/\/api.w.org\/{rel}","templated":true}]}}