{"id":4972,"date":"2016-06-16T12:47:57","date_gmt":"2016-06-16T10:47:57","guid":{"rendered":"http:\/\/serveiseducatius.xtec.cat\/baixpenedes\/?page_id=4972"},"modified":"2017-06-23T12:20:54","modified_gmt":"2017-06-23T10:20:54","slug":"apps-educatives","status":"publish","type":"page","link":"https:\/\/serveiseducatius.xtec.cat\/baixpenedes\/recursos\/recursos-tic\/apps\/apps-educatives\/","title":{"rendered":"APPs Educatives"},"content":{"rendered":"<table>\n<tbody>\n<tr>\n<td><a href=\"https:\/\/play.google.com\/store\/apps\/details?id=com.clawdyvan.agendadigitalaluno\" target=\"blank&quot;\"><img loading=\"lazy\" decoding=\"async\" src=\"http:\/\/serveiseducatius.xtec.cat\/baixpenedes\/wp-content\/uploads\/usu764\/2016\/06\/Student-Agenda.jpg\" alt=\"\" width=\"100\" height=\"100\" \/><\/a><\/td>\n<td>\n<div class=\"colortext\">Agenda que permet organitzar els ex\u00e0mens i deures als alumnes.<\/div>\n<\/td>\n<\/tr>\n<tr>\n<td><a href=\"https:\/\/play.google.com\/store\/apps\/details?id=com.amstapps.xnotebookdemo\" target=\"blank\"><img loading=\"lazy\" decoding=\"async\" src=\"http:\/\/serveiseducatius.xtec.cat\/baixpenedes\/wp-content\/uploads\/usu764\/2016\/06\/Teacher-Notebook.jpg\" alt=\"\" width=\"100\" height=\"100\" \/><\/a><\/td>\n<td>\n<div class=\"colortext\">Permet avaluar als alumnes Permet modificar les notes d\u2019ex\u00e0mens i deures, agrupar-los per classes, etc.<\/div>\n<\/td>\n<\/tr>\n<tr>\n<td><a href=\"https:\/\/play.google.com\/store\/apps\/details?id=com.myhomeowork&amp;hl=es_419\" target=\"blank\"><img loading=\"lazy\" decoding=\"async\" src=\"http:\/\/serveiseducatius.xtec.cat\/baixpenedes\/wp-content\/uploads\/usu764\/2016\/06\/myHomework.jpg\" alt=\"\" width=\"100\" height=\"100\" \/><\/a><\/td>\n<td>\n<div class=\"colortext\">Els alumnes poden organitzar els seus deures amb una interf\u00edcie t\u00e0ctil, intu\u00eftiva i separant mat\u00e8ries per colors<\/div>\n<\/td>\n<\/tr>\n<tr>\n<td><a href=\"https:\/\/play.google.com\/store\/apps\/details?id=com.labeldroid.cuaderno.lite&amp;hl=ca\" target=\"blank\"><img loading=\"lazy\" decoding=\"async\" src=\"http:\/\/serveiseducatius.xtec.cat\/baixpenedes\/wp-content\/uploads\/usu764\/2016\/06\/Quadern-Professor.jpg\" alt=\"\" width=\"100\" height=\"100\" \/><\/a><\/td>\n<td>\n<div class=\"colortext\">Permet organitzar als professors els seus horaris amb diferents mat\u00e8ries, classes i ex\u00e0mens diferenciats per colors<\/div>\n<\/td>\n<\/tr>\n<tr>\n<td><a href=\"https:\/\/play.google.com\/store\/apps\/details?id=com.classdojo.android&amp;hl=ca\" target=\"blank&quot;\"><img loading=\"lazy\" decoding=\"async\" src=\"http:\/\/serveiseducatius.xtec.cat\/baixpenedes\/wp-content\/uploads\/usu764\/2016\/06\/ClassDojo.jpg\" alt=\"\" width=\"100\" height=\"100\" \/><\/a><\/td>\n<td>\n<div class=\"colortext\">Comparteix les dades, imprimeix o envia els informes sobre el comportament dels alumnes per informar als pares i altres professors.<\/div>\n<\/td>\n<\/tr>\n<\/tbody>\n<\/table>\n","protected":false},"excerpt":{"rendered":"<p>Agenda que permet organitzar els ex\u00e0mens i deures als alumnes. Permet avaluar als alumnes Permet modificar les notes d\u2019ex\u00e0mens i deures, agrupar-los per classes, etc. Els alumnes poden organitzar els seus deures amb una interf\u00edcie t\u00e0ctil, intu\u00eftiva i separant mat\u00e8ries per colors Permet organitzar als professors els seus horaris amb diferents mat\u00e8ries, classes i ex\u00e0mens [&hellip;]<\/p>\n","protected":false},"author":1,"featured_media":0,"parent":2549,"menu_order":0,"comment_status":"closed","ping_status":"closed","template":"page-templates\/side-menu.php","meta":{"_bbp_topic_count":0,"_bbp_reply_count":0,"_bbp_total_topic_count":0,"_bbp_total_reply_count":0,"_bbp_voice_count":0,"_bbp_anonymous_reply_count":0,"_bbp_topic_count_hidden":0,"_bbp_reply_count_hidden":0,"_bbp_forum_subforum_count":0,"site-sidebar-layout":"default","site-content-layout":"","ast-site-content-layout":"","site-content-style":"default","site-sidebar-style":"default","ast-global-header-display":"","ast-banner-title-visibility":"","ast-main-header-display":"","ast-hfb-above-header-display":"","ast-hfb-below-header-display":"","ast-hfb-mobile-header-display":"","site-post-title":"","ast-breadcrumbs-content":"","ast-featured-img":"","footer-sml-layout":"","theme-transparent-header-meta":"","adv-header-id-meta":"","stick-header-meta":"","header-above-stick-meta":"","header-main-stick-meta":"","header-below-stick-meta":"","astra-migrate-meta-layouts":"default","ast-page-background-enabled":"default","ast-page-background-meta":{"desktop":{"background-color":"var(--ast-global-color-4)","background-image":"","background-repeat":"repeat","background-position":"center center","background-size":"auto","background-attachment":"scroll","background-type":"","background-media":"","overlay-type":"","overlay-color":"","overlay-opacity":"","overlay-gradient":""},"tablet":{"background-color":"","background-image":"","background-repeat":"repeat","background-position":"center center","background-size":"auto","background-attachment":"scroll","background-type":"","background-media":"","overlay-type":"","overlay-color":"","overlay-opacity":"","overlay-gradient":""},"mobile":{"background-color":"","background-image":"","background-repeat":"repeat","background-position":"center center","background-size":"auto","background-attachment":"scroll","background-type":"","background-media":"","overlay-type":"","overlay-color":"","overlay-opacity":"","overlay-gradient":""}},"ast-content-background-meta":{"desktop":{"background-color":"var(--ast-global-color-5)","background-image":"","background-repeat":"repeat","background-position":"center center","background-size":"auto","background-attachment":"scroll","background-type":"","background-media":"","overlay-type":"","overlay-color":"","overlay-opacity":"","overlay-gradient":""},"tablet":{"background-color":"var(--ast-global-color-5)","background-image":"","background-repeat":"repeat","background-position":"center center","background-size":"auto","background-attachment":"scroll","background-type":"","background-media":"","overlay-type":"","overlay-color":"","overlay-opacity":"","overlay-gradient":""},"mobile":{"background-color":"var(--ast-global-color-5)","background-image":"","background-repeat":"repeat","background-position":"center center","background-size":"auto","background-attachment":"scroll","background-type":"","background-media":"","overlay-type":"","overlay-color":"","overlay-opacity":"","overlay-gradient":""}},"footnotes":""},"class_list":["post-4972","page","type-page","status-publish","hentry"],"post_mailing_queue_ids":[],"_links":{"self":[{"href":"https:\/\/serveiseducatius.xtec.cat\/baixpenedes\/wp-json\/wp\/v2\/pages\/4972","targetHints":{"allow":["GET"]}}],"collection":[{"href":"https:\/\/serveiseducatius.xtec.cat\/baixpenedes\/wp-json\/wp\/v2\/pages"}],"about":[{"href":"https:\/\/serveiseducatius.xtec.cat\/baixpenedes\/wp-json\/wp\/v2\/types\/page"}],"author":[{"embeddable":true,"href":"https:\/\/serveiseducatius.xtec.cat\/baixpenedes\/wp-json\/wp\/v2\/users\/1"}],"replies":[{"embeddable":true,"href":"https:\/\/serveiseducatius.xtec.cat\/baixpenedes\/wp-json\/wp\/v2\/comments?post=4972"}],"version-history":[{"count":3,"href":"https:\/\/serveiseducatius.xtec.cat\/baixpenedes\/wp-json\/wp\/v2\/pages\/4972\/revisions"}],"predecessor-version":[{"id":7899,"href":"https:\/\/serveiseducatius.xtec.cat\/baixpenedes\/wp-json\/wp\/v2\/pages\/4972\/revisions\/7899"}],"up":[{"embeddable":true,"href":"https:\/\/serveiseducatius.xtec.cat\/baixpenedes\/wp-json\/wp\/v2\/pages\/2549"}],"wp:attachment":[{"href":"https:\/\/serveiseducatius.xtec.cat\/baixpenedes\/wp-json\/wp\/v2\/media?parent=4972"}],"curies":[{"name":"wp","href":"https:\/\/api.w.org\/{rel}","templated":true}]}}