{"id":4274,"date":"2016-05-25T09:13:29","date_gmt":"2016-05-25T07:13:29","guid":{"rendered":"http:\/\/serveiseducatius.xtec.cat\/baixpenedes\/?page_id=4274"},"modified":"2020-05-19T13:01:50","modified_gmt":"2020-05-19T11:01:50","slug":"formacio","status":"publish","type":"page","link":"https:\/\/serveiseducatius.xtec.cat\/baixpenedes\/formacio\/","title":{"rendered":"FORMACI\u00d3"},"content":{"rendered":"<h3><a href=\"https:\/\/serveiseducatius.xtec.cat\/baixpenedes\/formacio\/pla-de-formacio-de-zona\/\" target=\"_blank\" rel=\"noopener noreferrer\">Pla de formaci\u00f3 de zona<\/a><\/h3>\n<h3><img loading=\"lazy\" decoding=\"async\" class=\"size-full wp-image-8301 alignleft\" src=\"https:\/\/serveiseducatius.xtec.cat\/baixpenedes\/wp-content\/uploads\/usu764\/2017\/02\/PFZ_gran_blanc_10.png\" alt=\"\" width=\"177\" height=\"146\" \/><\/h3>\n<h5><span style=\"background-color: #ffff00;\"><a style=\"background-color: #ffff00;\" href=\"https:\/\/sites.google.com\/xtec.cat\/pfz-del-baix-penedes\/inici\" target=\"_blank\" rel=\"noopener noreferrer\">CONSULTEU TOTA LA INFORMACI\u00d3 DEL PFZ I EL PROC\u00c9S DE DEMANDES DELS CENTRES AQU\u00cd<\/a><\/span><\/h5>\n<p>Al PFZ del Baix Pened\u00e8s li correspon donar resposta a les necessitats formatives detectades a la comarca, a partir de les propostes del Departament d\u2019Educaci\u00f3 i de les demandes dels centres i del seu professorat, mitjan\u00e7ant la Comissi\u00f3 del PFZ del Baix Pened\u00e8s.<\/p>\n<p>El\u00a0<strong>Pla de Formaci\u00f3 de Zona<\/strong>\u00a0\u00e9s un recurs del Departament d\u2019Educaci\u00f3 que contribueix a l\u2019assoliment i la millora dels projectes educatius dels centres i a l\u2019enfortiment de les compet\u00e8ncies professionals del professorat.<\/p>\n<p>El Departament d\u2019Educaci\u00f3 estructura aquesta formaci\u00f3 en diferents \u00e0mbits de planificaci\u00f3, organitzaci\u00f3 i gesti\u00f3.<\/p>\n<p>Els Plans de Formaci\u00f3 de Zona s\u00f3n el marc en qu\u00e8 es recull tota l\u2019oferta formativa, preferentment la\u00a0<em>formaci\u00f3 en centre<\/em>\u00a0i\u00a0<em>per a centres<\/em>, que afecta els centres educatius i\/o els docents de la seva zona.<\/p>\n<h3><a href=\"https:\/\/serveiseducatius.xtec.cat\/baixpenedes\/formacio\/recursos-de-la-formacio\/\">Recursos de la formaci\u00f3<\/a><\/h3>\n<p>Es pot consultar un recull d&#8217;activitats destacades que s&#8217;han realitzat a la formaci\u00f3 en aquest enlla\u00e7.<\/p>\n<p>&nbsp;<\/p>\n","protected":false},"excerpt":{"rendered":"<p>Pla de formaci\u00f3 de zona CONSULTEU TOTA LA INFORMACI\u00d3 DEL PFZ I EL PROC\u00c9S DE DEMANDES DELS CENTRES AQU\u00cd Al PFZ del Baix Pened\u00e8s li correspon donar resposta a les necessitats formatives detectades a la comarca, a partir de les propostes del Departament d\u2019Educaci\u00f3 i de les demandes dels centres i del seu professorat, mitjan\u00e7ant [&hellip;]<\/p>\n","protected":false},"author":1,"featured_media":0,"parent":0,"menu_order":0,"comment_status":"closed","ping_status":"closed","template":"page-templates\/side-menu.php","meta":{"_bbp_topic_count":0,"_bbp_reply_count":0,"_bbp_total_topic_count":0,"_bbp_total_reply_count":0,"_bbp_voice_count":0,"_bbp_anonymous_reply_count":0,"_bbp_topic_count_hidden":0,"_bbp_reply_count_hidden":0,"_bbp_forum_subforum_count":0,"site-sidebar-layout":"default","site-content-layout":"","ast-site-content-layout":"","site-content-style":"default","site-sidebar-style":"default","ast-global-header-display":"","ast-banner-title-visibility":"","ast-main-header-display":"","ast-hfb-above-header-display":"","ast-hfb-below-header-display":"","ast-hfb-mobile-header-display":"","site-post-title":"","ast-breadcrumbs-content":"","ast-featured-img":"","footer-sml-layout":"","theme-transparent-header-meta":"","adv-header-id-meta":"","stick-header-meta":"","header-above-stick-meta":"","header-main-stick-meta":"","header-below-stick-meta":"","astra-migrate-meta-layouts":"default","ast-page-background-enabled":"default","ast-page-background-meta":{"desktop":{"background-color":"var(--ast-global-color-4)","background-image":"","background-repeat":"repeat","background-position":"center center","background-size":"auto","background-attachment":"scroll","background-type":"","background-media":"","overlay-type":"","overlay-color":"","overlay-opacity":"","overlay-gradient":""},"tablet":{"background-color":"","background-image":"","background-repeat":"repeat","background-position":"center center","background-size":"auto","background-attachment":"scroll","background-type":"","background-media":"","overlay-type":"","overlay-color":"","overlay-opacity":"","overlay-gradient":""},"mobile":{"background-color":"","background-image":"","background-repeat":"repeat","background-position":"center center","background-size":"auto","background-attachment":"scroll","background-type":"","background-media":"","overlay-type":"","overlay-color":"","overlay-opacity":"","overlay-gradient":""}},"ast-content-background-meta":{"desktop":{"background-color":"var(--ast-global-color-5)","background-image":"","background-repeat":"repeat","background-position":"center center","background-size":"auto","background-attachment":"scroll","background-type":"","background-media":"","overlay-type":"","overlay-color":"","overlay-opacity":"","overlay-gradient":""},"tablet":{"background-color":"var(--ast-global-color-5)","background-image":"","background-repeat":"repeat","background-position":"center center","background-size":"auto","background-attachment":"scroll","background-type":"","background-media":"","overlay-type":"","overlay-color":"","overlay-opacity":"","overlay-gradient":""},"mobile":{"background-color":"var(--ast-global-color-5)","background-image":"","background-repeat":"repeat","background-position":"center center","background-size":"auto","background-attachment":"scroll","background-type":"","background-media":"","overlay-type":"","overlay-color":"","overlay-opacity":"","overlay-gradient":""}},"footnotes":""},"class_list":["post-4274","page","type-page","status-publish","hentry"],"post_mailing_queue_ids":[],"_links":{"self":[{"href":"https:\/\/serveiseducatius.xtec.cat\/baixpenedes\/wp-json\/wp\/v2\/pages\/4274","targetHints":{"allow":["GET"]}}],"collection":[{"href":"https:\/\/serveiseducatius.xtec.cat\/baixpenedes\/wp-json\/wp\/v2\/pages"}],"about":[{"href":"https:\/\/serveiseducatius.xtec.cat\/baixpenedes\/wp-json\/wp\/v2\/types\/page"}],"author":[{"embeddable":true,"href":"https:\/\/serveiseducatius.xtec.cat\/baixpenedes\/wp-json\/wp\/v2\/users\/1"}],"replies":[{"embeddable":true,"href":"https:\/\/serveiseducatius.xtec.cat\/baixpenedes\/wp-json\/wp\/v2\/comments?post=4274"}],"version-history":[{"count":3,"href":"https:\/\/serveiseducatius.xtec.cat\/baixpenedes\/wp-json\/wp\/v2\/pages\/4274\/revisions"}],"predecessor-version":[{"id":13323,"href":"https:\/\/serveiseducatius.xtec.cat\/baixpenedes\/wp-json\/wp\/v2\/pages\/4274\/revisions\/13323"}],"wp:attachment":[{"href":"https:\/\/serveiseducatius.xtec.cat\/baixpenedes\/wp-json\/wp\/v2\/media?parent=4274"}],"curies":[{"name":"wp","href":"https:\/\/api.w.org\/{rel}","templated":true}]}}