{"id":411,"date":"2015-10-15T09:48:36","date_gmt":"2015-10-15T08:48:36","guid":{"rendered":"http:\/\/agora.xtec.cat\/formacio\/form021\/?page_id=411"},"modified":"2026-01-09T13:31:01","modified_gmt":"2026-01-09T12:31:01","slug":"elic","status":"publish","type":"page","link":"https:\/\/serveiseducatius.xtec.cat\/baixpenedes\/serveieducatiu\/equips\/elic\/","title":{"rendered":"ELIC"},"content":{"rendered":"<h4><strong>Professionals ALIC de l\u2019equip:<\/strong><\/h4>\n<ul>\n<li><strong>Imma Badell Ros\u00e9s<\/strong><\/li>\n<li><strong>Anna Ibarz Sanjuan<\/strong><\/li>\n<li><strong>Elena Monfort Pinillos<\/strong><\/li>\n<li><strong>S\u00f2nia Ventosa Sabater<\/strong><\/li>\n<\/ul>\n<p>Correu electr\u00f2nic ELIC: <a href=\"mailto:elic-baixpenedes@xtec.cat\" target=\"_blank\" rel=\"noopener\">elic-baixpenedes@xtec.cat<\/a><\/p>\n<p>Tamb\u00e9 us podeu posar en contacte amb nosaltres a trav\u00e9s del 977 66 33 60 (extensions 108 i 109).<\/p>\n<p><a style=\"font-size: 16px; font-style: normal; font-weight: 400; color: #3a3a3a;\" href=\"https:\/\/serveiseducatius.xtec.cat\/baixpenedes\/categoria\/recursos\/el-crp\/\"><img loading=\"lazy\" decoding=\"async\" class=\"alignnone size-full wp-image-20219\" src=\"https:\/\/serveiseducatius.xtec.cat\/baixpenedes\/wp-content\/uploads\/usu764\/2025\/03\/DIT.jpg\" alt=\"\" width=\"89\" height=\"55\" \/><\/a><a href=\"https:\/\/serveiseducatius.xtec.cat\/baixpenedes\/categoria\/elic-baixpenedes\/\">Enlla\u00e7<\/a> a l&#8217;actualitat de l&#8217;ELIC.<\/p>\n<hr \/>\n<p>La finalitat de l&#8217;Equip LIC \u00e9s la de promoure la cohesi\u00f3 social mitjan\u00e7ant l\u2019\u00fas de la llengua catalana com a eix vertebrador i l\u2019educaci\u00f3 intercultural basada en la igualtat, la solidaritat i el respecte a la diversitat de cultures.<\/p>\n<p>Els objectius principals de l&#8217;Equip s\u00f3n els seg\u00fcents:<\/p>\n<ul>\n<li>Impulsar, assessorar segons els plans i projectes del Departament d\u2019Educaci\u00f3 relacionats amb l\u2019\u00e0mbit de la llengua, la interculturalitat i la cohesi\u00f3 social.<\/li>\n<li>Col\u00b7laborar en la sensibilitzaci\u00f3, promoci\u00f3, consolidaci\u00f3 i l\u2019\u00fas de la llengua catalana com a eix d\u2019un projecte pluriling\u00fce.<\/li>\n<li>Assessorar i oferir suport als professors en tot el proc\u00e9s d\u2019ensenyament i aprenentatge de la llengua al llarg de les diferents etapes de manera integrada amb els continguts curriculars, utilitzant metodologies inclusives i coeducatives per aconseguir l\u2019\u00e8xit educatiu de tots els alumnes.<\/li>\n<li>Promoure espais de treball i coordinaci\u00f3 entre els agents educatius del Baix Pened\u00e8s (tutors\/es d&#8217;aula d&#8217;acollida, coordinadors LIC de centre, etc.).<\/li>\n<li>Assessorar els centres educatius pel que fa al projecte ling\u00fc\u00edstic pluriling\u00fce, el pla d&#8217;acollida i el projecte de conviv\u00e8ncia.<\/li>\n<li>Assessorar i oferir formaci\u00f3 i suport al professorat sobre l\u2019organitzaci\u00f3, orientaci\u00f3 metodol\u00f2gica i emocional en l\u2019acollida de l\u2019alumnat nouvingut al centre, a l\u2019aula i a l\u2019aula d\u2019acollida, i en l\u2019elaboraci\u00f3 dels plans individuals d\u2019aquests alumnes.<\/li>\n<li>Assessorar, i oferir formaci\u00f3 i suport als professors sobre l\u2019organitzaci\u00f3, orientaci\u00f3 metodol\u00f2gica i emocional del suport ling\u00fc\u00edstic i social als alumnes d\u2019origen estranger.<\/li>\n<li>Col\u00b7laborar en la formaci\u00f3 permanent del professorat sobre metodologies i recursos, i en l\u2019aportaci\u00f3 de criteris d\u2019avaluaci\u00f3 en els \u00e0mbits de la compet\u00e8ncia ling\u00fc\u00edstica dels alumnes.<\/li>\n<li>Col\u00b7laborar en la sensibilitzaci\u00f3, promoci\u00f3 i consolidaci\u00f3 de l\u2019educaci\u00f3 intercultural.<\/li>\n<li>Donar suport al professorat i equips docents en la millora de l\u2019atenci\u00f3 a la diversitat cultural i social i la inclusi\u00f3 de tot l\u2019alumnat.<\/li>\n<li>Col\u00b7laborar amb altres agents socials i educatius de l\u2019entorn municipal o territorial per tal d\u2019oferir una atenci\u00f3 integrada i comunit\u00e0ria.<\/li>\n<li>Col\u00b7laborar conjuntament amb el servei educatiu de zona per tal de promoure activitats d\u2019intercanvi i de formaci\u00f3 del professorat.<\/li>\n<li>Assessorar i dinamitzar els plans educatius d\u2019entorn, vetllant pels principis d\u2019\u00fas de la llengua catalana, l\u2019equitat, l\u2019educaci\u00f3 intercultural, la cohesi\u00f3 social.<\/li>\n<li>Dinamitzar i promoure la connexi\u00f3 entre els diferents espais i temps educatius de l\u2019\u00e0mbit formal i no formal de la zona<\/li>\n<\/ul>\n<p style=\"text-align: center;\"><b>Vols saber-ne m\u00e9s? Prem <a href=\"http:\/\/xtec.gencat.cat\/ca\/serveis\/sez\/elic\/\">aqu\u00ed<\/a>.<\/b><\/p>\n","protected":false},"excerpt":{"rendered":"<p>Professionals ALIC de l\u2019equip: Imma Badell Ros\u00e9s Anna Ibarz Sanjuan Elena Monfort Pinillos S\u00f2nia Ventosa Sabater Correu electr\u00f2nic ELIC: elic-baixpenedes@xtec.cat Tamb\u00e9 us podeu posar en contacte amb nosaltres a trav\u00e9s del 977 66 33 60 (extensions 108 i 109). Enlla\u00e7 a l&#8217;actualitat de l&#8217;ELIC. La finalitat de l&#8217;Equip LIC \u00e9s la de promoure la cohesi\u00f3 [&hellip;]<\/p>\n","protected":false},"author":7,"featured_media":0,"parent":39,"menu_order":3,"comment_status":"closed","ping_status":"closed","template":"","meta":{"_bbp_topic_count":0,"_bbp_reply_count":0,"_bbp_total_topic_count":0,"_bbp_total_reply_count":0,"_bbp_voice_count":0,"_bbp_anonymous_reply_count":0,"_bbp_topic_count_hidden":0,"_bbp_reply_count_hidden":0,"_bbp_forum_subforum_count":0,"site-sidebar-layout":"default","site-content-layout":"","ast-site-content-layout":"default","site-content-style":"default","site-sidebar-style":"default","ast-global-header-display":"","ast-banner-title-visibility":"","ast-main-header-display":"","ast-hfb-above-header-display":"","ast-hfb-below-header-display":"","ast-hfb-mobile-header-display":"","site-post-title":"","ast-breadcrumbs-content":"","ast-featured-img":"","footer-sml-layout":"","theme-transparent-header-meta":"default","adv-header-id-meta":"","stick-header-meta":"","header-above-stick-meta":"","header-main-stick-meta":"","header-below-stick-meta":"","astra-migrate-meta-layouts":"set","ast-page-background-enabled":"default","ast-page-background-meta":{"desktop":{"background-color":"var(--ast-global-color-4)","background-image":"","background-repeat":"repeat","background-position":"center center","background-size":"auto","background-attachment":"scroll","background-type":"","background-media":"","overlay-type":"","overlay-color":"","overlay-opacity":"","overlay-gradient":""},"tablet":{"background-color":"","background-image":"","background-repeat":"repeat","background-position":"center center","background-size":"auto","background-attachment":"scroll","background-type":"","background-media":"","overlay-type":"","overlay-color":"","overlay-opacity":"","overlay-gradient":""},"mobile":{"background-color":"","background-image":"","background-repeat":"repeat","background-position":"center center","background-size":"auto","background-attachment":"scroll","background-type":"","background-media":"","overlay-type":"","overlay-color":"","overlay-opacity":"","overlay-gradient":""}},"ast-content-background-meta":{"desktop":{"background-color":"var(--ast-global-color-5)","background-image":"","background-repeat":"repeat","background-position":"center center","background-size":"auto","background-attachment":"scroll","background-type":"","background-media":"","overlay-type":"","overlay-color":"","overlay-opacity":"","overlay-gradient":""},"tablet":{"background-color":"var(--ast-global-color-5)","background-image":"","background-repeat":"repeat","background-position":"center center","background-size":"auto","background-attachment":"scroll","background-type":"","background-media":"","overlay-type":"","overlay-color":"","overlay-opacity":"","overlay-gradient":""},"mobile":{"background-color":"var(--ast-global-color-5)","background-image":"","background-repeat":"repeat","background-position":"center center","background-size":"auto","background-attachment":"scroll","background-type":"","background-media":"","overlay-type":"","overlay-color":"","overlay-opacity":"","overlay-gradient":""}},"footnotes":""},"class_list":["post-411","page","type-page","status-publish","hentry"],"post_mailing_queue_ids":[],"_links":{"self":[{"href":"https:\/\/serveiseducatius.xtec.cat\/baixpenedes\/wp-json\/wp\/v2\/pages\/411","targetHints":{"allow":["GET"]}}],"collection":[{"href":"https:\/\/serveiseducatius.xtec.cat\/baixpenedes\/wp-json\/wp\/v2\/pages"}],"about":[{"href":"https:\/\/serveiseducatius.xtec.cat\/baixpenedes\/wp-json\/wp\/v2\/types\/page"}],"author":[{"embeddable":true,"href":"https:\/\/serveiseducatius.xtec.cat\/baixpenedes\/wp-json\/wp\/v2\/users\/7"}],"replies":[{"embeddable":true,"href":"https:\/\/serveiseducatius.xtec.cat\/baixpenedes\/wp-json\/wp\/v2\/comments?post=411"}],"version-history":[{"count":7,"href":"https:\/\/serveiseducatius.xtec.cat\/baixpenedes\/wp-json\/wp\/v2\/pages\/411\/revisions"}],"predecessor-version":[{"id":21717,"href":"https:\/\/serveiseducatius.xtec.cat\/baixpenedes\/wp-json\/wp\/v2\/pages\/411\/revisions\/21717"}],"up":[{"embeddable":true,"href":"https:\/\/serveiseducatius.xtec.cat\/baixpenedes\/wp-json\/wp\/v2\/pages\/39"}],"wp:attachment":[{"href":"https:\/\/serveiseducatius.xtec.cat\/baixpenedes\/wp-json\/wp\/v2\/media?parent=411"}],"curies":[{"name":"wp","href":"https:\/\/api.w.org\/{rel}","templated":true}]}}