{"id":371,"date":"2015-10-14T11:44:14","date_gmt":"2015-10-14T10:44:14","guid":{"rendered":"http:\/\/agora.xtec.cat\/formacio\/form021\/?page_id=371"},"modified":"2026-01-09T13:30:48","modified_gmt":"2026-01-09T12:30:48","slug":"eap","status":"publish","type":"page","link":"https:\/\/serveiseducatius.xtec.cat\/baixpenedes\/serveieducatiu\/equips\/eap\/","title":{"rendered":"EAP"},"content":{"rendered":"<p><strong><u>Descripci\u00f3<\/u><\/strong><br \/>\nEls <strong>EAP<\/strong> s\u00f3n equips d\u2019assessorament i orientaci\u00f3 psicopedag\u00f2gic que donen suport al professorat i als centres educatius en la resposta a la diversitat de l\u2019alumnat i en relaci\u00f3 als alumnes que presenten necessitats educatives especials, aix\u00ed com a les seves fam\u00edlies.<\/p>\n<p>Els EAP formen part dels<strong> serveis educatius de zona<\/strong> (SEZ) conjuntament amb els centres de recursos pedag\u00f2gics (CRP) i els equips d&#8217;assessorament en llengua, interculturalitat i cohesi\u00f3 social (ELIC).<\/p>\n<p><img loading=\"lazy\" decoding=\"async\" class=\"alignnone size-full wp-image-20219\" src=\"https:\/\/serveiseducatius.xtec.cat\/baixpenedes\/wp-content\/uploads\/usu764\/2025\/03\/DIT.jpg\" alt=\"\" width=\"89\" height=\"55\" \/><a href=\"https:\/\/serveiseducatius.xtec.cat\/baixpenedes\/categoria\/recursos\/eap-recursos\/\">Enlla\u00e7<\/a> a l&#8217;actualitat de l&#8217;EAP.<\/p>\n<p><strong><u>Destinataris<\/u><\/strong><br \/>\nEls destinataris s\u00f3n els centres educatius, els equips directius, el profehttps:\/\/serveiseducatius.xtec.cat\/baixpenedes\/categoria\/recursos\/eap-recursos\/ssorat i altres professionals implicats en l\u2019atenci\u00f3 a l\u2019alumnat amb dificultats o amb necessitats educatives especials, l\u2019alumnat i les seves fam\u00edlies.<\/p>\n<p><strong><u>Objectius<\/u><\/strong><br \/>\nIdentificar i avaluar les necessitats educatives especials de l&#8217;alumnat i fer la proposta d\u2019escolaritzaci\u00f3, en col\u00b7laboraci\u00f3 amb els serveis educatius espec\u00edfics quan s\u2019escaigui.<br \/>\nAssessorar el professorat i les fam\u00edlies en la resposta educativa a l\u2019alumnat amb necessitats educatives especials, en col\u00b7laboraci\u00f3 amb els docents especialitzats i els serveis educatius espec\u00edfics.<br \/>\nAssessorar els equips docents, l\u2019alumnat i les fam\u00edlies sobre aspectes d\u2019orientaci\u00f3 personal, educativa i professional.<br \/>\nDonar suport als centres educatius en la millora de l\u2019atenci\u00f3 a la diversitat i la inclusi\u00f3.<br \/>\nCol\u00b7laborar conjuntament amb els altres equips del servei educatiu de zona i els espec\u00edfics per tal de promoure activitats d\u2019intercanvi i de formaci\u00f3 del professorat.<br \/>\nCol\u00b7laborar amb els serveis socials i sanitaris de l\u2019\u00e0mbit territorial d\u2019actuaci\u00f3, per tal d\u2019oferir una atenci\u00f3 coordinada als alumnes i fam\u00edlies que ho necessitin.<\/p>\n<p><strong><u>Acc\u00e9s<\/u><\/strong><br \/>\nL\u2019acc\u00e9s al servei s\u2019inicia a partir de demandes dels centres educatius, a partir del proc\u00e9s d\u2019escolaritzaci\u00f3 de l\u2019alumnat amb necessitats educatives especials o en la coordinaci\u00f3 amb altres serveis de la zona.<\/p>\n<p>En principi no es tracta d\u2019un servei d\u2019atenci\u00f3 directa a les demandes de les fam\u00edlies, per\u00f2 s\u2019atenen les seves consultes per a proporcionar-los orientacions o informar-los sobre serveis o recursos de la zona que poden necessitar, trucant al tel\u00e8fon 977 663360.<\/p>\n<p><strong><u>Xarxa d\u2019EAP i professionals<\/u><\/strong><br \/>\nEls professionals de l&#8217;EAP s\u00f3n:<br \/>\nDocents d\u2019ensenyament secundari amb l\u2019especialitat de psicologia i pedagogia<br \/>\nTreballadors\/es socials<br \/>\nActualment tamb\u00e9 hi ha assignats fisioterapeutes<\/p>\n<p>Els EAP, com equips integrats en el servei educatiu de zona (SEZ) actuen territorialment i sectorialment atenent tots els centres educatius d\u2019un \u00e0mbit territorial generalment comarcal, municipal o un districte, en el cas de Barcelona. Estan integrats en el sistema educatiu p\u00fablic i depenen dels serveis territorials del seu territori.<\/p>\n<p>En aquests moments hi ha 79 EAP que cobreixen l\u2019atenci\u00f3 a tot Catalunya.<\/p>\n<p>Cada professional at\u00e9n diversos centres educatius, generalment es despla\u00e7a als centres amb els quals t\u00e9 un Pla d\u2019actuaci\u00f3 amb una periodicitat aproximada setmanal.<u><br \/>\n<\/u><\/p>\n<p style=\"font-size: 22px;\">\n","protected":false},"excerpt":{"rendered":"<p>Descripci\u00f3 Els EAP s\u00f3n equips d\u2019assessorament i orientaci\u00f3 psicopedag\u00f2gic que donen suport al professorat i als centres educatius en la resposta a la diversitat de l\u2019alumnat i en relaci\u00f3 als alumnes que presenten necessitats educatives especials, aix\u00ed com a les seves fam\u00edlies. Els EAP formen part dels serveis educatius de zona (SEZ) conjuntament amb els [&hellip;]<\/p>\n","protected":false},"author":7,"featured_media":0,"parent":39,"menu_order":2,"comment_status":"closed","ping_status":"closed","template":"","meta":{"_bbp_topic_count":0,"_bbp_reply_count":0,"_bbp_total_topic_count":0,"_bbp_total_reply_count":0,"_bbp_voice_count":0,"_bbp_anonymous_reply_count":0,"_bbp_topic_count_hidden":0,"_bbp_reply_count_hidden":0,"_bbp_forum_subforum_count":0,"site-sidebar-layout":"default","site-content-layout":"","ast-site-content-layout":"default","site-content-style":"default","site-sidebar-style":"default","ast-global-header-display":"","ast-banner-title-visibility":"","ast-main-header-display":"","ast-hfb-above-header-display":"","ast-hfb-below-header-display":"","ast-hfb-mobile-header-display":"","site-post-title":"","ast-breadcrumbs-content":"","ast-featured-img":"","footer-sml-layout":"","theme-transparent-header-meta":"default","adv-header-id-meta":"","stick-header-meta":"","header-above-stick-meta":"","header-main-stick-meta":"","header-below-stick-meta":"","astra-migrate-meta-layouts":"set","ast-page-background-enabled":"default","ast-page-background-meta":{"desktop":{"background-color":"var(--ast-global-color-4)","background-image":"","background-repeat":"repeat","background-position":"center center","background-size":"auto","background-attachment":"scroll","background-type":"","background-media":"","overlay-type":"","overlay-color":"","overlay-opacity":"","overlay-gradient":""},"tablet":{"background-color":"","background-image":"","background-repeat":"repeat","background-position":"center center","background-size":"auto","background-attachment":"scroll","background-type":"","background-media":"","overlay-type":"","overlay-color":"","overlay-opacity":"","overlay-gradient":""},"mobile":{"background-color":"","background-image":"","background-repeat":"repeat","background-position":"center center","background-size":"auto","background-attachment":"scroll","background-type":"","background-media":"","overlay-type":"","overlay-color":"","overlay-opacity":"","overlay-gradient":""}},"ast-content-background-meta":{"desktop":{"background-color":"var(--ast-global-color-5)","background-image":"","background-repeat":"repeat","background-position":"center center","background-size":"auto","background-attachment":"scroll","background-type":"","background-media":"","overlay-type":"","overlay-color":"","overlay-opacity":"","overlay-gradient":""},"tablet":{"background-color":"var(--ast-global-color-5)","background-image":"","background-repeat":"repeat","background-position":"center center","background-size":"auto","background-attachment":"scroll","background-type":"","background-media":"","overlay-type":"","overlay-color":"","overlay-opacity":"","overlay-gradient":""},"mobile":{"background-color":"var(--ast-global-color-5)","background-image":"","background-repeat":"repeat","background-position":"center center","background-size":"auto","background-attachment":"scroll","background-type":"","background-media":"","overlay-type":"","overlay-color":"","overlay-opacity":"","overlay-gradient":""}},"footnotes":""},"class_list":["post-371","page","type-page","status-publish","hentry"],"post_mailing_queue_ids":[],"_links":{"self":[{"href":"https:\/\/serveiseducatius.xtec.cat\/baixpenedes\/wp-json\/wp\/v2\/pages\/371","targetHints":{"allow":["GET"]}}],"collection":[{"href":"https:\/\/serveiseducatius.xtec.cat\/baixpenedes\/wp-json\/wp\/v2\/pages"}],"about":[{"href":"https:\/\/serveiseducatius.xtec.cat\/baixpenedes\/wp-json\/wp\/v2\/types\/page"}],"author":[{"embeddable":true,"href":"https:\/\/serveiseducatius.xtec.cat\/baixpenedes\/wp-json\/wp\/v2\/users\/7"}],"replies":[{"embeddable":true,"href":"https:\/\/serveiseducatius.xtec.cat\/baixpenedes\/wp-json\/wp\/v2\/comments?post=371"}],"version-history":[{"count":6,"href":"https:\/\/serveiseducatius.xtec.cat\/baixpenedes\/wp-json\/wp\/v2\/pages\/371\/revisions"}],"predecessor-version":[{"id":21716,"href":"https:\/\/serveiseducatius.xtec.cat\/baixpenedes\/wp-json\/wp\/v2\/pages\/371\/revisions\/21716"}],"up":[{"embeddable":true,"href":"https:\/\/serveiseducatius.xtec.cat\/baixpenedes\/wp-json\/wp\/v2\/pages\/39"}],"wp:attachment":[{"href":"https:\/\/serveiseducatius.xtec.cat\/baixpenedes\/wp-json\/wp\/v2\/media?parent=371"}],"curies":[{"name":"wp","href":"https:\/\/api.w.org\/{rel}","templated":true}]}}