{"id":335,"date":"2015-10-14T10:55:04","date_gmt":"2015-10-14T09:55:04","guid":{"rendered":"http:\/\/agora.xtec.cat\/formacio\/form021\/?page_id=335"},"modified":"2026-03-27T12:33:04","modified_gmt":"2026-03-27T11:33:04","slug":"crp","status":"publish","type":"page","link":"https:\/\/serveiseducatius.xtec.cat\/baixpenedes\/serveieducatiu\/equips\/crp\/","title":{"rendered":"CRP"},"content":{"rendered":"<p>El <strong>C<\/strong>entre de <strong>R<\/strong>ecursos <strong>P<\/strong>edag\u00f2gics (<strong>CRP<\/strong>) \u00e9s un servei educatiu que d\u00f3na suport a la tasca docent dels centres i el professorat, en col\u00b7laboraci\u00f3 amb els altres serveis que actuen a la comarca del Baix Pened\u00e8s.<\/p>\n<p><a style=\"font-size: 16px; font-style: normal; font-weight: 400; color: #3a3a3a;\" href=\"https:\/\/serveiseducatius.xtec.cat\/baixpenedes\/categoria\/recursos\/el-crp\/\"><img loading=\"lazy\" decoding=\"async\" class=\"alignnone size-full wp-image-20219\" src=\"https:\/\/serveiseducatius.xtec.cat\/baixpenedes\/wp-content\/uploads\/usu764\/2025\/03\/DIT.jpg\" alt=\"\" width=\"89\" height=\"55\" \/><\/a><a href=\"https:\/\/serveiseducatius.xtec.cat\/baixpenedes\/categoria\/recursos\/el-crp\/\">Enlla\u00e7<\/a> a l&#8217;actualitat\u00a0 del CRP<span style=\"font-size: 16px; font-style: normal; font-weight: 400;\">.<\/span><\/p>\n<hr \/>\n<p>Les seves principals funcions s\u00f3n :<\/p>\n<ul>\n<li>Oferta de recursos, d&#8217;infraestructura i de serveis als centres educatius i al professorat, per tal de donar suport a la seva tasca docent.<\/li>\n<li>Catalogaci\u00f3 dels recursos educatius del medi local i comarcal.<\/li>\n<li>Suport a l&#8217;intercanvi d&#8217;experi\u00e8ncies educatives, amb l&#8217;objectiu de fomentar la seva difusi\u00f3.<\/li>\n<li>Planificaci\u00f3, organitzaci\u00f3 i seguiment de les activitats de formaci\u00f3 permanent del professorat a la comarca.<\/li>\n<li>Assessorament als centres per a la detecci\u00f3 de les seves necessitats de formaci\u00f3 i l&#8217;elaboraci\u00f3 de propostes per donar-hi resposta.<\/li>\n<li>Col\u00b7laboraci\u00f3 amb les entitats locals i comarcals en actuacions de din\u00e0mica educativa i formaci\u00f3 del professorat.<\/li>\n<li>Altres actuacions relacionades amb el foment de la innovaci\u00f3 educativa als centres docents del Baix Pened\u00e8s.<\/li>\n<\/ul>\n<hr \/>\n<h4><strong>Professionals de l\u2019equip:<\/strong><\/h4>\n<p><strong>Josep Bofarull Mart\u00ednez:<\/strong>\u00a0<em>Director del CRP i coordinador del Servei Educati<\/em>u<\/p>\n<p><strong>Laura Carbonell Ventura<\/strong><\/p>\n<p><strong>LLu\u00efsa Forjan Arce<\/strong><\/p>\n<p><strong>Judith Serrano Mart\u00ednez <\/strong><em>Educadora social al Baix Pened\u00e8s<\/em><\/p>\n<p>Cada professional del CRP \u00e9s referent assessor dels centres d&#8217;una zona de la nostra comarca.Podeu consultar les zones en <a href=\"https:\/\/sites.google.com\/xtec.cat\/pfz-del-baix-penedes\/assessors\" target=\"_blank\" rel=\"noopener noreferrer\">aquest enlla\u00e7<\/a><\/p>\n<p><em>\u00a0<\/em><strong>Correu: e3990104@xtec.cat<\/strong><\/p>\n<p><a href=\"http:\/\/www.xtec.cat\/crp-baixpenedes\/crp\/imatges\/crps\/mapacrp.html\">Mapa dels CRP de Catalunya<\/a><\/p>\n","protected":false},"excerpt":{"rendered":"<p>El Centre de Recursos Pedag\u00f2gics (CRP) \u00e9s un servei educatiu que d\u00f3na suport a la tasca docent dels centres i el professorat, en col\u00b7laboraci\u00f3 amb els altres serveis que actuen a la comarca del Baix Pened\u00e8s. Enlla\u00e7 a l&#8217;actualitat\u00a0 del CRP. Les seves principals funcions s\u00f3n : Oferta de recursos, d&#8217;infraestructura i de serveis als [&hellip;]<\/p>\n","protected":false},"author":7,"featured_media":0,"parent":39,"menu_order":1,"comment_status":"closed","ping_status":"closed","template":"","meta":{"_bbp_topic_count":0,"_bbp_reply_count":0,"_bbp_total_topic_count":0,"_bbp_total_reply_count":0,"_bbp_voice_count":0,"_bbp_anonymous_reply_count":0,"_bbp_topic_count_hidden":0,"_bbp_reply_count_hidden":0,"_bbp_forum_subforum_count":0,"site-sidebar-layout":"default","site-content-layout":"","ast-site-content-layout":"default","site-content-style":"default","site-sidebar-style":"default","ast-global-header-display":"","ast-banner-title-visibility":"","ast-main-header-display":"","ast-hfb-above-header-display":"","ast-hfb-below-header-display":"","ast-hfb-mobile-header-display":"","site-post-title":"","ast-breadcrumbs-content":"","ast-featured-img":"","footer-sml-layout":"","theme-transparent-header-meta":"default","adv-header-id-meta":"","stick-header-meta":"","header-above-stick-meta":"","header-main-stick-meta":"","header-below-stick-meta":"","astra-migrate-meta-layouts":"set","ast-page-background-enabled":"default","ast-page-background-meta":{"desktop":{"background-color":"var(--ast-global-color-4)","background-image":"","background-repeat":"repeat","background-position":"center center","background-size":"auto","background-attachment":"scroll","background-type":"","background-media":"","overlay-type":"","overlay-color":"","overlay-opacity":"","overlay-gradient":""},"tablet":{"background-color":"","background-image":"","background-repeat":"repeat","background-position":"center center","background-size":"auto","background-attachment":"scroll","background-type":"","background-media":"","overlay-type":"","overlay-color":"","overlay-opacity":"","overlay-gradient":""},"mobile":{"background-color":"","background-image":"","background-repeat":"repeat","background-position":"center center","background-size":"auto","background-attachment":"scroll","background-type":"","background-media":"","overlay-type":"","overlay-color":"","overlay-opacity":"","overlay-gradient":""}},"ast-content-background-meta":{"desktop":{"background-color":"var(--ast-global-color-5)","background-image":"","background-repeat":"repeat","background-position":"center center","background-size":"auto","background-attachment":"scroll","background-type":"","background-media":"","overlay-type":"","overlay-color":"","overlay-opacity":"","overlay-gradient":""},"tablet":{"background-color":"var(--ast-global-color-5)","background-image":"","background-repeat":"repeat","background-position":"center center","background-size":"auto","background-attachment":"scroll","background-type":"","background-media":"","overlay-type":"","overlay-color":"","overlay-opacity":"","overlay-gradient":""},"mobile":{"background-color":"var(--ast-global-color-5)","background-image":"","background-repeat":"repeat","background-position":"center center","background-size":"auto","background-attachment":"scroll","background-type":"","background-media":"","overlay-type":"","overlay-color":"","overlay-opacity":"","overlay-gradient":""}},"footnotes":""},"class_list":["post-335","page","type-page","status-publish","hentry"],"post_mailing_queue_ids":[],"_links":{"self":[{"href":"https:\/\/serveiseducatius.xtec.cat\/baixpenedes\/wp-json\/wp\/v2\/pages\/335","targetHints":{"allow":["GET"]}}],"collection":[{"href":"https:\/\/serveiseducatius.xtec.cat\/baixpenedes\/wp-json\/wp\/v2\/pages"}],"about":[{"href":"https:\/\/serveiseducatius.xtec.cat\/baixpenedes\/wp-json\/wp\/v2\/types\/page"}],"author":[{"embeddable":true,"href":"https:\/\/serveiseducatius.xtec.cat\/baixpenedes\/wp-json\/wp\/v2\/users\/7"}],"replies":[{"embeddable":true,"href":"https:\/\/serveiseducatius.xtec.cat\/baixpenedes\/wp-json\/wp\/v2\/comments?post=335"}],"version-history":[{"count":6,"href":"https:\/\/serveiseducatius.xtec.cat\/baixpenedes\/wp-json\/wp\/v2\/pages\/335\/revisions"}],"predecessor-version":[{"id":22530,"href":"https:\/\/serveiseducatius.xtec.cat\/baixpenedes\/wp-json\/wp\/v2\/pages\/335\/revisions\/22530"}],"up":[{"embeddable":true,"href":"https:\/\/serveiseducatius.xtec.cat\/baixpenedes\/wp-json\/wp\/v2\/pages\/39"}],"wp:attachment":[{"href":"https:\/\/serveiseducatius.xtec.cat\/baixpenedes\/wp-json\/wp\/v2\/media?parent=335"}],"curies":[{"name":"wp","href":"https:\/\/api.w.org\/{rel}","templated":true}]}}