{"id":312,"date":"2015-10-14T10:36:24","date_gmt":"2015-10-14T09:36:24","guid":{"rendered":"http:\/\/agora.xtec.cat\/formacio\/form021\/?page_id=312"},"modified":"2025-09-30T13:51:00","modified_gmt":"2025-09-30T11:51:00","slug":"centres-educatius","status":"publish","type":"page","link":"https:\/\/serveiseducatius.xtec.cat\/baixpenedes\/serveieducatiu\/centres-educatius\/","title":{"rendered":"Centres Educatius"},"content":{"rendered":"<p style=\"text-align: center;\" align=\"left\"><strong>Acc\u00e9s a la <a href=\"https:\/\/www.santjaumedelsdomenys.cat\/revcms_render_binary_galeria.aspx?fecha=20250919&amp;gal_id=411c1941-2af8-4fed-b0b1-d2150aca2510&amp;tipo=11\">GUIA_D&#8217;ENSENYAMENT_<\/a><\/strong><strong><a style=\"color: #2795b6;\" href=\"https:\/\/serveiseducatius.xtec.cat\/baixpenedes\/wp-content\/uploads\/usu764\/2024\/11\/GUIA_DENSENYAMENT_DEL_BAIX_PENEDES.pdf\">DEL_BAIX_PENEDES <\/a><\/strong><strong style=\"font-family: inherit; font-size: 1em;\">amb l&#8217;oferta educativa\u00a0<\/strong><\/p>\n<p align=\"left\"><a href=\"https:\/\/www.santjaumedelsdomenys.cat\/revcms_render_binary_galeria.aspx?fecha=20250919&amp;gal_id=411c1941-2af8-4fed-b0b1-d2150aca2510&amp;tipo=11\"><img loading=\"lazy\" decoding=\"async\" class=\"wp-image-19368 alignleft\" src=\"https:\/\/serveiseducatius.xtec.cat\/baixpenedes\/wp-content\/uploads\/usu764\/2024\/11\/guia.png\" alt=\"\" width=\"405\" height=\"407\" srcset=\"https:\/\/serveiseducatius.xtec.cat\/baixpenedes\/wp-content\/uploads\/usu764\/2024\/11\/guia.png 796w, https:\/\/serveiseducatius.xtec.cat\/baixpenedes\/wp-content\/uploads\/usu764\/2024\/11\/guia-300x300.png 300w, https:\/\/serveiseducatius.xtec.cat\/baixpenedes\/wp-content\/uploads\/usu764\/2024\/11\/guia-150x150.png 150w, https:\/\/serveiseducatius.xtec.cat\/baixpenedes\/wp-content\/uploads\/usu764\/2024\/11\/guia-768x771.png 768w\" sizes=\"auto, (max-width: 405px) 100vw, 405px\" \/><\/a><\/p>\n<p align=\"left\"><span style=\"font-size: medium;\"><b>. <a href=\"http:\/\/serveiseducatius.xtec.cat\/baixpenedes\/entorn\/centres-educatius\/escoles-bressol\/\" rel=\"noopener noreferrer\">Escoles bressol<\/a><\/b><\/span><\/p>\n<p align=\"left\"><span style=\"font-size: medium;\"><b>. <a href=\"http:\/\/serveiseducatius.xtec.cat\/baixpenedes\/entorn\/centres-educatius\/infantil-i-primaria\/\" rel=\"noopener noreferrer\">Centres p\u00fablics d&#8217;educaci\u00f3 infantil i prim\u00e0ria<\/a><\/b><\/span><\/p>\n<p align=\"left\">. <strong><a href=\"http:\/\/serveiseducatius.xtec.cat\/baixpenedes\/entorn\/centres-educatius\/centres-concertats\/\" rel=\"noopener noreferrer\">Centres concertats d&#8217;educaci\u00f3 infantil, prim\u00e0ria i secund\u00e0ria<\/a><\/strong><\/p>\n<p align=\"left\"><span style=\"font-size: medium;\"><b>. <a href=\"http:\/\/serveiseducatius.xtec.cat\/baixpenedes\/entorn\/centres-educatius\/centres-publics-secundaria\/\" rel=\"noopener noreferrer\">Centres p\u00fablics d&#8217;educaci\u00f3 secund\u00e0ria<\/a><\/b><\/span><\/p>\n<p align=\"left\"><b>.\u00a0<strong><a href=\"http:\/\/serveiseducatius.xtec.cat\/baixpenedes\/entorn\/centres-educatius\/escoles-didiomes\/\" rel=\"noopener noreferrer\">Escola Oficial d&#8217;Idiomes El Vendrell (EOI)<\/a><\/strong><\/b><\/p>\n<p align=\"left\"><strong>.\u00a0<a href=\"http:\/\/serveiseducatius.xtec.cat\/baixpenedes\/entorn\/centres-educatius\/formacio-dadults\/\">Centre de Formaci\u00f3 d&#8217;Adults\u00a0(CFA)<\/a><\/strong><\/p>\n<p align=\"left\">\n<p align=\"left\">\n<p align=\"left\">\n<p align=\"left\">\n<p align=\"left\"><span style=\"font-size: medium;\"><b>Busques algun centre en concret? Fes un clic <a href=\"http:\/\/aplicacions.gestioeducativa.gencat.cat\/mapaprogramacio\/\" target=\"_blank\" rel=\"nofollow noopener noreferrer\">aqu\u00ed<\/a><\/b><\/span><\/p>\n<h3 align=\"left\">Geolocalitzaci\u00f3 dels centres educatius<\/h3>\n<p><iframe loading=\"lazy\" src=\"https:\/\/www.google.com\/maps\/d\/u\/1\/embed?mid=z8ButyeqZEPs.k9QGEn7WhGOc\" width=\"640\" height=\"480\"><\/iframe><\/p>\n","protected":false},"excerpt":{"rendered":"<p>Acc\u00e9s a la GUIA_D&#8217;ENSENYAMENT_DEL_BAIX_PENEDES amb l&#8217;oferta educativa\u00a0 . Escoles bressol . Centres p\u00fablics d&#8217;educaci\u00f3 infantil i prim\u00e0ria . Centres concertats d&#8217;educaci\u00f3 infantil, prim\u00e0ria i secund\u00e0ria . Centres p\u00fablics d&#8217;educaci\u00f3 secund\u00e0ria .\u00a0Escola Oficial d&#8217;Idiomes El Vendrell (EOI) .\u00a0Centre de Formaci\u00f3 d&#8217;Adults\u00a0(CFA) Busques algun centre en concret? Fes un clic aqu\u00ed Geolocalitzaci\u00f3 dels centres educatius<\/p>\n","protected":false},"author":7,"featured_media":0,"parent":19,"menu_order":8,"comment_status":"closed","ping_status":"closed","template":"page-templates\/side-menu.php","meta":{"_bbp_topic_count":0,"_bbp_reply_count":0,"_bbp_total_topic_count":0,"_bbp_total_reply_count":0,"_bbp_voice_count":0,"_bbp_anonymous_reply_count":0,"_bbp_topic_count_hidden":0,"_bbp_reply_count_hidden":0,"_bbp_forum_subforum_count":0,"site-sidebar-layout":"default","site-content-layout":"","ast-site-content-layout":"","site-content-style":"default","site-sidebar-style":"default","ast-global-header-display":"","ast-banner-title-visibility":"","ast-main-header-display":"","ast-hfb-above-header-display":"","ast-hfb-below-header-display":"","ast-hfb-mobile-header-display":"","site-post-title":"","ast-breadcrumbs-content":"","ast-featured-img":"","footer-sml-layout":"","theme-transparent-header-meta":"","adv-header-id-meta":"","stick-header-meta":"","header-above-stick-meta":"","header-main-stick-meta":"","header-below-stick-meta":"","astra-migrate-meta-layouts":"default","ast-page-background-enabled":"default","ast-page-background-meta":{"desktop":{"background-color":"var(--ast-global-color-4)","background-image":"","background-repeat":"repeat","background-position":"center center","background-size":"auto","background-attachment":"scroll","background-type":"","background-media":"","overlay-type":"","overlay-color":"","overlay-opacity":"","overlay-gradient":""},"tablet":{"background-color":"","background-image":"","background-repeat":"repeat","background-position":"center center","background-size":"auto","background-attachment":"scroll","background-type":"","background-media":"","overlay-type":"","overlay-color":"","overlay-opacity":"","overlay-gradient":""},"mobile":{"background-color":"","background-image":"","background-repeat":"repeat","background-position":"center center","background-size":"auto","background-attachment":"scroll","background-type":"","background-media":"","overlay-type":"","overlay-color":"","overlay-opacity":"","overlay-gradient":""}},"ast-content-background-meta":{"desktop":{"background-color":"var(--ast-global-color-5)","background-image":"","background-repeat":"repeat","background-position":"center center","background-size":"auto","background-attachment":"scroll","background-type":"","background-media":"","overlay-type":"","overlay-color":"","overlay-opacity":"","overlay-gradient":""},"tablet":{"background-color":"var(--ast-global-color-5)","background-image":"","background-repeat":"repeat","background-position":"center center","background-size":"auto","background-attachment":"scroll","background-type":"","background-media":"","overlay-type":"","overlay-color":"","overlay-opacity":"","overlay-gradient":""},"mobile":{"background-color":"var(--ast-global-color-5)","background-image":"","background-repeat":"repeat","background-position":"center center","background-size":"auto","background-attachment":"scroll","background-type":"","background-media":"","overlay-type":"","overlay-color":"","overlay-opacity":"","overlay-gradient":""}},"footnotes":""},"class_list":["post-312","page","type-page","status-publish","hentry"],"post_mailing_queue_ids":[],"_links":{"self":[{"href":"https:\/\/serveiseducatius.xtec.cat\/baixpenedes\/wp-json\/wp\/v2\/pages\/312","targetHints":{"allow":["GET"]}}],"collection":[{"href":"https:\/\/serveiseducatius.xtec.cat\/baixpenedes\/wp-json\/wp\/v2\/pages"}],"about":[{"href":"https:\/\/serveiseducatius.xtec.cat\/baixpenedes\/wp-json\/wp\/v2\/types\/page"}],"author":[{"embeddable":true,"href":"https:\/\/serveiseducatius.xtec.cat\/baixpenedes\/wp-json\/wp\/v2\/users\/7"}],"replies":[{"embeddable":true,"href":"https:\/\/serveiseducatius.xtec.cat\/baixpenedes\/wp-json\/wp\/v2\/comments?post=312"}],"version-history":[{"count":9,"href":"https:\/\/serveiseducatius.xtec.cat\/baixpenedes\/wp-json\/wp\/v2\/pages\/312\/revisions"}],"predecessor-version":[{"id":21064,"href":"https:\/\/serveiseducatius.xtec.cat\/baixpenedes\/wp-json\/wp\/v2\/pages\/312\/revisions\/21064"}],"up":[{"embeddable":true,"href":"https:\/\/serveiseducatius.xtec.cat\/baixpenedes\/wp-json\/wp\/v2\/pages\/19"}],"wp:attachment":[{"href":"https:\/\/serveiseducatius.xtec.cat\/baixpenedes\/wp-json\/wp\/v2\/media?parent=312"}],"curies":[{"name":"wp","href":"https:\/\/api.w.org\/{rel}","templated":true}]}}