{"id":298,"date":"2015-10-14T09:51:22","date_gmt":"2015-10-14T08:51:22","guid":{"rendered":"http:\/\/agora.xtec.cat\/formacio\/form021\/?page_id=298"},"modified":"2016-01-19T12:45:35","modified_gmt":"2016-01-19T11:45:35","slug":"camp-daprenentatge","status":"publish","type":"page","link":"https:\/\/serveiseducatius.xtec.cat\/baixpenedes\/serveieducatiu\/equips\/camp-daprenentatge\/","title":{"rendered":"Camp d&#8217;Aprenentatge"},"content":{"rendered":"<p>Els <strong>camps d&#8217;aprenentatge<\/strong> (CdA) s\u00f3n una xarxa de serveis situats en contextos singulars que donen suport al professorat per tal que l\u2019alumnat assoleixi objectius d\u2019aprenentatge relacionats amb l\u2019estudi del medi a partir de projectes que es desenvolupen en estades al camp d\u2019aprenentatge, en activitats a l\u2019entorn o en el centre mateix.<\/p>\n<hr \/>\n<p><strong>E<\/strong>l camp d&#8217;aprenentatge Pau Casals \u00e9s un servei educatiu del Departament d&#8217;Educaci\u00f3 que ofereix al professorat i als centres docents la possibilitat de desenvolupar projectes de treball per a l&#8217;estudi i l&#8217;experimentaci\u00f3 en un medi singular de Catalunya, El Vendrell<\/p>\n<p><strong>L<\/strong>&#8216;estada de dos a cinc dies al CdA Pau Casals facilita la descoberta del medi natural, social, hist\u00f2ric, literari i sobretot musical del Baix Pened\u00e8s i fa incid\u00e8ncia especial en els continguts de l&#8217;educaci\u00f3 musical, ambiental, liter\u00e0ria i de patrimoni, alhora que estableix un marc nou per a la conviv\u00e8ncia i la relaci\u00f3 entre el professorat i l&#8217;alumnat.<\/p>\n<p><strong>E<\/strong>l CdA Pau Casals tamb\u00e9 ofereix als centres educatius la possibilitat de desenvolupar projectes espec\u00edfics d&#8217;un dia de durada (sortides d&#8217;un dia). Aquestes propicien la participaci\u00f3 dels centres docents propers al CdA Pau Casals.<\/p>\n<p><strong>E<\/strong>l CdA Pau Casals s&#8217;adre\u00e7a principalment a alumnes d&#8217;Educaci\u00f3 Prim\u00e0ria, de Secund\u00e0ria, dels Cicles formatius i del Batxillerat dels centres educatius de Catalunya. En cas excepcional, condicionat a projectes de treball concrets i a la disponibilitat del CdA, es podran atendre centres educatius p\u00fablics de fora de Catalunya.<\/p>\n<hr \/>\n<p><a href=\"http:\/\/www.cdapaucasals.com\">Camp d&#8217;Aprenentatge Pau Casals<\/a><\/p>\n","protected":false},"excerpt":{"rendered":"<p>Els camps d&#8217;aprenentatge (CdA) s\u00f3n una xarxa de serveis situats en contextos singulars que donen suport al professorat per tal que l\u2019alumnat assoleixi objectius d\u2019aprenentatge relacionats amb l\u2019estudi del medi a partir de projectes que es desenvolupen en estades al camp d\u2019aprenentatge, en activitats a l\u2019entorn o en el centre mateix. El camp d&#8217;aprenentatge Pau [&hellip;]<\/p>\n","protected":false},"author":7,"featured_media":0,"parent":39,"menu_order":5,"comment_status":"closed","ping_status":"closed","template":"page-templates\/side-menu.php","meta":{"_bbp_topic_count":0,"_bbp_reply_count":0,"_bbp_total_topic_count":0,"_bbp_total_reply_count":0,"_bbp_voice_count":0,"_bbp_anonymous_reply_count":0,"_bbp_topic_count_hidden":0,"_bbp_reply_count_hidden":0,"_bbp_forum_subforum_count":0,"site-sidebar-layout":"default","site-content-layout":"","ast-site-content-layout":"","site-content-style":"default","site-sidebar-style":"default","ast-global-header-display":"","ast-banner-title-visibility":"","ast-main-header-display":"","ast-hfb-above-header-display":"","ast-hfb-below-header-display":"","ast-hfb-mobile-header-display":"","site-post-title":"","ast-breadcrumbs-content":"","ast-featured-img":"","footer-sml-layout":"","theme-transparent-header-meta":"","adv-header-id-meta":"","stick-header-meta":"","header-above-stick-meta":"","header-main-stick-meta":"","header-below-stick-meta":"","astra-migrate-meta-layouts":"default","ast-page-background-enabled":"default","ast-page-background-meta":{"desktop":{"background-color":"var(--ast-global-color-4)","background-image":"","background-repeat":"repeat","background-position":"center center","background-size":"auto","background-attachment":"scroll","background-type":"","background-media":"","overlay-type":"","overlay-color":"","overlay-opacity":"","overlay-gradient":""},"tablet":{"background-color":"","background-image":"","background-repeat":"repeat","background-position":"center center","background-size":"auto","background-attachment":"scroll","background-type":"","background-media":"","overlay-type":"","overlay-color":"","overlay-opacity":"","overlay-gradient":""},"mobile":{"background-color":"","background-image":"","background-repeat":"repeat","background-position":"center center","background-size":"auto","background-attachment":"scroll","background-type":"","background-media":"","overlay-type":"","overlay-color":"","overlay-opacity":"","overlay-gradient":""}},"ast-content-background-meta":{"desktop":{"background-color":"var(--ast-global-color-5)","background-image":"","background-repeat":"repeat","background-position":"center center","background-size":"auto","background-attachment":"scroll","background-type":"","background-media":"","overlay-type":"","overlay-color":"","overlay-opacity":"","overlay-gradient":""},"tablet":{"background-color":"var(--ast-global-color-5)","background-image":"","background-repeat":"repeat","background-position":"center center","background-size":"auto","background-attachment":"scroll","background-type":"","background-media":"","overlay-type":"","overlay-color":"","overlay-opacity":"","overlay-gradient":""},"mobile":{"background-color":"var(--ast-global-color-5)","background-image":"","background-repeat":"repeat","background-position":"center center","background-size":"auto","background-attachment":"scroll","background-type":"","background-media":"","overlay-type":"","overlay-color":"","overlay-opacity":"","overlay-gradient":""}},"footnotes":""},"class_list":["post-298","page","type-page","status-publish","hentry"],"post_mailing_queue_ids":[],"_links":{"self":[{"href":"https:\/\/serveiseducatius.xtec.cat\/baixpenedes\/wp-json\/wp\/v2\/pages\/298","targetHints":{"allow":["GET"]}}],"collection":[{"href":"https:\/\/serveiseducatius.xtec.cat\/baixpenedes\/wp-json\/wp\/v2\/pages"}],"about":[{"href":"https:\/\/serveiseducatius.xtec.cat\/baixpenedes\/wp-json\/wp\/v2\/types\/page"}],"author":[{"embeddable":true,"href":"https:\/\/serveiseducatius.xtec.cat\/baixpenedes\/wp-json\/wp\/v2\/users\/7"}],"replies":[{"embeddable":true,"href":"https:\/\/serveiseducatius.xtec.cat\/baixpenedes\/wp-json\/wp\/v2\/comments?post=298"}],"version-history":[{"count":1,"href":"https:\/\/serveiseducatius.xtec.cat\/baixpenedes\/wp-json\/wp\/v2\/pages\/298\/revisions"}],"predecessor-version":[{"id":1821,"href":"https:\/\/serveiseducatius.xtec.cat\/baixpenedes\/wp-json\/wp\/v2\/pages\/298\/revisions\/1821"}],"up":[{"embeddable":true,"href":"https:\/\/serveiseducatius.xtec.cat\/baixpenedes\/wp-json\/wp\/v2\/pages\/39"}],"wp:attachment":[{"href":"https:\/\/serveiseducatius.xtec.cat\/baixpenedes\/wp-json\/wp\/v2\/media?parent=298"}],"curies":[{"name":"wp","href":"https:\/\/api.w.org\/{rel}","templated":true}]}}