{"id":2633,"date":"2016-02-25T11:02:58","date_gmt":"2016-02-25T10:02:58","guid":{"rendered":"http:\/\/serveiseducatius.xtec.cat\/se-baixpenedes\/?page_id=2633"},"modified":"2020-04-05T18:46:42","modified_gmt":"2020-04-05T16:46:42","slug":"ara-escric","status":"publish","type":"page","link":"https:\/\/serveiseducatius.xtec.cat\/baixpenedes\/dinamitzacio\/ara-escric\/","title":{"rendered":"araESCRIC"},"content":{"rendered":"<p style=\"text-align: justify;\"><a href=\"http:\/\/xtec.gencat.cat\/ca\/projectes\/escriptura\/ara-escric\/\" target=\"_blank\" rel=\"noopener noreferrer\"><img loading=\"lazy\" decoding=\"async\" class=\"alignleft wp-image-6541 size-full\" src=\"http:\/\/serveiseducatius.xtec.cat\/baixpenedes\/wp-content\/uploads\/usu764\/2016\/02\/araescric.jpg\" alt=\"araescric\" width=\"167\" height=\"166\" srcset=\"https:\/\/serveiseducatius.xtec.cat\/baixpenedes\/wp-content\/uploads\/usu764\/2016\/02\/araescric.jpg 167w, https:\/\/serveiseducatius.xtec.cat\/baixpenedes\/wp-content\/uploads\/usu764\/2016\/02\/araescric-150x150.jpg 150w\" sizes=\"auto, (max-width: 167px) 100vw, 167px\" \/><\/a>El curs 2015-2016 el Departament d&#8217;Ensenyament impulsa el programa\u00a0araESCRIC, amb el qual\u00a0s&#8217;estableix com a objectiu millorar la compet\u00e8ncia escrita dels alumnes per augmentar-ne la capacitat de comunicaci\u00f3 i el rendiment acad\u00e8mic, i aix\u00ed afavorir-ne l&#8217;\u00e8xit educatiu.<\/p>\n<p style=\"text-align: justify;\">Escriure \u00e9s una activitat quotidiana que el m\u00f3n tecnificat, hipercomunicat i sofisticat en qu\u00e8 vivim exigeix cada dia m\u00e9s. L\u2019expressi\u00f3 escrita ens permet demanar informaci\u00f3, transferir coneixement, intentar conv\u00e8ncer, comunicar sentiments i viv\u00e8ncies, viure moments de plaer\u2026 Per tant, el seu domini \u00e9s un requisit b\u00e0sic per desenvolupar-nos personalment i en societat.<\/p>\n<p style=\"text-align: justify;\">Consulteu tota la informaci\u00f3 a:\u00a0<a href=\"http:\/\/xtec.gencat.cat\/ca\/projectes\/escriptura\/ara-escric\/conferencies\/\">http:\/\/xtec.gencat.cat\/ca\/projectes\/escriptura\/ara-escric\/conferencies\/<\/a><\/p>\n","protected":false},"excerpt":{"rendered":"<p>El curs 2015-2016 el Departament d&#8217;Ensenyament impulsa el programa\u00a0araESCRIC, amb el qual\u00a0s&#8217;estableix com a objectiu millorar la compet\u00e8ncia escrita dels alumnes per augmentar-ne la capacitat de comunicaci\u00f3 i el rendiment acad\u00e8mic, i aix\u00ed afavorir-ne l&#8217;\u00e8xit educatiu. Escriure \u00e9s una activitat quotidiana que el m\u00f3n tecnificat, hipercomunicat i sofisticat en qu\u00e8 vivim exigeix cada dia m\u00e9s. [&hellip;]<\/p>\n","protected":false},"author":7,"featured_media":0,"parent":5401,"menu_order":0,"comment_status":"closed","ping_status":"closed","template":"page-templates\/side-menu.php","meta":{"_bbp_topic_count":0,"_bbp_reply_count":0,"_bbp_total_topic_count":0,"_bbp_total_reply_count":0,"_bbp_voice_count":0,"_bbp_anonymous_reply_count":0,"_bbp_topic_count_hidden":0,"_bbp_reply_count_hidden":0,"_bbp_forum_subforum_count":0,"site-sidebar-layout":"default","site-content-layout":"","ast-site-content-layout":"","site-content-style":"default","site-sidebar-style":"default","ast-global-header-display":"","ast-banner-title-visibility":"","ast-main-header-display":"","ast-hfb-above-header-display":"","ast-hfb-below-header-display":"","ast-hfb-mobile-header-display":"","site-post-title":"","ast-breadcrumbs-content":"","ast-featured-img":"","footer-sml-layout":"","theme-transparent-header-meta":"","adv-header-id-meta":"","stick-header-meta":"","header-above-stick-meta":"","header-main-stick-meta":"","header-below-stick-meta":"","astra-migrate-meta-layouts":"default","ast-page-background-enabled":"default","ast-page-background-meta":{"desktop":{"background-color":"var(--ast-global-color-4)","background-image":"","background-repeat":"repeat","background-position":"center center","background-size":"auto","background-attachment":"scroll","background-type":"","background-media":"","overlay-type":"","overlay-color":"","overlay-opacity":"","overlay-gradient":""},"tablet":{"background-color":"","background-image":"","background-repeat":"repeat","background-position":"center center","background-size":"auto","background-attachment":"scroll","background-type":"","background-media":"","overlay-type":"","overlay-color":"","overlay-opacity":"","overlay-gradient":""},"mobile":{"background-color":"","background-image":"","background-repeat":"repeat","background-position":"center center","background-size":"auto","background-attachment":"scroll","background-type":"","background-media":"","overlay-type":"","overlay-color":"","overlay-opacity":"","overlay-gradient":""}},"ast-content-background-meta":{"desktop":{"background-color":"var(--ast-global-color-5)","background-image":"","background-repeat":"repeat","background-position":"center center","background-size":"auto","background-attachment":"scroll","background-type":"","background-media":"","overlay-type":"","overlay-color":"","overlay-opacity":"","overlay-gradient":""},"tablet":{"background-color":"var(--ast-global-color-5)","background-image":"","background-repeat":"repeat","background-position":"center center","background-size":"auto","background-attachment":"scroll","background-type":"","background-media":"","overlay-type":"","overlay-color":"","overlay-opacity":"","overlay-gradient":""},"mobile":{"background-color":"var(--ast-global-color-5)","background-image":"","background-repeat":"repeat","background-position":"center center","background-size":"auto","background-attachment":"scroll","background-type":"","background-media":"","overlay-type":"","overlay-color":"","overlay-opacity":"","overlay-gradient":""}},"footnotes":""},"class_list":["post-2633","page","type-page","status-publish","hentry"],"post_mailing_queue_ids":[],"_links":{"self":[{"href":"https:\/\/serveiseducatius.xtec.cat\/baixpenedes\/wp-json\/wp\/v2\/pages\/2633","targetHints":{"allow":["GET"]}}],"collection":[{"href":"https:\/\/serveiseducatius.xtec.cat\/baixpenedes\/wp-json\/wp\/v2\/pages"}],"about":[{"href":"https:\/\/serveiseducatius.xtec.cat\/baixpenedes\/wp-json\/wp\/v2\/types\/page"}],"author":[{"embeddable":true,"href":"https:\/\/serveiseducatius.xtec.cat\/baixpenedes\/wp-json\/wp\/v2\/users\/7"}],"replies":[{"embeddable":true,"href":"https:\/\/serveiseducatius.xtec.cat\/baixpenedes\/wp-json\/wp\/v2\/comments?post=2633"}],"version-history":[{"count":3,"href":"https:\/\/serveiseducatius.xtec.cat\/baixpenedes\/wp-json\/wp\/v2\/pages\/2633\/revisions"}],"predecessor-version":[{"id":12971,"href":"https:\/\/serveiseducatius.xtec.cat\/baixpenedes\/wp-json\/wp\/v2\/pages\/2633\/revisions\/12971"}],"up":[{"embeddable":true,"href":"https:\/\/serveiseducatius.xtec.cat\/baixpenedes\/wp-json\/wp\/v2\/pages\/5401"}],"wp:attachment":[{"href":"https:\/\/serveiseducatius.xtec.cat\/baixpenedes\/wp-json\/wp\/v2\/media?parent=2633"}],"curies":[{"name":"wp","href":"https:\/\/api.w.org\/{rel}","templated":true}]}}