{"id":2569,"date":"2016-02-24T11:57:55","date_gmt":"2016-02-24T10:57:55","guid":{"rendered":"http:\/\/serveiseducatius.xtec.cat\/se-baixpenedes\/?page_id=2569"},"modified":"2016-09-25T00:29:45","modified_gmt":"2016-09-24T22:29:45","slug":"escoles-didiomes","status":"publish","type":"page","link":"https:\/\/serveiseducatius.xtec.cat\/baixpenedes\/serveieducatiu\/centres-educatius\/escoles-didiomes\/","title":{"rendered":"Escola Oficial d&#8217;Idiomes"},"content":{"rendered":"<table style=\"height: 200px;\" width=\"320\">\n<tbody>\n<tr>\n<td style=\"width: 90px; background-color: #55cd00; color: white;\"><strong>Centre<\/strong><\/td>\n<td><strong><a href=\"http:\/\/www.eoidelvendrell.cat\/\" target=\"_blank\">EOI El Vendrell<\/a><\/strong><\/td>\n<\/tr>\n<tr>\n<td style=\"width: 90px; background-color: #55cd00; color: white;\"><strong>Tel\u00e8fon<\/strong><\/td>\n<td>977 66 74 44 \/\u00a0637 34 79 82<\/td>\n<\/tr>\n<tr>\n<td style=\"width: 90px; background-color: #55cd00; color: white;\"><strong>Fax<\/strong><\/td>\n<td><\/td>\n<\/tr>\n<tr>\n<td style=\"width: 90px; background-color: #55cd00; color: white;\"><strong>Adre\u00e7a<\/strong><\/td>\n<td>Avda Salvador Palau Rabass\u00f3, 1<\/td>\n<\/tr>\n<tr>\n<td style=\"width: 90px; background-color: #55cd00; color: white;\"><strong>Codi<\/strong><\/td>\n<td>43700<\/td>\n<\/tr>\n<tr>\n<td style=\"width: 90px; background-color: #55cd00; color: white;\"><strong>Adre\u00e7a electr\u00f2nica<\/strong><\/td>\n<td>eoidelvendrell@xtec.cat<\/td>\n<\/tr>\n<\/tbody>\n<\/table>\n<p><iframe loading=\"lazy\" style=\"border: 0;\" src=\"https:\/\/www.google.com\/maps\/embed?pb=!1m18!1m12!1m3!1d2122.2996164684587!2d1.5242433119634413!3d41.213381946734785!2m3!1f0!2f0!3f0!3m2!1i1024!2i768!4f13.1!3m3!1m2!1s0x12a38b3429f6533d%3A0xa5df30ccc17d2249!2sAv.+Salvador+Palau+Rabass%C3%B3%2C+1%2C+43700+El+Vendrell%2C+Tarragona!5e0!3m2!1sca!2ses!4v1456311968168\" width=\"320\" height=\"350\" frameborder=\"0\" allowfullscreen=\"allowfullscreen\"><\/iframe><\/p>\n","protected":false},"excerpt":{"rendered":"<p>Centre EOI El Vendrell Tel\u00e8fon 977 66 74 44 \/\u00a0637 34 79 82 Fax Adre\u00e7a Avda Salvador Palau Rabass\u00f3, 1 Codi 43700 Adre\u00e7a electr\u00f2nica eoidelvendrell@xtec.cat<\/p>\n","protected":false},"author":7,"featured_media":0,"parent":312,"menu_order":4,"comment_status":"closed","ping_status":"closed","template":"page-templates\/side-menu.php","meta":{"_bbp_topic_count":0,"_bbp_reply_count":0,"_bbp_total_topic_count":0,"_bbp_total_reply_count":0,"_bbp_voice_count":0,"_bbp_anonymous_reply_count":0,"_bbp_topic_count_hidden":0,"_bbp_reply_count_hidden":0,"_bbp_forum_subforum_count":0,"site-sidebar-layout":"default","site-content-layout":"","ast-site-content-layout":"","site-content-style":"default","site-sidebar-style":"default","ast-global-header-display":"","ast-banner-title-visibility":"","ast-main-header-display":"","ast-hfb-above-header-display":"","ast-hfb-below-header-display":"","ast-hfb-mobile-header-display":"","site-post-title":"","ast-breadcrumbs-content":"","ast-featured-img":"","footer-sml-layout":"","theme-transparent-header-meta":"","adv-header-id-meta":"","stick-header-meta":"","header-above-stick-meta":"","header-main-stick-meta":"","header-below-stick-meta":"","astra-migrate-meta-layouts":"default","ast-page-background-enabled":"default","ast-page-background-meta":{"desktop":{"background-color":"var(--ast-global-color-4)","background-image":"","background-repeat":"repeat","background-position":"center center","background-size":"auto","background-attachment":"scroll","background-type":"","background-media":"","overlay-type":"","overlay-color":"","overlay-opacity":"","overlay-gradient":""},"tablet":{"background-color":"","background-image":"","background-repeat":"repeat","background-position":"center center","background-size":"auto","background-attachment":"scroll","background-type":"","background-media":"","overlay-type":"","overlay-color":"","overlay-opacity":"","overlay-gradient":""},"mobile":{"background-color":"","background-image":"","background-repeat":"repeat","background-position":"center center","background-size":"auto","background-attachment":"scroll","background-type":"","background-media":"","overlay-type":"","overlay-color":"","overlay-opacity":"","overlay-gradient":""}},"ast-content-background-meta":{"desktop":{"background-color":"var(--ast-global-color-5)","background-image":"","background-repeat":"repeat","background-position":"center center","background-size":"auto","background-attachment":"scroll","background-type":"","background-media":"","overlay-type":"","overlay-color":"","overlay-opacity":"","overlay-gradient":""},"tablet":{"background-color":"var(--ast-global-color-5)","background-image":"","background-repeat":"repeat","background-position":"center center","background-size":"auto","background-attachment":"scroll","background-type":"","background-media":"","overlay-type":"","overlay-color":"","overlay-opacity":"","overlay-gradient":""},"mobile":{"background-color":"var(--ast-global-color-5)","background-image":"","background-repeat":"repeat","background-position":"center center","background-size":"auto","background-attachment":"scroll","background-type":"","background-media":"","overlay-type":"","overlay-color":"","overlay-opacity":"","overlay-gradient":""}},"footnotes":""},"class_list":["post-2569","page","type-page","status-publish","hentry"],"post_mailing_queue_ids":[],"_links":{"self":[{"href":"https:\/\/serveiseducatius.xtec.cat\/baixpenedes\/wp-json\/wp\/v2\/pages\/2569","targetHints":{"allow":["GET"]}}],"collection":[{"href":"https:\/\/serveiseducatius.xtec.cat\/baixpenedes\/wp-json\/wp\/v2\/pages"}],"about":[{"href":"https:\/\/serveiseducatius.xtec.cat\/baixpenedes\/wp-json\/wp\/v2\/types\/page"}],"author":[{"embeddable":true,"href":"https:\/\/serveiseducatius.xtec.cat\/baixpenedes\/wp-json\/wp\/v2\/users\/7"}],"replies":[{"embeddable":true,"href":"https:\/\/serveiseducatius.xtec.cat\/baixpenedes\/wp-json\/wp\/v2\/comments?post=2569"}],"version-history":[{"count":3,"href":"https:\/\/serveiseducatius.xtec.cat\/baixpenedes\/wp-json\/wp\/v2\/pages\/2569\/revisions"}],"predecessor-version":[{"id":2870,"href":"https:\/\/serveiseducatius.xtec.cat\/baixpenedes\/wp-json\/wp\/v2\/pages\/2569\/revisions\/2870"}],"up":[{"embeddable":true,"href":"https:\/\/serveiseducatius.xtec.cat\/baixpenedes\/wp-json\/wp\/v2\/pages\/312"}],"wp:attachment":[{"href":"https:\/\/serveiseducatius.xtec.cat\/baixpenedes\/wp-json\/wp\/v2\/media?parent=2569"}],"curies":[{"name":"wp","href":"https:\/\/api.w.org\/{rel}","templated":true}]}}