{"id":2560,"date":"2016-02-24T11:39:58","date_gmt":"2016-02-24T10:39:58","guid":{"rendered":"http:\/\/serveiseducatius.xtec.cat\/se-baixpenedes\/?page_id=2560"},"modified":"2018-10-25T12:45:35","modified_gmt":"2018-10-25T10:45:35","slug":"formacio-dadults","status":"publish","type":"page","link":"https:\/\/serveiseducatius.xtec.cat\/baixpenedes\/serveieducatiu\/centres-educatius\/formacio-dadults\/","title":{"rendered":"Formaci\u00f3 d&#8217;Adults"},"content":{"rendered":"<table style=\"height: 200px;\" width=\"320\">\n<tbody>\n<tr>\n<td style=\"width: 90px; background-color: #55cd00; color: white;\"><strong>Centre<\/strong><\/td>\n<td><a href=\"https:\/\/agora.xtec.cat\/afaelvendrell\/\"><strong>CFA El Vendrell<\/strong><\/a><\/td>\n<\/tr>\n<tr>\n<td style=\"width: 90px; background-color: #55cd00; color: white;\"><strong>Tel\u00e8fon<\/strong><\/td>\n<td>977 15 56 74<\/td>\n<\/tr>\n<tr>\n<td style=\"width: 90px; background-color: #55cd00; color: white;\"><strong>Fax<\/strong><\/td>\n<td><\/td>\n<\/tr>\n<tr>\n<td style=\"width: 90px; background-color: #55cd00; color: white;\"><strong>Adre\u00e7a<\/strong><\/td>\n<td>Avinguda de les Escoles, 19<\/td>\n<\/tr>\n<tr>\n<td style=\"width: 90px; background-color: #55cd00; color: white;\"><strong>Codi<\/strong><\/td>\n<td>43700<\/td>\n<\/tr>\n<tr>\n<td style=\"width: 90px; background-color: #55cd00; color: white;\"><strong>Adre\u00e7a electr\u00f2nica<\/strong><\/td>\n<td>e3010062<span class=\"atwho-query\">@xtec.cat<\/span><\/td>\n<\/tr>\n<\/tbody>\n<\/table>\n<p><a href=\"http:\/\/serveiseducatius.xtec.cat\/se-baixpenedes\/wp-content\/uploads\/usu764\/2016\/02\/IMG_3738-1024x768.jpg\"><img loading=\"lazy\" decoding=\"async\" class=\"alignnone wp-image-2564\" src=\"http:\/\/serveiseducatius.xtec.cat\/se-baixpenedes\/wp-content\/uploads\/usu764\/2016\/02\/IMG_3738-1024x768-1024x768.jpg\" alt=\"IMG_3738-1024x768\" width=\"311\" height=\"233\" srcset=\"https:\/\/serveiseducatius.xtec.cat\/baixpenedes\/wp-content\/uploads\/usu764\/2016\/02\/IMG_3738-1024x768.jpg 1024w, https:\/\/serveiseducatius.xtec.cat\/baixpenedes\/wp-content\/uploads\/usu764\/2016\/02\/IMG_3738-1024x768-300x225.jpg 300w, https:\/\/serveiseducatius.xtec.cat\/baixpenedes\/wp-content\/uploads\/usu764\/2016\/02\/IMG_3738-1024x768-200x150.jpg 200w\" sizes=\"auto, (max-width: 311px) 100vw, 311px\" \/><\/a><\/p>\n<p><iframe loading=\"lazy\" style=\"border: 0;\" src=\"https:\/\/www.google.com\/maps\/embed?pb=!1m18!1m12!1m3!1d892.2893069494559!2d1.5264415741974267!3d41.21541725672287!2m3!1f0!2f0!3f0!3m2!1i1024!2i768!4f13.1!3m3!1m2!1s0x12a38b36b30ea7fd%3A0xf7b29eb08e1b9676!2sAv.+de+les+Escoles%2C+19%2C+43700+El+Vendrell%2C+Tarragona!5e0!3m2!1sca!2ses!4v1456312144014\" width=\"320\" height=\"350\" frameborder=\"0\" allowfullscreen=\"allowfullscreen\"><\/iframe><\/p>\n","protected":false},"excerpt":{"rendered":"<p>Centre CFA El Vendrell Tel\u00e8fon 977 15 56 74 Fax Adre\u00e7a Avinguda de les Escoles, 19 Codi 43700 Adre\u00e7a electr\u00f2nica e3010062@xtec.cat<\/p>\n","protected":false},"author":7,"featured_media":0,"parent":312,"menu_order":6,"comment_status":"closed","ping_status":"closed","template":"page-templates\/side-menu.php","meta":{"_bbp_topic_count":0,"_bbp_reply_count":0,"_bbp_total_topic_count":0,"_bbp_total_reply_count":0,"_bbp_voice_count":0,"_bbp_anonymous_reply_count":0,"_bbp_topic_count_hidden":0,"_bbp_reply_count_hidden":0,"_bbp_forum_subforum_count":0,"site-sidebar-layout":"default","site-content-layout":"","ast-site-content-layout":"","site-content-style":"default","site-sidebar-style":"default","ast-global-header-display":"","ast-banner-title-visibility":"","ast-main-header-display":"","ast-hfb-above-header-display":"","ast-hfb-below-header-display":"","ast-hfb-mobile-header-display":"","site-post-title":"","ast-breadcrumbs-content":"","ast-featured-img":"","footer-sml-layout":"","theme-transparent-header-meta":"","adv-header-id-meta":"","stick-header-meta":"","header-above-stick-meta":"","header-main-stick-meta":"","header-below-stick-meta":"","astra-migrate-meta-layouts":"default","ast-page-background-enabled":"default","ast-page-background-meta":{"desktop":{"background-color":"var(--ast-global-color-4)","background-image":"","background-repeat":"repeat","background-position":"center center","background-size":"auto","background-attachment":"scroll","background-type":"","background-media":"","overlay-type":"","overlay-color":"","overlay-opacity":"","overlay-gradient":""},"tablet":{"background-color":"","background-image":"","background-repeat":"repeat","background-position":"center center","background-size":"auto","background-attachment":"scroll","background-type":"","background-media":"","overlay-type":"","overlay-color":"","overlay-opacity":"","overlay-gradient":""},"mobile":{"background-color":"","background-image":"","background-repeat":"repeat","background-position":"center center","background-size":"auto","background-attachment":"scroll","background-type":"","background-media":"","overlay-type":"","overlay-color":"","overlay-opacity":"","overlay-gradient":""}},"ast-content-background-meta":{"desktop":{"background-color":"var(--ast-global-color-5)","background-image":"","background-repeat":"repeat","background-position":"center center","background-size":"auto","background-attachment":"scroll","background-type":"","background-media":"","overlay-type":"","overlay-color":"","overlay-opacity":"","overlay-gradient":""},"tablet":{"background-color":"var(--ast-global-color-5)","background-image":"","background-repeat":"repeat","background-position":"center center","background-size":"auto","background-attachment":"scroll","background-type":"","background-media":"","overlay-type":"","overlay-color":"","overlay-opacity":"","overlay-gradient":""},"mobile":{"background-color":"var(--ast-global-color-5)","background-image":"","background-repeat":"repeat","background-position":"center center","background-size":"auto","background-attachment":"scroll","background-type":"","background-media":"","overlay-type":"","overlay-color":"","overlay-opacity":"","overlay-gradient":""}},"footnotes":""},"class_list":["post-2560","page","type-page","status-publish","hentry"],"post_mailing_queue_ids":[],"_links":{"self":[{"href":"https:\/\/serveiseducatius.xtec.cat\/baixpenedes\/wp-json\/wp\/v2\/pages\/2560","targetHints":{"allow":["GET"]}}],"collection":[{"href":"https:\/\/serveiseducatius.xtec.cat\/baixpenedes\/wp-json\/wp\/v2\/pages"}],"about":[{"href":"https:\/\/serveiseducatius.xtec.cat\/baixpenedes\/wp-json\/wp\/v2\/types\/page"}],"author":[{"embeddable":true,"href":"https:\/\/serveiseducatius.xtec.cat\/baixpenedes\/wp-json\/wp\/v2\/users\/7"}],"replies":[{"embeddable":true,"href":"https:\/\/serveiseducatius.xtec.cat\/baixpenedes\/wp-json\/wp\/v2\/comments?post=2560"}],"version-history":[{"count":3,"href":"https:\/\/serveiseducatius.xtec.cat\/baixpenedes\/wp-json\/wp\/v2\/pages\/2560\/revisions"}],"predecessor-version":[{"id":11315,"href":"https:\/\/serveiseducatius.xtec.cat\/baixpenedes\/wp-json\/wp\/v2\/pages\/2560\/revisions\/11315"}],"up":[{"embeddable":true,"href":"https:\/\/serveiseducatius.xtec.cat\/baixpenedes\/wp-json\/wp\/v2\/pages\/312"}],"wp:attachment":[{"href":"https:\/\/serveiseducatius.xtec.cat\/baixpenedes\/wp-json\/wp\/v2\/media?parent=2560"}],"curies":[{"name":"wp","href":"https:\/\/api.w.org\/{rel}","templated":true}]}}