{"id":1861,"date":"2016-01-21T10:28:36","date_gmt":"2016-01-21T09:28:36","guid":{"rendered":"http:\/\/serveiseducatius.xtec.cat\/se-baixpenedes\/?page_id=1861"},"modified":"2018-03-07T11:17:57","modified_gmt":"2018-03-07T10:17:57","slug":"centres-concertats","status":"publish","type":"page","link":"https:\/\/serveiseducatius.xtec.cat\/baixpenedes\/serveieducatiu\/centres-educatius\/centres-concertats\/","title":{"rendered":"Centres Concertats"},"content":{"rendered":"<h5><strong>El Vendrell<\/strong><\/h5>\n<table style=\"height: 200px;\" width=\"320\">\n<tbody>\n<tr>\n<td style=\"width: 90px; background-color: #55cd00; color: white;\"><strong>Centre<\/strong><\/td>\n<td><a href=\"http:\/\/www.sagratcorelvendrell.cat\/\" target=\"_blank\" rel=\"noopener noreferrer\"><strong>Col\u00b7legi Sagrat Cor<\/strong><\/a><\/td>\n<\/tr>\n<tr>\n<td style=\"width: 90px; background-color: #55cd00; color: white;\"><strong>Tel\u00e8fon<\/strong><\/td>\n<td>977 66 01 73<\/td>\n<\/tr>\n<tr>\n<td style=\"width: 90px; background-color: #55cd00; color: white;\"><strong>Fax<\/strong><\/td>\n<td>977 66 14 51<\/td>\n<\/tr>\n<tr>\n<td style=\"width: 90px; background-color: #55cd00; color: white;\"><strong>Adre\u00e7a<\/strong><\/td>\n<td>Carretera de Valls, 26<\/td>\n<\/tr>\n<tr>\n<td style=\"width: 90px; background-color: #55cd00; color: white;\"><strong>Codi<\/strong><\/td>\n<td>43700<\/td>\n<\/tr>\n<tr>\n<td style=\"width: 90px; background-color: #55cd00; color: white;\"><strong>Adre\u00e7a electr\u00f2nica<\/strong><\/td>\n<td>e3004761@xtec.cat<\/td>\n<\/tr>\n<\/tbody>\n<\/table>\n<h5><\/h5>\n<h5><\/h5>\n<h5><strong>L&#8217;Arbo\u00e7<\/strong><\/h5>\n<table style=\"height: 200px;\" width=\"320\">\n<tbody>\n<tr>\n<td style=\"width: 90px; background-color: #55cd00; color: white;\"><strong>Centre<\/strong><\/td>\n<td><a href=\"http:\/\/www.campjoliu.org\/\" target=\"_blank\" rel=\"noopener noreferrer\"><strong>CEIMP Camp Joliu<\/strong><\/a><\/td>\n<\/tr>\n<tr>\n<td style=\"width: 90px; background-color: #55cd00; color: white;\"><strong>Tel\u00e8fon<\/strong><\/td>\n<td>977 67 01 02<\/td>\n<\/tr>\n<tr>\n<td style=\"width: 90px; background-color: #55cd00; color: white;\"><strong>Fax<\/strong><\/td>\n<td>977 67 08 51<\/td>\n<\/tr>\n<tr>\n<td style=\"width: 90px; background-color: #55cd00; color: white;\"><strong>Adre\u00e7a<\/strong><\/td>\n<td>Carretera N-340, km 1202<\/td>\n<\/tr>\n<tr>\n<td style=\"width: 90px; background-color: #55cd00; color: white;\"><strong>Codi<\/strong><\/td>\n<td>43720<\/td>\n<\/tr>\n<tr>\n<td style=\"width: 90px; background-color: #55cd00; color: white;\"><strong>Adre\u00e7a electr\u00f2nica<\/strong><\/td>\n<td>e3006290@xtec.cat<\/td>\n<\/tr>\n<\/tbody>\n<\/table>\n<table style=\"height: 200px;\" width=\"320\">\n<tbody>\n<tr>\n<td style=\"width: 90px; background-color: #55cd00; color: white;\"><strong>Centre<\/strong><\/td>\n<td><a href=\"http:\/\/www.residenciaarbos.com\/\" target=\"_blank\" rel=\"noopener noreferrer\"><strong>Col\u00b7legi l&#8217;Arbo\u00e7<\/strong><\/a><\/td>\n<\/tr>\n<tr>\n<td style=\"width: 90px; background-color: #55cd00; color: white;\"><strong>Tel\u00e8fon<\/strong><\/td>\n<td>977 67 03 44<\/td>\n<\/tr>\n<tr>\n<td style=\"width: 90px; background-color: #55cd00; color: white;\"><strong>Fax<\/strong><\/td>\n<td>977 67 09 51<\/td>\n<\/tr>\n<tr>\n<td style=\"width: 90px; background-color: #55cd00; color: white;\"><strong>Adre\u00e7a<\/strong><\/td>\n<td>Rambla Gener, 30<\/td>\n<\/tr>\n<tr>\n<td style=\"width: 90px; background-color: #55cd00; color: white;\"><strong>Codi<\/strong><\/td>\n<td>43720<\/td>\n<\/tr>\n<tr>\n<td style=\"width: 90px; background-color: #55cd00; color: white;\"><strong>Adre\u00e7a electr\u00f2nica<\/strong><\/td>\n<td>e3000391@xtec.cat<\/td>\n<\/tr>\n<\/tbody>\n<\/table>\n<p>&nbsp;<\/p>\n","protected":false},"excerpt":{"rendered":"<p>El Vendrell Centre Col\u00b7legi Sagrat Cor Tel\u00e8fon 977 66 01 73 Fax 977 66 14 51 Adre\u00e7a Carretera de Valls, 26 Codi 43700 Adre\u00e7a electr\u00f2nica e3004761@xtec.cat L&#8217;Arbo\u00e7 Centre CEIMP Camp Joliu Tel\u00e8fon 977 67 01 02 Fax 977 67 08 51 Adre\u00e7a Carretera N-340, km 1202 Codi 43720 Adre\u00e7a electr\u00f2nica e3006290@xtec.cat Centre Col\u00b7legi l&#8217;Arbo\u00e7 Tel\u00e8fon [&hellip;]<\/p>\n","protected":false},"author":7,"featured_media":0,"parent":312,"menu_order":2,"comment_status":"closed","ping_status":"closed","template":"page-templates\/side-menu.php","meta":{"_bbp_topic_count":0,"_bbp_reply_count":0,"_bbp_total_topic_count":0,"_bbp_total_reply_count":0,"_bbp_voice_count":0,"_bbp_anonymous_reply_count":0,"_bbp_topic_count_hidden":0,"_bbp_reply_count_hidden":0,"_bbp_forum_subforum_count":0,"site-sidebar-layout":"default","site-content-layout":"","ast-site-content-layout":"","site-content-style":"default","site-sidebar-style":"default","ast-global-header-display":"","ast-banner-title-visibility":"","ast-main-header-display":"","ast-hfb-above-header-display":"","ast-hfb-below-header-display":"","ast-hfb-mobile-header-display":"","site-post-title":"","ast-breadcrumbs-content":"","ast-featured-img":"","footer-sml-layout":"","theme-transparent-header-meta":"","adv-header-id-meta":"","stick-header-meta":"","header-above-stick-meta":"","header-main-stick-meta":"","header-below-stick-meta":"","astra-migrate-meta-layouts":"default","ast-page-background-enabled":"default","ast-page-background-meta":{"desktop":{"background-color":"var(--ast-global-color-4)","background-image":"","background-repeat":"repeat","background-position":"center center","background-size":"auto","background-attachment":"scroll","background-type":"","background-media":"","overlay-type":"","overlay-color":"","overlay-opacity":"","overlay-gradient":""},"tablet":{"background-color":"","background-image":"","background-repeat":"repeat","background-position":"center center","background-size":"auto","background-attachment":"scroll","background-type":"","background-media":"","overlay-type":"","overlay-color":"","overlay-opacity":"","overlay-gradient":""},"mobile":{"background-color":"","background-image":"","background-repeat":"repeat","background-position":"center center","background-size":"auto","background-attachment":"scroll","background-type":"","background-media":"","overlay-type":"","overlay-color":"","overlay-opacity":"","overlay-gradient":""}},"ast-content-background-meta":{"desktop":{"background-color":"var(--ast-global-color-5)","background-image":"","background-repeat":"repeat","background-position":"center center","background-size":"auto","background-attachment":"scroll","background-type":"","background-media":"","overlay-type":"","overlay-color":"","overlay-opacity":"","overlay-gradient":""},"tablet":{"background-color":"var(--ast-global-color-5)","background-image":"","background-repeat":"repeat","background-position":"center center","background-size":"auto","background-attachment":"scroll","background-type":"","background-media":"","overlay-type":"","overlay-color":"","overlay-opacity":"","overlay-gradient":""},"mobile":{"background-color":"var(--ast-global-color-5)","background-image":"","background-repeat":"repeat","background-position":"center center","background-size":"auto","background-attachment":"scroll","background-type":"","background-media":"","overlay-type":"","overlay-color":"","overlay-opacity":"","overlay-gradient":""}},"footnotes":""},"class_list":["post-1861","page","type-page","status-publish","hentry"],"post_mailing_queue_ids":[],"_links":{"self":[{"href":"https:\/\/serveiseducatius.xtec.cat\/baixpenedes\/wp-json\/wp\/v2\/pages\/1861","targetHints":{"allow":["GET"]}}],"collection":[{"href":"https:\/\/serveiseducatius.xtec.cat\/baixpenedes\/wp-json\/wp\/v2\/pages"}],"about":[{"href":"https:\/\/serveiseducatius.xtec.cat\/baixpenedes\/wp-json\/wp\/v2\/types\/page"}],"author":[{"embeddable":true,"href":"https:\/\/serveiseducatius.xtec.cat\/baixpenedes\/wp-json\/wp\/v2\/users\/7"}],"replies":[{"embeddable":true,"href":"https:\/\/serveiseducatius.xtec.cat\/baixpenedes\/wp-json\/wp\/v2\/comments?post=1861"}],"version-history":[{"count":3,"href":"https:\/\/serveiseducatius.xtec.cat\/baixpenedes\/wp-json\/wp\/v2\/pages\/1861\/revisions"}],"predecessor-version":[{"id":10259,"href":"https:\/\/serveiseducatius.xtec.cat\/baixpenedes\/wp-json\/wp\/v2\/pages\/1861\/revisions\/10259"}],"up":[{"embeddable":true,"href":"https:\/\/serveiseducatius.xtec.cat\/baixpenedes\/wp-json\/wp\/v2\/pages\/312"}],"wp:attachment":[{"href":"https:\/\/serveiseducatius.xtec.cat\/baixpenedes\/wp-json\/wp\/v2\/media?parent=1861"}],"curies":[{"name":"wp","href":"https:\/\/api.w.org\/{rel}","templated":true}]}}