{"id":1839,"date":"2016-01-21T10:10:41","date_gmt":"2016-01-21T09:10:41","guid":{"rendered":"http:\/\/serveiseducatius.xtec.cat\/se-baixpenedes\/?page_id=1839"},"modified":"2020-03-06T11:19:00","modified_gmt":"2020-03-06T10:19:00","slug":"centres-publics-secundaria","status":"publish","type":"page","link":"https:\/\/serveiseducatius.xtec.cat\/baixpenedes\/serveieducatiu\/centres-educatius\/centres-publics-secundaria\/","title":{"rendered":"Centres P\u00fablics Secundaria"},"content":{"rendered":"<p><strong>Calafell<\/strong><\/p>\n<table style=\"height: 200px;\" width=\"320\">\n<tbody>\n<tr>\n<td style=\"width: 90px; background-color: #55cd00; color: white;\"><strong>entre<\/strong><\/td>\n<td><a href=\"https:\/\/www.inscamidemar.cat\/\"><strong>Institut Cam\u00ed de Mar<\/strong><\/a><\/td>\n<\/tr>\n<tr>\n<td style=\"width: 90px; background-color: #55cd00; color: white;\"><strong>Tel\u00e8fon<\/strong><\/td>\n<td>977 69 57 11 \/ 977 69 56 12<\/td>\n<\/tr>\n<tr>\n<td style=\"width: 90px; background-color: #55cd00; color: white;\"><strong>Fax<\/strong><\/td>\n<td>977 69 38 97<\/td>\n<\/tr>\n<tr>\n<td style=\"width: 90px; background-color: #55cd00; color: white;\"><strong>Adre\u00e7a<\/strong><\/td>\n<td>Jaume Pallar\u00e8s, s\/n<\/td>\n<\/tr>\n<tr>\n<td style=\"width: 90px; background-color: #55cd00; color: white;\"><strong>Codi<\/strong><\/td>\n<td>43820<\/td>\n<\/tr>\n<tr>\n<td style=\"width: 90px; background-color: #55cd00; color: white;\"><strong>Adre\u00e7a electr\u00f2nica<\/strong><\/td>\n<td>e300<span style=\"font-family: inherit; font-size: 0.875em;\">7257@xtec.cat<\/span><\/td>\n<\/tr>\n<\/tbody>\n<\/table>\n<p><img loading=\"lazy\" decoding=\"async\" class=\"alignnone  wp-image-12746\" src=\"https:\/\/serveiseducatius.xtec.cat\/baixpenedes\/wp-content\/uploads\/usu764\/2020\/03\/Foto-Cam\u00ed-de-Mar.jpg\" alt=\"\" width=\"315\" height=\"170\" srcset=\"https:\/\/serveiseducatius.xtec.cat\/baixpenedes\/wp-content\/uploads\/usu764\/2020\/03\/Foto-Cam\u00ed-de-Mar.jpg 734w, https:\/\/serveiseducatius.xtec.cat\/baixpenedes\/wp-content\/uploads\/usu764\/2020\/03\/Foto-Cam\u00ed-de-Mar-300x162.jpg 300w\" sizes=\"auto, (max-width: 315px) 100vw, 315px\" \/><\/p>\n<p><strong>Cun<\/strong><strong style=\"font-family: inherit; font-size: 1em;\">it<\/strong><\/p>\n<table style=\"height: 200px;\" width=\"320\">\n<tbody>\n<tr>\n<td style=\"width: 90px; background-color: #55cd00; color: white;\"><strong>entre<\/strong><\/td>\n<td><a href=\"http:\/\/admin35596.wix.com\/iernestlluch\" target=\"_blank\" rel=\"noopener noreferrer\"><strong>Institut Ernest Lluch i Marti<\/strong><\/a><\/td>\n<\/tr>\n<tr>\n<td style=\"width: 90px; background-color: #55cd00; color: white;\"><strong>Tel\u00e8fon<\/strong><\/td>\n<td>977 67 34 40<\/td>\n<\/tr>\n<tr>\n<td style=\"width: 90px; background-color: #55cd00; color: white;\"><strong>Fax<\/strong><\/td>\n<td>977 67 41 16<\/td>\n<\/tr>\n<tr>\n<td style=\"width: 90px; background-color: #55cd00; color: white;\"><strong>Adre\u00e7a<\/strong><\/td>\n<td>Av. del Castell, s\/n<\/td>\n<\/tr>\n<tr>\n<td style=\"width: 90px; background-color: #55cd00; color: white;\"><strong>Codi<\/strong><\/td>\n<td>43881<\/td>\n<\/tr>\n<tr>\n<td style=\"width: 90px; background-color: #55cd00; color: white;\"><strong>Adre\u00e7a electr\u00f2nica<\/strong><\/td>\n<td>e3009850@xtec.cat<\/td>\n<\/tr>\n<\/tbody>\n<\/table>\n<p><strong>El Vendrell<\/strong><\/p>\n<table style=\"height: 200px;\" width=\"320\">\n<tbody>\n<tr>\n<td style=\"width: 90px; background-color: #55cd00; color: white;\"><strong>Centre<\/strong><\/td>\n<td><a href=\"https:\/\/agora.xtec.cat\/insandreunin\/\"><strong>Institut Andreu Nin<\/strong><\/a><\/td>\n<\/tr>\n<tr>\n<td style=\"width: 90px; background-color: #55cd00; color: white;\"><strong>Tel\u00e8fon<\/strong><\/td>\n<td>977 15 71 30<\/td>\n<\/tr>\n<tr>\n<td style=\"width: 90px; background-color: #55cd00; color: white;\"><strong>Fax<\/strong><\/td>\n<td>977 15 70 13<\/td>\n<\/tr>\n<tr>\n<td style=\"width: 90px; background-color: #55cd00; color: white;\"><strong>Adre\u00e7a<\/strong><\/td>\n<td>Av. Salvador Palau Rabass\u00f3, 18<\/td>\n<\/tr>\n<tr>\n<td style=\"width: 90px; background-color: #55cd00; color: white;\"><strong>Codi<\/strong><\/td>\n<td>43700<\/td>\n<\/tr>\n<tr>\n<td style=\"width: 90px; background-color: #55cd00; color: white;\"><strong>Adre\u00e7a electr\u00f2nica<\/strong><\/td>\n<td>e3004803@xtec.cat<\/td>\n<\/tr>\n<\/tbody>\n<\/table>\n<table style=\"height: 200px;\" width=\"320\">\n<tbody>\n<tr>\n<td style=\"width: 90px; background-color: #55cd00; color: white;\"><strong>Centre<\/strong><\/td>\n<td><a href=\"https:\/\/agora.xtec.cat\/insbaixpenedes\/\"><strong>Institut Baix Pened\u00e8s<\/strong><\/a><\/td>\n<\/tr>\n<tr>\n<td style=\"width: 90px; background-color: #55cd00; color: white;\"><strong>Tel\u00e8fon<\/strong><\/td>\n<td>977 66 70 82<\/td>\n<\/tr>\n<tr>\n<td style=\"width: 90px; background-color: #55cd00; color: white;\"><strong>Fax<\/strong><\/td>\n<td>977 66 78 98<\/td>\n<\/tr>\n<tr>\n<td style=\"width: 90px; background-color: #55cd00; color: white;\"><strong>Adre\u00e7a<\/strong><\/td>\n<td>Av. Salvador Palau Rabass\u00f3, 1<\/td>\n<\/tr>\n<tr>\n<td style=\"width: 90px; background-color: #55cd00; color: white;\"><strong>Codi<\/strong><\/td>\n<td>43700<\/td>\n<\/tr>\n<tr>\n<td style=\"width: 90px; background-color: #55cd00; color: white;\"><strong>Adre\u00e7a electr\u00f2nica<\/strong><\/td>\n<td>e3004797@xtec.cat<\/td>\n<\/tr>\n<\/tbody>\n<\/table>\n<table style=\"height: 200px;\" width=\"320\">\n<tbody>\n<tr>\n<td style=\"width: 90px; background-color: #55cd00; color: white;\"><strong>Centre<\/strong><\/td>\n<td><a href=\"https:\/\/agora.xtec.cat\/iesmed\/\"><strong>Institut Mediterr\u00e0nia<\/strong><\/a><\/td>\n<\/tr>\n<tr>\n<td style=\"width: 90px; background-color: #55cd00; color: white;\"><strong>Tel\u00e8fon<\/strong><\/td>\n<td>977 66 28 44<\/td>\n<\/tr>\n<tr>\n<td style=\"width: 90px; background-color: #55cd00; color: white;\"><strong>Fax<\/strong><\/td>\n<td>977 66 24 19<\/td>\n<\/tr>\n<tr>\n<td style=\"width: 90px; background-color: #55cd00; color: white;\"><strong>Adre\u00e7a<\/strong><\/td>\n<td>Ramon Casas Carb\u00f3, 19 (Urbanitzaci\u00f3 Oasi)<\/td>\n<\/tr>\n<tr>\n<td style=\"width: 90px; background-color: #55cd00; color: white;\"><strong>Codi<\/strong><\/td>\n<td>43700<\/td>\n<\/tr>\n<tr>\n<td style=\"width: 90px; background-color: #55cd00; color: white;\"><strong>Adre\u00e7a electr\u00f2nica<\/strong><\/td>\n<td>e3010189@xtec.cat<\/td>\n<\/tr>\n<\/tbody>\n<\/table>\n<table style=\"height: 200px;\" width=\"320\">\n<tbody>\n<tr>\n<td style=\"width: 90px; background-color: #55cd00; color: white;\"><strong>Centre<\/strong><\/td>\n<td><a href=\"https:\/\/agora.xtec.cat\/ieangeldetobies\/\"><strong>Institut &#8211; Escola \u00c0ngel de Tobies<\/strong><\/a><\/td>\n<\/tr>\n<tr>\n<td style=\"width: 90px; background-color: #55cd00; color: white;\"><strong>Tel\u00e8fon<\/strong><\/td>\n<td>977 66 68 65<\/td>\n<\/tr>\n<tr>\n<td style=\"width: 90px; background-color: #55cd00; color: white;\"><strong>Fax<\/strong><\/td>\n<td>977 66 48 29<\/td>\n<\/tr>\n<tr>\n<td style=\"width: 90px; background-color: #55cd00; color: white;\"><strong>Adre\u00e7a<\/strong><\/td>\n<td>Av. de la Riera de La Bisbal, 79 (Partida Botafoc)<\/td>\n<\/tr>\n<tr>\n<td style=\"width: 90px; background-color: #55cd00; color: white;\"><strong>Codi<\/strong><\/td>\n<td>43700<\/td>\n<\/tr>\n<tr>\n<td style=\"width: 90px; background-color: #55cd00; color: white;\"><strong>Adre\u00e7a electr\u00f2nica<\/strong><\/td>\n<td>e3013075@xtec.cat<\/td>\n<\/tr>\n<\/tbody>\n<\/table>\n<h5><a href=\"http:\/\/agora.xtec.cat\/escolateresinamartorell\/\" target=\"_blank\" rel=\"noopener noreferrer\"><img loading=\"lazy\" decoding=\"async\" class=\"alignnone wp-image-2182\" src=\"http:\/\/serveiseducatius.xtec.cat\/se-baixpenedes\/wp-content\/uploads\/usu764\/2016\/01\/teresinaMartorell.jpg\" alt=\"teresinaMartorell\" width=\"314\" height=\"209\" srcset=\"https:\/\/serveiseducatius.xtec.cat\/baixpenedes\/wp-content\/uploads\/usu764\/2016\/01\/teresinaMartorell.jpg 600w, https:\/\/serveiseducatius.xtec.cat\/baixpenedes\/wp-content\/uploads\/usu764\/2016\/01\/teresinaMartorell-300x200.jpg 300w\" sizes=\"auto, (max-width: 314px) 100vw, 314px\" \/><\/a><\/h5>\n<h5><strong><br \/>\nL&#8217;Arbo\u00e7<\/strong><\/h5>\n<table style=\"height: 200px;\" width=\"320\">\n<tbody>\n<tr>\n<td style=\"width: 90px; background-color: #55cd00; color: white;\"><strong>Centre<\/strong><\/td>\n<td><a href=\"http:\/\/agora.xtec.cat\/inslarboc\" target=\"_blank\" rel=\"noopener noreferrer\"><strong>Institut de l&#8217;Arbo\u00e7<\/strong><\/a><\/td>\n<\/tr>\n<tr>\n<td style=\"width: 90px; background-color: #55cd00; color: white;\"><strong>Tel\u00e8fon<\/strong><\/td>\n<td>977 67 10 65<\/td>\n<\/tr>\n<tr>\n<td style=\"width: 90px; background-color: #55cd00; color: white;\"><strong>Fax<\/strong><\/td>\n<td>977 18 63 68<\/td>\n<\/tr>\n<tr>\n<td style=\"width: 90px; background-color: #55cd00; color: white;\"><strong>Adre\u00e7a<\/strong><\/td>\n<td>Pompeu Fabra, s\/n<\/td>\n<\/tr>\n<tr>\n<td style=\"width: 90px; background-color: #55cd00; color: white;\"><strong>Codi<\/strong><\/td>\n<td>43720<\/td>\n<\/tr>\n<tr>\n<td style=\"width: 90px; background-color: #55cd00; color: white;\"><strong>Adre\u00e7a electr\u00f2nica<\/strong><\/td>\n<td>e3007580@xtec.cat<\/td>\n<\/tr>\n<\/tbody>\n<\/table>\n<h5><a href=\"http:\/\/serveiseducatius.xtec.cat\/baixpenedes\/wp-content\/uploads\/usu764\/2017\/01\/Institut-de-l\u2019Arbo\u00e7.jpg\"><img loading=\"lazy\" decoding=\"async\" class=\"size-medium wp-image-6940 alignnone\" src=\"http:\/\/serveiseducatius.xtec.cat\/baixpenedes\/wp-content\/uploads\/usu764\/2017\/01\/Institut-de-l\u2019Arbo\u00e7-300x224.jpg\" alt=\"institut-de-larboc\" width=\"300\" height=\"224\" srcset=\"https:\/\/serveiseducatius.xtec.cat\/baixpenedes\/wp-content\/uploads\/usu764\/2017\/01\/Institut-de-l\u2019Arbo\u00e7-300x224.jpg 300w, https:\/\/serveiseducatius.xtec.cat\/baixpenedes\/wp-content\/uploads\/usu764\/2017\/01\/Institut-de-l\u2019Arbo\u00e7-200x150.jpg 200w, https:\/\/serveiseducatius.xtec.cat\/baixpenedes\/wp-content\/uploads\/usu764\/2017\/01\/Institut-de-l\u2019Arbo\u00e7.jpg 350w\" sizes=\"auto, (max-width: 300px) 100vw, 300px\" \/><\/a><\/h5>\n<h5><strong>La Bisbal<\/strong><\/h5>\n<table style=\"height: 200px;\" width=\"320\">\n<tbody>\n<tr>\n<td style=\"width: 90px; background-color: #55cd00; color: white;\"><strong>Centre<\/strong><\/td>\n<td><a href=\"https:\/\/sites.google.com\/costerdelatorre.com\/institut\"><strong>Institut Coster de la Torre<\/strong><\/a><\/td>\n<\/tr>\n<tr>\n<td style=\"width: 90px; background-color: #55cd00; color: white;\"><strong>Tel\u00e8fon<\/strong><\/td>\n<td>977 16 91 83<\/td>\n<\/tr>\n<tr>\n<td style=\"width: 90px; background-color: #55cd00; color: white;\"><strong>Fax<\/strong><\/td>\n<td>977 68 87 53<\/td>\n<\/tr>\n<tr>\n<td style=\"width: 90px; background-color: #55cd00; color: white;\"><strong>Adre\u00e7a<\/strong><\/td>\n<td>Av. Diputaci\u00f3, s\/n<\/td>\n<\/tr>\n<tr>\n<td style=\"width: 90px; background-color: #55cd00; color: white;\"><strong>Codi<\/strong><\/td>\n<td>43717<\/td>\n<\/tr>\n<tr>\n<td style=\"width: 90px; background-color: #55cd00; color: white;\"><strong>Adre\u00e7a electr\u00f2nica<\/strong><\/td>\n<td>e3010414@xtec.cat<\/td>\n<\/tr>\n<\/tbody>\n<\/table>\n<h5><a href=\"http:\/\/serveiseducatius.xtec.cat\/baixpenedes\/wp-content\/uploads\/usu764\/2017\/01\/Institut-Coster-de-la-Torre.jpg\"><img loading=\"lazy\" decoding=\"async\" class=\"size-medium wp-image-6939 alignnone\" src=\"http:\/\/serveiseducatius.xtec.cat\/baixpenedes\/wp-content\/uploads\/usu764\/2017\/01\/Institut-Coster-de-la-Torre-300x225.jpg\" alt=\"institut-coster-de-la-torre\" width=\"300\" height=\"225\" srcset=\"https:\/\/serveiseducatius.xtec.cat\/baixpenedes\/wp-content\/uploads\/usu764\/2017\/01\/Institut-Coster-de-la-Torre-300x225.jpg 300w, https:\/\/serveiseducatius.xtec.cat\/baixpenedes\/wp-content\/uploads\/usu764\/2017\/01\/Institut-Coster-de-la-Torre-200x150.jpg 200w, https:\/\/serveiseducatius.xtec.cat\/baixpenedes\/wp-content\/uploads\/usu764\/2017\/01\/Institut-Coster-de-la-Torre.jpg 320w\" sizes=\"auto, (max-width: 300px) 100vw, 300px\" \/><\/a><\/h5>\n<h5><strong>Segur de Calafell<\/strong><\/h5>\n<table style=\"height: 200px;\" width=\"320\">\n<tbody>\n<tr>\n<td style=\"width: 90px; background-color: #55cd00; color: white;\"><strong>Centre<\/strong><\/td>\n<td><a href=\"https:\/\/www.institutlatalaia.cat\"><strong>Institut La Talaia<\/strong><\/a><\/td>\n<\/tr>\n<tr>\n<td style=\"width: 90px; background-color: #55cd00; color: white;\"><strong>Tel\u00e8fon<\/strong><\/td>\n<td>977 15 92 33<\/td>\n<\/tr>\n<tr>\n<td style=\"width: 90px; background-color: #55cd00; color: white;\"><strong>Fax<\/strong><\/td>\n<td>977 67 20 29<\/td>\n<\/tr>\n<tr>\n<td style=\"width: 90px; background-color: #55cd00; color: white;\"><strong>Adre\u00e7a<\/strong><\/td>\n<td>Rep\u00f2s, s\/n<\/td>\n<\/tr>\n<tr>\n<td style=\"width: 90px; background-color: #55cd00; color: white;\"><strong>Codi<\/strong><\/td>\n<td>43882<\/td>\n<\/tr>\n<tr>\n<td style=\"width: 90px; background-color: #55cd00; color: white;\"><strong>Adre\u00e7a electr\u00f2nica<\/strong><\/td>\n<td>e3010372@xtec.cat<\/td>\n<\/tr>\n<\/tbody>\n<\/table>\n<p><a href=\"http:\/\/serveiseducatius.xtec.cat\/baixpenedes\/wp-content\/uploads\/usu764\/2017\/01\/Institut-La-Talaia.jpg\"><img loading=\"lazy\" decoding=\"async\" class=\" wp-image-6942 alignnone\" src=\"http:\/\/serveiseducatius.xtec.cat\/baixpenedes\/wp-content\/uploads\/usu764\/2017\/01\/Institut-La-Talaia-300x184.jpg\" alt=\"institut-la-talaia\" width=\"320\" height=\"196\" srcset=\"https:\/\/serveiseducatius.xtec.cat\/baixpenedes\/wp-content\/uploads\/usu764\/2017\/01\/Institut-La-Talaia-300x184.jpg 300w, https:\/\/serveiseducatius.xtec.cat\/baixpenedes\/wp-content\/uploads\/usu764\/2017\/01\/Institut-La-Talaia-768x471.jpg 768w, https:\/\/serveiseducatius.xtec.cat\/baixpenedes\/wp-content\/uploads\/usu764\/2017\/01\/Institut-La-Talaia-1024x628.jpg 1024w, https:\/\/serveiseducatius.xtec.cat\/baixpenedes\/wp-content\/uploads\/usu764\/2017\/01\/Institut-La-Talaia.jpg 1600w\" sizes=\"auto, (max-width: 320px) 100vw, 320px\" \/><\/a><\/p>\n","protected":false},"excerpt":{"rendered":"<p>Calafell entre Institut Cam\u00ed de Mar Tel\u00e8fon 977 69 57 11 \/ 977 69 56 12 Fax 977 69 38 97 Adre\u00e7a Jaume Pallar\u00e8s, s\/n Codi 43820 Adre\u00e7a electr\u00f2nica e3007257@xtec.cat Cunit entre Institut Ernest Lluch i Marti Tel\u00e8fon 977 67 34 40 Fax 977 67 41 16 Adre\u00e7a Av. del Castell, s\/n Codi 43881 Adre\u00e7a [&hellip;]<\/p>\n","protected":false},"author":7,"featured_media":0,"parent":312,"menu_order":3,"comment_status":"closed","ping_status":"closed","template":"page-templates\/side-menu.php","meta":{"_bbp_topic_count":0,"_bbp_reply_count":0,"_bbp_total_topic_count":0,"_bbp_total_reply_count":0,"_bbp_voice_count":0,"_bbp_anonymous_reply_count":0,"_bbp_topic_count_hidden":0,"_bbp_reply_count_hidden":0,"_bbp_forum_subforum_count":0,"site-sidebar-layout":"default","site-content-layout":"","ast-site-content-layout":"","site-content-style":"default","site-sidebar-style":"default","ast-global-header-display":"","ast-banner-title-visibility":"","ast-main-header-display":"","ast-hfb-above-header-display":"","ast-hfb-below-header-display":"","ast-hfb-mobile-header-display":"","site-post-title":"","ast-breadcrumbs-content":"","ast-featured-img":"","footer-sml-layout":"","theme-transparent-header-meta":"","adv-header-id-meta":"","stick-header-meta":"","header-above-stick-meta":"","header-main-stick-meta":"","header-below-stick-meta":"","astra-migrate-meta-layouts":"default","ast-page-background-enabled":"default","ast-page-background-meta":{"desktop":{"background-color":"var(--ast-global-color-4)","background-image":"","background-repeat":"repeat","background-position":"center center","background-size":"auto","background-attachment":"scroll","background-type":"","background-media":"","overlay-type":"","overlay-color":"","overlay-opacity":"","overlay-gradient":""},"tablet":{"background-color":"","background-image":"","background-repeat":"repeat","background-position":"center center","background-size":"auto","background-attachment":"scroll","background-type":"","background-media":"","overlay-type":"","overlay-color":"","overlay-opacity":"","overlay-gradient":""},"mobile":{"background-color":"","background-image":"","background-repeat":"repeat","background-position":"center center","background-size":"auto","background-attachment":"scroll","background-type":"","background-media":"","overlay-type":"","overlay-color":"","overlay-opacity":"","overlay-gradient":""}},"ast-content-background-meta":{"desktop":{"background-color":"var(--ast-global-color-5)","background-image":"","background-repeat":"repeat","background-position":"center center","background-size":"auto","background-attachment":"scroll","background-type":"","background-media":"","overlay-type":"","overlay-color":"","overlay-opacity":"","overlay-gradient":""},"tablet":{"background-color":"var(--ast-global-color-5)","background-image":"","background-repeat":"repeat","background-position":"center center","background-size":"auto","background-attachment":"scroll","background-type":"","background-media":"","overlay-type":"","overlay-color":"","overlay-opacity":"","overlay-gradient":""},"mobile":{"background-color":"var(--ast-global-color-5)","background-image":"","background-repeat":"repeat","background-position":"center center","background-size":"auto","background-attachment":"scroll","background-type":"","background-media":"","overlay-type":"","overlay-color":"","overlay-opacity":"","overlay-gradient":""}},"footnotes":""},"class_list":["post-1839","page","type-page","status-publish","hentry"],"post_mailing_queue_ids":[],"_links":{"self":[{"href":"https:\/\/serveiseducatius.xtec.cat\/baixpenedes\/wp-json\/wp\/v2\/pages\/1839","targetHints":{"allow":["GET"]}}],"collection":[{"href":"https:\/\/serveiseducatius.xtec.cat\/baixpenedes\/wp-json\/wp\/v2\/pages"}],"about":[{"href":"https:\/\/serveiseducatius.xtec.cat\/baixpenedes\/wp-json\/wp\/v2\/types\/page"}],"author":[{"embeddable":true,"href":"https:\/\/serveiseducatius.xtec.cat\/baixpenedes\/wp-json\/wp\/v2\/users\/7"}],"replies":[{"embeddable":true,"href":"https:\/\/serveiseducatius.xtec.cat\/baixpenedes\/wp-json\/wp\/v2\/comments?post=1839"}],"version-history":[{"count":5,"href":"https:\/\/serveiseducatius.xtec.cat\/baixpenedes\/wp-json\/wp\/v2\/pages\/1839\/revisions"}],"predecessor-version":[{"id":12747,"href":"https:\/\/serveiseducatius.xtec.cat\/baixpenedes\/wp-json\/wp\/v2\/pages\/1839\/revisions\/12747"}],"up":[{"embeddable":true,"href":"https:\/\/serveiseducatius.xtec.cat\/baixpenedes\/wp-json\/wp\/v2\/pages\/312"}],"wp:attachment":[{"href":"https:\/\/serveiseducatius.xtec.cat\/baixpenedes\/wp-json\/wp\/v2\/media?parent=1839"}],"curies":[{"name":"wp","href":"https:\/\/api.w.org\/{rel}","templated":true}]}}