{"id":1707,"date":"2016-01-14T10:18:57","date_gmt":"2016-01-14T09:18:57","guid":{"rendered":"http:\/\/serveiseducatius.xtec.cat\/se-baixpenedes\/?page_id=1707"},"modified":"2021-09-13T12:41:14","modified_gmt":"2021-09-13T10:41:14","slug":"escoles-bressol","status":"publish","type":"page","link":"https:\/\/serveiseducatius.xtec.cat\/baixpenedes\/serveieducatiu\/centres-educatius\/escoles-bressol\/","title":{"rendered":"Escoles Bressol"},"content":{"rendered":"<h5><strong>Albinyana<\/strong><\/h5>\n<table style=\"height: 198px;\" width=\"320\">\n<tbody>\n<tr>\n<td style=\"width: 90px; background-color: #55cd00; color: white;\"><strong>Centre<\/strong><\/td>\n<td><strong>EEI La Baldufa<\/strong><\/td>\n<\/tr>\n<tr>\n<td style=\"width: 90px; background-color: #55cd00; color: white;\"><strong>Tel\u00e8fon<\/strong><\/td>\n<td>977 68 75 61<\/td>\n<\/tr>\n<tr>\n<td style=\"width: 90px; background-color: #55cd00; color: white;\"><strong>Adre\u00e7a<\/strong><\/td>\n<td>De Barcelona, 11<\/td>\n<\/tr>\n<tr>\n<td style=\"width: 90px; background-color: #55cd00; color: white;\"><strong>Codi<\/strong><\/td>\n<td>43716<\/td>\n<\/tr>\n<tr>\n<td style=\"width: 90px; background-color: #55cd00; color: white;\"><strong>Adre\u00e7a electr\u00f2nica<\/strong><\/td>\n<td>e3010633@xtec.cat<\/td>\n<\/tr>\n<\/tbody>\n<\/table>\n<h5><strong>Banyeres<\/strong><\/h5>\n<table style=\"height: 200px;\" width=\"320\">\n<tbody>\n<tr>\n<td style=\"width: 90px; background-color: #55cd00; color: white;\"><strong>Centre<\/strong><\/td>\n<td><strong>EEI Marta Mata<\/strong><\/td>\n<\/tr>\n<tr>\n<td style=\"width: 90px; background-color: #55cd00; color: white;\"><strong>Tel\u00e8fon<\/strong><\/td>\n<td>977 67 09 95<\/td>\n<\/tr>\n<tr>\n<td style=\"width: 90px; background-color: #55cd00; color: white;\"><strong>Adre\u00e7a<\/strong><\/td>\n<td>Pened\u00e8s, s\/n<\/td>\n<\/tr>\n<tr>\n<td style=\"width: 90px; background-color: #55cd00; color: white;\"><strong>Codi<\/strong><\/td>\n<td>43711<\/td>\n<\/tr>\n<tr>\n<td style=\"width: 90px; background-color: #55cd00; color: white;\"><strong>Adre\u00e7a electr\u00f2nica<\/strong><\/td>\n<td style=\"font-size: 12px;\">escolabressol@banyeres.altanet.org<\/td>\n<\/tr>\n<\/tbody>\n<\/table>\n<h5><strong>Bellvei<\/strong><\/h5>\n<table style=\"height: 198px;\" width=\"320\">\n<tbody>\n<tr>\n<td style=\"width: 90px; background-color: #55cd00; color: white;\"><strong>Centre<\/strong><\/td>\n<td><strong>EEI Municipal Els Cargolins<\/strong><\/td>\n<\/tr>\n<tr>\n<td style=\"width: 90px; background-color: #55cd00; color: white;\"><strong>Tel\u00e8fon<\/strong><\/td>\n<td>977 16 80 81<\/td>\n<\/tr>\n<tr>\n<td style=\"width: 90px; background-color: #55cd00; color: white;\"><strong>Adre\u00e7a<\/strong><\/td>\n<td>La Rutlla, s\/n<\/td>\n<\/tr>\n<tr>\n<td style=\"width: 90px; background-color: #55cd00; color: white;\"><strong>Codi<\/strong><\/td>\n<td>43719<\/td>\n<\/tr>\n<tr>\n<td style=\"width: 90px; background-color: #55cd00; color: white;\"><strong>Adre\u00e7a electr\u00f2nica<\/strong><\/td>\n<td>e3007506@xtec.cat<br \/>\ncargolins@tinet.org<\/td>\n<\/tr>\n<\/tbody>\n<\/table>\n<h5><strong>Bonastre<\/strong><\/h5>\n<table style=\"height: 198px;\" width=\"320\">\n<tbody>\n<tr>\n<td style=\"width: 90px; background-color: #55cd00; color: white;\"><strong>Centre<\/strong><\/td>\n<td><strong>Llar d&#8217;Infants Els Patufets<\/strong><\/td>\n<\/tr>\n<tr>\n<td style=\"width: 90px; background-color: #55cd00; color: white;\"><strong>Tel\u00e8fon<\/strong><\/td>\n<td>639 62 42 33<\/td>\n<\/tr>\n<tr>\n<td style=\"width: 90px; background-color: #55cd00; color: white;\"><strong>Adre\u00e7a<\/strong><\/td>\n<td>d&#8217;Albinyana, 2<\/td>\n<\/tr>\n<tr>\n<td style=\"width: 90px; background-color: #55cd00; color: white;\"><strong>Codi<\/strong><\/td>\n<td>43884<\/td>\n<\/tr>\n<tr>\n<td style=\"width: 90px; background-color: #55cd00; color: white;\"><strong>Adre\u00e7a electr\u00f2nica<\/strong><\/td>\n<td>e3007683@xtec.cat<\/td>\n<\/tr>\n<\/tbody>\n<\/table>\n<h5><strong>Calafell<\/strong><\/h5>\n<table style=\"height: 198px;\" width=\"320\">\n<tbody>\n<tr>\n<td style=\"width: 90px; background-color: #55cd00; color: white;\"><strong>Centre<\/strong><\/td>\n<td><strong>EEI El Barrufet<\/strong><\/td>\n<\/tr>\n<tr>\n<td style=\"width: 90px; background-color: #55cd00; color: white;\"><strong>Tel\u00e8fon<\/strong><\/td>\n<td>977 69 30 20<\/td>\n<\/tr>\n<tr>\n<td style=\"width: 90px; background-color: #55cd00; color: white;\"><strong>Adre\u00e7a<\/strong><\/td>\n<td>Ribera d&#8217;Ebre, 3<\/td>\n<\/tr>\n<tr>\n<td style=\"width: 90px; background-color: #55cd00; color: white;\"><strong>Codi<\/strong><\/td>\n<td>43820<\/td>\n<\/tr>\n<tr>\n<td style=\"width: 90px; background-color: #55cd00; color: white;\"><strong>Adre\u00e7a electr\u00f2nica<\/strong><\/td>\n<td>e3010803@xtec.cat<\/td>\n<\/tr>\n<\/tbody>\n<\/table>\n<table style=\"height: 198px;\" width=\"320\">\n<tbody>\n<tr>\n<td style=\"width: 90px; background-color: #55cd00; color: white;\"><strong>Centre<\/strong><\/td>\n<td><strong>EEI Els Terrossets<\/strong><\/td>\n<\/tr>\n<tr>\n<td style=\"width: 90px; background-color: #55cd00; color: white;\"><strong>Tel\u00e8fon<\/strong><\/td>\n<td>977 69 91 98<\/td>\n<\/tr>\n<tr>\n<td style=\"width: 90px; background-color: #55cd00; color: white;\"><strong>Adre\u00e7a<\/strong><\/td>\n<td>Alfons Ma\u00f1\u00e9, s\/n<\/td>\n<\/tr>\n<tr>\n<td style=\"width: 90px; background-color: #55cd00; color: white;\"><strong>Codi<\/strong><\/td>\n<td>43820<\/td>\n<\/tr>\n<tr>\n<td style=\"width: 90px; background-color: #55cd00; color: white;\"><strong>Adre\u00e7a electr\u00f2nica<\/strong><\/td>\n<td>calafell@cavallcartro.cat<\/td>\n<\/tr>\n<\/tbody>\n<\/table>\n<h5><strong>Coma-Ruga<\/strong><\/h5>\n<table style=\"height: 198px;\" width=\"320\">\n<tbody>\n<tr>\n<td style=\"width: 90px; background-color: #55cd00; color: white;\"><strong>Centre<\/strong><\/td>\n<td><strong>\u00a0EBM El\u00a0Riuet<\/strong><\/td>\n<\/tr>\n<tr>\n<td style=\"width: 90px; background-color: #55cd00; color: white;\"><strong>Tel\u00e8fon<\/strong><\/td>\n<td>\u00a0977 68 09 36<\/td>\n<\/tr>\n<tr>\n<td style=\"width: 90px; background-color: #55cd00; color: white;\"><strong>Adre\u00e7a<\/strong><\/td>\n<td>\u00a0dels Ocells, s\/n<\/td>\n<\/tr>\n<tr>\n<td style=\"width: 90px; background-color: #55cd00; color: white;\"><strong>Codi<\/strong><\/td>\n<td>\u00a043880<\/td>\n<\/tr>\n<tr>\n<td style=\"width: 90px; background-color: #55cd00; color: white;\"><strong>Adre\u00e7a electr\u00f2nica<\/strong><\/td>\n<td style=\"font-size: 12px;\">e3012277@xtec.cat<br \/>\nebmelriuet@gmail.com<\/td>\n<\/tr>\n<\/tbody>\n<\/table>\n<h5><strong>Cunit<\/strong><\/h5>\n<table style=\"height: 198px;\" width=\"320\">\n<tbody>\n<tr>\n<td style=\"width: 90px; background-color: #55cd00; color: white;\"><strong>Centre<\/strong><\/td>\n<td><strong>EEI El Trenet<\/strong><\/td>\n<\/tr>\n<tr>\n<td style=\"width: 90px; background-color: #55cd00; color: white;\"><strong>Tel\u00e8fon<\/strong><\/td>\n<td>977 15 91 15<\/td>\n<\/tr>\n<tr>\n<td style=\"width: 90px; background-color: #55cd00; color: white;\"><strong>Adre\u00e7a<\/strong><\/td>\n<td>Les Sorres, 34<\/td>\n<\/tr>\n<tr>\n<td style=\"width: 90px; background-color: #55cd00; color: white;\"><strong>Codi<\/strong><\/td>\n<td>43881<\/td>\n<\/tr>\n<tr>\n<td style=\"width: 90px; background-color: #55cd00; color: white;\"><strong>Adre\u00e7a electr\u00f2nica<\/strong><\/td>\n<td>eltrenet@cunit.cat<\/td>\n<\/tr>\n<\/tbody>\n<\/table>\n<h5><strong>El Montmell<\/strong><\/h5>\n<table style=\"height: 198px;\" width=\"320\">\n<tbody>\n<tr>\n<td style=\"width: 90px; background-color: #55cd00; color: white;\"><strong>Centre<\/strong><\/td>\n<td><strong>EEI El Cabirol<\/strong><\/td>\n<\/tr>\n<tr>\n<td style=\"width: 90px; background-color: #55cd00; color: white;\"><strong>Tel\u00e8fon<\/strong><\/td>\n<td>977 68 94 04<\/td>\n<\/tr>\n<tr>\n<td style=\"width: 90px; background-color: #55cd00; color: white;\"><strong>Adre\u00e7a<\/strong><\/td>\n<td>Esgl\u00e9sia, s\/n<\/td>\n<\/tr>\n<tr>\n<td style=\"width: 90px; background-color: #55cd00; color: white;\"><strong>Codi<\/strong><\/td>\n<td>43718<\/td>\n<\/tr>\n<tr>\n<td style=\"width: 90px; background-color: #55cd00; color: white;\"><strong>Adre\u00e7a electr\u00f2nica<\/strong><\/td>\n<td>e3011753@xtec.cat<\/td>\n<\/tr>\n<\/tbody>\n<\/table>\n<h5><strong>El Vendrell<\/strong><\/h5>\n<table style=\"height: 198px;\" width=\"320\">\n<tbody>\n<tr>\n<td style=\"width: 90px; background-color: #55cd00; color: white;\"><strong>Centre<\/strong><\/td>\n<td><strong>Escola Bressol Ralet Ralet<\/strong><\/td>\n<\/tr>\n<tr>\n<td style=\"width: 90px; background-color: #55cd00; color: white;\"><strong>Tel\u00e8fon<\/strong><\/td>\n<td>977 15 53 15<\/td>\n<\/tr>\n<tr>\n<td style=\"width: 90px; background-color: #55cd00; color: white;\"><strong>Adre\u00e7a<\/strong><\/td>\n<td>C. Ribera d\u2019Ebre, 13<\/td>\n<\/tr>\n<tr>\n<td style=\"width: 90px; background-color: #55cd00; color: white;\"><strong>Codi<\/strong><\/td>\n<td>43700<\/td>\n<\/tr>\n<tr>\n<td style=\"width: 90px; background-color: #55cd00; color: white;\"><strong>Adre\u00e7a electr\u00f2nica<\/strong><\/td>\n<td>e3010025@xtec.cat<\/td>\n<\/tr>\n<\/tbody>\n<\/table>\n<table style=\"height: 198px;\" width=\"320\">\n<tbody>\n<tr>\n<td style=\"width: 90px; background-color: #55cd00; color: white;\"><strong>Centre<\/strong><\/td>\n<td><strong>Escola Bressol El Botafoc<\/strong><\/td>\n<\/tr>\n<tr>\n<td style=\"width: 90px; background-color: #55cd00; color: white;\"><strong>Tel\u00e8fon<\/strong><\/td>\n<td>656 89 07 38<\/td>\n<\/tr>\n<tr>\n<td style=\"width: 90px; background-color: #55cd00; color: white;\"><strong>Adre\u00e7a<\/strong><\/td>\n<td>Av. Baix Pened\u00e8s, 90<\/td>\n<\/tr>\n<tr>\n<td style=\"width: 90px; background-color: #55cd00; color: white;\"><strong>Codi<\/strong><\/td>\n<td>43700<\/td>\n<\/tr>\n<tr>\n<td style=\"width: 90px; background-color: #55cd00; color: white;\"><strong>Adre\u00e7a electr\u00f2nica<\/strong><\/td>\n<td>e3011871@xtec.cat<\/td>\n<\/tr>\n<\/tbody>\n<\/table>\n<table style=\"height: 198px;\" width=\"320\">\n<tbody>\n<tr>\n<td style=\"width: 90px; background-color: #55cd00; color: white;\"><strong>Centre<\/strong><\/td>\n<td><strong>Escola Bressol El Puig<\/strong><\/td>\n<\/tr>\n<tr>\n<td style=\"width: 90px; background-color: #55cd00; color: white;\"><strong>Tel\u00e8fon<\/strong><\/td>\n<td>977 66 69 66<\/td>\n<\/tr>\n<tr>\n<td style=\"width: 90px; background-color: #55cd00; color: white;\"><strong>Adre\u00e7a<\/strong><\/td>\n<td>Ramon d&#8217;Abadal, 1<\/td>\n<\/tr>\n<tr>\n<td style=\"width: 90px; background-color: #55cd00; color: white;\"><strong>Codi<\/strong><\/td>\n<td>43700<\/td>\n<\/tr>\n<tr>\n<td style=\"width: 90px; background-color: #55cd00; color: white;\"><strong>Adre\u00e7a electr\u00f2nica<\/strong><\/td>\n<td>e3008602<span class=\"atwho-query\">@xtec.cat<\/span><\/td>\n<\/tr>\n<\/tbody>\n<\/table>\n<table style=\"height: 198px;\" width=\"320\">\n<tbody>\n<tr>\n<td style=\"width: 90px; background-color: #55cd00; color: white;\"><strong>Centre<\/strong><\/td>\n<td><strong>Escola Bressol Mestral<\/strong><\/td>\n<\/tr>\n<tr>\n<td style=\"width: 90px; background-color: #55cd00; color: white;\"><strong>Tel\u00e8fon<\/strong><\/td>\n<td>977 15 42 90<\/td>\n<\/tr>\n<tr>\n<td style=\"width: 90px; background-color: #55cd00; color: white;\"><strong>Adre\u00e7a<\/strong><\/td>\n<td>Conflent, 111<\/td>\n<\/tr>\n<tr>\n<td style=\"width: 90px; background-color: #55cd00; color: white;\"><strong>Codi<\/strong><\/td>\n<td>43700<\/td>\n<\/tr>\n<tr>\n<td style=\"width: 90px; background-color: #55cd00; color: white;\"><strong>Adre\u00e7a electr\u00f2nica<\/strong><\/td>\n<td>e3010906@xtec.cat<\/td>\n<\/tr>\n<\/tbody>\n<\/table>\n<h5><strong>L&#8217;Arbo\u00e7<\/strong><\/h5>\n<table style=\"height: 198px;\" width=\"320\">\n<tbody>\n<tr>\n<td style=\"width: 90px; background-color: #55cd00; color: white;\"><strong>Centre<\/strong><\/td>\n<td><strong>Escola Bressol Minyons<\/strong><\/td>\n<\/tr>\n<tr>\n<td style=\"width: 90px; background-color: #55cd00; color: white;\"><strong>Tel\u00e8fon<\/strong><\/td>\n<td>977 67 17 55<\/td>\n<\/tr>\n<tr>\n<td style=\"width: 90px; background-color: #55cd00; color: white;\"><strong>Adre\u00e7a<\/strong><\/td>\n<td>Verge de Montserrat, 1<\/td>\n<\/tr>\n<tr>\n<td style=\"width: 90px; background-color: #55cd00; color: white;\"><strong>Codi<\/strong><\/td>\n<td>43720<\/td>\n<\/tr>\n<tr>\n<td style=\"width: 90px; background-color: #55cd00; color: white;\"><strong>Adre\u00e7a electr\u00f2nica<\/strong><\/td>\n<td>e3010761@xtec.cat<\/td>\n<\/tr>\n<\/tbody>\n<\/table>\n<h5><strong>La Bisbal<\/strong><\/h5>\n<table style=\"height: 198px;\" width=\"320\">\n<tbody>\n<tr>\n<td style=\"width: 90px; background-color: #55cd00; color: white;\"><strong>Centre<\/strong><\/td>\n<td><strong>EEI Municipal L&#8217;Oreneta<\/strong><\/td>\n<\/tr>\n<tr>\n<td style=\"width: 90px; background-color: #55cd00; color: white;\"><strong>Tel\u00e8fon<\/strong><\/td>\n<td>977 67 84 67<\/td>\n<\/tr>\n<tr>\n<td style=\"width: 90px; background-color: #55cd00; color: white;\"><strong>Adre\u00e7a<\/strong><\/td>\n<td>Av. Baix Pened\u00e8s, s\/n<\/td>\n<\/tr>\n<tr>\n<td style=\"width: 90px; background-color: #55cd00; color: white;\"><strong>Codi<\/strong><\/td>\n<td>43717<\/td>\n<\/tr>\n<tr>\n<td style=\"width: 90px; background-color: #55cd00; color: white;\"><strong>Adre\u00e7a electr\u00f2nica<\/strong><\/td>\n<td>e3009680@xtec.cat<br \/>\nllar@bisbalpenedes.com<\/td>\n<\/tr>\n<\/tbody>\n<\/table>\n<h5><strong>Lloren\u00e7<\/strong><\/h5>\n<table style=\"height: 212px;\" width=\"320\">\n<tbody>\n<tr>\n<td style=\"width: 90px; background-color: #55cd00; color: white;\"><strong>Centre<\/strong><\/td>\n<td><a href=\"https:\/\/agora.xtec.cat\/llarelniero\/\"><strong>Llar d&#8217;Infants Municipal El Nier\u00f3<\/strong><\/a><\/td>\n<\/tr>\n<tr>\n<td style=\"width: 90px; background-color: #55cd00; color: white;\"><strong>Tel\u00e8fon<\/strong><\/td>\n<td>977 67 84 67<\/td>\n<\/tr>\n<tr>\n<td style=\"width: 90px; background-color: #55cd00; color: white;\"><strong>Adre\u00e7a<\/strong><\/td>\n<td>Antoni Gaud\u00ed, s\/n<\/td>\n<\/tr>\n<tr>\n<td style=\"width: 90px; background-color: #55cd00; color: white;\"><strong>Codi<\/strong><\/td>\n<td>43712<\/td>\n<\/tr>\n<tr>\n<td style=\"width: 90px; background-color: #55cd00; color: white;\"><strong>Adre\u00e7a electr\u00f2nica<\/strong><\/td>\n<td>e3012654@xtec.cat<br \/>\nelniero@elniero.cat<\/td>\n<\/tr>\n<\/tbody>\n<\/table>\n<h5><strong>Sant Jaume<\/strong><\/h5>\n<table style=\"height: 198px;\" width=\"320\">\n<tbody>\n<tr>\n<td style=\"width: 90px; background-color: #55cd00; color: white;\"><strong>Centre<\/strong><\/td>\n<td><strong>EEI Municipal Els Petits Arcs<\/strong><\/td>\n<\/tr>\n<tr>\n<td style=\"width: 90px; background-color: #55cd00; color: white;\"><strong>Tel\u00e8fon<\/strong><\/td>\n<td>977 69 80 95<\/td>\n<\/tr>\n<tr>\n<td style=\"width: 90px; background-color: #55cd00; color: white;\"><strong>Adre\u00e7a<\/strong><\/td>\n<td>Mar, 28<\/td>\n<\/tr>\n<tr>\n<td style=\"width: 90px; background-color: #55cd00; color: white;\"><strong>Codi<\/strong><\/td>\n<td>43713<\/td>\n<\/tr>\n<tr>\n<td style=\"width: 90px; background-color: #55cd00; color: white;\"><strong>Adre\u00e7a electr\u00f2nica<\/strong><\/td>\n<td>santjaume@cavallcartro.cat<\/td>\n<\/tr>\n<\/tbody>\n<\/table>\n<h5><strong>Santa Oliva<\/strong><\/h5>\n<table style=\"height: 198px;\" width=\"320\">\n<tbody>\n<tr>\n<td style=\"width: 90px; background-color: #55cd00; color: white;\"><strong>Centre<\/strong><\/td>\n<td><strong>EEI Les Orenetes<\/strong><\/td>\n<\/tr>\n<tr>\n<td style=\"width: 90px; background-color: #55cd00; color: white;\"><strong>Tel\u00e8fon<\/strong><\/td>\n<td>977 67 98 33<\/td>\n<\/tr>\n<tr>\n<td style=\"width: 90px; background-color: #55cd00; color: white;\"><strong>Adre\u00e7a<\/strong><\/td>\n<td>Josep M. Mas, s\/n<\/td>\n<\/tr>\n<tr>\n<td style=\"width: 90px; background-color: #55cd00; color: white;\"><strong>Codi<\/strong><\/td>\n<td>43710<\/td>\n<\/tr>\n<tr>\n<td style=\"width: 90px; background-color: #55cd00; color: white;\"><strong>Adre\u00e7a electr\u00f2nica<\/strong><\/td>\n<td>e3011251@xtec.cat<br \/>\nllarinfantsorenetes@gmail.com<\/td>\n<\/tr>\n<\/tbody>\n<\/table>\n<h5><strong>Segur Calafell<\/strong><\/h5>\n<table style=\"height: 198px;\" width=\"320\">\n<tbody>\n<tr>\n<td style=\"width: 90px; background-color: #55cd00; color: white;\"><strong>Centre<\/strong><\/td>\n<td><strong>Escola Bressol El Petit Trenet<\/strong><\/td>\n<\/tr>\n<tr>\n<td style=\"width: 90px; background-color: #55cd00; color: white;\"><strong>Tel\u00e8fon<\/strong><\/td>\n<td>977 69 91 95<\/td>\n<\/tr>\n<tr>\n<td style=\"width: 90px; background-color: #55cd00; color: white;\"><strong>Adre\u00e7a<\/strong><\/td>\n<td>Terral de Dalt, s\/n<\/td>\n<\/tr>\n<tr>\n<td style=\"width: 90px; background-color: #55cd00; color: white;\"><strong>Codi<\/strong><\/td>\n<td>43882<\/td>\n<\/tr>\n<tr>\n<td style=\"width: 90px; background-color: #55cd00; color: white;\"><strong>Adre\u00e7a electr\u00f2nica<\/strong><\/td>\n<td>ebm.petittrenet@peretarres.org<\/td>\n<\/tr>\n<\/tbody>\n<\/table>\n<table style=\"height: 198px;\" width=\"320\">\n<tbody>\n<tr>\n<td style=\"width: 90px; background-color: #55cd00; color: white;\"><strong>Centre<\/strong><\/td>\n<td><strong>Escola Bressol El Rasclet<\/strong><\/td>\n<\/tr>\n<tr>\n<td style=\"width: 90px; background-color: #55cd00; color: white;\"><strong>Tel\u00e8fon<\/strong><\/td>\n<td>977 16 36 19<\/td>\n<\/tr>\n<tr>\n<td style=\"width: 90px; background-color: #55cd00; color: white;\"><strong>Adre\u00e7a<\/strong><\/td>\n<td>Rep\u00f2s, 44-46<\/td>\n<\/tr>\n<tr>\n<td style=\"width: 90px; background-color: #55cd00; color: white;\"><strong>Codi<\/strong><\/td>\n<td>43882<\/td>\n<\/tr>\n<tr>\n<td style=\"width: 90px; background-color: #55cd00; color: white;\"><strong>Adre\u00e7a electr\u00f2nica<\/strong><\/td>\n<td>e301222@xtec.cat<\/td>\n<\/tr>\n<\/tbody>\n<\/table>\n<p>&nbsp;<\/p>\n","protected":false},"excerpt":{"rendered":"<p>Albinyana Centre EEI La Baldufa Tel\u00e8fon 977 68 75 61 Adre\u00e7a De Barcelona, 11 Codi 43716 Adre\u00e7a electr\u00f2nica e3010633@xtec.cat Banyeres Centre EEI Marta Mata Tel\u00e8fon 977 67 09 95 Adre\u00e7a Pened\u00e8s, s\/n Codi 43711 Adre\u00e7a electr\u00f2nica escolabressol@banyeres.altanet.org Bellvei Centre EEI Municipal Els Cargolins Tel\u00e8fon 977 16 80 81 Adre\u00e7a La Rutlla, s\/n Codi 43719 Adre\u00e7a [&hellip;]<\/p>\n","protected":false},"author":7,"featured_media":0,"parent":312,"menu_order":0,"comment_status":"closed","ping_status":"closed","template":"page-templates\/side-menu.php","meta":{"_bbp_topic_count":0,"_bbp_reply_count":0,"_bbp_total_topic_count":0,"_bbp_total_reply_count":0,"_bbp_voice_count":0,"_bbp_anonymous_reply_count":0,"_bbp_topic_count_hidden":0,"_bbp_reply_count_hidden":0,"_bbp_forum_subforum_count":0,"site-sidebar-layout":"default","site-content-layout":"","ast-site-content-layout":"","site-content-style":"default","site-sidebar-style":"default","ast-global-header-display":"","ast-banner-title-visibility":"","ast-main-header-display":"","ast-hfb-above-header-display":"","ast-hfb-below-header-display":"","ast-hfb-mobile-header-display":"","site-post-title":"","ast-breadcrumbs-content":"","ast-featured-img":"","footer-sml-layout":"","theme-transparent-header-meta":"","adv-header-id-meta":"","stick-header-meta":"","header-above-stick-meta":"","header-main-stick-meta":"","header-below-stick-meta":"","astra-migrate-meta-layouts":"default","ast-page-background-enabled":"default","ast-page-background-meta":{"desktop":{"background-color":"var(--ast-global-color-4)","background-image":"","background-repeat":"repeat","background-position":"center center","background-size":"auto","background-attachment":"scroll","background-type":"","background-media":"","overlay-type":"","overlay-color":"","overlay-opacity":"","overlay-gradient":""},"tablet":{"background-color":"","background-image":"","background-repeat":"repeat","background-position":"center center","background-size":"auto","background-attachment":"scroll","background-type":"","background-media":"","overlay-type":"","overlay-color":"","overlay-opacity":"","overlay-gradient":""},"mobile":{"background-color":"","background-image":"","background-repeat":"repeat","background-position":"center center","background-size":"auto","background-attachment":"scroll","background-type":"","background-media":"","overlay-type":"","overlay-color":"","overlay-opacity":"","overlay-gradient":""}},"ast-content-background-meta":{"desktop":{"background-color":"var(--ast-global-color-5)","background-image":"","background-repeat":"repeat","background-position":"center center","background-size":"auto","background-attachment":"scroll","background-type":"","background-media":"","overlay-type":"","overlay-color":"","overlay-opacity":"","overlay-gradient":""},"tablet":{"background-color":"var(--ast-global-color-5)","background-image":"","background-repeat":"repeat","background-position":"center center","background-size":"auto","background-attachment":"scroll","background-type":"","background-media":"","overlay-type":"","overlay-color":"","overlay-opacity":"","overlay-gradient":""},"mobile":{"background-color":"var(--ast-global-color-5)","background-image":"","background-repeat":"repeat","background-position":"center center","background-size":"auto","background-attachment":"scroll","background-type":"","background-media":"","overlay-type":"","overlay-color":"","overlay-opacity":"","overlay-gradient":""}},"footnotes":""},"class_list":["post-1707","page","type-page","status-publish","hentry"],"post_mailing_queue_ids":[],"_links":{"self":[{"href":"https:\/\/serveiseducatius.xtec.cat\/baixpenedes\/wp-json\/wp\/v2\/pages\/1707","targetHints":{"allow":["GET"]}}],"collection":[{"href":"https:\/\/serveiseducatius.xtec.cat\/baixpenedes\/wp-json\/wp\/v2\/pages"}],"about":[{"href":"https:\/\/serveiseducatius.xtec.cat\/baixpenedes\/wp-json\/wp\/v2\/types\/page"}],"author":[{"embeddable":true,"href":"https:\/\/serveiseducatius.xtec.cat\/baixpenedes\/wp-json\/wp\/v2\/users\/7"}],"replies":[{"embeddable":true,"href":"https:\/\/serveiseducatius.xtec.cat\/baixpenedes\/wp-json\/wp\/v2\/comments?post=1707"}],"version-history":[{"count":5,"href":"https:\/\/serveiseducatius.xtec.cat\/baixpenedes\/wp-json\/wp\/v2\/pages\/1707\/revisions"}],"predecessor-version":[{"id":14592,"href":"https:\/\/serveiseducatius.xtec.cat\/baixpenedes\/wp-json\/wp\/v2\/pages\/1707\/revisions\/14592"}],"up":[{"embeddable":true,"href":"https:\/\/serveiseducatius.xtec.cat\/baixpenedes\/wp-json\/wp\/v2\/pages\/312"}],"wp:attachment":[{"href":"https:\/\/serveiseducatius.xtec.cat\/baixpenedes\/wp-json\/wp\/v2\/media?parent=1707"}],"curies":[{"name":"wp","href":"https:\/\/api.w.org\/{rel}","templated":true}]}}