{"id":12945,"date":"2020-04-05T18:05:41","date_gmt":"2020-04-05T16:05:41","guid":{"rendered":"http:\/\/serveiseducatius.xtec.cat\/baixpenedes\/?page_id=12945"},"modified":"2020-04-05T18:06:35","modified_gmt":"2020-04-05T16:06:35","slug":"pee-calafell","status":"publish","type":"page","link":"https:\/\/serveiseducatius.xtec.cat\/baixpenedes\/entorn\/pee-calafell\/","title":{"rendered":"PEE Calafell"},"content":{"rendered":"<p style=\"text-align: justify;\"><strong>Pla Educatiu d&#8217;Entorn de Calafell<\/strong><\/p>\n<p><img loading=\"lazy\" decoding=\"async\" class=\"wp-image-11647 alignleft\" style=\"line-height: 25.6px;\" src=\"https:\/\/serveiseducatius.xtec.cat\/baixpenedes\/wp-content\/uploads\/usu764\/2019\/01\/logo-pee-calafell.jpg\" alt=\"\" width=\"253\" height=\"163\" srcset=\"https:\/\/serveiseducatius.xtec.cat\/baixpenedes\/wp-content\/uploads\/usu764\/2019\/01\/logo-pee-calafell.jpg 590w, https:\/\/serveiseducatius.xtec.cat\/baixpenedes\/wp-content\/uploads\/usu764\/2019\/01\/logo-pee-calafell-300x194.jpg 300w\" sizes=\"auto, (max-width: 253px) 100vw, 253px\" \/><\/p>\n<p>L\u2019Ajuntament de Calafell va ratificar el curs 2017-2018 el conveni de col\u00b7laboraci\u00f3 amb el\u00a0<span style=\"font-family: inherit; font-size: 1em; line-height: 1.6;\">Departament d\u2019Educaci\u00f3 de la Generalitat per impulsar al municipi el Pla Educatiu d\u2019Entorn. <\/span><\/p>\n<p><span style=\"font-family: inherit; font-size: 1em; line-height: 1.6;\">Aquest Pla \u00e9s un instrument per a donar una resposta a les necessitats educatives, amb la participaci\u00f3 de tota la comunitat i tenint en compte tots els \u00e0mbits de la vida de l&#8217;alumnat.<\/span><\/p>\n<p>&nbsp;<\/p>\n<ul>\n<li><a href=\"http:\/\/calafell.cat\/noticies\">Blog de l&#8217;Ajuntament de\u00a0Calafell<\/a><\/li>\n<li><a href=\"http:\/\/serveiseducatius.xtec.cat\/baixpenedes\/categoria\/comunitat\/pee\/pee-calafell\/\">Not\u00edcies<\/a><\/li>\n<\/ul>\n","protected":false},"excerpt":{"rendered":"<p>Pla Educatiu d&#8217;Entorn de Calafell L\u2019Ajuntament de Calafell va ratificar el curs 2017-2018 el conveni de col\u00b7laboraci\u00f3 amb el\u00a0Departament d\u2019Educaci\u00f3 de la Generalitat per impulsar al municipi el Pla Educatiu d\u2019Entorn. Aquest Pla \u00e9s un instrument per a donar una resposta a les necessitats educatives, amb la participaci\u00f3 de tota la comunitat i tenint en [&hellip;]<\/p>\n","protected":false},"author":7,"featured_media":0,"parent":2007,"menu_order":0,"comment_status":"closed","ping_status":"closed","template":"page-templates\/side-menu.php","meta":{"_bbp_topic_count":0,"_bbp_reply_count":0,"_bbp_total_topic_count":0,"_bbp_total_reply_count":0,"_bbp_voice_count":0,"_bbp_anonymous_reply_count":0,"_bbp_topic_count_hidden":0,"_bbp_reply_count_hidden":0,"_bbp_forum_subforum_count":0,"site-sidebar-layout":"default","site-content-layout":"","ast-site-content-layout":"","site-content-style":"default","site-sidebar-style":"default","ast-global-header-display":"","ast-banner-title-visibility":"","ast-main-header-display":"","ast-hfb-above-header-display":"","ast-hfb-below-header-display":"","ast-hfb-mobile-header-display":"","site-post-title":"","ast-breadcrumbs-content":"","ast-featured-img":"","footer-sml-layout":"","theme-transparent-header-meta":"","adv-header-id-meta":"","stick-header-meta":"","header-above-stick-meta":"","header-main-stick-meta":"","header-below-stick-meta":"","astra-migrate-meta-layouts":"default","ast-page-background-enabled":"default","ast-page-background-meta":{"desktop":{"background-color":"var(--ast-global-color-4)","background-image":"","background-repeat":"repeat","background-position":"center center","background-size":"auto","background-attachment":"scroll","background-type":"","background-media":"","overlay-type":"","overlay-color":"","overlay-opacity":"","overlay-gradient":""},"tablet":{"background-color":"","background-image":"","background-repeat":"repeat","background-position":"center center","background-size":"auto","background-attachment":"scroll","background-type":"","background-media":"","overlay-type":"","overlay-color":"","overlay-opacity":"","overlay-gradient":""},"mobile":{"background-color":"","background-image":"","background-repeat":"repeat","background-position":"center center","background-size":"auto","background-attachment":"scroll","background-type":"","background-media":"","overlay-type":"","overlay-color":"","overlay-opacity":"","overlay-gradient":""}},"ast-content-background-meta":{"desktop":{"background-color":"var(--ast-global-color-5)","background-image":"","background-repeat":"repeat","background-position":"center center","background-size":"auto","background-attachment":"scroll","background-type":"","background-media":"","overlay-type":"","overlay-color":"","overlay-opacity":"","overlay-gradient":""},"tablet":{"background-color":"var(--ast-global-color-5)","background-image":"","background-repeat":"repeat","background-position":"center center","background-size":"auto","background-attachment":"scroll","background-type":"","background-media":"","overlay-type":"","overlay-color":"","overlay-opacity":"","overlay-gradient":""},"mobile":{"background-color":"var(--ast-global-color-5)","background-image":"","background-repeat":"repeat","background-position":"center center","background-size":"auto","background-attachment":"scroll","background-type":"","background-media":"","overlay-type":"","overlay-color":"","overlay-opacity":"","overlay-gradient":""}},"footnotes":""},"class_list":["post-12945","page","type-page","status-publish","hentry"],"post_mailing_queue_ids":[],"_links":{"self":[{"href":"https:\/\/serveiseducatius.xtec.cat\/baixpenedes\/wp-json\/wp\/v2\/pages\/12945","targetHints":{"allow":["GET"]}}],"collection":[{"href":"https:\/\/serveiseducatius.xtec.cat\/baixpenedes\/wp-json\/wp\/v2\/pages"}],"about":[{"href":"https:\/\/serveiseducatius.xtec.cat\/baixpenedes\/wp-json\/wp\/v2\/types\/page"}],"author":[{"embeddable":true,"href":"https:\/\/serveiseducatius.xtec.cat\/baixpenedes\/wp-json\/wp\/v2\/users\/7"}],"replies":[{"embeddable":true,"href":"https:\/\/serveiseducatius.xtec.cat\/baixpenedes\/wp-json\/wp\/v2\/comments?post=12945"}],"version-history":[{"count":2,"href":"https:\/\/serveiseducatius.xtec.cat\/baixpenedes\/wp-json\/wp\/v2\/pages\/12945\/revisions"}],"predecessor-version":[{"id":12948,"href":"https:\/\/serveiseducatius.xtec.cat\/baixpenedes\/wp-json\/wp\/v2\/pages\/12945\/revisions\/12948"}],"up":[{"embeddable":true,"href":"https:\/\/serveiseducatius.xtec.cat\/baixpenedes\/wp-json\/wp\/v2\/pages\/2007"}],"wp:attachment":[{"href":"https:\/\/serveiseducatius.xtec.cat\/baixpenedes\/wp-json\/wp\/v2\/media?parent=12945"}],"curies":[{"name":"wp","href":"https:\/\/api.w.org\/{rel}","templated":true}]}}