{"id":12708,"date":"2020-02-27T11:47:52","date_gmt":"2020-02-27T10:47:52","guid":{"rendered":"http:\/\/serveiseducatius.xtec.cat\/baixpenedes\/?page_id=12708"},"modified":"2020-04-05T18:02:01","modified_gmt":"2020-04-05T16:02:01","slug":"medutarraco","status":"publish","type":"page","link":"https:\/\/serveiseducatius.xtec.cat\/baixpenedes\/dinamitzacio\/medutarraco\/","title":{"rendered":"mEduTarraco"},"content":{"rendered":"<p><img loading=\"lazy\" decoding=\"async\" class=\"alignnone size-large wp-image-12709\" src=\"https:\/\/serveiseducatius.xtec.cat\/baixpenedes\/wp-content\/uploads\/usu764\/2020\/02\/medu-1024x122.png\" alt=\"\" width=\"1024\" height=\"122\" srcset=\"https:\/\/serveiseducatius.xtec.cat\/baixpenedes\/wp-content\/uploads\/usu764\/2020\/02\/medu-1024x122.png 1024w, https:\/\/serveiseducatius.xtec.cat\/baixpenedes\/wp-content\/uploads\/usu764\/2020\/02\/medu-300x36.png 300w, https:\/\/serveiseducatius.xtec.cat\/baixpenedes\/wp-content\/uploads\/usu764\/2020\/02\/medu-768x91.png 768w, https:\/\/serveiseducatius.xtec.cat\/baixpenedes\/wp-content\/uploads\/usu764\/2020\/02\/medu.png 1473w\" sizes=\"auto, (max-width: 1024px) 100vw, 1024px\" \/><\/p>\n<p>El projecte multicompetencial de Georeferenciaci\u00f3 mEduTarraco \u00e9s una iniciativa dels Serveis Territorials de Tarragona, que es desenvolupa en el marc del Mobile History Map dins del programa mSchools.L&#8217;edici\u00f3 d&#8217;enguany, que tindr\u00e0 lloc a Tarragona el proper 12 de mar\u00e7, t\u00e9 com objectiu que l&#8217;alumnat de les comarques tarragonines coneguin la ciutat de Tarragona, aprenguin a moure&#8217;s per la ciutat i descobreixin llocs i personatges emblem\u00e0tics . Enguany s&#8217;hi afegir\u00e0 als Objectius de desenvolupament sostenible (ODS) ajudant a l&#8217;alumnat a desenvolupar el pensament cr\u00edtic i millorar la ciutat per fer-la m\u00e9s sostenible i afavorir el conviure.<\/p>\n<p>De la nostra comarca ja hi ha centres que estan participant des d&#8217;edicions anteriors i d&#8217;altres que s&#8217;hi han sumat enguany formant part dels 1146 alumnes que hi participaran el proper dia 12 de mar\u00e7 d&#8217;aquest projecte inclusiu, col.laboratiou, interdisciplinar de georeferenciaci\u00f3 i tecnologia m\u00f2bil adre\u00e7at a l&#8217;alumnat de cicle superior de prim\u00e0ria, secund\u00e0ria, batxillerat i cicles.M\u00e9s informaci\u00f3 la podeu trobar a <a href=\"https:\/\/projectes.xtec.cat\/met\/\">la web del projecte.\u00a0<\/a><\/p>\n","protected":false},"excerpt":{"rendered":"<p>El projecte multicompetencial de Georeferenciaci\u00f3 mEduTarraco \u00e9s una iniciativa dels Serveis Territorials de Tarragona, que es desenvolupa en el marc del Mobile History Map dins del programa mSchools.L&#8217;edici\u00f3 d&#8217;enguany, que tindr\u00e0 lloc a Tarragona el proper 12 de mar\u00e7, t\u00e9 com objectiu que l&#8217;alumnat de les comarques tarragonines coneguin la ciutat de Tarragona, aprenguin a [&hellip;]<\/p>\n","protected":false},"author":7,"featured_media":0,"parent":5401,"menu_order":0,"comment_status":"closed","ping_status":"closed","template":"page-templates\/side-menu.php","meta":{"_bbp_topic_count":0,"_bbp_reply_count":0,"_bbp_total_topic_count":0,"_bbp_total_reply_count":0,"_bbp_voice_count":0,"_bbp_anonymous_reply_count":0,"_bbp_topic_count_hidden":0,"_bbp_reply_count_hidden":0,"_bbp_forum_subforum_count":0,"site-sidebar-layout":"default","site-content-layout":"","ast-site-content-layout":"","site-content-style":"default","site-sidebar-style":"default","ast-global-header-display":"","ast-banner-title-visibility":"","ast-main-header-display":"","ast-hfb-above-header-display":"","ast-hfb-below-header-display":"","ast-hfb-mobile-header-display":"","site-post-title":"","ast-breadcrumbs-content":"","ast-featured-img":"","footer-sml-layout":"","theme-transparent-header-meta":"","adv-header-id-meta":"","stick-header-meta":"","header-above-stick-meta":"","header-main-stick-meta":"","header-below-stick-meta":"","astra-migrate-meta-layouts":"default","ast-page-background-enabled":"default","ast-page-background-meta":{"desktop":{"background-color":"var(--ast-global-color-4)","background-image":"","background-repeat":"repeat","background-position":"center center","background-size":"auto","background-attachment":"scroll","background-type":"","background-media":"","overlay-type":"","overlay-color":"","overlay-opacity":"","overlay-gradient":""},"tablet":{"background-color":"","background-image":"","background-repeat":"repeat","background-position":"center center","background-size":"auto","background-attachment":"scroll","background-type":"","background-media":"","overlay-type":"","overlay-color":"","overlay-opacity":"","overlay-gradient":""},"mobile":{"background-color":"","background-image":"","background-repeat":"repeat","background-position":"center center","background-size":"auto","background-attachment":"scroll","background-type":"","background-media":"","overlay-type":"","overlay-color":"","overlay-opacity":"","overlay-gradient":""}},"ast-content-background-meta":{"desktop":{"background-color":"var(--ast-global-color-5)","background-image":"","background-repeat":"repeat","background-position":"center center","background-size":"auto","background-attachment":"scroll","background-type":"","background-media":"","overlay-type":"","overlay-color":"","overlay-opacity":"","overlay-gradient":""},"tablet":{"background-color":"var(--ast-global-color-5)","background-image":"","background-repeat":"repeat","background-position":"center center","background-size":"auto","background-attachment":"scroll","background-type":"","background-media":"","overlay-type":"","overlay-color":"","overlay-opacity":"","overlay-gradient":""},"mobile":{"background-color":"var(--ast-global-color-5)","background-image":"","background-repeat":"repeat","background-position":"center center","background-size":"auto","background-attachment":"scroll","background-type":"","background-media":"","overlay-type":"","overlay-color":"","overlay-opacity":"","overlay-gradient":""}},"footnotes":""},"class_list":["post-12708","page","type-page","status-publish","hentry"],"post_mailing_queue_ids":[],"_links":{"self":[{"href":"https:\/\/serveiseducatius.xtec.cat\/baixpenedes\/wp-json\/wp\/v2\/pages\/12708","targetHints":{"allow":["GET"]}}],"collection":[{"href":"https:\/\/serveiseducatius.xtec.cat\/baixpenedes\/wp-json\/wp\/v2\/pages"}],"about":[{"href":"https:\/\/serveiseducatius.xtec.cat\/baixpenedes\/wp-json\/wp\/v2\/types\/page"}],"author":[{"embeddable":true,"href":"https:\/\/serveiseducatius.xtec.cat\/baixpenedes\/wp-json\/wp\/v2\/users\/7"}],"replies":[{"embeddable":true,"href":"https:\/\/serveiseducatius.xtec.cat\/baixpenedes\/wp-json\/wp\/v2\/comments?post=12708"}],"version-history":[{"count":2,"href":"https:\/\/serveiseducatius.xtec.cat\/baixpenedes\/wp-json\/wp\/v2\/pages\/12708\/revisions"}],"predecessor-version":[{"id":12711,"href":"https:\/\/serveiseducatius.xtec.cat\/baixpenedes\/wp-json\/wp\/v2\/pages\/12708\/revisions\/12711"}],"up":[{"embeddable":true,"href":"https:\/\/serveiseducatius.xtec.cat\/baixpenedes\/wp-json\/wp\/v2\/pages\/5401"}],"wp:attachment":[{"href":"https:\/\/serveiseducatius.xtec.cat\/baixpenedes\/wp-json\/wp\/v2\/media?parent=12708"}],"curies":[{"name":"wp","href":"https:\/\/api.w.org\/{rel}","templated":true}]}}