{"id":10883,"date":"2018-06-18T10:35:28","date_gmt":"2018-06-18T08:35:28","guid":{"rendered":"http:\/\/serveiseducatius.xtec.cat\/baixpenedes\/?page_id=10883"},"modified":"2020-04-05T18:00:34","modified_gmt":"2020-04-05T16:00:34","slug":"setmana-de-la-ciencia","status":"publish","type":"page","link":"https:\/\/serveiseducatius.xtec.cat\/baixpenedes\/dinamitzacio\/setmana-de-la-ciencia\/","title":{"rendered":"Dia de la Ci\u00e8ncia"},"content":{"rendered":"<p><a href=\"http:\/\/serveiseducatius.xtec.cat\/baixpenedes\/wp-content\/uploads\/usu764\/2018\/06\/Captura-2.jpg\"><img loading=\"lazy\" decoding=\"async\" class=\"alignleft size-full wp-image-10887\" src=\"http:\/\/serveiseducatius.xtec.cat\/baixpenedes\/wp-content\/uploads\/usu764\/2018\/06\/Captura-2.jpg\" alt=\"\" width=\"543\" height=\"98\" srcset=\"https:\/\/serveiseducatius.xtec.cat\/baixpenedes\/wp-content\/uploads\/usu764\/2018\/06\/Captura-2.jpg 543w, https:\/\/serveiseducatius.xtec.cat\/baixpenedes\/wp-content\/uploads\/usu764\/2018\/06\/Captura-2-300x54.jpg 300w\" sizes=\"auto, (max-width: 543px) 100vw, 543px\" \/><\/a><\/p>\n<p>&nbsp;<\/p>\n<p>&nbsp;<\/p>\n<p>&nbsp;<\/p>\n<p>Del 9 al 18 de novembre se celebrar\u00e0 a Catalunya la 23a Setmana de la Ci\u00e8ncia.<\/p>\n<p>Durant la Setmana de la Ci\u00e8ncia se celebraran tot un munt d\u2019activitats de divulgaci\u00f3 cient\u00edfica arreu del nostre territori. Jornades de portes obertes, exposicions, xerrades, jocs, tallers cient\u00edfics\u2026 tot un ventall de possibilitats al teu abast.<\/p>\n<p>Els temes centrals de l\u2019edici\u00f3 d\u2019enguany s\u00f3n, d\u2019una banda, el patrimoni cultural, amb motiu de la celebraci\u00f3 de\u00a0<b>l\u2019Any Europeu del Patrimoni Cultural<\/b>\u00a0que promou la Uni\u00f3 Europea; la figura i l\u2019obra de\u00a0<b>Pompeu Fabra<\/b>, amb motiu de la celebraci\u00f3 dels 150 anys del naixement del ling\u00fcista i gram\u00e0tic catal\u00e0, celebraci\u00f3 promoguda per la Generalitat de Catalunya; i la figura del prestigi\u00f3s f\u00edsic nord-americ\u00e0\u00a0<b>Richard Feynman<\/b>, amb motiu de la celebraci\u00f3 del centenari del seu naixement, promoguda pel Grup de Comunicaci\u00f3 i Divulgaci\u00f3 de la Nanotecnologia, EspaiNano.<\/p>\n<p>La Setmana de la Ci\u00e8ncia \u00e9s una iniciativa coordinada per la Fundaci\u00f3 Catalana per a la Recerca i la Innovaci\u00f3.<\/p>\n","protected":false},"excerpt":{"rendered":"<p>&nbsp; &nbsp; &nbsp; Del 9 al 18 de novembre se celebrar\u00e0 a Catalunya la 23a Setmana de la Ci\u00e8ncia. Durant la Setmana de la Ci\u00e8ncia se celebraran tot un munt d\u2019activitats de divulgaci\u00f3 cient\u00edfica arreu del nostre territori. Jornades de portes obertes, exposicions, xerrades, jocs, tallers cient\u00edfics\u2026 tot un ventall de possibilitats al teu abast. [&hellip;]<\/p>\n","protected":false},"author":1,"featured_media":0,"parent":5401,"menu_order":0,"comment_status":"closed","ping_status":"closed","template":"page-templates\/side-menu.php","meta":{"_bbp_topic_count":0,"_bbp_reply_count":0,"_bbp_total_topic_count":0,"_bbp_total_reply_count":0,"_bbp_voice_count":0,"_bbp_anonymous_reply_count":0,"_bbp_topic_count_hidden":0,"_bbp_reply_count_hidden":0,"_bbp_forum_subforum_count":0,"site-sidebar-layout":"default","site-content-layout":"","ast-site-content-layout":"","site-content-style":"default","site-sidebar-style":"default","ast-global-header-display":"","ast-banner-title-visibility":"","ast-main-header-display":"","ast-hfb-above-header-display":"","ast-hfb-below-header-display":"","ast-hfb-mobile-header-display":"","site-post-title":"","ast-breadcrumbs-content":"","ast-featured-img":"","footer-sml-layout":"","theme-transparent-header-meta":"","adv-header-id-meta":"","stick-header-meta":"","header-above-stick-meta":"","header-main-stick-meta":"","header-below-stick-meta":"","astra-migrate-meta-layouts":"default","ast-page-background-enabled":"default","ast-page-background-meta":{"desktop":{"background-color":"var(--ast-global-color-4)","background-image":"","background-repeat":"repeat","background-position":"center center","background-size":"auto","background-attachment":"scroll","background-type":"","background-media":"","overlay-type":"","overlay-color":"","overlay-opacity":"","overlay-gradient":""},"tablet":{"background-color":"","background-image":"","background-repeat":"repeat","background-position":"center center","background-size":"auto","background-attachment":"scroll","background-type":"","background-media":"","overlay-type":"","overlay-color":"","overlay-opacity":"","overlay-gradient":""},"mobile":{"background-color":"","background-image":"","background-repeat":"repeat","background-position":"center center","background-size":"auto","background-attachment":"scroll","background-type":"","background-media":"","overlay-type":"","overlay-color":"","overlay-opacity":"","overlay-gradient":""}},"ast-content-background-meta":{"desktop":{"background-color":"var(--ast-global-color-5)","background-image":"","background-repeat":"repeat","background-position":"center center","background-size":"auto","background-attachment":"scroll","background-type":"","background-media":"","overlay-type":"","overlay-color":"","overlay-opacity":"","overlay-gradient":""},"tablet":{"background-color":"var(--ast-global-color-5)","background-image":"","background-repeat":"repeat","background-position":"center center","background-size":"auto","background-attachment":"scroll","background-type":"","background-media":"","overlay-type":"","overlay-color":"","overlay-opacity":"","overlay-gradient":""},"mobile":{"background-color":"var(--ast-global-color-5)","background-image":"","background-repeat":"repeat","background-position":"center center","background-size":"auto","background-attachment":"scroll","background-type":"","background-media":"","overlay-type":"","overlay-color":"","overlay-opacity":"","overlay-gradient":""}},"footnotes":""},"class_list":["post-10883","page","type-page","status-publish","hentry"],"post_mailing_queue_ids":[],"_links":{"self":[{"href":"https:\/\/serveiseducatius.xtec.cat\/baixpenedes\/wp-json\/wp\/v2\/pages\/10883","targetHints":{"allow":["GET"]}}],"collection":[{"href":"https:\/\/serveiseducatius.xtec.cat\/baixpenedes\/wp-json\/wp\/v2\/pages"}],"about":[{"href":"https:\/\/serveiseducatius.xtec.cat\/baixpenedes\/wp-json\/wp\/v2\/types\/page"}],"author":[{"embeddable":true,"href":"https:\/\/serveiseducatius.xtec.cat\/baixpenedes\/wp-json\/wp\/v2\/users\/1"}],"replies":[{"embeddable":true,"href":"https:\/\/serveiseducatius.xtec.cat\/baixpenedes\/wp-json\/wp\/v2\/comments?post=10883"}],"version-history":[{"count":3,"href":"https:\/\/serveiseducatius.xtec.cat\/baixpenedes\/wp-json\/wp\/v2\/pages\/10883\/revisions"}],"predecessor-version":[{"id":10891,"href":"https:\/\/serveiseducatius.xtec.cat\/baixpenedes\/wp-json\/wp\/v2\/pages\/10883\/revisions\/10891"}],"up":[{"embeddable":true,"href":"https:\/\/serveiseducatius.xtec.cat\/baixpenedes\/wp-json\/wp\/v2\/pages\/5401"}],"wp:attachment":[{"href":"https:\/\/serveiseducatius.xtec.cat\/baixpenedes\/wp-json\/wp\/v2\/media?parent=10883"}],"curies":[{"name":"wp","href":"https:\/\/api.w.org\/{rel}","templated":true}]}}