{"id":9889,"date":"2020-11-09T11:43:12","date_gmt":"2020-11-09T10:43:12","guid":{"rendered":"https:\/\/serveiseducatius.xtec.cat\/baixmaresme\/?page_id=9889"},"modified":"2024-11-26T12:10:02","modified_gmt":"2024-11-26T11:10:02","slug":"servei-comunitari-2","status":"publish","type":"page","link":"https:\/\/serveiseducatius.xtec.cat\/baixmaresme\/comunitat\/servei-comunitari-2\/","title":{"rendered":"Servei Comunitari"},"content":{"rendered":"<header class=\"archive-header\">\n<div class=\"archive-meta\">\n<p style=\"text-align: center;\"><strong>SERVEI COMUNITARI<\/strong><\/p>\n<p><img loading=\"lazy\" decoding=\"async\" class=\"aligncenter  wp-image-10768\" src=\"https:\/\/serveiseducatius.xtec.cat\/baixmaresme\/wp-content\/uploads\/usu107\/2022\/11\/foto2-300x160.png\" alt=\"\" width=\"477\" height=\"254\" srcset=\"https:\/\/serveiseducatius.xtec.cat\/baixmaresme\/wp-content\/uploads\/usu107\/2022\/11\/foto2-300x160.png 300w, https:\/\/serveiseducatius.xtec.cat\/baixmaresme\/wp-content\/uploads\/usu107\/2022\/11\/foto2.png 657w\" sizes=\"auto, (max-width: 477px) 100vw, 477px\" \/><\/p>\n<hr \/>\n<p><strong>Novetats:<\/strong><\/p>\n<p><a href=\"https:\/\/drive.google.com\/file\/d\/1aghfIDX4w3Y7fN6x2V3rF0GgvzHfKvdB\/view?usp=sharing\" target=\"_blank\" rel=\"noopener\">Presentaci\u00f3 novetats curs 2022-23<\/a><\/p>\n<p><a href=\"https:\/\/drive.google.com\/file\/d\/1aghfIDX4w3Y7fN6x2V3rF0GgvzHfKvdB\/view?usp=sharing\"><img loading=\"lazy\" decoding=\"async\" class=\"size-medium wp-image-10766 alignnone\" src=\"https:\/\/serveiseducatius.xtec.cat\/baixmaresme\/wp-content\/uploads\/usu107\/2022\/11\/foto1-300x198.png\" alt=\"\" width=\"300\" height=\"198\" srcset=\"https:\/\/serveiseducatius.xtec.cat\/baixmaresme\/wp-content\/uploads\/usu107\/2022\/11\/foto1-300x198.png 300w, https:\/\/serveiseducatius.xtec.cat\/baixmaresme\/wp-content\/uploads\/usu107\/2022\/11\/foto1.png 448w\" sizes=\"auto, (max-width: 300px) 100vw, 300px\" \/><\/a><\/p>\n<p><strong>Convenis:<\/strong><\/p>\n<ul>\n<li>Mitjan\u00e7ant la\u00a0<a title=\"Ves al DOGC\" href=\"https:\/\/dogc.gencat.cat\/ca\/pdogc_canals_interns\/pdogc_resultats_fitxa\/?action=fitxa&amp;documentId=874346&amp;language=ca_ES\" target=\"_blank\" rel=\"noopener\">Resoluci\u00f3 EDU\/1189\/2020<\/a>, de 28 de maig, d\u2019avocaci\u00f3 i delegaci\u00f3 de compet\u00e8ncies de la persona titular del Departament d&#8217;Educaci\u00f3, la\u00a0<strong>signatura de convenis de col\u00b7laboraci\u00f3 amb les entitats per al desenvolupament d\u2019accions de Servei Comunitari<\/strong>\u00a0es delega\u00a0en els directors i directores dels centres educatius p\u00fablics de titularitat del Departament d\u2019Educaci\u00f3\u00a0l&#8217;\u00e0mbit d&#8217;actuaci\u00f3 dels quals no comprengui tot el territori de Catalunya.<\/li>\n<li>Cal utilitzar el<strong>\u00a0<\/strong><a href=\"https:\/\/documents.espai.educacio.gencat.cat\/FormularisModels\/Contractacio\/CNV16.docx\"><strong>model de conveni\u00a0<\/strong><\/a>normalitzat pel Departament que es troba al <strong><a href=\"https:\/\/espai.educacio.gencat.cat\/Centres\/Projectes-educatius\/Servei-comunitari\/Pagines\/default.aspx\">portal de centre<\/a><\/strong>, en Word, i \u200bemplenar-ne els camps indicats.<\/li>\n<li>Com a norma general, en els convenis i enc\u00e0rrecs<strong>\u00a0nom\u00e9s han de ser visibles les dades personals de les parts signants\u00a0<\/strong>(nom, cognoms, c\u00e0rrec o representaci\u00f3 i entitat\/empresa i NIF o CIF d\u2019aquesta). Per tant, a fi de protegir-les, cal\u00a0<strong>evitar les dades personals o les que poden identificar una persona que no \u00e9s part signant d&#8217;un conveni o enc\u00e0rrec.<\/strong><\/li>\n<li>Un cop\u00a0emplenat el model, cal passar el document a format PDF i\u00a0<strong>ambdues parts han de signar-lo\u00a0amb\u00a0signatura electr\u00f2nica<\/strong>. <span style=\"font-family: inherit; font-size: 1em;\">La Llei 39\/2015\u00a0obliga totes les entitats a relacionar-se amb les administracions p\u00fabliques per mitjans electr\u00f2nics. Per tant,\u00a0<\/span><strong style=\"font-family: inherit; font-size: 1em;\">no s&#8217;accepten documents\u00a0que no estiguin signats electr\u00f2nicament<\/strong><span style=\"font-family: inherit; font-size: 1em;\">.\u00a0Per tant, e\u200bls documents que no estiguin signats amb certificat digital es retornaran\u200b.<\/span><\/li>\n<li>Cal <strong>enviar el conveni signat<\/strong> per ambdues parts: <span style=\"font-family: inherit; font-size: 1em;\">\u200ba l\u2019entitat i <\/span><span style=\"font-family: inherit; font-size: 1em;\">a la Subdirecci\u00f3 General de Suport i\u200b Atenci\u00f3 a la Comunitat Educativa (<\/span><a style=\"font-family: inherit; font-size: 1em;\" href=\"mailto:espais.comunitat@xtec.cat\">espais.comunitat@xtec.cat<\/a><span style=\"font-family: inherit; font-size: 1em;\">), amb\u00a0c\u00f2pia al referent territorial de Servei C\u200bomunitari i al referent dels serveis educatius corresponents.\u200b<\/span><\/li>\n<li>Finalment, si es considera necessari plantejar alguna <strong>modificaci\u00f3 al text del conveni<\/strong>, aquesta ha d&#8217;estar fonamentada i cal fer-la arribar per escrit a la Subdirecci\u00f3 General de Suport i Atenci\u00f3 a la Comunitat Educativa, que s&#8217;encarregar\u00e0 de fer la consulta a l&#8217;Assessoria Jur\u00eddica del Departament d&#8217;Educaci\u00f3, unitat que determinar\u00e0 si aquesta modificaci\u00f3 s&#8217;ha d&#8217;incloure al conveni.\u200b<\/li>\n<\/ul>\n<p><strong>Altres documents:<\/strong><\/p>\n<ul>\n<li><a href=\"https:\/\/drive.google.com\/file\/d\/0B0pDouhXztcGV1NqWkxpTUkzUWQ2ZmttNU82djNkMVZaNjk4\/view?usp=sharing\">Carta de comprom\u00eds <\/a>Model 1<\/li>\n<li><a href=\"https:\/\/drive.google.com\/file\/d\/1PyeHnHMINz81ymrVwtBPOiKwIJCSlV2a\/view?usp=sharing\">Carta de comprom\u00eds<\/a> Model 2<\/li>\n<li><a href=\"https:\/\/drive.google.com\/file\/d\/13X1NfYJL11Lyu2jgH5K469ypCL0trmYM\/view?usp=sharing\">Autoritzaci\u00f3 de fam\u00edlies<\/a><\/li>\n<\/ul>\n<p><strong>Documents de suport i normativa:<\/strong><\/p>\n<ul>\n<li><a href=\"https:\/\/drive.google.com\/file\/d\/1QVTBYNw6vZw6dO_OhtmqyGHcXWdWyYAA\/view?usp=sharing\">Document Marc del Servei Comunitari<\/a><\/li>\n<li><a href=\"http:\/\/xtec.gencat.cat\/ca\/comunitat\/serveicomunitari\">XTEC. Servei Comunitari.<\/a><\/li>\n<li><a href=\"https:\/\/portaldogc.gencat.cat\/utilsEADOP\/PDF\/8147\/1796782.pdf\">RESOLUCI\u00d3 EDU\/1189\/2020, de 28 de maig, d\u2019avocaci\u00f3 i delegaci\u00f3 de compet\u00e8ncies de la persona titular del Departament d\u2019Educaci\u00f3<\/a><\/li>\n<\/ul>\n<\/div>\n<\/header>\n","protected":false},"excerpt":{"rendered":"<p>SERVEI COMUNITARI<\/p>\n<p>Novetats:<br \/>\n<a href=\"https:\/\/drive.google.com\/file\/d\/1aghfIDX4w3Y7fN6x2V3rF0GgvzHfKvdB\/view?usp=sharing\" target=\"_blank\" rel=\"noopener\">Presentaci\u00f3 novetats curs 2022-23<\/a><br \/>\n<a href=\"https:\/\/drive.google.com\/file\/d\/1aghfIDX4w3Y7fN6x2V3rF0GgvzHfKvdB\/view?usp=sharing\"><\/a><br \/>\nConvenis:<\/p>\n<ul>\n<li>Mitjan\u00e7ant la\u00a0<a title=\"Ves al DOGC\" href=\"https:\/\/dogc.gencat.cat\/ca\/pdogc_canals_interns\/pdogc_resultats_fitxa\/?action=fitxa&amp;documentId=874346&amp;language=ca_ES\" target=\"_blank\" rel=\"noopener\">Resoluci\u00f3 EDU\/1189\/2020<\/a>, de 28 de maig, d\u2019avocaci\u00f3 i delegaci\u00f3 de compet\u00e8ncies de la persona titular del Departament d&#8217;Educaci\u00f3, la\u00a0signatura de convenis de col\u00b7laboraci\u00f3 amb les entitats per al desenvolupament d\u2019accions&hellip;  <a href=\"https:\/\/serveiseducatius.xtec.cat\/baixmaresme\/comunitat\/servei-comunitari-2\/\" title=\"Read Servei Comunitari\">Llegeix m\u00e9s\u00bb<\/a><br \/>\n","protected":false},"author":5,"featured_media":0,"parent":341,"menu_order":0,"comment_status":"closed","ping_status":"closed","template":"","meta":{"_bbp_topic_count":0,"_bbp_reply_count":0,"_bbp_total_topic_count":0,"_bbp_total_reply_count":0,"_bbp_voice_count":0,"_bbp_anonymous_reply_count":0,"_bbp_topic_count_hidden":0,"_bbp_reply_count_hidden":0,"_bbp_forum_subforum_count":0,"footnotes":""},"class_list":["post-9889","page","type-page","status-publish","hentry"],"post_mailing_queue_ids":[],"_links":{"self":[{"href":"https:\/\/serveiseducatius.xtec.cat\/baixmaresme\/wp-json\/wp\/v2\/pages\/9889","targetHints":{"allow":["GET"]}}],"collection":[{"href":"https:\/\/serveiseducatius.xtec.cat\/baixmaresme\/wp-json\/wp\/v2\/pages"}],"about":[{"href":"https:\/\/serveiseducatius.xtec.cat\/baixmaresme\/wp-json\/wp\/v2\/types\/page"}],"author":[{"embeddable":true,"href":"https:\/\/serveiseducatius.xtec.cat\/baixmaresme\/wp-json\/wp\/v2\/users\/5"}],"replies":[{"embeddable":true,"href":"https:\/\/serveiseducatius.xtec.cat\/baixmaresme\/wp-json\/wp\/v2\/comments?post=9889"}],"version-history":[{"count":3,"href":"https:\/\/serveiseducatius.xtec.cat\/baixmaresme\/wp-json\/wp\/v2\/pages\/9889\/revisions"}],"predecessor-version":[{"id":11426,"href":"https:\/\/serveiseducatius.xtec.cat\/baixmaresme\/wp-json\/wp\/v2\/pages\/9889\/revisions\/11426"}],"up":[{"embeddable":true,"href":"https:\/\/serveiseducatius.xtec.cat\/baixmaresme\/wp-json\/wp\/v2\/pages\/341"}],"wp:attachment":[{"href":"https:\/\/serveiseducatius.xtec.cat\/baixmaresme\/wp-json\/wp\/v2\/media?parent=9889"}],"curies":[{"name":"wp","href":"https:\/\/api.w.org\/{rel}","templated":true}]}}