{"id":9768,"date":"2020-05-04T11:32:55","date_gmt":"2020-05-04T09:32:55","guid":{"rendered":"https:\/\/serveiseducatius.xtec.cat\/baixmaresme\/?page_id=9768"},"modified":"2021-02-01T17:37:52","modified_gmt":"2021-02-01T16:37:52","slug":"perfils-docents","status":"publish","type":"page","link":"https:\/\/serveiseducatius.xtec.cat\/baixmaresme\/formacio\/perfils-docents\/","title":{"rendered":"Perfils professionals"},"content":{"rendered":"<p>El Departament d&#8217;Educaci\u00f3 porta a terme l&#8217;<strong>acreditaci\u00f3 de perfils professionals<\/strong>\u00a0per a personal docent funcionari dependent del Departament (en qualsevol situaci\u00f3 administrativa) i per a professors interins de la borsa de treball de personal inter\u00ed docent del Departament (amb serveis prestats).<\/p>\n<p>Els\u00a0<strong>perfils professionals<\/strong>\u00a0que es poden acreditar s\u00f3n els seg\u00fcents:<\/p>\n<ul>\n<li style=\"list-style-type: none;\">\n<ul>\n<li style=\"list-style-type: none;\">\n<ul>\n<li style=\"list-style-type: none;\">\n<ul>\n<li style=\"text-align: left;\">Ling\u00fc\u00edstic en llengua estrangera (angl\u00e8s, franc\u00e8s, itali\u00e0, alemany) (AICLE)<\/li>\n<li style=\"text-align: left;\">Compet\u00e8ncia digital docent<\/li>\n<li style=\"text-align: left;\">Atenci\u00f3 a la diversitat dels alumnes<\/li>\n<li style=\"text-align: left;\">Gesti\u00f3 de projectes i serveis de formaci\u00f3 professional inicial i\/o ensenyaments de r\u00e8gim especial<\/li>\n<li style=\"text-align: left;\">Lectura i biblioteca escolar<\/li>\n<li style=\"text-align: left;\">Immersi\u00f3 i suport ling\u00fc\u00edstic<\/li>\n<li style=\"text-align: left;\">Educaci\u00f3 visual i pl\u00e0stica<\/li>\n<li style=\"text-align: left;\">Metodologies amb enfocament globalitzat<\/li>\n<\/ul>\n<\/li>\n<\/ul>\n<\/li>\n<\/ul>\n<\/li>\n<\/ul>\n<p><strong>REQUISITS I QUALIFICACI\u00d3.<\/strong><\/p>\n<p>Podeu consultar-lo al seg\u00fcent <a href=\"https:\/\/dogc.gencat.cat\/ca\/pdogc_canals_interns\/pdogc_resultats_fitxa\/?action=fitxa&amp;mode=single&amp;documentId=725394&amp;language=ca_ES\">enlla\u00e7<\/a>.<\/p>\n<p><strong>ACREDITACI\u00d3 DE PERFIL<\/strong><\/p>\n<p>El Departament d&#8217;Educaci\u00f3 acredita als professors que ja reuneixen els requisits especificats a l&#8217;annex 1 de la\u00a0<a title=\"Ves al DOGC\" href=\"https:\/\/dogc.gencat.cat\/ca\/pdogc_canals_interns\/pdogc_resultats_fitxa\/?action=fitxa&amp;mode=single&amp;documentId=725394&amp;language=ca_ES\" target=\"_blank\" rel=\"noopener noreferrer\" data-saferedirecturl=\"https:\/\/www.google.com\/url?hl=ca&amp;q=http:\/\/dogc.gencat.cat\/ca\/pdogc_canals_interns\/pdogc_resultats_fitxa\/?action%3Dfitxa%26mode%3Dsingle%26documentId%3D725394%26language%3Dca_ES&amp;source=gmail&amp;ust=1497355441566000&amp;usg=AFQjCNH-7sUIrcM6F7o4-a4PdZhvkbsMeg\">Resoluci\u00f3\u00a0ENS\/1128\/2016<\/a> per a cadascun dels perfils professionals, en funci\u00f3 de la informaci\u00f3 que consta al registre inform\u00e0tic de professorat, sense que sigui necess\u00e0ria cap sol\u00b7licitud de la persona interessada. Els professors que no obtinguin l&#8217;acreditaci\u00f3 en el procediment autom\u00e0tic poden fer la sol\u00b7licitud als registres del Departament, dels serveis territorials i del Consorci d&#8217;Educaci\u00f3 de Barcelona.<\/p>\n<p>L&#8217;acreditaci\u00f3 de cadascun dels perfils constar\u00e0 anotada al registre inform\u00e0tic de professorat a excepci\u00f3 de\u00a0l&#8217;acreditaci\u00f3 del perfil professional de &#8220;Doc\u00e8ncia de dues especialitats a l&#8217;ESO&#8221;, que s&#8217;entendr\u00e0 acreditat\u00a0impl\u00edcitament amb el reconeixement de dues especialitats docents (una de les quals, en els cossos d&#8217;ensenyament secundari, per ser-ne titular).<\/p>\n<p>Les acreditacions anotades mitjan\u00e7ant aquest procediment autom\u00e0tic poden ser consultades pels\u00a0interessats al<span class=\"m_3190948698113155630Apple-converted-space\">\u00a0<\/span><a title=\"V\u00e9s a ATRI\" href=\"https:\/\/atriportal.gencat.cat\/\" target=\"_blank\" rel=\"noopener noreferrer\">portal ATRI<\/a>:<\/p>\n<ul>\n<li><strong>Expedient i formaci\u00f3 &gt; Expedient \u00a0&gt; Consulta de dades &gt; Altres dades del meu expedient,\u00a0<\/strong>i a l&#8217;\u00faltima pantalla<strong><span class=\"m_3190948698113155630Apple-converted-space\">\u00a0<\/span>Consulta de perfils professionals<\/strong><\/li>\n<\/ul>\n<p><strong>ACREDITACI\u00d3 DE FORMACI\u00d3<\/strong><\/p>\n<p>En el cas que un docent hagi realitzat una activitat de formaci\u00f3 la qual no acredita directament per un perfil, pot fer una <strong>Sol\u00b7licitud telem\u00e0tica d&#8217;associaci\u00f3 d&#8217;activitats de formaci\u00f3 i innovaci\u00f3 a perfils professionals, i de requisits de formaci\u00f3 per a la funci\u00f3 directiva <\/strong>a trav\u00e9s d&#8217;aquest <a href=\"https:\/\/aplicacions.gestioeducativa.gencat.cat\/pls\/apex\/f?p=2017002:500\">enlla\u00e7.<\/a><br \/>\nCal entrar a l&#8217;apartat <strong>La meva formaci\u00f3 <\/strong>i all\u00e0 seleccionar la pestanya <strong>No associada a perfil.\u00a0<\/strong>Un cop dins, apareixeran totes les activitats de formaci\u00f3 realitzades que no estan associades a cap perfil. Nom\u00e9s cal triar el perfil al qual es vol associar l&#8217;activitat en el desplegable i clicar al bot\u00f3 <strong>Associa perfil<br \/>\n<\/strong>En cas que la formaci\u00f3\/innovaci\u00f3 que voleu associar a un perfil no consti en aquesta pantalla heu de sol\u00b7licitar al Servei Territorial, per escrit, que us la registrin al vostre expedient. Quan ja consti enregistrada, podreu tramitar l&#8217;associaci\u00f3 al perfil.<\/p>\n<p><strong>NORMATIVA\u00a0<\/strong><\/p>\n<p>Podeu consultar la Normativa vigent en aquest <a href=\"http:\/\/ensenyament.gencat.cat\/ca\/arees-actuacio\/professors\/acreditacions\/perfils-professionals\/#bloc3\">enlla\u00e7<\/a>.<\/p>\n<p>&nbsp;<\/p>\n","protected":false},"excerpt":{"rendered":"<p>El Departament d&#8217;Educaci\u00f3 porta a terme l&#8217;acreditaci\u00f3 de perfils professionals\u00a0per a personal docent funcionari dependent del Departament (en qualsevol situaci\u00f3 administrativa) i per a professors interins de la borsa de treball de personal inter\u00ed docent del Departament (amb serveis prestats).<br \/>\nEls\u00a0perfils professionals\u00a0que es poden acreditar s\u00f3n&hellip;  <a href=\"https:\/\/serveiseducatius.xtec.cat\/baixmaresme\/formacio\/perfils-docents\/\" title=\"Read Perfils professionals\">Llegeix m\u00e9s\u00bb<\/a><\/p>\n","protected":false},"author":3,"featured_media":0,"parent":416,"menu_order":0,"comment_status":"closed","ping_status":"closed","template":"","meta":{"_bbp_topic_count":0,"_bbp_reply_count":0,"_bbp_total_topic_count":0,"_bbp_total_reply_count":0,"_bbp_voice_count":0,"_bbp_anonymous_reply_count":0,"_bbp_topic_count_hidden":0,"_bbp_reply_count_hidden":0,"_bbp_forum_subforum_count":0,"footnotes":""},"class_list":["post-9768","page","type-page","status-publish","hentry"],"post_mailing_queue_ids":[],"_links":{"self":[{"href":"https:\/\/serveiseducatius.xtec.cat\/baixmaresme\/wp-json\/wp\/v2\/pages\/9768","targetHints":{"allow":["GET"]}}],"collection":[{"href":"https:\/\/serveiseducatius.xtec.cat\/baixmaresme\/wp-json\/wp\/v2\/pages"}],"about":[{"href":"https:\/\/serveiseducatius.xtec.cat\/baixmaresme\/wp-json\/wp\/v2\/types\/page"}],"author":[{"embeddable":true,"href":"https:\/\/serveiseducatius.xtec.cat\/baixmaresme\/wp-json\/wp\/v2\/users\/3"}],"replies":[{"embeddable":true,"href":"https:\/\/serveiseducatius.xtec.cat\/baixmaresme\/wp-json\/wp\/v2\/comments?post=9768"}],"version-history":[{"count":4,"href":"https:\/\/serveiseducatius.xtec.cat\/baixmaresme\/wp-json\/wp\/v2\/pages\/9768\/revisions"}],"predecessor-version":[{"id":10127,"href":"https:\/\/serveiseducatius.xtec.cat\/baixmaresme\/wp-json\/wp\/v2\/pages\/9768\/revisions\/10127"}],"up":[{"embeddable":true,"href":"https:\/\/serveiseducatius.xtec.cat\/baixmaresme\/wp-json\/wp\/v2\/pages\/416"}],"wp:attachment":[{"href":"https:\/\/serveiseducatius.xtec.cat\/baixmaresme\/wp-json\/wp\/v2\/media?parent=9768"}],"curies":[{"name":"wp","href":"https:\/\/api.w.org\/{rel}","templated":true}]}}