{"id":608,"date":"2015-11-27T10:04:51","date_gmt":"2015-11-27T09:04:51","guid":{"rendered":"http:\/\/serveiseducatius.xtec.cat\/baixmaresme\/?page_id=608"},"modified":"2025-09-08T12:56:19","modified_gmt":"2025-09-08T10:56:19","slug":"horari-i-calendari","status":"publish","type":"page","link":"https:\/\/serveiseducatius.xtec.cat\/baixmaresme\/el-servei-educatiu\/horari-i-calendari\/","title":{"rendered":"Horari i calendari"},"content":{"rendered":"<p>De dilluns a dijous<\/p>\n<ul>\n<li>Mat\u00ed: de<strong> 9<\/strong> a <strong>14 <\/strong>h<\/li>\n<li>Tarda: de<strong> 15:30<\/strong> a <strong>17:30<\/strong> h<\/li>\n<\/ul>\n<p>Divendres:<\/p>\n<ul>\n<li>Mat\u00ed: de<strong> 9<\/strong> a <strong>14:30 <\/strong>h<\/li>\n<li>Tarda: Hora a convenir. S&#8217;ha de demanar cita pr\u00e8via.<\/li>\n<\/ul>\n<p>Horari intensiu, de <strong>8:30<\/strong> a <strong>14:30 h<\/strong>:<\/p>\n<ul>\n<li>Del 10 de juny al 15 de juliol de 2025 i durant el mateix per\u00edode que la facin els centres educatius de la zona.<\/li>\n<\/ul>\n<p>El servei educatiu romandr\u00e0 tancat al p\u00fablic, a part dels per\u00edodes de vacances escolars i dels dies de festes laborals oficials a Catalunya, els seg\u00fcents dies de festa local i de lliure disposici\u00f3, acordats pel Consell Escolar Municipal d&#8217;Alella.<\/p>\n<p>Els centres docents d\u2019Alella han establert com a festes de lliure disposici\u00f3:<\/p>\n<ul>\n<li>10 d\u2019octubre de 2025<\/li>\n<li>3 de novembre de 2025<\/li>\n<li>16 de febrer de 2026<\/li>\n<li>13 de mar\u00e7 de 2026<\/li>\n<li>30 d&#8217;abril de 2026<\/li>\n<\/ul>\n<p>Festes locals del municipi d\u2019Alella:<\/p>\n<ul>\n<li>25 de maig de 2025<\/li>\n<\/ul>\n","protected":false},"excerpt":{"rendered":"<p>De dilluns a dijous<\/p>\n<ul>\n<li>Mat\u00ed: de 9 a 14 h<\/li>\n<li>Tarda: de 15:30 a 17:30 h<\/li>\n<\/ul>\n<p>Divendres:<\/p>\n<ul>\n<li>Mat\u00ed: de 9 a 14:30 h<\/li>\n<li>Tarda: Hora a convenir. S&#8217;ha de demanar cita pr\u00e8via.<\/li>\n<\/ul>\n<p>Horari intensiu, de 8:30 a 14:30 h:<\/p>\n<ul>\n<li>Del 10 de juny al 15 de juliol de 2025 i durant el&hellip;  <a href=\"https:\/\/serveiseducatius.xtec.cat\/baixmaresme\/el-servei-educatiu\/horari-i-calendari\/\" title=\"Read Horari i calendari\">Llegeix m\u00e9s\u00bb<\/a><br \/>\n","protected":false},"author":1,"featured_media":0,"parent":806,"menu_order":30,"comment_status":"closed","ping_status":"closed","template":"page-templates\/side-menu.php","meta":{"_bbp_topic_count":0,"_bbp_reply_count":0,"_bbp_total_topic_count":0,"_bbp_total_reply_count":0,"_bbp_voice_count":0,"_bbp_anonymous_reply_count":0,"_bbp_topic_count_hidden":0,"_bbp_reply_count_hidden":0,"_bbp_forum_subforum_count":0,"footnotes":""},"class_list":["post-608","page","type-page","status-publish","hentry"],"post_mailing_queue_ids":[],"_links":{"self":[{"href":"https:\/\/serveiseducatius.xtec.cat\/baixmaresme\/wp-json\/wp\/v2\/pages\/608","targetHints":{"allow":["GET"]}}],"collection":[{"href":"https:\/\/serveiseducatius.xtec.cat\/baixmaresme\/wp-json\/wp\/v2\/pages"}],"about":[{"href":"https:\/\/serveiseducatius.xtec.cat\/baixmaresme\/wp-json\/wp\/v2\/types\/page"}],"author":[{"embeddable":true,"href":"https:\/\/serveiseducatius.xtec.cat\/baixmaresme\/wp-json\/wp\/v2\/users\/1"}],"replies":[{"embeddable":true,"href":"https:\/\/serveiseducatius.xtec.cat\/baixmaresme\/wp-json\/wp\/v2\/comments?post=608"}],"version-history":[{"count":5,"href":"https:\/\/serveiseducatius.xtec.cat\/baixmaresme\/wp-json\/wp\/v2\/pages\/608\/revisions"}],"predecessor-version":[{"id":11678,"href":"https:\/\/serveiseducatius.xtec.cat\/baixmaresme\/wp-json\/wp\/v2\/pages\/608\/revisions\/11678"}],"up":[{"embeddable":true,"href":"https:\/\/serveiseducatius.xtec.cat\/baixmaresme\/wp-json\/wp\/v2\/pages\/806"}],"wp:attachment":[{"href":"https:\/\/serveiseducatius.xtec.cat\/baixmaresme\/wp-json\/wp\/v2\/media?parent=608"}],"curies":[{"name":"wp","href":"https:\/\/api.w.org\/{rel}","templated":true}]}}