{"id":572,"date":"2015-11-26T21:44:54","date_gmt":"2015-11-26T20:44:54","guid":{"rendered":"http:\/\/serveiseducatius.xtec.cat\/baixmaresme\/?page_id=572"},"modified":"2020-11-17T15:33:51","modified_gmt":"2020-11-17T14:33:51","slug":"formacio-interna-fic","status":"publish","type":"page","link":"https:\/\/serveiseducatius.xtec.cat\/baixmaresme\/formacio\/formacio-interna-fic\/","title":{"rendered":"Formaci\u00f3 interna de centre (FIC)"},"content":{"rendered":"<p><a href=\"http:\/\/serveiseducatius.xtec.cat\/baixmaresme\/wp-content\/uploads\/usu107\/2015\/11\/fic1.png\"><img loading=\"lazy\" decoding=\"async\" class=\" wp-image-574 alignleft\" src=\"http:\/\/serveiseducatius.xtec.cat\/baixmaresme\/wp-content\/uploads\/usu107\/2015\/11\/fic1.png\" alt=\"fic\" width=\"76\" height=\"72\" \/><\/a>La formaci\u00f3 interna de centre (FIC) recull la tradici\u00f3 de treball intern que els centres porten a terme des de fa molts anys. T\u00e9 com a finalitat contribuir a l\u2019actualitzaci\u00f3 metodol\u00f2gica del professorat dels centres, donant valor a la seva experi\u00e8ncia i saber, per afavorir l\u2019increment de l\u2019\u00e8xit educatiu de l\u2019alumnat.<\/p>\n<p>Aquesta modalitat formativa t\u00e9 lloc dins de cada\u00a0centre educatiu, i s\u2019adre\u00e7a a la majoria del\u00a0claustre o a un col\u00b7lectiu espec\u00edfic d\u2019un centre.<\/p>\n<p>\u00c9s liderat i dinamitzat per un equip de\u00a0coordinaci\u00f3 format per tres persones del\u00a0centre entre les quals almenys una \u00e9s de\u00a0l\u2019equip directiu. No hi ha un formador extern tot i que es pot rebre assessorament puntual per part d&#8217;un o m\u00e9s ponents.<\/p>\n<p>El Departament ofereix uns <strong>itineraris guiats<\/strong> amb tot el material preparat per poder desenvolupar l&#8217;activitat al centre. Aquestes activitats tenen una durada de 45 hores, de les quals 30 han de ser de treball conjunt i 15 s&#8217;han de dedicar a treball individual o en grups redu\u00efts.<\/p>\n<p>Els centres que ja duen a terme un proc\u00e9s col\u00b7lectiu de reflexi\u00f3 i dinamitzaci\u00f3 interna, poden optar per desenvolupar un <strong>itinerari propi<\/strong>. En aquest cas, la durada de l&#8217;activitat ser\u00e0 de de 30 hores, de les quals 20 han de ser de treball conjunt i 10 s&#8217;han de dedicar a treball individual o en grups redu\u00efts.<\/p>\n<p>Si voleu engegar una formaci\u00f3 interna al vostre centre, poseu-vos en contacte amb nosaltres.Trobareu m\u00e9s informaci\u00f3 i una descripci\u00f3 dels itineraris guiats a l&#8217;<a href=\"http:\/\/ateneu.xtec.cat\/wikiform\/wikiexport\/fic\/dir\/index\">espai FIC de l&#8217;XTEC.<\/a><\/p>\n<p>&nbsp;<\/p>\n","protected":false},"excerpt":{"rendered":"<p><a href=\"http:\/\/serveiseducatius.xtec.cat\/baixmaresme\/wp-content\/uploads\/usu107\/2015\/11\/fic1.png\"><\/a>La formaci\u00f3 interna de centre (FIC) recull la tradici\u00f3 de treball intern que els centres porten a terme des de fa molts anys. T\u00e9 com a finalitat contribuir a l\u2019actualitzaci\u00f3 metodol\u00f2gica del professorat dels centres, donant valor a la seva experi\u00e8ncia i saber, per&hellip;  <a href=\"https:\/\/serveiseducatius.xtec.cat\/baixmaresme\/formacio\/formacio-interna-fic\/\" title=\"Read Formaci\u00f3 interna de centre (FIC)\">Llegeix m\u00e9s\u00bb<\/a><\/p>\n","protected":false},"author":1,"featured_media":0,"parent":416,"menu_order":16,"comment_status":"closed","ping_status":"closed","template":"","meta":{"_bbp_topic_count":0,"_bbp_reply_count":0,"_bbp_total_topic_count":0,"_bbp_total_reply_count":0,"_bbp_voice_count":0,"_bbp_anonymous_reply_count":0,"_bbp_topic_count_hidden":0,"_bbp_reply_count_hidden":0,"_bbp_forum_subforum_count":0,"footnotes":""},"class_list":["post-572","page","type-page","status-publish","hentry"],"post_mailing_queue_ids":[],"_links":{"self":[{"href":"https:\/\/serveiseducatius.xtec.cat\/baixmaresme\/wp-json\/wp\/v2\/pages\/572","targetHints":{"allow":["GET"]}}],"collection":[{"href":"https:\/\/serveiseducatius.xtec.cat\/baixmaresme\/wp-json\/wp\/v2\/pages"}],"about":[{"href":"https:\/\/serveiseducatius.xtec.cat\/baixmaresme\/wp-json\/wp\/v2\/types\/page"}],"author":[{"embeddable":true,"href":"https:\/\/serveiseducatius.xtec.cat\/baixmaresme\/wp-json\/wp\/v2\/users\/1"}],"replies":[{"embeddable":true,"href":"https:\/\/serveiseducatius.xtec.cat\/baixmaresme\/wp-json\/wp\/v2\/comments?post=572"}],"version-history":[{"count":4,"href":"https:\/\/serveiseducatius.xtec.cat\/baixmaresme\/wp-json\/wp\/v2\/pages\/572\/revisions"}],"predecessor-version":[{"id":9931,"href":"https:\/\/serveiseducatius.xtec.cat\/baixmaresme\/wp-json\/wp\/v2\/pages\/572\/revisions\/9931"}],"up":[{"embeddable":true,"href":"https:\/\/serveiseducatius.xtec.cat\/baixmaresme\/wp-json\/wp\/v2\/pages\/416"}],"wp:attachment":[{"href":"https:\/\/serveiseducatius.xtec.cat\/baixmaresme\/wp-json\/wp\/v2\/media?parent=572"}],"curies":[{"name":"wp","href":"https:\/\/api.w.org\/{rel}","templated":true}]}}