{"id":548,"date":"2015-11-26T18:10:47","date_gmt":"2015-11-26T17:10:47","guid":{"rendered":"http:\/\/serveiseducatius.xtec.cat\/baixmaresme\/?page_id=548"},"modified":"2023-03-06T09:28:49","modified_gmt":"2023-03-06T08:28:49","slug":"zona-formadors","status":"publish","type":"page","link":"https:\/\/serveiseducatius.xtec.cat\/baixmaresme\/formacio\/zona-formadors\/","title":{"rendered":"Zona formadors"},"content":{"rendered":"<p><img decoding=\"async\" class=\"alignleft\" src=\"http:\/\/serveiseducatius.xtec.cat\/baixmaresme\/wp-content\/uploads\/usu107\/2015\/11\/formador.png\" alt=\"\" \/><\/p>\n<p>Primer de tot, us agra\u00efm la vostra col\u00b7laboraci\u00f3 i us desitgem que gaudiu de l&#8217;experi\u00e8ncia com a formadors\/es.<\/p>\n<p>Per poder gestionar les vostres activitats com a formador\/a a GTAF, hem creat el seg\u00fcent Genial.ly. Aqu\u00ed tindreu informaci\u00f3 per poder descarregar els llistats d&#8217;assistents, per fer el seguiment de les sessions i per generar l&#8217;acta i firmar-la. Esperem que us sigui \u00fatil.<\/p>\n<p>&nbsp;<\/p>\n<p>&nbsp;<\/p>\n<div style=\"width: 100%;\">\n<div style=\"position: relative; padding-bottom: 56.25%; padding-top: 0; height: 0;\"><iframe loading=\"lazy\" style=\"position: absolute; top: 0; left: 0; width: 100%; height: 100%;\" title=\"Com tanquem una formaci\u00f3 amb GTAF?\" src=\"https:\/\/view.genial.ly\/63fdec1e89f4a60019ed4312\" width=\"1200\" height=\"675\" frameborder=\"0\" scrolling=\"yes\" allowfullscreen=\"allowfullscreen\"><\/iframe><\/div>\n<\/div>\n<p>&nbsp;<\/p>\n<p>Per qualsevol pregunta o dubte, podeu contactar amb el CRP del Baix Maresme mitjan\u00e7ant el correu electr\u00f2nic a8930009@xtec.cat o trucant al tel\u00e8fon 935545640<\/p>\n","protected":false},"excerpt":{"rendered":"<p>Primer de tot, us agra\u00efm la vostra col\u00b7laboraci\u00f3 i us desitgem que gaudiu de l&#8217;experi\u00e8ncia com a formadors\/es.<br \/>\nPer poder gestionar les vostres activitats com a formador\/a a GTAF, hem creat el seg\u00fcent Genial.ly. Aqu\u00ed tindreu informaci\u00f3 per poder descarregar els llistats d&#8217;assistents, per fer el&hellip;  <a href=\"https:\/\/serveiseducatius.xtec.cat\/baixmaresme\/formacio\/zona-formadors\/\" title=\"Read Zona formadors\">Llegeix m\u00e9s\u00bb<\/a><\/p>\n","protected":false},"author":1,"featured_media":0,"parent":416,"menu_order":30,"comment_status":"closed","ping_status":"closed","template":"","meta":{"_bbp_topic_count":0,"_bbp_reply_count":0,"_bbp_total_topic_count":0,"_bbp_total_reply_count":0,"_bbp_voice_count":0,"_bbp_anonymous_reply_count":0,"_bbp_topic_count_hidden":0,"_bbp_reply_count_hidden":0,"_bbp_forum_subforum_count":0,"footnotes":""},"class_list":["post-548","page","type-page","status-publish","hentry"],"post_mailing_queue_ids":[],"_links":{"self":[{"href":"https:\/\/serveiseducatius.xtec.cat\/baixmaresme\/wp-json\/wp\/v2\/pages\/548","targetHints":{"allow":["GET"]}}],"collection":[{"href":"https:\/\/serveiseducatius.xtec.cat\/baixmaresme\/wp-json\/wp\/v2\/pages"}],"about":[{"href":"https:\/\/serveiseducatius.xtec.cat\/baixmaresme\/wp-json\/wp\/v2\/types\/page"}],"author":[{"embeddable":true,"href":"https:\/\/serveiseducatius.xtec.cat\/baixmaresme\/wp-json\/wp\/v2\/users\/1"}],"replies":[{"embeddable":true,"href":"https:\/\/serveiseducatius.xtec.cat\/baixmaresme\/wp-json\/wp\/v2\/comments?post=548"}],"version-history":[{"count":4,"href":"https:\/\/serveiseducatius.xtec.cat\/baixmaresme\/wp-json\/wp\/v2\/pages\/548\/revisions"}],"predecessor-version":[{"id":10849,"href":"https:\/\/serveiseducatius.xtec.cat\/baixmaresme\/wp-json\/wp\/v2\/pages\/548\/revisions\/10849"}],"up":[{"embeddable":true,"href":"https:\/\/serveiseducatius.xtec.cat\/baixmaresme\/wp-json\/wp\/v2\/pages\/416"}],"wp:attachment":[{"href":"https:\/\/serveiseducatius.xtec.cat\/baixmaresme\/wp-json\/wp\/v2\/media?parent=548"}],"curies":[{"name":"wp","href":"https:\/\/api.w.org\/{rel}","templated":true}]}}