{"id":426,"date":"2024-04-25T16:25:57","date_gmt":"2024-04-25T14:25:57","guid":{"rendered":"http:\/\/serveiseducatius.xtec.cat\/baixmaresme\/?page_id=426"},"modified":"2025-05-16T11:18:28","modified_gmt":"2025-05-16T09:18:28","slug":"deteccio-necessitats","status":"publish","type":"page","link":"https:\/\/serveiseducatius.xtec.cat\/baixmaresme\/formacio\/deteccio-necessitats\/","title":{"rendered":"Detecci\u00f3 de necessitats"},"content":{"rendered":"<h4>Formularis de sol\u00b7licitud. PFZ 2025-2026. <span style=\"color: #ff0040;\">FORMULARIS TANCATS. Formularis tancats. Per a qualsevol dubte, podeu contactar amb el CRP.<\/span><\/h4>\n<h3><span style=\"background-color: #ccffff;\">Formaci\u00f3 en centre.\u00a0<\/span><\/h3>\n<p>\u00c9s aquella formaci\u00f3 que va adre\u00e7ada a la majoria del claustre o a un col\u00b7lectiu d&#8217;un centre.<\/p>\n<p>Hi ha tres tipus:<\/p>\n<ul>\n<li><strong>Assessorament\/Taller a centre<\/strong>. <span style=\"font-weight: 400;\">Modalitat formativa amb intervenci\u00f3 d\u2019un professional generalment extern que s\u2019adre\u00e7a a la majoria del claustre o a un col\u00b7lectiu d\u2019un centre. En cas que l\u2019imparteixi una persona formadora del claustre, caldr\u00e0 que pr\u00e8viament hagi realitzat assessoraments a altres centres i vehicular mecanismes per garantir que en el proc\u00e9s de reflexi\u00f3 es tingui una mirada externa. Les propostes d\u2019assessorament a c\u00e0rrec d\u2019un formador del propi centre han de ser proposades per la comissi\u00f3 del PFZ i el vistiplau de la Inspecci\u00f3 del centre.<\/span> <span style=\"font-weight: 400;\">\u00c9s liderat per l\u2019equip directiu. <a href=\"https:\/\/forms.gle\/7nF5jJnQ97oHUXCZ6\">Formulari de demanda Assessorament \/Taller<\/a><\/span><\/li>\n<li><span style=\"font-weight: 400;\"><strong>Formaci\u00f3 Interna de Centre (FIC)<\/strong>. Modalitat formativa que t\u00e9 lloc dins de cada centre educatiu, que s\u2019adre\u00e7a a la majoria del claustre o a un col\u00b7lectiu d\u2019un centre. <\/span><span style=\"font-weight: 400;\">\u00c9s liderat i dinamitzat per un equip de coordinaci\u00f3 del centre i com a m\u00ednim una d\u2019elles ha de ser de l\u2019equip directiu. Hi ha dos tipus:<\/span>\n<ul>\n<li><strong>Itineraris guiats<\/strong>. El Departament d&#8217;Educaci\u00f3 i Formaci\u00f3 Professional ofereix uns <a href=\"https:\/\/ateneu.xtec.cat\/wikiform\/wikiexport\/fic\/dir\/index\">itineraris guiats<\/a> que contenen eines d\u2019autodiagnosi, materials de formaci\u00f3 (orientacions, activitats, enlla\u00e7os, idees clau i bibliografia), protocols i instruments d\u2019avaluaci\u00f3. 45 hores. <a href=\"https:\/\/forms.gle\/BVjCn45CivRxzviy6\">Formulari de demanda: (FIC) Itinerari GUIAT\u00a0<\/a><\/li>\n<li><strong>Itineraris propis.<\/strong> Els centres que ja duen a terme un proc\u00e9s col\u00b7lectiu de reflexi\u00f3 i dinamitzaci\u00f3 interna podran optar per fer itineraris formatius propis. El CRP o la unitat responsable comprovar\u00e0 que l\u2019itinerari propi s\u2019adequa a les necessitats i les caracter\u00edstiques de la modalitat. 30 hores. <span style=\"color: #3366ff;\">Contacteu amb el CRP<\/span><\/li>\n<\/ul>\n<\/li>\n<li><strong>Visita formativa a centre<\/strong>. Modalitat formativa de car\u00e0cter concret i pr\u00e0ctic orientada a promoure un proc\u00e9s de reflexi\u00f3 sobre la pr\u00f2pia pr\u00e0ctica a partir de con\u00e8ixer i compartir experi\u00e8ncies d\u2019\u00e8xit o de bones pr\u00e0ctiques consolidades. Ha d\u2019implicar l\u2019equip docent i ha de conduir a la millora d\u2019algun aspecte metodol\u00f2gic, organitzatiu o de relaci\u00f3 amb l\u2019entorn. <a href=\"https:\/\/drive.google.com\/file\/d\/10tbjsO8eLfZNWFqDwpXdIcPVLMuKRcde\/view?usp=sharing\">Demanda: Visita formativa a centre<\/a><\/li>\n<\/ul>\n<h3><span style=\"background-color: #ccffff;\">Formaci\u00f3 per a centre.\u00a0<\/span><\/h3>\n<p><span style=\"font-weight: 400;\">La formaci\u00f3 per a centres \u00e9s una prioritat del Departament d&#8217;Educaci\u00f3 i Formaci\u00f3 Professional at\u00e8s que \u00e9s una eina de suport i d\u2019enfortiment del projecte educatiu de cada centre aprofitant l\u2019intercanvi pedag\u00f2gic i la formaci\u00f3 de persones de diferents centres educatius que actuen com a equips impulsors o responsables del seu centre.\u00a0<\/span><\/p>\n<p><span style=\"font-weight: 400;\">Les persones participants a la formaci\u00f3 per a centres tenen el comprom\u00eds de transferir i compartir el treball de la formaci\u00f3 en el seu centre.<\/span><\/p>\n<p>Actualment, des del CRP del Baix Maresme es dinamitzen els <a href=\"https:\/\/docs.google.com\/presentation\/d\/1YWniEgeeBBXy5m3FpBxB-EWKYGl4RyToOXHtujuS5cA\/edit?usp=sharing\">seg\u00fcents seminaris de coordinaci\u00f3<\/a>.<\/p>\n<p>Si en voleu proposar algun altre, poseu-vos en contacte amb el CRP.<\/p>\n<h3><span style=\"background-color: #ccffff;\">Formaci\u00f3 individual.\u00a0<\/span><\/h3>\n<p><span style=\"color: #000000;\">S\u00f3n les formacions que fan els docents a t\u00edtol individual. A part de tota l&#8217;<a href=\"https:\/\/xtec.gencat.cat\/ca\/formacio\/\">oferta formativa<\/a> que podeu trobar del Departament, es pot proposar formaci\u00f3 en obert dins del Pla de Formaci\u00f3 de Zona del Baix Maresme<strong>. <a href=\"https:\/\/forms.gle\/DJ9UYRjwzapT6XnF9\">Formulari de Demanda de formaci\u00f3 en obert.<\/a><\/strong><\/span><\/p>\n<h3><span style=\"background-color: #ccffff;\">Formaci\u00f3 LIC.<\/span><\/h3>\n<p><a href=\"https:\/\/drive.google.com\/file\/d\/1VCbIvDAJW5VJtWUWQlW5FrFhxWC4WiZN\/view?usp=sharing\">Propostes d&#8217;activitats de l&#8217;equip LIC pel Baix Maresme<\/a>. Si esteu interessats o teniu qualsevol dubte, contacteu amb els correus que hi ha a la presentaci\u00f3-<\/p>\n<p>Podeu fer la demanda a trav\u00e9s d&#8217;aquests formularis:<\/p>\n<ul>\n<li><a href=\"https:\/\/forms.gle\/mZ6EbgN94DvAj8xq8\">Activitats per infantil-prim\u00e0ria.<\/a><\/li>\n<li><a href=\"https:\/\/forms.gle\/RRoYuoG4Rtd2GMmi6\">Activitats per a Secund\u00e0ria<\/a>.<\/li>\n<\/ul>\n","protected":false},"excerpt":{"rendered":"<p>Formularis de sol\u00b7licitud. PFZ 2025-2026. FORMULARIS TANCATS. Formularis tancats. Per a qualsevol dubte, podeu contactar amb el CRP.<br \/>\nFormaci\u00f3 en centre.\u00a0<br \/>\n\u00c9s aquella formaci\u00f3 que va adre\u00e7ada a la majoria del claustre o a un col\u00b7lectiu d&#8217;un centre.<br \/>\nHi ha tres tipus:<\/p>\n<ul>\n<li>Assessorament\/Taller a centre. Modalitat formativa amb intervenci\u00f3&hellip;  <a href=\"https:\/\/serveiseducatius.xtec.cat\/baixmaresme\/formacio\/deteccio-necessitats\/\" title=\"Read Detecci\u00f3 de necessitats\">Llegeix m\u00e9s\u00bb<\/a><br \/>\n","protected":false},"author":1,"featured_media":0,"parent":416,"menu_order":70,"comment_status":"closed","ping_status":"closed","template":"page-templates\/side-menu.php","meta":{"_bbp_topic_count":0,"_bbp_reply_count":0,"_bbp_total_topic_count":0,"_bbp_total_reply_count":0,"_bbp_voice_count":0,"_bbp_anonymous_reply_count":0,"_bbp_topic_count_hidden":0,"_bbp_reply_count_hidden":0,"_bbp_forum_subforum_count":0,"footnotes":""},"class_list":["post-426","page","type-page","status-publish","hentry"],"post_mailing_queue_ids":[],"_links":{"self":[{"href":"https:\/\/serveiseducatius.xtec.cat\/baixmaresme\/wp-json\/wp\/v2\/pages\/426","targetHints":{"allow":["GET"]}}],"collection":[{"href":"https:\/\/serveiseducatius.xtec.cat\/baixmaresme\/wp-json\/wp\/v2\/pages"}],"about":[{"href":"https:\/\/serveiseducatius.xtec.cat\/baixmaresme\/wp-json\/wp\/v2\/types\/page"}],"author":[{"embeddable":true,"href":"https:\/\/serveiseducatius.xtec.cat\/baixmaresme\/wp-json\/wp\/v2\/users\/1"}],"replies":[{"embeddable":true,"href":"https:\/\/serveiseducatius.xtec.cat\/baixmaresme\/wp-json\/wp\/v2\/comments?post=426"}],"version-history":[{"count":6,"href":"https:\/\/serveiseducatius.xtec.cat\/baixmaresme\/wp-json\/wp\/v2\/pages\/426\/revisions"}],"predecessor-version":[{"id":11667,"href":"https:\/\/serveiseducatius.xtec.cat\/baixmaresme\/wp-json\/wp\/v2\/pages\/426\/revisions\/11667"}],"up":[{"embeddable":true,"href":"https:\/\/serveiseducatius.xtec.cat\/baixmaresme\/wp-json\/wp\/v2\/pages\/416"}],"wp:attachment":[{"href":"https:\/\/serveiseducatius.xtec.cat\/baixmaresme\/wp-json\/wp\/v2\/media?parent=426"}],"curies":[{"name":"wp","href":"https:\/\/api.w.org\/{rel}","templated":true}]}}