{"id":11575,"date":"2024-12-13T11:38:23","date_gmt":"2024-12-13T10:38:23","guid":{"rendered":"https:\/\/serveiseducatius.xtec.cat\/baixmaresme\/?page_id=11575"},"modified":"2024-12-16T13:34:18","modified_gmt":"2024-12-16T12:34:18","slug":"acces-de-centres","status":"publish","type":"page","link":"https:\/\/serveiseducatius.xtec.cat\/baixmaresme\/comunitat\/centres-educatius\/acces-de-centres\/","title":{"rendered":"Acc\u00e9s per als centres"},"content":{"rendered":"\n<p>En aquesta p\u00e0gina cada centre t\u00e9 acc\u00e9s a la seva carpeta de documents compartits amb el CRP.<\/p>\n\n\n\n<p><strong>Educaci\u00f3 prim\u00e0ria<\/strong><\/p>\n\n\n\n<div class=\"wp-block-getwid-toggle has-icon-left\">\n<div class=\"wp-block-getwid-toggle__row\"><div class=\"wp-block-getwid-toggle__header-wrapper\"><span class=\"wp-block-getwid-toggle__header\"><a href=\"#\"><span class=\"wp-block-getwid-toggle__header-title\">Escoles p\u00fabliques<\/span><span class=\"wp-block-getwid-toggle__icon is-active\"><i class=\"fas fa-plus\"><\/i><\/span><span class=\"wp-block-getwid-toggle__icon is-passive\"><i class=\"fas fa-minus\"><\/i><\/span><\/a><\/span><\/div><div class=\"wp-block-getwid-toggle__content-wrapper\"><div class=\"wp-block-getwid-toggle__content\">\n<figure class=\"wp-block-table\"><table><tbody><tr><td><a href=\"https:\/\/drive.google.com\/drive\/u\/1\/folders\/0B3Hupe6S3qaYNjQwNDFmYzctYTBlYS00ZWMwLTk0YjEtOTg4NDIzMzUzY2Jh?resourcekey=0-B8USb0IekB-17CtArVLinw\">Escola Fabra<\/a><\/td><td>Alella<\/td><\/tr><tr><td><a href=\"https:\/\/drive.google.com\/drive\/u\/1\/folders\/0B3Hupe6S3qaYYjNiMjUzMDktNTE0Ni00ODA1LThjNGMtZjE5NGI4N2E1ZDJj?resourcekey=0-EXCtGGq297XSSBKHFRmQtw\">Escola La Serreta<\/a><\/td><td>Alella<\/td><\/tr><tr><td><a href=\"https:\/\/drive.google.com\/drive\/u\/1\/folders\/0B3Hupe6S3qaYN2I3YWUyYmQtYjJlOS00YTA4LWFlZjctZjlhYzI1OTFiMDU2?resourcekey=0-hrzNMUsnKedCh7hz8sGHoQ\">Escola Argentona<\/a><\/td><td>Argentona<\/td><\/tr><tr><td><a href=\"https:\/\/drive.google.com\/drive\/u\/1\/folders\/0B3Hupe6S3qaYZmZkMTlhNDAtMjRlMi00YWNlLWI1MTAtZDQ3YWZiZDk1Zjdi?resourcekey=0-p7JvwpHxPtSqQx4xG41TIw\">Escola Bernat de Riudemeia<\/a><\/td><td>Argentona<\/td><\/tr><tr><td><a href=\"https:\/\/drive.google.com\/drive\/u\/1\/folders\/0B3Hupe6S3qaYZjlhYWVmNmQtOTAzOS00YmZkLTljYmQtYmU2MTdhNDI1NjJk?resourcekey=0-QkzYOVqf1XQapfgBH4YuFA\">Escola Les Fonts<\/a><\/td><td>Argentona<\/td><\/tr><tr><td><a href=\"https:\/\/drive.google.com\/drive\/u\/1\/folders\/18pHO22kNYcGdsqNUM89Z2Ct9T5N7YzcE\">Escola St. Miquel del Cros<\/a><\/td><td>Argentona<\/td><\/tr><tr><td><a href=\"https:\/\/drive.google.com\/drive\/u\/1\/folders\/0B3Hupe6S3qaYN2YwZjMzOTUtMWMzNC00NmE3LWJiNGItYjdjMTBkZTRjMjZm?resourcekey=0-En8UOoVIdktdoEM-OOuDUg\">Escola L&#8217;Olivera<\/a><\/td><td>Cabrils<\/td><\/tr><tr><td><a href=\"https:\/\/drive.google.com\/drive\/u\/1\/folders\/0B3Hupe6S3qaYNjcxOWU1MWItZDdiZS00YWNhLTk2M2EtZWVjZjI2OTkzNjhj?resourcekey=0-BFUYdLC0YId_pEjzroyAUA\">Escola Mas Maria<\/a><\/td><td>Cabrils<\/td><\/tr><tr><td><a href=\"https:\/\/drive.google.com\/drive\/u\/1\/folders\/0B3Hupe6S3qaYMDEzYWM2M2QtMmVkNy00ZjAzLThmZjMtMjUyMTU0MDllZDY2?resourcekey=0--x7G0DzKUW2wmhNuDJ4K8w\">Escola Castell de Dosrius<\/a><\/td><td>Dosrius<\/td><\/tr><tr><td><a href=\"https:\/\/drive.google.com\/drive\/u\/1\/folders\/0B3Hupe6S3qaYZTNmYTlhYWItNzBkMi00Nzk1LTkxNmItZWE2MjAwYzQ2Njhi?resourcekey=0-stv5QT6FGIcjYLoogOnnqw\">Escola Ferrer i Gu\u00e0rdia<\/a><\/td><td>El Masnou<\/td><\/tr><tr><td><a href=\"https:\/\/drive.google.com\/drive\/u\/1\/folders\/0B3Hupe6S3qaYYmNmNWFiN2ItMTA3OS00MGQ2LWJmNGQtNjlmNGI1OWExZDE4?resourcekey=0-WNiNqUEHgoLTDjlmrkCdEw\">Escola Marinada<\/a><\/td><td>El Masnou<\/td><\/tr><tr><td><a href=\"https:\/\/drive.google.com\/drive\/u\/1\/folders\/0B3Hupe6S3qaYYjU2ZjBmNTAtYTViYS00YWFmLTkzOWQtMDU3MDdmMzcwY2Fk?resourcekey=0-lcwi-zuzrQ7eOpw7mfQPNg\">Escola Ocata<\/a><\/td><td>El Masnou<\/td><\/tr><tr><td><a href=\"https:\/\/drive.google.com\/drive\/u\/1\/folders\/0B3Hupe6S3qaYYTBkODgzNDgtZDcwMC00NjdkLWIxNjgtMDViMzNhMzZhMDYz?resourcekey=0-8-vlsp0fuAZZMzMUYqgGdw\">Escola Rosa Sensat<\/a><\/td><td>El Masnou<\/td><\/tr><tr><td><a href=\"https:\/\/drive.google.com\/drive\/u\/1\/folders\/0B3Hupe6S3qaYMGJkODMzMDUtYzljNC00YTU0LTgzNTAtNWUxOGI0NDRkNWVi?resourcekey=0-Zji08xrM7n2ahyWXjiw4Jw\">Escola Marina<\/a><\/td><td>Montgat<\/td><\/tr><tr><td><a href=\"https:\/\/drive.google.com\/drive\/u\/1\/folders\/145eKA7GEBvSSb6Ajlf-zj3sNwVYd_EPQ\">Escola Norai<\/a><\/td><td>Montgat<\/td><\/tr><tr><td><a href=\"https:\/\/drive.google.com\/drive\/u\/1\/folders\/0B3Hupe6S3qaYOTgzMTBmOTUtM2MxYS00OTgxLThjMWUtOThlMTA4MDdjZmZm?resourcekey=0-56rx0eL39uW-ctkPZqRJYw\">Escola Salvador Espriu<\/a><\/td><td>Montgat<\/td><\/tr><tr><td><a href=\"https:\/\/drive.google.com\/drive\/u\/1\/folders\/0B3Hupe6S3qaYYzg5ZjNjYzgtZmM3Yy00NTAxLWI4ZWEtY2E5YjZkZDA3MzIy?resourcekey=0-iI4viesdLGndXDHT6lFDWQ\">Escola \u00d2rrius<\/a><\/td><td>\u00d2rrius<\/td><\/tr><tr><td><a href=\"https:\/\/drive.google.com\/drive\/u\/1\/folders\/0B3Hupe6S3qaYNGE4ZTVhNTQtYmZjZS00MWI2LTk2NGItM2UzMWE3NDA3MDlj?resourcekey=0-nx0PZVTMgv-Tag8jALH6kg\">Escola Mari\u00e0 Manent<\/a><\/td><td>Premi\u00e0 de Dalt<\/td><\/tr><tr><td><a href=\"https:\/\/drive.google.com\/drive\/u\/1\/folders\/0B3Hupe6S3qaYMDI1MGVjOGQtYTg2Ni00MjNiLTlkODMtN2Q0NGRjYjVmYTAy?resourcekey=0-Weiw4QRWa341ilATKYh3HA\">Escola El Dof\u00ed<\/a><\/td><td>Premi\u00e0 de Mar<\/td><\/tr><tr><td><a href=\"https:\/\/drive.google.com\/drive\/u\/1\/folders\/0B3Hupe6S3qaYMzlmZGJkNjYtYTA2Zi00MTdkLWI1OWQtOWE1Y2YyZjIyNjYy?resourcekey=0-l9KRqH0kKZQAh7uPJYBicg\">Escola La Li\u00f3<\/a><\/td><td>Premi\u00e0 de Mar<\/td><\/tr><tr><td><a href=\"https:\/\/drive.google.com\/drive\/u\/1\/folders\/0B-MqwPy11QJANm0ydGc2a3RJMkU?resourcekey=0-4sAna2ePlpZKg8KD5pZncw\">Escola Mar Nova<\/a><\/td><td>Premi\u00e0 de Mar<\/td><\/tr><tr><td><a href=\"https:\/\/drive.google.com\/drive\/u\/1\/folders\/0B3Hupe6S3qaYNWQyNmYyY2YtZmJjZC00YmIxLTgyYmItNGE1NDJmMzFkY2Ni?resourcekey=0-DLxWqmmuufGnhpF1UE3bQw\">Escola Montserrat<\/a><\/td><td>Premi\u00e0 de Mar<\/td><\/tr><tr><td><a href=\"https:\/\/drive.google.com\/drive\/u\/1\/folders\/0B3Hupe6S3qaYMDk4YzViMGUtNzE5My00NjBmLWEyYjQtZTg0ZjA0NGQ0YzEy?resourcekey=0-OVwaiBdSXJCapG0hYlHoRg\">Escola Sant Crist\u00f2fol<\/a><\/td><td>Premi\u00e0 de Mar<\/td><\/tr><tr><td><a href=\"https:\/\/drive.google.com\/drive\/u\/1\/folders\/0B3Hupe6S3qaYNzQ2MjcwNDMtNzVhYS00MWE5LTlkMDEtOTVkMWJiMmE4NGQ2?resourcekey=0-xZnCwF2RYfzBSiTUqSXX1A\">Escola El Cim<\/a><\/td><td>Tei\u00e0<\/td><\/tr><tr><td><a href=\"https:\/\/drive.google.com\/drive\/u\/1\/folders\/0B3Hupe6S3qaYNDQzNTAyZjgtZjA1Mi00YTcwLWJjNzQtZjM0ZjMxMmI4ODJk?resourcekey=0-1lQYrE4JovvFa9e9JPTnuA\">Escola Lola Anglada<\/a><\/td><td>Tiana<\/td><\/tr><tr><td><a href=\"https:\/\/drive.google.com\/drive\/u\/1\/folders\/0B3Hupe6S3qaYMzQ1NjM3MjUtY2QxNC00MDZlLWEyNGYtZWI0NDEzYzE4ODM4?resourcekey=0-aFlvdCTgWbfP5UtNqTqkug\">Escola Tiziana<\/a><\/td><td>Tiana<\/td><\/tr><tr><td><a href=\"https:\/\/drive.google.com\/drive\/u\/1\/folders\/0B3Hupe6S3qaYNmMzODQ2OWItMGM0YS00ZjM0LTg0ZDMtY2E4NWFiNTk0Mjdi?resourcekey=0-OxNKAWXOo3X3pslU_5iiIw\">Escola Francesc Maci\u00e0<\/a><\/td><td>Vilassar de Dalt<\/td><\/tr><tr><td><a href=\"https:\/\/drive.google.com\/drive\/u\/1\/folders\/0B3Hupe6S3qaYMTQ4MWVmOTgtMTE3YS00YzEyLTk2MmEtNzVhZGYzYjhmZTQy?resourcekey=0-oulhWR0Bgtt1-fXVASuptA\">Escola Els Alocs<\/a><\/td><td>Vilassar de Mar<\/td><\/tr><tr><td><a href=\"https:\/\/drive.google.com\/drive\/u\/1\/folders\/0B3Hupe6S3qaYZDBiOGUyNzYtN2E3ZC00YjZiLTlkNWMtYmQ4YmUzN2JiNWQw?resourcekey=0-wtWgqpftGE9p7OTtcN-x4g\">Escola del Mar<\/a><\/td><td>Vilassar de Mar<\/td><\/tr><tr><td><a href=\"https:\/\/drive.google.com\/drive\/u\/1\/folders\/0B3Hupe6S3qaYOTg3ZTE1ZWYtZjQyYi00NjJjLTg5Y2QtNGUzN2QwMzIwZTk0?resourcekey=0-CYpM7qPr_78mkg2jhPbrUA\">Escola P\u00e9rez Sala<\/a><\/td><td>Vilassar de Mar<\/td><\/tr><tr><td><a href=\"https:\/\/drive.google.com\/drive\/u\/1\/folders\/0ByZbQiFubJcQWjVRcmFkQ0hLeUU?resourcekey=0-1qZ_7IgvcZOt8b_Azuw8fQ\">Escola Vaixell Burriac<\/a><\/td><td>Vilassar de Mar<\/td><\/tr><\/tbody><\/table><\/figure>\n<\/div><\/div><\/div>\n\n\n\n<div class=\"wp-block-getwid-toggle__row\"><div class=\"wp-block-getwid-toggle__header-wrapper\"><span class=\"wp-block-getwid-toggle__header\"><a href=\"#\"><span class=\"wp-block-getwid-toggle__header-title\">Escoles concertades<\/span><span class=\"wp-block-getwid-toggle__icon is-active\"><i class=\"fas fa-plus\"><\/i><\/span><span class=\"wp-block-getwid-toggle__icon is-passive\"><i class=\"fas fa-minus\"><\/i><\/span><\/a><\/span><\/div><div class=\"wp-block-getwid-toggle__content-wrapper\"><div class=\"wp-block-getwid-toggle__content\">\n<figure class=\"wp-block-table\"><table><tbody><tr><td><a href=\"https:\/\/drive.google.com\/drive\/u\/1\/folders\/1dceysB8Wvz2RAorKfgqN-ES4qT21jhsI\" data-type=\"link\" data-id=\"https:\/\/drive.google.com\/drive\/u\/1\/folders\/1dceysB8Wvz2RAorKfgqN-ES4qT21jhsI\">Escola Sant Feliu<\/a><\/td><td>Cabrera de Mar<\/td><\/tr><tr><td><a href=\"https:\/\/drive.google.com\/drive\/u\/1\/folders\/1P6zRyrgPqMJpqM0dRI4VAj9HX2sCOBRA\" data-type=\"link\" data-id=\"https:\/\/drive.google.com\/drive\/u\/1\/folders\/1P6zRyrgPqMJpqM0dRI4VAj9HX2sCOBRA\">Escola Bergant\u00ed<\/a><\/td><td>El Masnou<\/td><\/tr><tr><td><a href=\"https:\/\/drive.google.com\/drive\/u\/1\/folders\/1kQ2tuwKhiI5WtlL9RvcVZhLKMSqdEkJn\" data-type=\"link\" data-id=\"https:\/\/drive.google.com\/drive\/u\/1\/folders\/1kQ2tuwKhiI5WtlL9RvcVZhLKMSqdEkJn\">Escola Escol\u00e0pies<\/a><\/td><td>El Masnou<\/td><\/tr><tr><td><a href=\"https:\/\/drive.google.com\/drive\/u\/1\/folders\/15WfAuUjaN9JnNkr6163m3Ghb8hodQ3eh\" data-type=\"link\" data-id=\"https:\/\/drive.google.com\/drive\/u\/1\/folders\/15WfAuUjaN9JnNkr6163m3Ghb8hodQ3eh\">Escola Mireia<\/a><\/td><td>Montgat<\/td><\/tr><tr><td><a href=\"https:\/\/drive.google.com\/drive\/u\/1\/folders\/0B3Hupe6S3qaYNmI4OWQ5NWUtNjlmOC00NjZkLTg1MWQtN2M4YzA3OTkyNDY2?resourcekey=0-c53f_kl_793LOKp-W18BEA\" data-type=\"link\" data-id=\"https:\/\/drive.google.com\/drive\/u\/1\/folders\/0B3Hupe6S3qaYNmI4OWQ5NWUtNjlmOC00NjZkLTg1MWQtN2M4YzA3OTkyNDY2?resourcekey=0-c53f_kl_793LOKp-W18BEA\">Escola Betlem<\/a><\/td><td>Premi\u00e0 de Dalt<\/td><\/tr><tr><td><a href=\"https:\/\/drive.google.com\/drive\/u\/1\/folders\/1t4QDk3r6VBNsXJoQjuO2wiRS0bwX8FP6\" data-type=\"link\" data-id=\"https:\/\/drive.google.com\/drive\/u\/1\/folders\/1t4QDk3r6VBNsXJoQjuO2wiRS0bwX8FP6\">Escola Ass\u00eds<\/a><\/td><td>Premi\u00e0 de Mar<\/td><\/tr><tr><td><a href=\"https:\/\/drive.google.com\/drive\/u\/1\/folders\/0B3Hupe6S3qaYOWYxNjllN2ItYzkxNC00NzNiLTk3Y2MtNzdkOWRhYjBhZDhk?resourcekey=0-tF3ZNQA8Ly34vWlAT4LcFA\" data-type=\"link\" data-id=\"https:\/\/drive.google.com\/drive\/u\/1\/folders\/0B3Hupe6S3qaYOWYxNjllN2ItYzkxNC00NzNiLTk3Y2MtNzdkOWRhYjBhZDhk?resourcekey=0-tF3ZNQA8Ly34vWlAT4LcFA\">Escola del Pilar<\/a><\/td><td>Premi\u00e0 de Mar<\/td><\/tr><tr><td><a href=\"https:\/\/drive.google.com\/drive\/u\/1\/folders\/1-cgTCuqRCLvfmZRudGPjp0Zm65R3CNx6\" data-type=\"link\" data-id=\"https:\/\/drive.google.com\/drive\/u\/1\/folders\/1-cgTCuqRCLvfmZRudGPjp0Zm65R3CNx6\">Escola La Salle<\/a><\/td><td>Premi\u00e0 de Mar<\/td><\/tr><tr><td><a href=\"https:\/\/drive.google.com\/drive\/u\/1\/folders\/1mcWBIWpGiRPbSr9xw-jCroL8luiNuIEB\">Escola La Inmaculada<\/a><\/td><td>Vilassar de Dalt<\/td><\/tr><tr><td><a href=\"https:\/\/drive.google.com\/drive\/u\/1\/folders\/0B3Hupe6S3qaYY2Y5ZDU1YzMtNGU4MS00MDhhLTliYzYtMDI0Mzk5ZDU4NzM4?resourcekey=0-JWXnYm8BYlYAlRbStVB4FQ\" data-type=\"link\" data-id=\"https:\/\/drive.google.com\/drive\/u\/1\/folders\/0B3Hupe6S3qaYY2Y5ZDU1YzMtNGU4MS00MDhhLTliYzYtMDI0Mzk5ZDU4NzM4?resourcekey=0-JWXnYm8BYlYAlRbStVB4FQ\">Escola Sant Jordi<\/a><\/td><td>Vilassar de Dalt<\/td><\/tr><tr><td><a href=\"https:\/\/drive.google.com\/drive\/u\/1\/folders\/1-cgTCuqRCLvfmZRudGPjp0Zm65R3CNx6\" data-type=\"link\" data-id=\"https:\/\/drive.google.com\/drive\/u\/1\/folders\/1-cgTCuqRCLvfmZRudGPjp0Zm65R3CNx6\">Escola La Presentaci\u00f3<\/a><\/td><td>Vilassar de Mar<\/td><\/tr><\/tbody><\/table><\/figure>\n<\/div><\/div><\/div>\n<\/div>\n\n\n\n<p><\/p>\n\n\n\n<p><strong>Educaci\u00f3 secund\u00e0ria<\/strong><\/p>\n\n\n\n<div class=\"wp-block-getwid-toggle has-icon-left\">\n<div class=\"wp-block-getwid-toggle__row\"><div class=\"wp-block-getwid-toggle__header-wrapper\"><span class=\"wp-block-getwid-toggle__header\"><a href=\"#\"><span class=\"wp-block-getwid-toggle__header-title\">Instituts p\u00fablics<\/span><span class=\"wp-block-getwid-toggle__icon is-active\"><i class=\"fas fa-plus\"><\/i><\/span><span class=\"wp-block-getwid-toggle__icon is-passive\"><i class=\"fas fa-minus\"><\/i><\/span><\/a><\/span><\/div><div class=\"wp-block-getwid-toggle__content-wrapper\"><div class=\"wp-block-getwid-toggle__content\">\n<figure class=\"wp-block-table\"><table><tbody><tr><td><a href=\"https:\/\/drive.google.com\/drive\/u\/1\/folders\/0B3Hupe6S3qaYNzM1ZGI4NjYtMjAwNS00YTZlLTg1MDEtNWY2ODE0OWZmNGE4?resourcekey=0-6iByNKV58Wum3twP2JG7hQ\" data-type=\"link\" data-id=\"https:\/\/drive.google.com\/drive\/u\/1\/folders\/0B3Hupe6S3qaYNzM1ZGI4NjYtMjAwNS00YTZlLTg1MDEtNWY2ODE0OWZmNGE4?resourcekey=0-6iByNKV58Wum3twP2JG7hQ\">Institut d&#8217;Alella<\/a><\/td><td>Alella<\/td><\/tr><tr><td><a href=\"https:\/\/drive.google.com\/drive\/u\/1\/folders\/0B3Hupe6S3qaYYTM2ZTBjZWItODU1Yi00NGMwLWFhYTMtOTA1NzhiY2NlODVl?resourcekey=0-BgJH5N_qrpJPcul7Ixs3cA\" data-type=\"link\" data-id=\"https:\/\/drive.google.com\/drive\/u\/1\/folders\/0B3Hupe6S3qaYYTM2ZTBjZWItODU1Yi00NGMwLWFhYTMtOTA1NzhiY2NlODVl?resourcekey=0-BgJH5N_qrpJPcul7Ixs3cA\">Institut Argentona<\/a><\/td><td>Argentona<\/td><\/tr><tr><td><a href=\"https:\/\/drive.google.com\/drive\/u\/1\/folders\/0B3Hupe6S3qaYNzc4MGY3NzYtNjY4Mi00YmZiLTkyNDktZDBkYzExNDExYWE0?resourcekey=0-UulQnCNp5qWzgLDC0pQxhw\" data-type=\"link\" data-id=\"https:\/\/drive.google.com\/drive\/u\/1\/folders\/0B3Hupe6S3qaYNzc4MGY3NzYtNjY4Mi00YmZiLTkyNDktZDBkYzExNDExYWE0?resourcekey=0-UulQnCNp5qWzgLDC0pQxhw\">Institut de Cabrils<\/a><\/td><td>Cabrils<\/td><\/tr><tr><td><a href=\"https:\/\/drive.google.com\/drive\/u\/1\/folders\/0B3Hupe6S3qaYMDUzYmNmMGUtZTcyMi00YWVhLTliOTktYWQxNjE1ZmVlNWUx?resourcekey=0-t7VfUxUtSCvI4IMBAcG0tg\" data-type=\"link\" data-id=\"https:\/\/drive.google.com\/drive\/u\/1\/folders\/0B3Hupe6S3qaYMDUzYmNmMGUtZTcyMi00YWVhLTliOTktYWQxNjE1ZmVlNWUx?resourcekey=0-t7VfUxUtSCvI4IMBAcG0tg\">Institut Els Roures<\/a><\/td><td>Dosrius<\/td><\/tr><tr><td><a href=\"https:\/\/drive.google.com\/drive\/u\/1\/folders\/0B3Hupe6S3qaYYjA2MmE2ZWEtNGY4ZS00YzcwLTkwYTUtMzI0MDg5MTc4ODRm?resourcekey=0-OFSPp1UF5nGPwz7TSsW3Lw\" data-type=\"link\" data-id=\"https:\/\/drive.google.com\/drive\/u\/1\/folders\/0B3Hupe6S3qaYYjA2MmE2ZWEtNGY4ZS00YzcwLTkwYTUtMzI0MDg5MTc4ODRm?resourcekey=0-OFSPp1UF5nGPwz7TSsW3Lw\">Institut Maremar<\/a><\/td><td>El Masnou<\/td><\/tr><tr><td><a href=\"https:\/\/drive.google.com\/drive\/u\/1\/folders\/0B3Hupe6S3qaYMDA1MTc0NTMtMTU3Zi00YmZmLTkwYmUtOGEwNjZkYTg4Mzhh?resourcekey=0-yhpTi1kf58Fb-P5M40qbwA\" data-type=\"link\" data-id=\"https:\/\/drive.google.com\/drive\/u\/1\/folders\/0B3Hupe6S3qaYMDA1MTc0NTMtMTU3Zi00YmZmLTkwYmUtOGEwNjZkYTg4Mzhh?resourcekey=0-yhpTi1kf58Fb-P5M40qbwA\">Institut Mediterr\u00e0nia<\/a><\/td><td>El Masnou<\/td><\/tr><tr><td><a href=\"https:\/\/drive.google.com\/drive\/u\/1\/folders\/0B3Hupe6S3qaYOTYwYjZmYzUtNmNhNi00ZjkyLWI3NDEtYjExNzlkYWQ2YmZi?resourcekey=0-0JPx0j8D8ai3qUN3y8gDtQ\" data-type=\"link\" data-id=\"https:\/\/drive.google.com\/drive\/u\/1\/folders\/0B3Hupe6S3qaYOTYwYjZmYzUtNmNhNi00ZjkyLWI3NDEtYjExNzlkYWQ2YmZi?resourcekey=0-0JPx0j8D8ai3qUN3y8gDtQ\">Institut Thalassa<\/a><\/td><td>Montgat<\/td><\/tr><tr><td><a href=\"https:\/\/drive.google.com\/drive\/u\/1\/folders\/0B3Hupe6S3qaYYzEyYjY5OWMtNjNkNi00NjI2LWE4NzYtNTgxZjkyYmFjNThj?resourcekey=0-PYBEDX9Bo9vkoRCMDaaxCw\" data-type=\"link\" data-id=\"https:\/\/drive.google.com\/drive\/u\/1\/folders\/0B3Hupe6S3qaYYzEyYjY5OWMtNjNkNi00NjI2LWE4NzYtNTgxZjkyYmFjNThj?resourcekey=0-PYBEDX9Bo9vkoRCMDaaxCw\">Institut Valeri\u00e0 Pujol<\/a><\/td><td>Premi\u00e0 de Dalt<\/td><\/tr><tr><td><a href=\"https:\/\/drive.google.com\/drive\/u\/1\/folders\/0B-MqwPy11QJAVTNmcV9UN01xNlE?resourcekey=0-UisMH1aHP7exz07qthGaPA\" data-type=\"link\" data-id=\"https:\/\/drive.google.com\/drive\/u\/1\/folders\/0B-MqwPy11QJAVTNmcV9UN01xNlE?resourcekey=0-UisMH1aHP7exz07qthGaPA\">Institut Premi\u00e0 de Mar<\/a><\/td><td>Premi\u00e0 de Mar<\/td><\/tr><tr><td><a href=\"https:\/\/drive.google.com\/drive\/u\/1\/folders\/1-s3zkSHPGiKWl8DJ0kcaTwdvvmTxB4A1\" data-type=\"link\" data-id=\"https:\/\/drive.google.com\/drive\/u\/1\/folders\/1-s3zkSHPGiKWl8DJ0kcaTwdvvmTxB4A1\">Institut Tur\u00f3 d&#8217;en Baldiri<\/a><\/td><td>Tei\u00e0<\/td><\/tr><tr><td><a href=\"https:\/\/drive.google.com\/drive\/u\/1\/folders\/1hUD6gt9WRaIMfpbBjBtmkTw-NMe-1OHZ\" data-type=\"link\" data-id=\"https:\/\/drive.google.com\/drive\/u\/1\/folders\/1hUD6gt9WRaIMfpbBjBtmkTw-NMe-1OHZ\">Institut Tiana<\/a><\/td><td>Tiana<\/td><\/tr><tr><td><a href=\"https:\/\/drive.google.com\/drive\/u\/1\/folders\/0B3Hupe6S3qaYMzFkMTUwYjItY2FkMi00ZTdhLTkxMmItZGM4NTBiYWZmNTdj?resourcekey=0-Y5n-1pwOpLWdQW6usZ9GvQ\" data-type=\"link\" data-id=\"https:\/\/drive.google.com\/drive\/u\/1\/folders\/0B3Hupe6S3qaYMzFkMTUwYjItY2FkMi00ZTdhLTkxMmItZGM4NTBiYWZmNTdj?resourcekey=0-Y5n-1pwOpLWdQW6usZ9GvQ\">Institut Jaume Almera<\/a><\/td><td>Vilassar de Dalt<\/td><\/tr><tr><td><a href=\"https:\/\/drive.google.com\/drive\/u\/1\/folders\/0B3Hupe6S3qaYODE2NWMyZTItMDM0MS00NTg4LTkyZjUtNjg3ZGEzODE3MDJi?resourcekey=0-ocYEJAfTBMD7fKk0xwJyEg\" data-type=\"link\" data-id=\"https:\/\/drive.google.com\/drive\/u\/1\/folders\/0B3Hupe6S3qaYODE2NWMyZTItMDM0MS00NTg4LTkyZjUtNjg3ZGEzODE3MDJi?resourcekey=0-ocYEJAfTBMD7fKk0xwJyEg\">Institut Pere Ribot<\/a><\/td><td>Vilassar de Mar<\/td><\/tr><tr><td><a href=\"https:\/\/drive.google.com\/drive\/u\/1\/folders\/0B3Hupe6S3qaYZWFmOGQwNjktMThkYS00ZGRmLWFmYzItYjY5NmQzNzA1OGQw?resourcekey=0-iKkcX5Qr7M7gjgvdBgxxRQ\" data-type=\"link\" data-id=\"https:\/\/drive.google.com\/drive\/u\/1\/folders\/0B3Hupe6S3qaYZWFmOGQwNjktMThkYS00ZGRmLWFmYzItYjY5NmQzNzA1OGQw?resourcekey=0-iKkcX5Qr7M7gjgvdBgxxRQ\">Institut Vilatzara<\/a><\/td><td>Vilassar de Mar<\/td><\/tr><\/tbody><\/table><\/figure>\n<\/div><\/div><\/div>\n\n\n\n<div class=\"wp-block-getwid-toggle__row\"><div class=\"wp-block-getwid-toggle__header-wrapper\"><span class=\"wp-block-getwid-toggle__header\"><a href=\"#\"><span class=\"wp-block-getwid-toggle__header-title\">Instituts\/Escola<\/span><span class=\"wp-block-getwid-toggle__icon is-active\"><i class=\"fas fa-plus\"><\/i><\/span><span class=\"wp-block-getwid-toggle__icon is-passive\"><i class=\"fas fa-minus\"><\/i><\/span><\/a><\/span><\/div><div class=\"wp-block-getwid-toggle__content-wrapper\"><div class=\"wp-block-getwid-toggle__content\">\n<figure class=\"wp-block-table\"><table><tbody><tr><td><a href=\"https:\/\/drive.google.com\/drive\/u\/1\/folders\/0B3Hupe6S3qaYMGEzNGYxMzEtMzZlMy00YTI1LTk0MjYtZDI4MTk4MWZhNmVi?resourcekey=0-iCZvLv-bJv_fwJpArYtEpg\">Institut-Escola Llu\u00eds Millet<\/a><\/td><td>El Masnou<\/td><\/tr><tr><td><a href=\"https:\/\/drive.google.com\/drive\/u\/1\/folders\/0B3Hupe6S3qaYMjdiMDJhMjgtYWRjNi00NGNlLWFhNmEtNDkzNDQyZDMyZTA0?resourcekey=0-4RkryYqf7vhym5-JGM1Rjw\">Institut-Escola Pla de l&#8217;Avell\u00e0<\/a><\/td><td>Cabrera de Mar<\/td><\/tr><tr><td><a href=\"https:\/\/drive.google.com\/drive\/u\/1\/folders\/1P6Ff98l9SmstrWb9OZMhFXlzOHV052LQ\">Institut-Escola Santa Anna<\/a><\/td><td>Premi\u00e0 de Mar<\/td><\/tr><\/tbody><\/table><\/figure>\n<\/div><\/div><\/div>\n<\/div>\n","protected":false},"excerpt":{"rendered":"<p>En aquesta p\u00e0gina cada centre t\u00e9 acc\u00e9s a la seva carpeta de documents compartits amb el CRP.<\/p>\n<p>Educaci\u00f3 prim\u00e0ria<\/p>\n<p><a href=\"#\">Escoles p\u00fabliques<\/a><br \/>\n<a href=\"https:\/\/drive.google.com\/drive\/u\/1\/folders\/0B3Hupe6S3qaYNjQwNDFmYzctYTBlYS00ZWMwLTk0YjEtOTg4NDIzMzUzY2Jh?resourcekey=0-B8USb0IekB-17CtArVLinw\">Escola Fabra<\/a>Alella<a href=\"https:\/\/drive.google.com\/drive\/u\/1\/folders\/0B3Hupe6S3qaYYjNiMjUzMDktNTE0Ni00ODA1LThjNGMtZjE5NGI4N2E1ZDJj?resourcekey=0-EXCtGGq297XSSBKHFRmQtw\">Escola La Serreta<\/a>Alella<a href=\"https:\/\/drive.google.com\/drive\/u\/1\/folders\/0B3Hupe6S3qaYN2I3YWUyYmQtYjJlOS00YTA4LWFlZjctZjlhYzI1OTFiMDU2?resourcekey=0-hrzNMUsnKedCh7hz8sGHoQ\">Escola Argentona<\/a>Argentona<a href=\"https:\/\/drive.google.com\/drive\/u\/1\/folders\/0B3Hupe6S3qaYZmZkMTlhNDAtMjRlMi00YWNlLWI1MTAtZDQ3YWZiZDk1Zjdi?resourcekey=0-p7JvwpHxPtSqQx4xG41TIw\">Escola Bernat de Riudemeia<\/a>Argentona<a href=\"https:\/\/drive.google.com\/drive\/u\/1\/folders\/0B3Hupe6S3qaYZjlhYWVmNmQtOTAzOS00YmZkLTljYmQtYmU2MTdhNDI1NjJk?resourcekey=0-QkzYOVqf1XQapfgBH4YuFA\">Escola Les Fonts<\/a>Argentona<a href=\"https:\/\/drive.google.com\/drive\/u\/1\/folders\/18pHO22kNYcGdsqNUM89Z2Ct9T5N7YzcE\">Escola St. Miquel del Cros<\/a>Argentona<a href=\"https:\/\/drive.google.com\/drive\/u\/1\/folders\/0B3Hupe6S3qaYN2YwZjMzOTUtMWMzNC00NmE3LWJiNGItYjdjMTBkZTRjMjZm?resourcekey=0-En8UOoVIdktdoEM-OOuDUg\">Escola L&#8217;Olivera<\/a>Cabrils<a href=\"https:\/\/drive.google.com\/drive\/u\/1\/folders\/0B3Hupe6S3qaYNjcxOWU1MWItZDdiZS00YWNhLTk2M2EtZWVjZjI2OTkzNjhj?resourcekey=0-BFUYdLC0YId_pEjzroyAUA\">Escola Mas Maria<\/a>Cabrils<a href=\"https:\/\/drive.google.com\/drive\/u\/1\/folders\/0B3Hupe6S3qaYMDEzYWM2M2QtMmVkNy00ZjAzLThmZjMtMjUyMTU0MDllZDY2?resourcekey=0--x7G0DzKUW2wmhNuDJ4K8w\">Escola&hellip;  <a href=\"https:\/\/serveiseducatius.xtec.cat\/baixmaresme\/comunitat\/centres-educatius\/acces-de-centres\/\" title=\"Read Acc\u00e9s per als centres\">Llegeix m\u00e9s\u00bb<\/a><\/p>\n","protected":false},"author":1,"featured_media":0,"parent":338,"menu_order":50,"comment_status":"closed","ping_status":"close","template":"page-templates\/side-menu.php","meta":{"_bbp_topic_count":0,"_bbp_reply_count":0,"_bbp_total_topic_count":0,"_bbp_total_reply_count":0,"_bbp_voice_count":0,"_bbp_anonymous_reply_count":0,"_bbp_topic_count_hidden":0,"_bbp_reply_count_hidden":0,"_bbp_forum_subforum_count":0,"footnotes":""},"class_list":["post-11575","page","type-page","status-publish","hentry"],"post_mailing_queue_ids":[],"_links":{"self":[{"href":"https:\/\/serveiseducatius.xtec.cat\/baixmaresme\/wp-json\/wp\/v2\/pages\/11575","targetHints":{"allow":["GET"]}}],"collection":[{"href":"https:\/\/serveiseducatius.xtec.cat\/baixmaresme\/wp-json\/wp\/v2\/pages"}],"about":[{"href":"https:\/\/serveiseducatius.xtec.cat\/baixmaresme\/wp-json\/wp\/v2\/types\/page"}],"author":[{"embeddable":true,"href":"https:\/\/serveiseducatius.xtec.cat\/baixmaresme\/wp-json\/wp\/v2\/users\/1"}],"replies":[{"embeddable":true,"href":"https:\/\/serveiseducatius.xtec.cat\/baixmaresme\/wp-json\/wp\/v2\/comments?post=11575"}],"version-history":[{"count":6,"href":"https:\/\/serveiseducatius.xtec.cat\/baixmaresme\/wp-json\/wp\/v2\/pages\/11575\/revisions"}],"predecessor-version":[{"id":11616,"href":"https:\/\/serveiseducatius.xtec.cat\/baixmaresme\/wp-json\/wp\/v2\/pages\/11575\/revisions\/11616"}],"up":[{"embeddable":true,"href":"https:\/\/serveiseducatius.xtec.cat\/baixmaresme\/wp-json\/wp\/v2\/pages\/338"}],"wp:attachment":[{"href":"https:\/\/serveiseducatius.xtec.cat\/baixmaresme\/wp-json\/wp\/v2\/media?parent=11575"}],"curies":[{"name":"wp","href":"https:\/\/api.w.org\/{rel}","templated":true}]}}