{"id":11091,"date":"2024-01-19T10:42:20","date_gmt":"2024-01-19T09:42:20","guid":{"rendered":"https:\/\/serveiseducatius.xtec.cat\/baixmaresme\/?page_id=11091"},"modified":"2024-11-26T12:49:24","modified_gmt":"2024-11-26T11:49:24","slug":"100-anys-de-radio-100-anys-explicant-histories","status":"publish","type":"page","link":"https:\/\/serveiseducatius.xtec.cat\/baixmaresme\/100-anys-de-radio-100-anys-explicant-histories\/","title":{"rendered":"100 anys de r\u00e0dio 100 anys explicant hist\u00f2ries"},"content":{"rendered":"<h2><strong>Cent anys explicant hist\u00f2ries<\/strong><\/h2>\n<p><img loading=\"lazy\" decoding=\"async\" class=\"wp-image-11092 size-full alignleft\" src=\"https:\/\/serveiseducatius.xtec.cat\/baixmaresme\/wp-content\/uploads\/usu107\/2024\/01\/100-anys-de-radio.jpg\" alt=\"\" width=\"795\" height=\"200\" srcset=\"https:\/\/serveiseducatius.xtec.cat\/baixmaresme\/wp-content\/uploads\/usu107\/2024\/01\/100-anys-de-radio.jpg 795w, https:\/\/serveiseducatius.xtec.cat\/baixmaresme\/wp-content\/uploads\/usu107\/2024\/01\/100-anys-de-radio-300x75.jpg 300w, https:\/\/serveiseducatius.xtec.cat\/baixmaresme\/wp-content\/uploads\/usu107\/2024\/01\/100-anys-de-radio-768x193.jpg 768w\" sizes=\"auto, (max-width: 795px) 100vw, 795px\" \/>El\u00a0<b>13 de febrer de 2024\u00a0<\/b>se celebra el<b>\u00a0Dia Mundial de la R\u00e0dio<\/b>.<\/p>\n<p>El Govern de la Generalitat ha aprovat que el pr\u00f2xim\u00a0<strong>any 2024 celebrar\u00e0 els 100 anys de la r\u00e0dio a Catalunya<\/strong>. Aquesta celebraci\u00f3 commemora la primera emissi\u00f3 de R\u00e0dio a Catalunya amb l\u2019emissi\u00f3 de R\u00e0dio Barcelona EAJ-1 el 1924.<\/p>\n<p>D\u2019altra banda, el desembre del 2011 l\u2019Assemblea General de les Nacions Unides en la seva 36a reuni\u00f3 van acordar la celebraci\u00f3\u00a0<strong>del dia Mundial de la R\u00e0dio el 13 de febrer\u00a0<\/strong>de cada any. Es va triar aquesta data, per ser el dia en qu\u00e8 es va establir la R\u00e0dio de les Nacions Unides el 1946.<\/p>\n<p>Fruit d\u2019aquest conjunt d&#8217;esdeveniments,\u00a0 s\u2019ha proposat dur a terme <strong>la preparaci\u00f3 col\u00b7laborativa d\u2019un programa radiof\u00f2nic al mes de febrer<\/strong> i coincidint amb <strong>el dia mundial de la r\u00e0dio.<\/strong><\/p>\n<p><a href=\"https:\/\/drive.google.com\/file\/d\/1kMKOJ5GOU60he-YbefCo-IXaGnAboEYz\/view\">Infografia<\/a> amb m\u00e9s informaci\u00f3<\/p>\n<h2>Centres participants del Baix Maresme<\/h2>\n<table style=\"border-collapse: collapse; width: 100%;\">\n<tbody>\n<tr>\n<td style=\"width: 50%; text-align: center;\">\n<h4>Nom de centre i poble<\/h4>\n<\/td>\n<td style=\"width: 50%; text-align: center;\">\n<h4>T\u00edtol de la llegenda i l&#8217;enlla\u00e7<\/h4>\n<\/td>\n<\/tr>\n<tr>\n<td style=\"width: 50%;\">EI Santa Anna &#8211; Premi\u00e0 de Dalt<\/td>\n<td style=\"width: 50%;\">The legend of Saint George<\/td>\n<\/tr>\n<tr>\n<td style=\"width: 50%;\">&nbsp;<\/p>\n<p>Institut Valeri\u00e0 Pujol &#8211; Premi\u00e0 de Dalt<\/td>\n<td style=\"width: 50%;\"><\/td>\n<\/tr>\n<tr>\n<td style=\"width: 50%;\">Institut Vilatzara &#8211; Vilassar de Mar<\/td>\n<td style=\"width: 50%;\"><a href=\"https:\/\/drive.google.com\/file\/d\/1hg0EmyZPCME49DM-Bicue_GB4q9YIll-\/view?usp=sharing\">La llegenda dels penja-ases de\u00a0Vilassar<\/a><\/td>\n<\/tr>\n<\/tbody>\n<\/table>\n<h2><\/h2>\n","protected":false},"excerpt":{"rendered":"<p>Cent anys explicant hist\u00f2ries<br \/>\nEl\u00a013 de febrer de 2024\u00a0se celebra el\u00a0Dia Mundial de la R\u00e0dio.<br \/>\nEl Govern de la Generalitat ha aprovat que el pr\u00f2xim\u00a0any 2024 celebrar\u00e0 els 100 anys de la r\u00e0dio a Catalunya. Aquesta celebraci\u00f3 commemora la primera emissi\u00f3 de R\u00e0dio a Catalunya amb l\u2019emissi\u00f3&hellip;  <a href=\"https:\/\/serveiseducatius.xtec.cat\/baixmaresme\/100-anys-de-radio-100-anys-explicant-histories\/\" title=\"Read 100 anys de r\u00e0dio 100 anys explicant hist\u00f2ries\">Llegeix m\u00e9s\u00bb<\/a><\/p>\n","protected":false},"author":5,"featured_media":0,"parent":0,"menu_order":0,"comment_status":"closed","ping_status":"closed","template":"","meta":{"_bbp_topic_count":0,"_bbp_reply_count":0,"_bbp_total_topic_count":0,"_bbp_total_reply_count":0,"_bbp_voice_count":0,"_bbp_anonymous_reply_count":0,"_bbp_topic_count_hidden":0,"_bbp_reply_count_hidden":0,"_bbp_forum_subforum_count":0,"footnotes":""},"class_list":["post-11091","page","type-page","status-publish","hentry"],"post_mailing_queue_ids":[],"_links":{"self":[{"href":"https:\/\/serveiseducatius.xtec.cat\/baixmaresme\/wp-json\/wp\/v2\/pages\/11091","targetHints":{"allow":["GET"]}}],"collection":[{"href":"https:\/\/serveiseducatius.xtec.cat\/baixmaresme\/wp-json\/wp\/v2\/pages"}],"about":[{"href":"https:\/\/serveiseducatius.xtec.cat\/baixmaresme\/wp-json\/wp\/v2\/types\/page"}],"author":[{"embeddable":true,"href":"https:\/\/serveiseducatius.xtec.cat\/baixmaresme\/wp-json\/wp\/v2\/users\/5"}],"replies":[{"embeddable":true,"href":"https:\/\/serveiseducatius.xtec.cat\/baixmaresme\/wp-json\/wp\/v2\/comments?post=11091"}],"version-history":[{"count":4,"href":"https:\/\/serveiseducatius.xtec.cat\/baixmaresme\/wp-json\/wp\/v2\/pages\/11091\/revisions"}],"predecessor-version":[{"id":11104,"href":"https:\/\/serveiseducatius.xtec.cat\/baixmaresme\/wp-json\/wp\/v2\/pages\/11091\/revisions\/11104"}],"wp:attachment":[{"href":"https:\/\/serveiseducatius.xtec.cat\/baixmaresme\/wp-json\/wp\/v2\/media?parent=11091"}],"curies":[{"name":"wp","href":"https:\/\/api.w.org\/{rel}","templated":true}]}}