{"id":10006,"date":"2020-12-02T17:44:22","date_gmt":"2020-12-02T16:44:22","guid":{"rendered":"https:\/\/serveiseducatius.xtec.cat\/baixmaresme\/?page_id=10006"},"modified":"2021-02-16T09:31:44","modified_gmt":"2021-02-16T08:31:44","slug":"consells-pedagogics-per-sessions-amb-videoconferencies","status":"publish","type":"page","link":"https:\/\/serveiseducatius.xtec.cat\/baixmaresme\/recursos\/consells-pedagogics-per-sessions-amb-videoconferencies\/","title":{"rendered":"Videoconfer\u00e8ncies"},"content":{"rendered":"<h3>Orientacions i recursos pel treball amb videoconfer\u00e8ncies<\/h3>\n<p>Compartim amb vosaltres un recull de consells, &#8216;tips&#8217;, informacions, articles i recomanacions per tal de millorar les estrat\u00e8gies en l&#8217;\u00fas de videotrucades en l&#8217;\u00e0mbit educatiu i afavorir un treball responsable i profit\u00f3s amb aquestes eines.<\/p>\n<h4><strong><span style=\"color: #000000;\">Aspectes a tenir en compte quan es fan videotrucades<\/span><\/strong><\/h4>\n<p><em><a style=\"color: #2795b6;\" href=\"https:\/\/www.cac.cat\/actualitat\/cac-i-educacio-elaboren-unes-recomanacions-bon-us-les-videotrucades-entorns-educatius\">El CAC i Educaci\u00f3 elaboren unes recomanacions per a un bon \u00fas de les videotrucades en entorns educatius.<\/a>\u00a0\u00a0(eduCAC)<\/em><\/p>\n<p><a href=\"https:\/\/www.cac.cat\/sites\/default\/files\/Recomanacions%20videotrucades_8_05_2020.jpg\"><img loading=\"lazy\" decoding=\"async\" class=\"wp-image-10030 aligncenter\" src=\"https:\/\/serveiseducatius.xtec.cat\/baixmaresme\/wp-content\/uploads\/usu107\/2020\/12\/infografia-videotrucades-300x196.jpg\" alt=\"\" width=\"387\" height=\"253\" srcset=\"https:\/\/serveiseducatius.xtec.cat\/baixmaresme\/wp-content\/uploads\/usu107\/2020\/12\/infografia-videotrucades-300x196.jpg 300w, https:\/\/serveiseducatius.xtec.cat\/baixmaresme\/wp-content\/uploads\/usu107\/2020\/12\/infografia-videotrucades-768x501.jpg 768w, https:\/\/serveiseducatius.xtec.cat\/baixmaresme\/wp-content\/uploads\/usu107\/2020\/12\/infografia-videotrucades-1024x668.jpg 1024w, https:\/\/serveiseducatius.xtec.cat\/baixmaresme\/wp-content\/uploads\/usu107\/2020\/12\/infografia-videotrucades.jpg 1046w\" sizes=\"auto, (max-width: 387px) 100vw, 387px\" \/><\/a><\/p>\n<p><a href=\"https:\/\/serveiseducatius.xtec.cat\/baixmaresme\/wp-content\/uploads\/usu107\/2020\/12\/Idees-classes-telem\u00e0tiques.jpg\" data-wp-editing=\"1\">Ideas para organizar las clases telem\u00e1ticas<\/a><\/p>\n<p><a href=\"https:\/\/serveiseducatius.xtec.cat\/baixmaresme\/wp-content\/uploads\/usu107\/2020\/12\/Idees-classes-telem\u00e0tiques.jpg\" data-wp-editing=\"1\"><img loading=\"lazy\" decoding=\"async\" class=\"aligncenter size-medium wp-image-10013\" src=\"https:\/\/serveiseducatius.xtec.cat\/baixmaresme\/wp-content\/uploads\/usu107\/2020\/12\/Idees-classes-telem\u00e0tiques-300x173.jpg\" alt=\"\" width=\"300\" height=\"173\" srcset=\"https:\/\/serveiseducatius.xtec.cat\/baixmaresme\/wp-content\/uploads\/usu107\/2020\/12\/Idees-classes-telem\u00e0tiques-300x173.jpg 300w, https:\/\/serveiseducatius.xtec.cat\/baixmaresme\/wp-content\/uploads\/usu107\/2020\/12\/Idees-classes-telem\u00e0tiques-768x444.jpg 768w, https:\/\/serveiseducatius.xtec.cat\/baixmaresme\/wp-content\/uploads\/usu107\/2020\/12\/Idees-classes-telem\u00e0tiques-1024x592.jpg 1024w, https:\/\/serveiseducatius.xtec.cat\/baixmaresme\/wp-content\/uploads\/usu107\/2020\/12\/Idees-classes-telem\u00e0tiques.jpg 1280w\" sizes=\"auto, (max-width: 300px) 100vw, 300px\" \/><\/a><\/p>\n<p><a href=\"https:\/\/view.genial.ly\/5eb3cacbd4d59a0d61ff7eee\/horizontal-infographic-review-claus-videoconferencia\">Claus per a l&#8217;ensenyament a dist\u00e0ncia.(EquipTIC+C ICE-UAB<\/a><\/p>\n<p><a href=\"https:\/\/view.genial.ly\/5eb3cacbd4d59a0d61ff7eee\/horizontal-infographic-review-claus-videoconferencia\"><img loading=\"lazy\" decoding=\"async\" class=\"aligncenter size-medium wp-image-10018\" src=\"https:\/\/serveiseducatius.xtec.cat\/baixmaresme\/wp-content\/uploads\/usu107\/2020\/12\/videoconfer\u00e8ncies-300x121.jpg\" alt=\"\" width=\"300\" height=\"121\" \/><\/a><\/p>\n<p><a href=\"https:\/\/drive.google.com\/file\/d\/1kdb7XI1_kzXdgpZ9DFPj9Ml2BpVuN_rJ\/view?usp=sharing\">Qu\u00e8 funciona en una videoconfer\u00e8ncia?<\/a> (Xarxa de compet\u00e8ncies b\u00e0siques)<\/p>\n<p><a href=\"https:\/\/serveiseducatius.xtec.cat\/baixmaresme\/wp-content\/uploads\/usu107\/2021\/01\/Qu\u00e8-funciona-en-una-videoconfer\u00e8ncia.jpeg\"><img loading=\"lazy\" decoding=\"async\" class=\"aligncenter wp-image-10105 size-medium\" src=\"https:\/\/serveiseducatius.xtec.cat\/baixmaresme\/wp-content\/uploads\/usu107\/2021\/01\/Qu\u00e8-funciona-en-una-videoconfer\u00e8ncia-208x300.jpeg\" alt=\"\" width=\"208\" height=\"300\" srcset=\"https:\/\/serveiseducatius.xtec.cat\/baixmaresme\/wp-content\/uploads\/usu107\/2021\/01\/Qu\u00e8-funciona-en-una-videoconfer\u00e8ncia-208x300.jpeg 208w, https:\/\/serveiseducatius.xtec.cat\/baixmaresme\/wp-content\/uploads\/usu107\/2021\/01\/Qu\u00e8-funciona-en-una-videoconfer\u00e8ncia.jpeg 540w\" sizes=\"auto, (max-width: 208px) 100vw, 208px\" \/><\/a><\/p>\n<p class=\"titol\"><a href=\"https:\/\/www.ccma.cat\/tv3\/tot-es-mou\/com-millorar-les-videotrucades\/noticia\/3074335\/\">Com millorar les videotrucades. <\/a>L&#8217;expert en tecnologia Toni Noguera ens dona consells, aplicacions i gadgets per millorar la qualitat de les videotrucades, un element que ha entrat al nostre dia a dia (&#8220;TOT ES MOU&#8221; TV3)<\/p>\n<p><a href=\"https:\/\/www.ccma.cat\/tv3\/tot-es-mou\/com-millorar-les-videotrucades\/noticia\/3074335\/\"><img loading=\"lazy\" decoding=\"async\" class=\"aligncenter wp-image-10162 size-medium\" src=\"https:\/\/serveiseducatius.xtec.cat\/baixmaresme\/wp-content\/uploads\/usu107\/2021\/02\/videotrucades-tv3-300x171.png\" alt=\"\" width=\"300\" height=\"171\" srcset=\"https:\/\/serveiseducatius.xtec.cat\/baixmaresme\/wp-content\/uploads\/usu107\/2021\/02\/videotrucades-tv3-300x171.png 300w, https:\/\/serveiseducatius.xtec.cat\/baixmaresme\/wp-content\/uploads\/usu107\/2021\/02\/videotrucades-tv3.png 608w\" sizes=\"auto, (max-width: 300px) 100vw, 300px\" \/><\/a><\/p>\n<h4><span style=\"color: #000000;\"><strong>Seguretat i protecci\u00f3 de dades personals<\/strong><\/span><\/h4>\n<ul>\n<li><a href=\"https:\/\/www.educac.cat\/actualitat\/les-videotrucades-una-finestra-la-intimitat\">Les videotrucades, una finestra a la intimitat\u00a0<\/a> (eduCAC)<\/li>\n<li><a href=\"https:\/\/andreyferreiroabogados.com\/2020\/06\/01\/educacion-on-line-vs-proteccion-de-datos-personales\/\">Educaci\u00f3n en l\u00ednea VS Protecci\u00f3n de datos personales<\/a> (Andrey Ferreiro Abogados)<\/li>\n<li><a href=\"https:\/\/inspecciondeeducacion.com\/preparacion-inspeccion-educacion-proteccion-de-datos\/\">La protecci\u00f3n de datos personales de los docentes y del alumnado en tiempos de la COVID-19<\/a> (Aula de inspecci\u00f3n)<\/li>\n<\/ul>\n<h4><span style=\"color: #000000;\"><strong>Ciberassetjament<\/strong><\/span><\/h4>\n<ul>\n<li><a href=\"https:\/\/www.educac.cat\/actualitat\/videotrucades-i-risc-ciberassetjament\">Videotrucades i el risc de ciberassetjament<\/a> (eduCAC)<\/li>\n<\/ul>\n<h4><span style=\"color: #000000;\"><strong>P<\/strong><strong style=\"font-family: inherit; font-size: 1em;\">lataformes<\/strong><\/span><\/h4>\n<ul>\n<li><a href=\"https:\/\/www.osi.es\/es\/actualidad\/blog\/2020\/05\/11\/plataformas-de-videoconferencia-y-aspectos-de-seguridad-que-te-interesa\">Plataformas de videoconferencia y aspectos de seguridad que te interesa conocer<\/a> (Oficina de Seguridad del Internauta\u00a0(<acronym>OSI<\/acronym>)<\/li>\n<\/ul>\n<div class=\"container-wrapper-genially\" style=\"position: relative; min-height: 400px; max-width: 100%;\">\n<p><video class=\"loader-genially\" style=\"position: absolute; top: 45%; left: 50%; transform: translate(-50%, -50%); width: 80px; height: 80px; margin-bottom: 10%;\" autoplay=\"autoplay\" loop=\"loop\" muted=\"muted\" width=\"300\" height=\"150\"><source src=\"https:\/\/static.genial.ly\/resources\/panel-loader-low.mp4\" type=\"video\/mp4\" \/>Your browser does not support the video tag.<\/video><\/p>\n<div class=\"container-wrapper-genially\" style=\"position: relative; min-height: 400px; max-width: 100%;\">\n<p>&nbsp;<\/p>\n<\/div>\n<\/div>\n","protected":false},"excerpt":{"rendered":"<p>Orientacions i recursos pel treball amb videoconfer\u00e8ncies<br \/>\nCompartim amb vosaltres un recull de consells, &#8216;tips&#8217;, informacions, articles i recomanacions per tal de millorar les estrat\u00e8gies en l&#8217;\u00fas de videotrucades en l&#8217;\u00e0mbit educatiu i afavorir un treball responsable i profit\u00f3s amb aquestes eines.<br \/>\nAspectes a tenir en compte&hellip;  <a href=\"https:\/\/serveiseducatius.xtec.cat\/baixmaresme\/recursos\/consells-pedagogics-per-sessions-amb-videoconferencies\/\" title=\"Read Videoconfer\u00e8ncies\">Llegeix m\u00e9s\u00bb<\/a><\/p>\n","protected":false},"author":5,"featured_media":0,"parent":906,"menu_order":0,"comment_status":"closed","ping_status":"closed","template":"","meta":{"_bbp_topic_count":0,"_bbp_reply_count":0,"_bbp_total_topic_count":0,"_bbp_total_reply_count":0,"_bbp_voice_count":0,"_bbp_anonymous_reply_count":0,"_bbp_topic_count_hidden":0,"_bbp_reply_count_hidden":0,"_bbp_forum_subforum_count":0,"footnotes":""},"class_list":["post-10006","page","type-page","status-publish","hentry"],"post_mailing_queue_ids":[],"_links":{"self":[{"href":"https:\/\/serveiseducatius.xtec.cat\/baixmaresme\/wp-json\/wp\/v2\/pages\/10006","targetHints":{"allow":["GET"]}}],"collection":[{"href":"https:\/\/serveiseducatius.xtec.cat\/baixmaresme\/wp-json\/wp\/v2\/pages"}],"about":[{"href":"https:\/\/serveiseducatius.xtec.cat\/baixmaresme\/wp-json\/wp\/v2\/types\/page"}],"author":[{"embeddable":true,"href":"https:\/\/serveiseducatius.xtec.cat\/baixmaresme\/wp-json\/wp\/v2\/users\/5"}],"replies":[{"embeddable":true,"href":"https:\/\/serveiseducatius.xtec.cat\/baixmaresme\/wp-json\/wp\/v2\/comments?post=10006"}],"version-history":[{"count":3,"href":"https:\/\/serveiseducatius.xtec.cat\/baixmaresme\/wp-json\/wp\/v2\/pages\/10006\/revisions"}],"predecessor-version":[{"id":10164,"href":"https:\/\/serveiseducatius.xtec.cat\/baixmaresme\/wp-json\/wp\/v2\/pages\/10006\/revisions\/10164"}],"up":[{"embeddable":true,"href":"https:\/\/serveiseducatius.xtec.cat\/baixmaresme\/wp-json\/wp\/v2\/pages\/906"}],"wp:attachment":[{"href":"https:\/\/serveiseducatius.xtec.cat\/baixmaresme\/wp-json\/wp\/v2\/media?parent=10006"}],"curies":[{"name":"wp","href":"https:\/\/api.w.org\/{rel}","templated":true}]}}