{"id":889,"date":"2015-11-29T15:07:18","date_gmt":"2015-11-29T14:07:18","guid":{"rendered":"http:\/\/serveiseducatius.xtec.cat\/se-baixllobregat8\/?page_id=889"},"modified":"2021-01-12T15:16:41","modified_gmt":"2021-01-12T14:16:41","slug":"revistes","status":"publish","type":"page","link":"https:\/\/serveiseducatius.xtec.cat\/baixllobregat8\/revistes\/","title":{"rendered":"Revistes"},"content":{"rendered":"<p><span style=\"color: #00ccff;\"><a style=\"color: #00ccff;\" href=\"https:\/\/espai.educacio.gencat.cat\/Recursos\/Biblioteca\/Biblioteca-virtual\/Revistes-electroniques\/Pagines\/default.aspx\" target=\"_blank\" rel=\"noopener noreferrer\"><strong>Revistes rebudes a la biblioteca del Departament d&#8217;Educaci\u00f3 que podeu consultar en l\u00ednia<\/strong><\/a><\/span><\/p>\n<p>*podeu accedir-hi amb el codi ATRI<\/p>\n<p><strong><a href=\"https:\/\/dialnet.unirioja.es\/servlet\/revista?codigo=4754\" target=\"_blank\" rel=\"noopener noreferrer\">\u00c0mbits de psicopedagogia<\/a><a href=\"http:\/\/ambitsdepsicopedagogiaiorientacio.cat\/?lang=es\"><br \/>\n<\/a><\/strong>Psicopedagogia i educaci\u00f3. S\u2019adre\u00e7a a professionals de la psicologia educativa, psicopedagogs, mestres i professionals vinculats al m\u00f3n educatiu.<br \/>\nArticles d&#8217;acc\u00e9s lliure.<\/p>\n<p><strong><a href=\"http:\/\/articles.grao.com\/\">Articles<br \/>\n<\/a><\/strong>Articles de Did\u00e0ctica de la Llengua i de la Literatura. T\u00e9 com a objectiu ser un instrument de formaci\u00f3 permanent dels professionals de l\u2019ensenyament de la llengua, un espai d\u2019intercanvi i de coneixements, opinions, recerques i experi\u00e8ncies.<\/p>\n<p><strong><a href=\"https:\/\/www.google.es\/url?sa=t&amp;rct=j&amp;q=&amp;esrc=s&amp;source=web&amp;cd=1&amp;cad=rja&amp;uact=8&amp;ved=0ahUKEwic45bT_7XJAhUHVRQKHWpqCNYQFgghMAA&amp;url=http%3A%2F%2Fauladesecundaria.grao.com%2F&amp;usg=AFQjCNFrjn4VaZXCLq7IXni-9RAMCmbMwg&amp;sig2=iJUEj1rWq3Wht_RAWKwVoQ\">Aula de secundaria<\/a><br \/>\n<\/strong>Revista bimestral dirigida especialment al professorat de l&#8217;etapa de secund\u00e0ria. Aporta eines de tutoria i orientaci\u00f3, aix\u00ed com reflexions i recursos de did\u00e0ctica.<\/p>\n<p><strong><a href=\"http:\/\/www.cuadernosdepedagogia.com\/\">Cuadernos de pedagog\u00eda<\/a><br \/>\n<\/strong>Revista mensual que ofereix tota l\u2019actualitat del sector de l\u2019ensenyament en forma d\u2019experi\u00e8ncies, articles d\u2019opini\u00f3, entrevistes, reportatges, legislaci\u00f3, propostes innovadores i ressenyes bibliogr\u00e0fiques.<\/p>\n<p><strong><a href=\"http:\/\/www.clijcat.cat\/faristol\/paginas\/\" target=\"_blank\" rel=\"noopener noreferrer\">Faristol<\/a><\/strong><br \/>\n\u00c9s la revista del Consell Catal\u00e0 del llibre per a Infants i Joves. Dirigida als mediadors i lectors amb la finalitat d\u2019ajudar-los a mantenir-se informats de l\u2019actualitat del llibre en catal\u00e0.<br \/>\nArticles d&#8217;acc\u00e9s lliure<\/p>\n<p><strong><a href=\"http:\/\/www.pamsa.cat\/pamsa\/revista\/sdo.html\" target=\"_blank\" rel=\"noopener noreferrer\">Serra d&#8217;Or<\/a><br \/>\n<\/strong>Iniciada el 1959 amb l&#8217;objectiu de divulgar l&#8217;alta cultura. \u00c9s una revista destacable dins l&#8217;entremat cultural dels Pa\u00efsos Catalans.<\/p>\n<p><strong><a href=\"http:\/\/www.eltemps.cat\/\" target=\"_blank\" rel=\"noopener noreferrer\">El temps<\/a><\/strong><\/p>\n<p>Setmanari d&#8217;informaci\u00f3 general dels Pa\u00efsos Catalans.<\/p>\n","protected":false},"excerpt":{"rendered":"<p>Revistes rebudes a la biblioteca del Departament d&#8217;Educaci\u00f3 que podeu consultar en l\u00ednia *podeu accedir-hi amb el codi ATRI \u00c0mbits de psicopedagogia Psicopedagogia i educaci\u00f3. S\u2019adre\u00e7a a professionals de la psicologia educativa, psicopedagogs, mestres i professionals vinculats al m\u00f3n educatiu. Articles d&#8217;acc\u00e9s lliure. Articles Articles de Did\u00e0ctica de la Llengua i de la Literatura. T\u00e9 [&hellip;]<\/p>\n","protected":false},"author":1,"featured_media":0,"parent":0,"menu_order":5,"comment_status":"open","ping_status":"closed","template":"","meta":{"_bbp_topic_count":0,"_bbp_reply_count":0,"_bbp_total_topic_count":0,"_bbp_total_reply_count":0,"_bbp_voice_count":0,"_bbp_anonymous_reply_count":0,"_bbp_topic_count_hidden":0,"_bbp_reply_count_hidden":0,"_bbp_forum_subforum_count":0,"site-sidebar-layout":"default","site-content-layout":"","ast-site-content-layout":"","site-content-style":"default","site-sidebar-style":"default","ast-global-header-display":"","ast-banner-title-visibility":"","ast-main-header-display":"","ast-hfb-above-header-display":"","ast-hfb-below-header-display":"","ast-hfb-mobile-header-display":"","site-post-title":"","ast-breadcrumbs-content":"","ast-featured-img":"","footer-sml-layout":"","theme-transparent-header-meta":"","adv-header-id-meta":"","stick-header-meta":"","header-above-stick-meta":"","header-main-stick-meta":"","header-below-stick-meta":"","astra-migrate-meta-layouts":"default","ast-page-background-enabled":"default","ast-page-background-meta":{"desktop":{"background-color":"var(--ast-global-color-4)","background-image":"","background-repeat":"repeat","background-position":"center center","background-size":"auto","background-attachment":"scroll","background-type":"","background-media":"","overlay-type":"","overlay-color":"","overlay-opacity":"","overlay-gradient":""},"tablet":{"background-color":"","background-image":"","background-repeat":"repeat","background-position":"center center","background-size":"auto","background-attachment":"scroll","background-type":"","background-media":"","overlay-type":"","overlay-color":"","overlay-opacity":"","overlay-gradient":""},"mobile":{"background-color":"","background-image":"","background-repeat":"repeat","background-position":"center center","background-size":"auto","background-attachment":"scroll","background-type":"","background-media":"","overlay-type":"","overlay-color":"","overlay-opacity":"","overlay-gradient":""}},"ast-content-background-meta":{"desktop":{"background-color":"var(--ast-global-color-5)","background-image":"","background-repeat":"repeat","background-position":"center center","background-size":"auto","background-attachment":"scroll","background-type":"","background-media":"","overlay-type":"","overlay-color":"","overlay-opacity":"","overlay-gradient":""},"tablet":{"background-color":"var(--ast-global-color-5)","background-image":"","background-repeat":"repeat","background-position":"center center","background-size":"auto","background-attachment":"scroll","background-type":"","background-media":"","overlay-type":"","overlay-color":"","overlay-opacity":"","overlay-gradient":""},"mobile":{"background-color":"var(--ast-global-color-5)","background-image":"","background-repeat":"repeat","background-position":"center center","background-size":"auto","background-attachment":"scroll","background-type":"","background-media":"","overlay-type":"","overlay-color":"","overlay-opacity":"","overlay-gradient":""}},"footnotes":""},"class_list":["post-889","page","type-page","status-publish","hentry"],"post_mailing_queue_ids":[],"_links":{"self":[{"href":"https:\/\/serveiseducatius.xtec.cat\/baixllobregat8\/wp-json\/wp\/v2\/pages\/889","targetHints":{"allow":["GET"]}}],"collection":[{"href":"https:\/\/serveiseducatius.xtec.cat\/baixllobregat8\/wp-json\/wp\/v2\/pages"}],"about":[{"href":"https:\/\/serveiseducatius.xtec.cat\/baixllobregat8\/wp-json\/wp\/v2\/types\/page"}],"author":[{"embeddable":true,"href":"https:\/\/serveiseducatius.xtec.cat\/baixllobregat8\/wp-json\/wp\/v2\/users\/1"}],"replies":[{"embeddable":true,"href":"https:\/\/serveiseducatius.xtec.cat\/baixllobregat8\/wp-json\/wp\/v2\/comments?post=889"}],"version-history":[{"count":4,"href":"https:\/\/serveiseducatius.xtec.cat\/baixllobregat8\/wp-json\/wp\/v2\/pages\/889\/revisions"}],"predecessor-version":[{"id":7940,"href":"https:\/\/serveiseducatius.xtec.cat\/baixllobregat8\/wp-json\/wp\/v2\/pages\/889\/revisions\/7940"}],"wp:attachment":[{"href":"https:\/\/serveiseducatius.xtec.cat\/baixllobregat8\/wp-json\/wp\/v2\/media?parent=889"}],"curies":[{"name":"wp","href":"https:\/\/api.w.org\/{rel}","templated":true}]}}