{"id":377,"date":"2015-11-25T14:17:51","date_gmt":"2015-11-25T13:17:51","guid":{"rendered":"http:\/\/serveiseducatius.xtec.cat\/se-baixllobregat8\/?page_id=377"},"modified":"2025-02-12T12:33:35","modified_gmt":"2025-02-12T11:33:35","slug":"escoles-bressol","status":"publish","type":"page","link":"https:\/\/serveiseducatius.xtec.cat\/baixllobregat8\/comunitat\/centres-educatius\/escoles-bressol\/","title":{"rendered":"Escoles bressol"},"content":{"rendered":"<p><strong>Esplugues de Llobregat<\/strong><\/p>\n<p><strong>Llar d&#8217;infants El Sucre<br \/>\n<\/strong>c.Josep Anselm Clav\u00e9, 82-86<br \/>\nTel. 933721503<br \/>\nCorreu electr\u00f2nic: a8048071@xtec.cat<br \/>\nWeb:<a href=\"http:\/\/llardinfantselsucre.blogspot.com.es\/\" target=\"_blank\" rel=\"noopener noreferrer\"> http:\/\/llardinfantselsucre.blogspot.com.es\/<\/a><\/p>\n<p><strong>Escola Bressol La Mainada<br \/>\n<\/strong>c. Baronessa de Mald\u00e0, 28<br \/>\nTel. 93 3723201<br \/>\nCorreu electr\u00f2nic: a8047534@xtec.cat<br \/>\nWeb:<\/p>\n<p style=\"text-align: justify;\"><strong>Llar d&#8217;infants Montesa<br \/>\n<\/strong>c. Serra del Montsec, 55<br \/>\nTel. 93 3723204<br \/>\nCorreu electr\u00f2nic: montesa@peretarres.org<br \/>\nWeb:<\/p>\n<p style=\"text-align: justify;\"><strong>Llar d&#8217;infants Montserrat<br \/>\n<\/strong>c. Cedres, 38<br \/>\nTel. 93 3727000<br \/>\nCorreu electr\u00f2nic: a8047558@xtec.cat<br \/>\nWeb: <a href=\"http:\/\/www.ebmmontserrat.cat\/\" target=\"_blank\" rel=\"noopener noreferrer\">http:\/\/www.ebmmontserrat.cat\/<\/a><\/p>\n<p style=\"text-align: justify;\"><strong>Sant Just Desvern<\/strong><\/p>\n<p style=\"text-align: justify;\"><strong>Escola Bressol Municipal<\/strong><strong>\u00a0Marrecs<br \/>\n<\/strong>av. Industria, 22<br \/>\nTel. 93 3714647<br \/>\nCorreu electr\u00f2nic: marrecs<span class=\"atwho-query\">@santjust.cat<\/span><br \/>\nWeb: <a href=\"https:\/\/escolesbressol.santjust.net\/\" target=\"_blank\" rel=\"noopener\">https:\/\/escolesbressol.santjust.net\/<\/a><\/p>\n<p style=\"text-align: justify;\"><strong>Escola Bressol Municipal<\/strong><strong> Mainada<br \/>\n<\/strong>av. Generalitat de Catalunya, 12<br \/>\nTel.<span style=\"color: #000000;\"> <a style=\"color: #000000;\" href=\"https:\/\/www.google.com\/search?q=mainada+sant+just&amp;rlz=1C1GCEA_enES1104ES1104&amp;oq=mainada+sant+just&amp;gs_lcrp=EgZjaHJvbWUqCggAEAAY4wIYgAQyCggAEAAY4wIYgAQyEAgBEC4YrwEYxwEYgAQYjgUyCAgCEAAYFhgeMgoIAxAAGIAEGKIEMgcIBBAAGO8FMgcIBRAAGO8F0gEIMzcwOWowajeoAgCwAgA&amp;sourceid=chrome&amp;ie=UTF-8#\" data-dtype=\"d3ph\" data-local-attribute=\"d3ph\" data-ved=\"2ahUKEwjCisWRg76LAxW4fKQEHSjdBnwQkAgoAHoECB0QAg\"><span aria-label=\"Truca al n\u00famero de tel\u00e8fon 935 15 50 73\">935 15 50 73<\/span><\/a><\/span><br \/>\nCorreu electr\u00f2nic: mainada<span class=\"\">@santjust<\/span>.cat<br \/>\nWeb: <a href=\"https:\/\/escolesbressol.santjust.net\/\" target=\"_blank\" rel=\"noopener\">https:\/\/escolesbressol.santjust.net\/<\/a><\/p>\n","protected":false},"excerpt":{"rendered":"<p>Esplugues de Llobregat Llar d&#8217;infants El Sucre c.Josep Anselm Clav\u00e9, 82-86 Tel. 933721503 Correu electr\u00f2nic: a8048071@xtec.cat Web: http:\/\/llardinfantselsucre.blogspot.com.es\/ Escola Bressol La Mainada c. Baronessa de Mald\u00e0, 28 Tel. 93 3723201 Correu electr\u00f2nic: a8047534@xtec.cat Web: Llar d&#8217;infants Montesa c. Serra del Montsec, 55 Tel. 93 3723204 Correu electr\u00f2nic: montesa@peretarres.org Web: Llar d&#8217;infants Montserrat c. Cedres, 38 [&hellip;]<\/p>\n","protected":false},"author":1,"featured_media":0,"parent":338,"menu_order":10,"comment_status":"closed","ping_status":"closed","template":"page-templates\/side-menu.php","meta":{"_bbp_topic_count":0,"_bbp_reply_count":0,"_bbp_total_topic_count":0,"_bbp_total_reply_count":0,"_bbp_voice_count":0,"_bbp_anonymous_reply_count":0,"_bbp_topic_count_hidden":0,"_bbp_reply_count_hidden":0,"_bbp_forum_subforum_count":0,"site-sidebar-layout":"default","site-content-layout":"","ast-site-content-layout":"","site-content-style":"default","site-sidebar-style":"default","ast-global-header-display":"","ast-banner-title-visibility":"","ast-main-header-display":"","ast-hfb-above-header-display":"","ast-hfb-below-header-display":"","ast-hfb-mobile-header-display":"","site-post-title":"","ast-breadcrumbs-content":"","ast-featured-img":"","footer-sml-layout":"","theme-transparent-header-meta":"","adv-header-id-meta":"","stick-header-meta":"","header-above-stick-meta":"","header-main-stick-meta":"","header-below-stick-meta":"","astra-migrate-meta-layouts":"default","ast-page-background-enabled":"default","ast-page-background-meta":{"desktop":{"background-color":"var(--ast-global-color-4)","background-image":"","background-repeat":"repeat","background-position":"center center","background-size":"auto","background-attachment":"scroll","background-type":"","background-media":"","overlay-type":"","overlay-color":"","overlay-opacity":"","overlay-gradient":""},"tablet":{"background-color":"","background-image":"","background-repeat":"repeat","background-position":"center center","background-size":"auto","background-attachment":"scroll","background-type":"","background-media":"","overlay-type":"","overlay-color":"","overlay-opacity":"","overlay-gradient":""},"mobile":{"background-color":"","background-image":"","background-repeat":"repeat","background-position":"center center","background-size":"auto","background-attachment":"scroll","background-type":"","background-media":"","overlay-type":"","overlay-color":"","overlay-opacity":"","overlay-gradient":""}},"ast-content-background-meta":{"desktop":{"background-color":"var(--ast-global-color-5)","background-image":"","background-repeat":"repeat","background-position":"center center","background-size":"auto","background-attachment":"scroll","background-type":"","background-media":"","overlay-type":"","overlay-color":"","overlay-opacity":"","overlay-gradient":""},"tablet":{"background-color":"var(--ast-global-color-5)","background-image":"","background-repeat":"repeat","background-position":"center center","background-size":"auto","background-attachment":"scroll","background-type":"","background-media":"","overlay-type":"","overlay-color":"","overlay-opacity":"","overlay-gradient":""},"mobile":{"background-color":"var(--ast-global-color-5)","background-image":"","background-repeat":"repeat","background-position":"center center","background-size":"auto","background-attachment":"scroll","background-type":"","background-media":"","overlay-type":"","overlay-color":"","overlay-opacity":"","overlay-gradient":""}},"footnotes":""},"class_list":["post-377","page","type-page","status-publish","hentry"],"post_mailing_queue_ids":[],"_links":{"self":[{"href":"https:\/\/serveiseducatius.xtec.cat\/baixllobregat8\/wp-json\/wp\/v2\/pages\/377","targetHints":{"allow":["GET"]}}],"collection":[{"href":"https:\/\/serveiseducatius.xtec.cat\/baixllobregat8\/wp-json\/wp\/v2\/pages"}],"about":[{"href":"https:\/\/serveiseducatius.xtec.cat\/baixllobregat8\/wp-json\/wp\/v2\/types\/page"}],"author":[{"embeddable":true,"href":"https:\/\/serveiseducatius.xtec.cat\/baixllobregat8\/wp-json\/wp\/v2\/users\/1"}],"replies":[{"embeddable":true,"href":"https:\/\/serveiseducatius.xtec.cat\/baixllobregat8\/wp-json\/wp\/v2\/comments?post=377"}],"version-history":[{"count":5,"href":"https:\/\/serveiseducatius.xtec.cat\/baixllobregat8\/wp-json\/wp\/v2\/pages\/377\/revisions"}],"predecessor-version":[{"id":11913,"href":"https:\/\/serveiseducatius.xtec.cat\/baixllobregat8\/wp-json\/wp\/v2\/pages\/377\/revisions\/11913"}],"up":[{"embeddable":true,"href":"https:\/\/serveiseducatius.xtec.cat\/baixllobregat8\/wp-json\/wp\/v2\/pages\/338"}],"wp:attachment":[{"href":"https:\/\/serveiseducatius.xtec.cat\/baixllobregat8\/wp-json\/wp\/v2\/media?parent=377"}],"curies":[{"name":"wp","href":"https:\/\/api.w.org\/{rel}","templated":true}]}}