{"id":306,"date":"2015-11-24T18:02:44","date_gmt":"2015-11-24T17:02:44","guid":{"rendered":"http:\/\/serveiseducatius.xtec.cat\/se-baixllobregat8\/?page_id=306"},"modified":"2024-09-03T13:42:07","modified_gmt":"2024-09-03T11:42:07","slug":"equip","status":"publish","type":"page","link":"https:\/\/serveiseducatius.xtec.cat\/baixllobregat8\/el-servei-educatiu\/equip\/","title":{"rendered":"Equip"},"content":{"rendered":"<p>Cada <a href=\"http:\/\/xtec.gencat.cat\/ca\/serveis\/sez\/\" target=\"_blank\" rel=\"noopener noreferrer\">servei educatiu<\/a> est\u00e0 format per un equip multidisciplinari:<\/p>\n<ul>\n<li style=\"list-style-type: none;\">\n<ul>\n<li><a href=\"http:\/\/xtec.gencat.cat\/ca\/serveis\/sez\/crp\/\" target=\"_blank\" rel=\"noopener noreferrer\"><strong>CRP <\/strong><\/a>(Centre de recursos pedag\u00f2gics): equip que dona\u00a0<strong>suport a l\u2019activitat pedag\u00f2gica dels centres<\/strong> i a la tasca docent de mestres i professorat, especialment, en temes de formaci\u00f3 permanent, de recursos pedag\u00f2gics i de dinamitzaci\u00f3 de projectes de centre i de la zona. Podeu consultar les activitats, recursos i not\u00edcies a l\u2019apartat din\u00e0mic del\u00a0<a href=\"https:\/\/serveiseducatius.xtec.cat\/baixllobregat8\/categoria\/crp\/\" target=\"_blank\" rel=\"noopener noreferrer\">CRP<\/a>.<\/li>\n<li><a href=\"http:\/\/xtec.gencat.cat\/ca\/serveis\/sez\/eap\/\" target=\"_blank\" rel=\"noopener noreferrer\"><strong>EAP <\/strong><\/a>(Equip d\u2019assesorament i orientaci\u00f3 psicopedag\u00f2gic)<span class=\"Apple-converted-space\">: equip<\/span> que dona\u00a0suport al professorat i als centres educatius en la resposta a la <strong>diversitat de l\u2019alumnat<\/strong> i en relaci\u00f3 als alumnes que presenten <strong>necessitats educatives especials<\/strong>, aix\u00ed com a les seves fam\u00edlies. Podeu consultar les activitats, recursos i not\u00edcies a l\u2019apartat din\u00e0mic de l&#8217;<a href=\"https:\/\/serveiseducatius.xtec.cat\/baixllobregat8\/categoria\/eap\/\" target=\"_blank\" rel=\"noopener noreferrer\">EAP<\/a>.<\/li>\n<li><a href=\"http:\/\/xtec.gencat.cat\/ca\/serveis\/sez\/elic\/\" target=\"_blank\" rel=\"noopener noreferrer\"><strong>ELIC <\/strong><\/a>(Equip d\u2019assessorament i orientaci\u00f3 en llengua, interculturalitat i cohesi\u00f3 social): que donen suport al professorat en l<strong>\u2019atenci\u00f3 a la diversitat<\/strong> relacionada amb l\u2019alumnat, especialment <strong>procedent de la immigraci\u00f3 i\/o amb l\u2019alumnat amb risc d\u2019exclusi\u00f3 social<\/strong>, en l\u2019\u00e0mbit dels centres educatius i els <a href=\"http:\/\/xtec.gencat.cat\/ca\/comunitat\/entorn_pee\/\" target=\"_blank\" rel=\"noopener noreferrer\"><strong>plans educatius d\u2019entorn<\/strong>.\u00a0<\/a>Podeu consultar les activitats, recursos i not\u00edcies a l\u2019apartat din\u00e0mic de l&#8217;<a href=\"https:\/\/serveiseducatius.xtec.cat\/baixllobregat8\/categoria\/elic\/\" target=\"_blank\" rel=\"noopener noreferrer\">ELIC.<\/a><\/li>\n<\/ul>\n<\/li>\n<\/ul>\n<p>El Servei Educatiu tamb\u00e9 treballa de forma coordinada amb el<a style=\"font-family: inherit; font-size: 1em;\" href=\"https:\/\/serveiseducatius.xtec.cat\/creda-baixllobregat\/\" target=\"_blank\" rel=\"noopener noreferrer\"> CREDA<\/a><span style=\"font-family: inherit; font-size: 1em;\"> (Centre de Recursos Educatius per a Deficients Auditius) del Baix Llobregat i amb el professorat que at\u00e9n l\u2019alumnat amb discapacitat visual.<\/span><\/p>\n<p><img loading=\"lazy\" decoding=\"async\" class=\"alignnone wp-image-8496 size-full\" src=\"https:\/\/serveiseducatius.xtec.cat\/baixllobregat8\/wp-content\/uploads\/usu777\/2021\/09\/Captura5.png\" alt=\"\" width=\"427\" height=\"328\" srcset=\"https:\/\/serveiseducatius.xtec.cat\/baixllobregat8\/wp-content\/uploads\/usu777\/2021\/09\/Captura5.png 427w, https:\/\/serveiseducatius.xtec.cat\/baixllobregat8\/wp-content\/uploads\/usu777\/2021\/09\/Captura5-300x230.png 300w\" sizes=\"auto, (max-width: 427px) 100vw, 427px\" \/><\/p>\n","protected":false},"excerpt":{"rendered":"<p>Cada servei educatiu est\u00e0 format per un equip multidisciplinari: CRP (Centre de recursos pedag\u00f2gics): equip que dona\u00a0suport a l\u2019activitat pedag\u00f2gica dels centres i a la tasca docent de mestres i professorat, especialment, en temes de formaci\u00f3 permanent, de recursos pedag\u00f2gics i de dinamitzaci\u00f3 de projectes de centre i de la zona. Podeu consultar les activitats, [&hellip;]<\/p>\n","protected":false},"author":1,"featured_media":0,"parent":806,"menu_order":20,"comment_status":"closed","ping_status":"closed","template":"page-templates\/side-menu.php","meta":{"_bbp_topic_count":0,"_bbp_reply_count":0,"_bbp_total_topic_count":0,"_bbp_total_reply_count":0,"_bbp_voice_count":0,"_bbp_anonymous_reply_count":0,"_bbp_topic_count_hidden":0,"_bbp_reply_count_hidden":0,"_bbp_forum_subforum_count":0,"site-sidebar-layout":"default","site-content-layout":"","ast-site-content-layout":"","site-content-style":"default","site-sidebar-style":"default","ast-global-header-display":"","ast-banner-title-visibility":"","ast-main-header-display":"","ast-hfb-above-header-display":"","ast-hfb-below-header-display":"","ast-hfb-mobile-header-display":"","site-post-title":"","ast-breadcrumbs-content":"","ast-featured-img":"","footer-sml-layout":"","theme-transparent-header-meta":"","adv-header-id-meta":"","stick-header-meta":"","header-above-stick-meta":"","header-main-stick-meta":"","header-below-stick-meta":"","astra-migrate-meta-layouts":"default","ast-page-background-enabled":"default","ast-page-background-meta":{"desktop":{"background-color":"var(--ast-global-color-4)","background-image":"","background-repeat":"repeat","background-position":"center center","background-size":"auto","background-attachment":"scroll","background-type":"","background-media":"","overlay-type":"","overlay-color":"","overlay-opacity":"","overlay-gradient":""},"tablet":{"background-color":"","background-image":"","background-repeat":"repeat","background-position":"center center","background-size":"auto","background-attachment":"scroll","background-type":"","background-media":"","overlay-type":"","overlay-color":"","overlay-opacity":"","overlay-gradient":""},"mobile":{"background-color":"","background-image":"","background-repeat":"repeat","background-position":"center center","background-size":"auto","background-attachment":"scroll","background-type":"","background-media":"","overlay-type":"","overlay-color":"","overlay-opacity":"","overlay-gradient":""}},"ast-content-background-meta":{"desktop":{"background-color":"var(--ast-global-color-5)","background-image":"","background-repeat":"repeat","background-position":"center center","background-size":"auto","background-attachment":"scroll","background-type":"","background-media":"","overlay-type":"","overlay-color":"","overlay-opacity":"","overlay-gradient":""},"tablet":{"background-color":"var(--ast-global-color-5)","background-image":"","background-repeat":"repeat","background-position":"center center","background-size":"auto","background-attachment":"scroll","background-type":"","background-media":"","overlay-type":"","overlay-color":"","overlay-opacity":"","overlay-gradient":""},"mobile":{"background-color":"var(--ast-global-color-5)","background-image":"","background-repeat":"repeat","background-position":"center center","background-size":"auto","background-attachment":"scroll","background-type":"","background-media":"","overlay-type":"","overlay-color":"","overlay-opacity":"","overlay-gradient":""}},"footnotes":""},"class_list":["post-306","page","type-page","status-publish","hentry"],"post_mailing_queue_ids":[],"_links":{"self":[{"href":"https:\/\/serveiseducatius.xtec.cat\/baixllobregat8\/wp-json\/wp\/v2\/pages\/306","targetHints":{"allow":["GET"]}}],"collection":[{"href":"https:\/\/serveiseducatius.xtec.cat\/baixllobregat8\/wp-json\/wp\/v2\/pages"}],"about":[{"href":"https:\/\/serveiseducatius.xtec.cat\/baixllobregat8\/wp-json\/wp\/v2\/types\/page"}],"author":[{"embeddable":true,"href":"https:\/\/serveiseducatius.xtec.cat\/baixllobregat8\/wp-json\/wp\/v2\/users\/1"}],"replies":[{"embeddable":true,"href":"https:\/\/serveiseducatius.xtec.cat\/baixllobregat8\/wp-json\/wp\/v2\/comments?post=306"}],"version-history":[{"count":5,"href":"https:\/\/serveiseducatius.xtec.cat\/baixllobregat8\/wp-json\/wp\/v2\/pages\/306\/revisions"}],"predecessor-version":[{"id":11417,"href":"https:\/\/serveiseducatius.xtec.cat\/baixllobregat8\/wp-json\/wp\/v2\/pages\/306\/revisions\/11417"}],"up":[{"embeddable":true,"href":"https:\/\/serveiseducatius.xtec.cat\/baixllobregat8\/wp-json\/wp\/v2\/pages\/806"}],"wp:attachment":[{"href":"https:\/\/serveiseducatius.xtec.cat\/baixllobregat8\/wp-json\/wp\/v2\/media?parent=306"}],"curies":[{"name":"wp","href":"https:\/\/api.w.org\/{rel}","templated":true}]}}