{"id":1853,"date":"2016-07-06T12:01:16","date_gmt":"2016-07-06T11:01:16","guid":{"rendered":"http:\/\/serveiseducatius.xtec.cat\/baixllobregat8\/?page_id=1853"},"modified":"2016-07-07T10:08:32","modified_gmt":"2016-07-07T09:08:32","slug":"cataleg-deducacio-secundaria-obligatoria","status":"publish","type":"page","link":"https:\/\/serveiseducatius.xtec.cat\/baixllobregat8\/recursos\/cataleg-propi\/cataleg-deducacio-secundaria-obligatoria\/","title":{"rendered":"Cat\u00e0leg d\u2019Educaci\u00f3 Secund\u00e0ria Obligat\u00f2ria"},"content":{"rendered":"<h2>ESO<\/h2>\n<ul>\n<li>Ci\u00e8ncies de la naturalesa \/ F\u00edsica i qu\u00edmica \/ Geologia i biologia\n<ul>\n<li><a href=\"http:\/\/merli.xtec.cat\/merli\/ServletCerca?unitatCerca=8930035&amp;nivell_educatiu=2221&amp;area_curricular=2265&amp;ordenacio=data&amp;&amp;filtreRecurs=fisic&quot; target=&quot;_blank\" target=\"_blank\">Recursos f\u00edsics<\/a><\/li>\n<li><a href=\"http:\/\/merli.xtec.cat\/merli\/ServletCerca?nivell_educatiu=2221&amp;area_curricular=2265&amp;ordenacio=data&amp;filtreRecurs=enlinia&quot; target=&quot;_blank\" target=\"_blank\">Recursos en l\u00ednia<\/a><\/li>\n<\/ul>\n<\/li>\n<li>Ci\u00e8ncies socials, geografia i hist\u00f2ria\n<ul>\n<li><a href=\"http:\/\/merli.xtec.cat\/merli\/ServletCerca?unitatCerca=8930035&amp;nivell_educatiu=2221&amp;area_curricular=2266&amp;ordenacio=data&amp;&amp;filtreRecurs=fisic&quot; target=&quot;_blank\" target=\"_blank\">Recursos f\u00edsics<\/a><\/li>\n<li><a href=\"http:\/\/merli.xtec.cat\/merli\/ServletCerca?nivell_educatiu=2221&amp;area_curricular=2266&amp;ordenacio=data&amp;filtreRecurs=enlinia&quot; target=&quot;_blank\" target=\"_blank\">Recursos en l\u00ednia<\/a><\/li>\n<\/ul>\n<\/li>\n<li>Compet\u00e8ncies b\u00e0siques\n<ul>\n<li><a href=\"http:\/\/merli.xtec.cat\/merli\/ServletCerca?unitatCerca=8930035&amp;nivell_educatiu=2221&amp;area_curricular=8971&amp;ordenacio=data&amp;&amp;filtreRecurs=fisic&quot; target=&quot;_blank\" target=\"_blank\">Recursos f\u00edsics<\/a><\/li>\n<li><a href=\"http:\/\/merli.xtec.cat\/merli\/ServletCerca?nivell_educatiu=2221&amp;area_curricular=8971&amp;ordenacio=data&amp;filtreRecurs=enlinia&quot; target=&quot;_blank\" target=\"_blank\">Recursos en l\u00ednia<\/a><\/li>\n<\/ul>\n<\/li>\n<li>Cultura cl\u00e0ssica\n<ul>\n<li><a href=\"http:\/\/merli.xtec.cat\/merli\/ServletCerca?unitatCerca=8930035&amp;nivell_educatiu=2221&amp;area_curricular=3466&amp;ordenacio=data&amp;&amp;filtreRecurs=fisic&quot; target=&quot;_blank\" target=\"_blank\">Recursos f\u00edsics<\/a><\/li>\n<li><a href=\"http:\/\/merli.xtec.cat\/merli\/ServletCerca?nivell_educatiu=2221&amp;area_curricular=3466&amp;ordenacio=data&amp;filtreRecurs=enlinia&quot; target=&quot;_blank\" target=\"_blank\">Recursos en l\u00ednia<\/a><\/li>\n<\/ul>\n<\/li>\n<li>Educaci\u00f3 f\u00edsica\n<ul>\n<li><a href=\"http:\/\/merli.xtec.cat\/merli\/ServletCerca?unitatCerca=8930035&amp;nivell_educatiu=2221&amp;area_curricular=2267&amp;ordenacio=data&amp;&amp;filtreRecurs=fisic&quot; target=&quot;_blank\" target=\"_blank\">Recursos f\u00edsics<\/a><\/li>\n<li><a href=\"http:\/\/merli.xtec.cat\/merli\/ServletCerca?nivell_educatiu=2221&amp;area_curricular=2267&amp;ordenacio=data&amp;filtreRecurs=enlinia&quot; target=&quot;_blank\" target=\"_blank\">Recursos en l\u00ednia<\/a><\/li>\n<\/ul>\n<\/li>\n<li>Educaci\u00f3 per al desenvolupament personal i la ciutadania\n<ul>\n<li><a href=\"http:\/\/merli.xtec.cat\/merli\/ServletCerca?unitatCerca=8930035&amp;nivell_educatiu=2221&amp;area_curricular=6298&amp;ordenacio=data&amp;&amp;filtreRecurs=fisic&quot; target=&quot;_blank\" target=\"_blank\">Recursos f\u00edsics<\/a><\/li>\n<li><a href=\"http:\/\/merli.xtec.cat\/merli\/ServletCerca?nivell_educatiu=2221&amp;area_curricular=6298&amp;ordenacio=data&amp;filtreRecurs=enlinia&quot; target=&quot;_blank\" target=\"_blank\">Recursos en l\u00ednia<\/a><\/li>\n<\/ul>\n<\/li>\n<li>Educaci\u00f3 visual i pl\u00e0stica\n<ul>\n<li><a href=\"http:\/\/merli.xtec.cat\/merli\/ServletCerca?unitatCerca=8930035&amp;nivell_educatiu=2221&amp;area_curricular=2269&amp;ordenacio=data&amp;&amp;filtreRecurs=fisic&quot; target=&quot;_blank\" target=\"_blank\">Recursos f\u00edsics<\/a><\/li>\n<li><a href=\"http:\/\/merli.xtec.cat\/merli\/ServletCerca?nivell_educatiu=2221&amp;area_curricular=2269&amp;ordenacio=data&amp;filtreRecurs=enlinia&quot; target=&quot;_blank\" target=\"_blank\">Recursos en l\u00ednia<\/a><\/li>\n<\/ul>\n<\/li>\n<li>Hist\u00f2ria i cultura de les religions\n<ul>\n<li><a href=\"http:\/\/merli.xtec.cat\/merli\/ServletCerca?unitatCerca=8930035&amp;nivell_educatiu=2221&amp;area_curricular=8647&amp;ordenacio=data&amp;&amp;filtreRecurs=fisic&quot; target=&quot;_blank\" target=\"_blank\">Recursos f\u00edsics<\/a><\/li>\n<li><a href=\"http:\/\/merli.xtec.cat\/merli\/ServletCerca?nivell_educatiu=2221&amp;area_curricular=8647&amp;ordenacio=data&amp;filtreRecurs=enlinia&quot; target=&quot;_blank\" target=\"_blank\">Recursos en l\u00ednia<\/a><\/li>\n<\/ul>\n<\/li>\n<li>Llat\u00ed\n<ul>\n<li><a href=\"http:\/\/merli.xtec.cat\/merli\/ServletCerca?unitatCerca=8930035&amp;nivell_educatiu=2221&amp;area_curricular=8726&amp;ordenacio=data&amp;&amp;filtreRecurs=fisic&quot; target=&quot;_blank\" target=\"_blank\">Recursos f\u00edsics<\/a><\/li>\n<li><a href=\"http:\/\/merli.xtec.cat\/merli\/ServletCerca?nivell_educatiu=2221&amp;area_curricular=8726&amp;ordenacio=data&amp;filtreRecurs=enlinia&quot; target=&quot;_blank\" target=\"_blank\">Recursos en l\u00ednia<\/a><\/li>\n<\/ul>\n<\/li>\n<li>Llengua castellana i literatura\n<ul>\n<li><a href=\"http:\/\/merli.xtec.cat\/merli\/ServletCerca?unitatCerca=8930035&amp;nivell_educatiu=2221&amp;area_curricular=2262&amp;ordenacio=data&amp;&amp;filtreRecurs=fisic&quot; target=&quot;_blank\" target=\"_blank\">Recursos f\u00edsics<\/a><\/li>\n<li><a href=\"http:\/\/merli.xtec.cat\/merli\/ServletCerca?nivell_educatiu=2221&amp;area_curricular=2262&amp;ordenacio=data&amp;filtreRecurs=enlinia&quot; target=&quot;_blank\" target=\"_blank\">Recursos en l\u00ednia<\/a><\/li>\n<\/ul>\n<\/li>\n<li>Llengua catalana i literatura\n<ul>\n<li><a href=\"http:\/\/merli.xtec.cat\/merli\/ServletCerca?unitatCerca=8930035&amp;nivell_educatiu=2221&amp;area_curricular=2261&amp;ordenacio=data&amp;&amp;filtreRecurs=fisic&quot; target=&quot;_blank\" target=\"_blank\">Recursos f\u00edsics<\/a><\/li>\n<li><a href=\"http:\/\/merli.xtec.cat\/merli\/ServletCerca?nivell_educatiu=2221&amp;area_curricular=2261&amp;ordenacio=data&amp;filtreRecurs=enlinia&quot; target=&quot;_blank\" target=\"_blank\">Recursos en l\u00ednia<\/a><\/li>\n<\/ul>\n<\/li>\n<li>Lleng\u00fces estrangeres\n<ul>\n<li><a href=\"http:\/\/merli.xtec.cat\/merli\/ServletCerca?unitatCerca=8930035&amp;nivell_educatiu=2221&amp;area_curricular=2264&amp;ordenacio=data&amp;&amp;filtreRecurs=fisic&quot; target=&quot;_blank\" target=\"_blank\">Recursos f\u00edsics<\/a><\/li>\n<li><a href=\"http:\/\/merli.xtec.cat\/merli\/ServletCerca?nivell_educatiu=2221&amp;area_curricular=2264&amp;ordenacio=data&amp;filtreRecurs=enlinia&quot; target=&quot;_blank\" target=\"_blank\">Recursos en l\u00ednia<\/a><\/li>\n<\/ul>\n<\/li>\n<li>Matem\u00e0tiques\n<ul>\n<li><a href=\"http:\/\/merli.xtec.cat\/merli\/ServletCerca?unitatCerca=8930035&amp;nivell_educatiu=2221&amp;area_curricular=2271&amp;ordenacio=data&amp;&amp;filtreRecurs=fisic&quot; target=&quot;_blank Recursos en l\u00ednia\" target=\"_blank\">Recursos f\u00edsics<\/a><\/li>\n<li><a href=\"http:\/\/merli.xtec.cat\/merli\/ServletCerca?nivell_educatiu=2221&amp;area_curricular=2271&amp;ordenacio=data&amp;filtreRecurs=enlinia&quot; target=&quot;_blank\" target=\"_blank\">Recursos en l\u00ednia<\/a><\/li>\n<\/ul>\n<\/li>\n<li>M\u00fasica\n<ul>\n<li><a href=\"http:\/\/merli.xtec.cat\/merli\/ServletCerca?unitatCerca=8930035&amp;nivell_educatiu=2221&amp;area_curricular=2270&amp;ordenacio=data&amp;&amp;filtreRecurs=fisic&quot; target=&quot;_blank\" target=\"_blank\">Recursos f\u00edsics<\/a><\/li>\n<li><a href=\"http:\/\/merli.xtec.cat\/merli\/ServletCerca?nivell_educatiu=2221&amp;area_curricular=2270&amp;ordenacio=data&amp;filtreRecurs=enlinia&quot; target=&quot;_blank\" target=\"_blank\">Recursos en l\u00ednia<\/a><\/li>\n<\/ul>\n<\/li>\n<li>Tecnologia \/ Inform\u00e0tica\n<ul>\n<li><a href=\"http:\/\/merli.xtec.cat\/merli\/ServletCerca?unitatCerca=8930035&amp;nivell_educatiu=2221&amp;area_curricular=2268&amp;ordenacio=data&amp;&amp;filtreRecurs=fisic&quot; target=&quot;_blank\" target=\"_blank\">Recursos f\u00edsics<\/a><\/li>\n<li><a href=\"http:\/\/merli.xtec.cat\/merli\/ServletCerca?nivell_educatiu=2221&amp;area_curricular=2268&amp;ordenacio=data&amp;filtreRecurs=enlinia&quot; target=&quot;_blank\" target=\"_blank\">Recursos en l\u00ednia<\/a><\/li>\n<\/ul>\n<\/li>\n<li>Treball de s\u00edntesi \/ Projecte de recerca\n<ul>\n<li><a href=\"http:\/\/merli.xtec.cat\/merli\/ServletCerca?unitatCerca=8930035&amp;nivell_educatiu=2221&amp;area_curricular=8655&amp;ordenacio=data&amp;&amp;filtreRecurs=fisic&quot; target=&quot;_blank\" target=\"_blank\">Recursos f\u00edsics<\/a><\/li>\n<li><a href=\"http:\/\/merli.xtec.cat\/merli\/ServletCerca?nivell_educatiu=2221&amp;area_curricular=8655&amp;ordenacio=data&amp;filtreRecurs=enlinia&quot; target=&quot;_blank\" target=\"_blank\">Recursos en l\u00ednia<\/a><\/li>\n<\/ul>\n<\/li>\n<li>Tutoria\n<ul>\n<li><a href=\"http:\/\/merli.xtec.cat\/merli\/ServletCerca?unitatCerca=8930035&amp;nivell_educatiu=2221&amp;area_curricular=3468&amp;ordenacio=data&amp;&amp;filtreRecurs=fisic&quot; target=&quot;_blank\" target=\"_blank\">Recursos f\u00edsics<\/a><\/li>\n<li><a href=\"http:\/\/merli.xtec.cat\/merli\/ServletCerca?nivell_educatiu=2221&amp;area_curricular=3468&amp;ordenacio=data&amp;filtreRecurs=enlinia&quot; target=&quot;_blank\" target=\"_blank\">Recursos en l\u00ednia<\/a><\/li>\n<\/ul>\n<\/li>\n<\/ul>\n","protected":false},"excerpt":{"rendered":"<p>ESO Ci\u00e8ncies de la naturalesa \/ F\u00edsica i qu\u00edmica \/ Geologia i biologia Recursos f\u00edsics Recursos en l\u00ednia Ci\u00e8ncies socials, geografia i hist\u00f2ria Recursos f\u00edsics Recursos en l\u00ednia Compet\u00e8ncies b\u00e0siques Recursos f\u00edsics Recursos en l\u00ednia Cultura cl\u00e0ssica Recursos f\u00edsics Recursos en l\u00ednia Educaci\u00f3 f\u00edsica Recursos f\u00edsics Recursos en l\u00ednia Educaci\u00f3 per al desenvolupament personal i [&hellip;]<\/p>\n","protected":false},"author":1,"featured_media":0,"parent":1845,"menu_order":3,"comment_status":"closed","ping_status":"closed","template":"page-templates\/side-menu.php","meta":{"_bbp_topic_count":0,"_bbp_reply_count":0,"_bbp_total_topic_count":0,"_bbp_total_reply_count":0,"_bbp_voice_count":0,"_bbp_anonymous_reply_count":0,"_bbp_topic_count_hidden":0,"_bbp_reply_count_hidden":0,"_bbp_forum_subforum_count":0,"site-sidebar-layout":"default","site-content-layout":"","ast-site-content-layout":"","site-content-style":"default","site-sidebar-style":"default","ast-global-header-display":"","ast-banner-title-visibility":"","ast-main-header-display":"","ast-hfb-above-header-display":"","ast-hfb-below-header-display":"","ast-hfb-mobile-header-display":"","site-post-title":"","ast-breadcrumbs-content":"","ast-featured-img":"","footer-sml-layout":"","theme-transparent-header-meta":"","adv-header-id-meta":"","stick-header-meta":"","header-above-stick-meta":"","header-main-stick-meta":"","header-below-stick-meta":"","astra-migrate-meta-layouts":"default","ast-page-background-enabled":"default","ast-page-background-meta":{"desktop":{"background-color":"var(--ast-global-color-4)","background-image":"","background-repeat":"repeat","background-position":"center center","background-size":"auto","background-attachment":"scroll","background-type":"","background-media":"","overlay-type":"","overlay-color":"","overlay-opacity":"","overlay-gradient":""},"tablet":{"background-color":"","background-image":"","background-repeat":"repeat","background-position":"center center","background-size":"auto","background-attachment":"scroll","background-type":"","background-media":"","overlay-type":"","overlay-color":"","overlay-opacity":"","overlay-gradient":""},"mobile":{"background-color":"","background-image":"","background-repeat":"repeat","background-position":"center center","background-size":"auto","background-attachment":"scroll","background-type":"","background-media":"","overlay-type":"","overlay-color":"","overlay-opacity":"","overlay-gradient":""}},"ast-content-background-meta":{"desktop":{"background-color":"var(--ast-global-color-5)","background-image":"","background-repeat":"repeat","background-position":"center center","background-size":"auto","background-attachment":"scroll","background-type":"","background-media":"","overlay-type":"","overlay-color":"","overlay-opacity":"","overlay-gradient":""},"tablet":{"background-color":"var(--ast-global-color-5)","background-image":"","background-repeat":"repeat","background-position":"center center","background-size":"auto","background-attachment":"scroll","background-type":"","background-media":"","overlay-type":"","overlay-color":"","overlay-opacity":"","overlay-gradient":""},"mobile":{"background-color":"var(--ast-global-color-5)","background-image":"","background-repeat":"repeat","background-position":"center center","background-size":"auto","background-attachment":"scroll","background-type":"","background-media":"","overlay-type":"","overlay-color":"","overlay-opacity":"","overlay-gradient":""}},"footnotes":""},"class_list":["post-1853","page","type-page","status-publish","hentry"],"post_mailing_queue_ids":[],"_links":{"self":[{"href":"https:\/\/serveiseducatius.xtec.cat\/baixllobregat8\/wp-json\/wp\/v2\/pages\/1853","targetHints":{"allow":["GET"]}}],"collection":[{"href":"https:\/\/serveiseducatius.xtec.cat\/baixllobregat8\/wp-json\/wp\/v2\/pages"}],"about":[{"href":"https:\/\/serveiseducatius.xtec.cat\/baixllobregat8\/wp-json\/wp\/v2\/types\/page"}],"author":[{"embeddable":true,"href":"https:\/\/serveiseducatius.xtec.cat\/baixllobregat8\/wp-json\/wp\/v2\/users\/1"}],"replies":[{"embeddable":true,"href":"https:\/\/serveiseducatius.xtec.cat\/baixllobregat8\/wp-json\/wp\/v2\/comments?post=1853"}],"version-history":[{"count":3,"href":"https:\/\/serveiseducatius.xtec.cat\/baixllobregat8\/wp-json\/wp\/v2\/pages\/1853\/revisions"}],"predecessor-version":[{"id":1870,"href":"https:\/\/serveiseducatius.xtec.cat\/baixllobregat8\/wp-json\/wp\/v2\/pages\/1853\/revisions\/1870"}],"up":[{"embeddable":true,"href":"https:\/\/serveiseducatius.xtec.cat\/baixllobregat8\/wp-json\/wp\/v2\/pages\/1845"}],"wp:attachment":[{"href":"https:\/\/serveiseducatius.xtec.cat\/baixllobregat8\/wp-json\/wp\/v2\/media?parent=1853"}],"curies":[{"name":"wp","href":"https:\/\/api.w.org\/{rel}","templated":true}]}}