{"id":1851,"date":"2016-07-06T11:59:58","date_gmt":"2016-07-06T10:59:58","guid":{"rendered":"http:\/\/serveiseducatius.xtec.cat\/baixllobregat8\/?page_id=1851"},"modified":"2016-07-07T12:24:13","modified_gmt":"2016-07-07T11:24:13","slug":"cataleg-deducacio-primaria","status":"publish","type":"page","link":"https:\/\/serveiseducatius.xtec.cat\/baixllobregat8\/recursos\/cataleg-propi\/cataleg-deducacio-primaria\/","title":{"rendered":"Cat\u00e0leg d\u2019Educaci\u00f3 Prim\u00e0ria"},"content":{"rendered":"<h2>Educaci\u00f3 Prim\u00e0ria<\/h2>\n<ul>\n<li>Compet\u00e8ncies b\u00e0siques\n<ul>\n<li><a href=\"http:\/\/merli.xtec.cat\/merli\/ServletCerca?unitatCerca=8930035&amp;nivell_educatiu=2219&amp;area_curricular=8858&amp;ordenacio=data&amp;&amp;filtreRecurs=fisic&quot; target=&quot;_blank\" target=\"_blank\">Recursos f\u00edsics<\/a><\/li>\n<li><a href=\"http:\/\/merli.xtec.cat\/merli\/ServletCerca?nivell_educatiu=2219&amp;area_curricular=8858&amp;o%20rdenacio=data&amp;filtreRecurs=enlinia\" target=\"_blank\">Recursos en l\u00ednia<\/a><\/li>\n<\/ul>\n<\/li>\n<li>Coneixement del medi natural\n<ul>\n<li><a href=\"http:\/\/merli.xtec.cat\/merli\/ServletCerca?unitatCerca=8930035&amp;nivell_educatiu=2219&amp;area_curricular=2259&amp;ordenacio=data&amp;&amp;filtreRecurs=fisic&quot; target=&quot;_blank\" target=\"_blank\">Recursos f\u00edsics<\/a><\/li>\n<li><a href=\"http:\/\/merli.xtec.cat\/merli\/ServletCerca?nivell_educatiu=2219&amp;area_curricular=2259&amp;o%20rdenacio=data&amp;filtreRecurs=enlinia\" target=\"_blank\">Recursos en l\u00ednia<\/a><\/li>\n<\/ul>\n<\/li>\n<li>Coneixement del medi social i cultural\n<ul>\n<li><a href=\"http:\/\/merli.xtec.cat\/merli\/ServletCerca?unitatCerca=8930035&amp;nivell_educatiu=2219&amp;area_curricular=2254&amp;ordenacio=data&amp;&amp;filtreRecurs=fisic&quot; target=&quot;_blank\" target=\"_blank\">Recursos f\u00edsics<\/a><\/li>\n<li><a href=\"http:\/\/merli.xtec.cat\/merli\/ServletCerca?nivell_educatiu=2219&amp;area_curricular=2254&amp;o%20rdenacio=data&amp;filtreRecurs=enlinia\" target=\"_blank\">Recursos en l\u00ednia<\/a><\/li>\n<\/ul>\n<\/li>\n<li>M\u00fasica\n<ul>\n<li><a href=\"http:\/\/merli.xtec.cat\/merli\/ServletCerca?unitatCerca=8930035&amp;nivell_educatiu=2219&amp;area_curricular=2257&amp;ordenacio=data&amp;&amp;filtreRecurs=fisic&quot; target=&quot;_blank\" target=\"_blank\">Recursos f\u00edsics<\/a><\/li>\n<li><a href=\"http:\/\/merli.xtec.cat\/merli\/ServletCerca?nivell_educatiu=2219&amp;area_curricular=2257&amp;ordenacio=data&amp;filtreRecurs=enlinia&quot; target=&quot;_blank\" target=\"_blank\">Recursos en l\u00ednia<\/a><\/li>\n<\/ul>\n<\/li>\n<li>Visual i Pl\u00e0stica\n<ul>\n<li><a href=\"http:\/\/merli.xtec.cat\/merli\/ServletCerca?unitatCerca=8930035&amp;nivell_educatiu=2219&amp;area_curricular=2256&amp;ordenacio=data&amp;&amp;filtreRecurs=fisic&quot; target=&quot;_blank\" target=\"_blank\">Recursos f\u00edsics<\/a><\/li>\n<li><a href=\"http:\/\/merli.xtec.cat\/merli\/ServletCerca?nivell_educatiu=2219&amp;area_curricular=2256&amp;ordenacio=data&amp;filtreRecurs=enlinia&quot; target=&quot;_blank\" target=\"_blank\">Recursos en l\u00ednia<\/a><\/li>\n<\/ul>\n<\/li>\n<li>Educaci\u00f3 f\u00edsica\n<ul>\n<li><a href=\"http:\/\/merli.xtec.cat\/merli\/ServletCerca?unitatCerca=8930035&amp;nivell_educatiu=2219&amp;area_curricular=2258&amp;ordenacio=data&amp;&amp;filtreRecurs=fisic&quot; target=&quot;_blank\">Recursos f\u00edsics<\/a><\/li>\n<li><a href=\"http:\/\/merli.xtec.cat\/merli\/ServletCerca?nivell_educatiu=2219&amp;area_curricular=2256&amp;ordenacio=data&amp;filtreRecurs=enlinia&quot; target=&quot;_blank\" target=\"_blank\">Recursos en l\u00ednia<\/a><\/li>\n<\/ul>\n<\/li>\n<li>Llengua castellana i literatura\n<ul>\n<li><a href=\"http:\/\/merli.xtec.cat\/merli\/ServletCerca?unitatCerca=8930035&amp;nivell_educatiu=2219&amp;area_curricular=2251&amp;ordenacio=data&amp;&amp;filtreRecurs=fisic&quot; target=&quot;_blank\" target=\"_blank\">Recursos f\u00edsics<\/a><\/li>\n<li><a href=\"http:\/\/merli.xtec.cat\/merli\/ServletCerca?nivell_educatiu=2219&amp;area_curricular=2251&amp;ordenacio=data&amp;filtreRecurs=enlinia&quot; target=&quot;_blank\" target=\"_blank\">Recursos en l\u00ednia<\/a><\/li>\n<\/ul>\n<\/li>\n<li>Llengua catalana i literatura\n<ul>\n<li><a href=\"http:\/\/merli.xtec.cat\/merli\/ServletCerca?unitatCerca=8930035&amp;nivell_educatiu=2219&amp;area_curricular=2250&amp;ordenacio=data&amp;&amp;filtreRecurs=fisic&quot; target=&quot;_blank\" target=\"_blank\">Recursos f\u00edsics<\/a><\/li>\n<li><a href=\"http:\/\/merli.xtec.cat\/merli\/ServletCerca?nivell_educatiu=2219&amp;area_curricular=2250&amp;ordenacio=data&amp;filtreRecurs=enlinia&quot; target=&quot;_blank\" target=\"_blank\">Recursos en l\u00ednia<\/a><\/li>\n<\/ul>\n<\/li>\n<li>Llengua estrangera\n<ul>\n<li><a href=\"http:\/\/merli.xtec.cat\/merli\/ServletCerca?unitatCerca=8930035&amp;nivell_educatiu=2219&amp;area_curricular=2253&amp;ordenacio=data&amp;&amp;filtreRecurs=fisic&quot; target=&quot;_blank\" target=\"_blank\">Recursos f\u00edsics<\/a><\/li>\n<li><a href=\"http:\/\/merli.xtec.cat\/merli\/ServletCerca?nivell_educatiu=2219&amp;area_curricular=2253&amp;ordenac\" target=\"_blank\">Recursos en l\u00ednia<\/a><\/li>\n<\/ul>\n<\/li>\n<li>Matem\u00e0tiques\n<ul>\n<li><a href=\"http:\/\/merli.xtec.cat\/merli\/ServletCerca?unitatCerca=8930035&amp;nivell_educatiu=2219&amp;area_curricular=2259&amp;ordenacio=data&amp;&amp;filtreRecurs=fisic&quot; target=&quot;_blank\" target=\"_blank\">Recursos f\u00edsics<\/a><\/li>\n<li><a href=\"http:\/\/merli.xtec.cat\/merli\/ServletCerca?nivell_educatiu=2219&amp;area_curricular=2259&amp;ordenacio=data&amp;filtreRecurs=enlinia&quot; target=&quot;_blank\" target=\"_blank\">Recursos en l\u00ednia<\/a><\/li>\n<\/ul>\n<\/li>\n<li>Tutoria\n<ul>\n<li><a href=\"http:\/\/merli.xtec.cat\/merli\/ServletCerca?unitatCerca=8930035&amp;nivell_educatiu=2219&amp;area_curricular=3463&amp;ordenacio=data&amp;&amp;filtreRecurs=fisic&quot; target=&quot;_blank\" target=\"_blank\">Recursos f\u00edsics<\/a><\/li>\n<li><a href=\"http:\/\/merli.xtec.cat\/merli\/ServletCerca?nivell_educatiu=2219&amp;area_curricular=3463&amp;ordenacio=data&amp;filtreRecurs=enlinia&quot; target=&quot;_blank\" target=\"_blank\">Recursos en l\u00ednia<\/a><\/li>\n<\/ul>\n<\/li>\n<\/ul>\n","protected":false},"excerpt":{"rendered":"<p>Educaci\u00f3 Prim\u00e0ria Compet\u00e8ncies b\u00e0siques Recursos f\u00edsics Recursos en l\u00ednia Coneixement del medi natural Recursos f\u00edsics Recursos en l\u00ednia Coneixement del medi social i cultural Recursos f\u00edsics Recursos en l\u00ednia M\u00fasica Recursos f\u00edsics Recursos en l\u00ednia Visual i Pl\u00e0stica Recursos f\u00edsics Recursos en l\u00ednia Educaci\u00f3 f\u00edsica Recursos f\u00edsics Recursos en l\u00ednia Llengua castellana i literatura Recursos [&hellip;]<\/p>\n","protected":false},"author":1,"featured_media":0,"parent":1845,"menu_order":2,"comment_status":"closed","ping_status":"closed","template":"page-templates\/side-menu.php","meta":{"_bbp_topic_count":0,"_bbp_reply_count":0,"_bbp_total_topic_count":0,"_bbp_total_reply_count":0,"_bbp_voice_count":0,"_bbp_anonymous_reply_count":0,"_bbp_topic_count_hidden":0,"_bbp_reply_count_hidden":0,"_bbp_forum_subforum_count":0,"site-sidebar-layout":"default","site-content-layout":"","ast-site-content-layout":"","site-content-style":"default","site-sidebar-style":"default","ast-global-header-display":"","ast-banner-title-visibility":"","ast-main-header-display":"","ast-hfb-above-header-display":"","ast-hfb-below-header-display":"","ast-hfb-mobile-header-display":"","site-post-title":"","ast-breadcrumbs-content":"","ast-featured-img":"","footer-sml-layout":"","theme-transparent-header-meta":"","adv-header-id-meta":"","stick-header-meta":"","header-above-stick-meta":"","header-main-stick-meta":"","header-below-stick-meta":"","astra-migrate-meta-layouts":"default","ast-page-background-enabled":"default","ast-page-background-meta":{"desktop":{"background-color":"var(--ast-global-color-4)","background-image":"","background-repeat":"repeat","background-position":"center center","background-size":"auto","background-attachment":"scroll","background-type":"","background-media":"","overlay-type":"","overlay-color":"","overlay-opacity":"","overlay-gradient":""},"tablet":{"background-color":"","background-image":"","background-repeat":"repeat","background-position":"center center","background-size":"auto","background-attachment":"scroll","background-type":"","background-media":"","overlay-type":"","overlay-color":"","overlay-opacity":"","overlay-gradient":""},"mobile":{"background-color":"","background-image":"","background-repeat":"repeat","background-position":"center center","background-size":"auto","background-attachment":"scroll","background-type":"","background-media":"","overlay-type":"","overlay-color":"","overlay-opacity":"","overlay-gradient":""}},"ast-content-background-meta":{"desktop":{"background-color":"var(--ast-global-color-5)","background-image":"","background-repeat":"repeat","background-position":"center center","background-size":"auto","background-attachment":"scroll","background-type":"","background-media":"","overlay-type":"","overlay-color":"","overlay-opacity":"","overlay-gradient":""},"tablet":{"background-color":"var(--ast-global-color-5)","background-image":"","background-repeat":"repeat","background-position":"center center","background-size":"auto","background-attachment":"scroll","background-type":"","background-media":"","overlay-type":"","overlay-color":"","overlay-opacity":"","overlay-gradient":""},"mobile":{"background-color":"var(--ast-global-color-5)","background-image":"","background-repeat":"repeat","background-position":"center center","background-size":"auto","background-attachment":"scroll","background-type":"","background-media":"","overlay-type":"","overlay-color":"","overlay-opacity":"","overlay-gradient":""}},"footnotes":""},"class_list":["post-1851","page","type-page","status-publish","hentry"],"post_mailing_queue_ids":[],"_links":{"self":[{"href":"https:\/\/serveiseducatius.xtec.cat\/baixllobregat8\/wp-json\/wp\/v2\/pages\/1851","targetHints":{"allow":["GET"]}}],"collection":[{"href":"https:\/\/serveiseducatius.xtec.cat\/baixllobregat8\/wp-json\/wp\/v2\/pages"}],"about":[{"href":"https:\/\/serveiseducatius.xtec.cat\/baixllobregat8\/wp-json\/wp\/v2\/types\/page"}],"author":[{"embeddable":true,"href":"https:\/\/serveiseducatius.xtec.cat\/baixllobregat8\/wp-json\/wp\/v2\/users\/1"}],"replies":[{"embeddable":true,"href":"https:\/\/serveiseducatius.xtec.cat\/baixllobregat8\/wp-json\/wp\/v2\/comments?post=1851"}],"version-history":[{"count":4,"href":"https:\/\/serveiseducatius.xtec.cat\/baixllobregat8\/wp-json\/wp\/v2\/pages\/1851\/revisions"}],"predecessor-version":[{"id":1879,"href":"https:\/\/serveiseducatius.xtec.cat\/baixllobregat8\/wp-json\/wp\/v2\/pages\/1851\/revisions\/1879"}],"up":[{"embeddable":true,"href":"https:\/\/serveiseducatius.xtec.cat\/baixllobregat8\/wp-json\/wp\/v2\/pages\/1845"}],"wp:attachment":[{"href":"https:\/\/serveiseducatius.xtec.cat\/baixllobregat8\/wp-json\/wp\/v2\/media?parent=1851"}],"curies":[{"name":"wp","href":"https:\/\/api.w.org\/{rel}","templated":true}]}}