{"id":9826,"date":"2021-02-23T09:13:59","date_gmt":"2021-02-23T08:13:59","guid":{"rendered":"http:\/\/serveiseducatius.xtec.cat\/baixllobregat7\/?page_id=9826"},"modified":"2023-09-20T12:43:40","modified_gmt":"2023-09-20T10:43:40","slug":"signatura-i-certificat-digital","status":"publish","type":"page","link":"https:\/\/serveiseducatius.xtec.cat\/baixllobregat7\/signatura-i-certificat-digital\/","title":{"rendered":"Signatura digital"},"content":{"rendered":"<p>Per a <span style=\"font-family: inherit; font-size: 1em;\"><strong>signar digitalment<\/strong> un documents PDF necessiteu disposar d&#8217;un certificat electr\u00f2nic reconegut. M\u00e9s avall, trobareu dos exemples de com obtenir-ne un: DNIe i idCAT<\/span><\/p>\n<p>Procediment per a <strong>signar digitalment<\/strong> (Windows):<\/p>\n<ul>\n<li>Obrir el document PDF amb <strong><strong><strong>Adobe Acrobat Reader<\/strong><\/strong><\/strong><\/li>\n<li>Desplegar el <strong>men\u00fa Eines<\/strong> i seleccionar <strong>Certificats<\/strong><\/li>\n<\/ul>\n<p><img loading=\"lazy\" decoding=\"async\" class=\"size-full wp-image-9861 aligncenter\" src=\"https:\/\/serveiseducatius.xtec.cat\/baixllobregat7\/wp-content\/uploads\/usu1179\/2021\/02\/adobe-1.png\" alt=\"\" width=\"570\" height=\"524\" srcset=\"https:\/\/serveiseducatius.xtec.cat\/baixllobregat7\/wp-content\/uploads\/usu1179\/2021\/02\/adobe-1.png 570w, https:\/\/serveiseducatius.xtec.cat\/baixllobregat7\/wp-content\/uploads\/usu1179\/2021\/02\/adobe-1-300x276.png 300w\" sizes=\"auto, (max-width: 570px) 100vw, 570px\" \/><\/p>\n<ul>\n<li>A la part superior del document apareixer\u00e0 la barra <strong><em>Certificats<\/em><\/strong>, dins la qual hem de polsar a <strong>Signar digitalment<\/strong><br \/>\n<img loading=\"lazy\" decoding=\"async\" class=\"size-full wp-image-9864 aligncenter\" src=\"https:\/\/serveiseducatius.xtec.cat\/baixllobregat7\/wp-content\/uploads\/usu1179\/2021\/02\/adobe-2.png\" alt=\"\" width=\"777\" height=\"162\" srcset=\"https:\/\/serveiseducatius.xtec.cat\/baixllobregat7\/wp-content\/uploads\/usu1179\/2021\/02\/adobe-2.png 777w, https:\/\/serveiseducatius.xtec.cat\/baixllobregat7\/wp-content\/uploads\/usu1179\/2021\/02\/adobe-2-300x63.png 300w, https:\/\/serveiseducatius.xtec.cat\/baixllobregat7\/wp-content\/uploads\/usu1179\/2021\/02\/adobe-2-768x160.png 768w\" sizes=\"auto, (max-width: 777px) 100vw, 777px\" \/><\/li>\n<li>Potser apareixer\u00e0 un av\u00eds indicant que hem de marcar la zona on volem inserir la signatura<br \/>\n<img loading=\"lazy\" decoding=\"async\" class=\"size-full wp-image-9865 aligncenter\" src=\"https:\/\/serveiseducatius.xtec.cat\/baixllobregat7\/wp-content\/uploads\/usu1179\/2021\/02\/adobe-3.png\" alt=\"\" width=\"510\" height=\"184\" srcset=\"https:\/\/serveiseducatius.xtec.cat\/baixllobregat7\/wp-content\/uploads\/usu1179\/2021\/02\/adobe-3.png 510w, https:\/\/serveiseducatius.xtec.cat\/baixllobregat7\/wp-content\/uploads\/usu1179\/2021\/02\/adobe-3-300x108.png 300w\" sizes=\"auto, (max-width: 510px) 100vw, 510px\" \/><\/li>\n<li>Ens desplacem pel document fins a la zona de signatura (o el lloc desitjat) i hi dibuixem un rectangle<br \/>\n<img loading=\"lazy\" decoding=\"async\" class=\"size-full wp-image-9868 aligncenter\" src=\"https:\/\/serveiseducatius.xtec.cat\/baixllobregat7\/wp-content\/uploads\/usu1179\/2021\/02\/adobe4.png\" alt=\"\" width=\"534\" height=\"292\" srcset=\"https:\/\/serveiseducatius.xtec.cat\/baixllobregat7\/wp-content\/uploads\/usu1179\/2021\/02\/adobe4.png 534w, https:\/\/serveiseducatius.xtec.cat\/baixllobregat7\/wp-content\/uploads\/usu1179\/2021\/02\/adobe4-300x164.png 300w\" sizes=\"auto, (max-width: 534px) 100vw, 534px\" \/><\/li>\n<li>Tot seguit es mostren els certificats digitals de qu\u00e8 disposa l&#8217;ordinador<br \/>\n(Si fem servir el <strong>DNIe<\/strong>, haurem d&#8217;introduir-lo al lector, en cas de no haver-ho fet abans)<br \/>\n<img loading=\"lazy\" decoding=\"async\" class=\"wp-image-9869 aligncenter\" src=\"https:\/\/serveiseducatius.xtec.cat\/baixllobregat7\/wp-content\/uploads\/usu1179\/2021\/02\/signar-9.png\" alt=\"\" width=\"445\" height=\"178\" srcset=\"https:\/\/serveiseducatius.xtec.cat\/baixllobregat7\/wp-content\/uploads\/usu1179\/2021\/02\/signar-9.png 687w, https:\/\/serveiseducatius.xtec.cat\/baixllobregat7\/wp-content\/uploads\/usu1179\/2021\/02\/signar-9-300x120.png 300w\" sizes=\"auto, (max-width: 445px) 100vw, 445px\" \/><\/li>\n<li>Hem de desar una c\u00f2pia del document que ser\u00e0 el document <strong><strong><strong>signat digitalment<br \/>\n<img loading=\"lazy\" decoding=\"async\" class=\"size-full wp-image-9871 alignnone aligncenter\" src=\"https:\/\/serveiseducatius.xtec.cat\/baixllobregat7\/wp-content\/uploads\/usu1179\/2021\/02\/signar-11.png\" alt=\"\" width=\"677\" height=\"483\" srcset=\"https:\/\/serveiseducatius.xtec.cat\/baixllobregat7\/wp-content\/uploads\/usu1179\/2021\/02\/signar-11.png 677w, https:\/\/serveiseducatius.xtec.cat\/baixllobregat7\/wp-content\/uploads\/usu1179\/2021\/02\/signar-11-300x214.png 300w\" sizes=\"auto, (max-width: 677px) 100vw, 677px\" \/><\/strong><\/strong><\/strong><\/p>\n<p style=\"text-align: center;\">\n<\/li>\n<li style=\"text-align: center;\">Un cop desat, se&#8217;ns mostra la signatura inserida<br \/>\n<img loading=\"lazy\" decoding=\"async\" class=\"size-full wp-image-9872 alignnone aligncenter\" src=\"https:\/\/serveiseducatius.xtec.cat\/baixllobregat7\/wp-content\/uploads\/usu1179\/2021\/02\/signar-13.png\" alt=\"\" width=\"534\" height=\"292\" srcset=\"https:\/\/serveiseducatius.xtec.cat\/baixllobregat7\/wp-content\/uploads\/usu1179\/2021\/02\/signar-13.png 534w, https:\/\/serveiseducatius.xtec.cat\/baixllobregat7\/wp-content\/uploads\/usu1179\/2021\/02\/signar-13-300x164.png 300w\" sizes=\"auto, (max-width: 534px) 100vw, 534px\" \/><\/li>\n<li>Aquest document PDF t\u00e9 validesa en <strong>format digital<\/strong><br \/>\nNo serveix de res imprimir-lo, perqu\u00e8 el m\u00e9s important \u00e9s la codificaci\u00f3 invisible que s&#8217;hi ha afegit al fitxer i que el receptor del PDF podr\u00e0 comprovar, digitalment.<\/li>\n<\/ul>\n<p>Voleu <strong>canviar l&#8217;aspecte de la signatura digital<\/strong>? Aqu\u00ed teniu 2 videotutorials d&#8217;en Marc Torres, Gestor TIC dels S.T. Girona .<\/p>\n<ul>\n<li><a href=\"https:\/\/drive.google.com\/file\/d\/1xEPS2LTb887qHysaah219pTn8s3-BeMy\/view\" target=\"_blank\" rel=\"noopener\">Amb Acrobat Reader<\/a><\/li>\n<li><a href=\"https:\/\/drive.google.com\/file\/d\/1Y470GF1IvvRTu0Yr6gUOYSnrieaHZ3iu\/view\" target=\"_blank\" rel=\"noopener\">Amb Xolido Sing<\/a><\/li>\n<\/ul>\n<p><strong>DNI electr\u00f2nic <\/strong>(DNIe)<\/p>\n<p><img loading=\"lazy\" decoding=\"async\" class=\"size-full wp-image-9828 alignright\" src=\"https:\/\/serveiseducatius.xtec.cat\/baixllobregat7\/wp-content\/uploads\/usu1179\/2021\/02\/dnie.png\" alt=\"\" width=\"248\" height=\"153\" \/><\/p>\n<p style=\"text-align: left;\">El nou format del DNI (des de 2006) incorpora certificats electr\u00f2nics i t\u00e9 associat un PIN de seguretat. Per a fer-lo servir nom\u00e9s cal disposar d&#8217;un lector de DNIe (alguns teclats i\/o ordinadors el porten incorporat). Si no l&#8217;has fet servir mai, potser els certificats estaran caducats; es poden reactivar, <strong>en persona<\/strong>, a qualsevol <a href=\"https:\/\/www.dnielectronico.es\/PortalDNIe\/PRF1_Cons02.action?pag=REF_400&amp;id_menu=7\" target=\"_blank\" rel=\"noopener noreferrer\">Punt d&#8217;autoritzaci\u00f3 del DNI<\/a> &#8211; <a href=\"https:\/\/www.dnielectronico.es\/PortalDNIe\/PRF1_Cons02.action?pag=REF_330&amp;id_menu=15\" target=\"_blank\" rel=\"noopener noreferrer\"><span style=\"font-size: 10pt;\">Com activar el PIN?<\/span><\/a> &#8211; <a href=\"https:\/\/www.dnielectronico.es\/PortalDNIe\/PRF1_Cons02.action?pag=REF_1028&amp;id_menu=33\" target=\"_blank\" rel=\"noopener noreferrer\"><span style=\"font-size: 10pt;\">Com renovar el certificat digital?<\/span><\/a><\/p>\n<p><strong>idCAT<\/strong><\/p>\n<p><img loading=\"lazy\" decoding=\"async\" class=\"size-full wp-image-9834 alignright\" src=\"https:\/\/serveiseducatius.xtec.cat\/baixllobregat7\/wp-content\/uploads\/usu1179\/2021\/02\/idCATcertificat.png\" alt=\"\" width=\"213\" height=\"182\" \/>El certificat idCAT s&#8217;instal\u00b7la al navegador de l&#8217;ordinador. En cas necessari, es pot exportar a un altre ordinador. <strong><a href=\"https:\/\/www.idcat.cat\/idcat\/ciutada\/menu.do\" target=\"_blank\" rel=\"noopener noreferrer\">Com obtenir-lo<\/a><\/strong>, en 3 passos:<\/p>\n<ol>\n<li>Emplenar el formulari de sol\u00b7licitud<\/li>\n<li>Validar les dades, <strong>en persona<\/strong>, a qualsevol entitat de registre idCAT<\/li>\n<li>Descarregar i instal\u00b7lar el certificat a l&#8217;ordinador<\/li>\n<\/ol>\n<div>\n<p style=\"text-align: center;\"><img loading=\"lazy\" decoding=\"async\" class=\"aligncenter size-full wp-image-9840\" src=\"https:\/\/serveiseducatius.xtec.cat\/baixllobregat7\/wp-content\/uploads\/usu1179\/2021\/02\/digital-1.png\" alt=\"\" width=\"670\" height=\"121\" data-wp-editing=\"1\" srcset=\"https:\/\/serveiseducatius.xtec.cat\/baixllobregat7\/wp-content\/uploads\/usu1179\/2021\/02\/digital-1.png 670w, https:\/\/serveiseducatius.xtec.cat\/baixllobregat7\/wp-content\/uploads\/usu1179\/2021\/02\/digital-1-300x54.png 300w\" sizes=\"auto, (max-width: 670px) 100vw, 670px\" \/><\/p>\n<p><strong><a href=\"https:\/\/serveiseducatius.xtec.cat\/baixllobregat7\/general\/certificat-digital-i-signatura-digital\/\" target=\"_blank\" rel=\"noopener\">M\u00e9s tutorials<\/a><\/strong><\/p>\n<\/div>\n","protected":false},"excerpt":{"rendered":"<p>Per a signar digitalment un documents PDF necessiteu disposar d&#8217;un certificat electr\u00f2nic reconegut. M\u00e9s avall, trobareu dos exemples de com obtenir-ne un: DNIe i idCAT Procediment per a signar digitalment (Windows): Obrir el document PDF amb Adobe Acrobat Reader Desplegar el men\u00fa Eines i seleccionar Certificats A la part superior del document apareixer\u00e0 la barra [&hellip;]<\/p>\n","protected":false},"author":3,"featured_media":0,"parent":0,"menu_order":0,"comment_status":"closed","ping_status":"closed","template":"","meta":{"_bbp_topic_count":0,"_bbp_reply_count":0,"_bbp_total_topic_count":0,"_bbp_total_reply_count":0,"_bbp_voice_count":0,"_bbp_anonymous_reply_count":0,"_bbp_topic_count_hidden":0,"_bbp_reply_count_hidden":0,"_bbp_forum_subforum_count":0,"site-sidebar-layout":"default","site-content-layout":"","ast-site-content-layout":"","site-content-style":"default","site-sidebar-style":"default","ast-global-header-display":"","ast-banner-title-visibility":"","ast-main-header-display":"","ast-hfb-above-header-display":"","ast-hfb-below-header-display":"","ast-hfb-mobile-header-display":"","site-post-title":"","ast-breadcrumbs-content":"","ast-featured-img":"","footer-sml-layout":"","theme-transparent-header-meta":"","adv-header-id-meta":"","stick-header-meta":"","header-above-stick-meta":"","header-main-stick-meta":"","header-below-stick-meta":"","astra-migrate-meta-layouts":"default","ast-page-background-enabled":"default","ast-page-background-meta":{"desktop":{"background-color":"var(--ast-global-color-4)","background-image":"","background-repeat":"repeat","background-position":"center center","background-size":"auto","background-attachment":"scroll","background-type":"","background-media":"","overlay-type":"","overlay-color":"","overlay-opacity":"","overlay-gradient":""},"tablet":{"background-color":"","background-image":"","background-repeat":"repeat","background-position":"center center","background-size":"auto","background-attachment":"scroll","background-type":"","background-media":"","overlay-type":"","overlay-color":"","overlay-opacity":"","overlay-gradient":""},"mobile":{"background-color":"","background-image":"","background-repeat":"repeat","background-position":"center center","background-size":"auto","background-attachment":"scroll","background-type":"","background-media":"","overlay-type":"","overlay-color":"","overlay-opacity":"","overlay-gradient":""}},"ast-content-background-meta":{"desktop":{"background-color":"var(--ast-global-color-5)","background-image":"","background-repeat":"repeat","background-position":"center center","background-size":"auto","background-attachment":"scroll","background-type":"","background-media":"","overlay-type":"","overlay-color":"","overlay-opacity":"","overlay-gradient":""},"tablet":{"background-color":"var(--ast-global-color-5)","background-image":"","background-repeat":"repeat","background-position":"center center","background-size":"auto","background-attachment":"scroll","background-type":"","background-media":"","overlay-type":"","overlay-color":"","overlay-opacity":"","overlay-gradient":""},"mobile":{"background-color":"var(--ast-global-color-5)","background-image":"","background-repeat":"repeat","background-position":"center center","background-size":"auto","background-attachment":"scroll","background-type":"","background-media":"","overlay-type":"","overlay-color":"","overlay-opacity":"","overlay-gradient":""}},"footnotes":""},"class_list":["post-9826","page","type-page","status-publish","hentry"],"post_mailing_queue_ids":[],"_links":{"self":[{"href":"https:\/\/serveiseducatius.xtec.cat\/baixllobregat7\/wp-json\/wp\/v2\/pages\/9826","targetHints":{"allow":["GET"]}}],"collection":[{"href":"https:\/\/serveiseducatius.xtec.cat\/baixllobregat7\/wp-json\/wp\/v2\/pages"}],"about":[{"href":"https:\/\/serveiseducatius.xtec.cat\/baixllobregat7\/wp-json\/wp\/v2\/types\/page"}],"author":[{"embeddable":true,"href":"https:\/\/serveiseducatius.xtec.cat\/baixllobregat7\/wp-json\/wp\/v2\/users\/3"}],"replies":[{"embeddable":true,"href":"https:\/\/serveiseducatius.xtec.cat\/baixllobregat7\/wp-json\/wp\/v2\/comments?post=9826"}],"version-history":[{"count":3,"href":"https:\/\/serveiseducatius.xtec.cat\/baixllobregat7\/wp-json\/wp\/v2\/pages\/9826\/revisions"}],"predecessor-version":[{"id":13068,"href":"https:\/\/serveiseducatius.xtec.cat\/baixllobregat7\/wp-json\/wp\/v2\/pages\/9826\/revisions\/13068"}],"wp:attachment":[{"href":"https:\/\/serveiseducatius.xtec.cat\/baixllobregat7\/wp-json\/wp\/v2\/media?parent=9826"}],"curies":[{"name":"wp","href":"https:\/\/api.w.org\/{rel}","templated":true}]}}