{"id":9696,"date":"2021-02-09T10:18:25","date_gmt":"2021-02-09T09:18:25","guid":{"rendered":"http:\/\/serveiseducatius.xtec.cat\/baixllobregat7\/?page_id=9696"},"modified":"2022-10-27T11:56:56","modified_gmt":"2022-10-27T09:56:56","slug":"guac","status":"publish","type":"page","link":"https:\/\/serveiseducatius.xtec.cat\/baixllobregat7\/gestions-administratives\/guac\/","title":{"rendered":"GUAC"},"content":{"rendered":"<p style=\"text-align: center;\"><a href=\"https:\/\/espai.educacio.gencat.cat\/Personal\/Gestio-personal-centre\/GUAC-Aplicacio-usuaris\" target=\"_blank\" rel=\"noopener noreferrer\"><img loading=\"lazy\" decoding=\"async\" class=\"alignnone wp-image-9697 size-full\" src=\"https:\/\/serveiseducatius.xtec.cat\/baixllobregat7\/wp-content\/uploads\/usu1179\/2021\/02\/GUAC.png\" alt=\"\" width=\"302\" height=\"197\" srcset=\"https:\/\/serveiseducatius.xtec.cat\/baixllobregat7\/wp-content\/uploads\/usu1179\/2021\/02\/GUAC.png 302w, https:\/\/serveiseducatius.xtec.cat\/baixllobregat7\/wp-content\/uploads\/usu1179\/2021\/02\/GUAC-300x197.png 300w\" sizes=\"auto, (max-width: 302px) 100vw, 302px\" \/><\/a><\/p>\n<p>L\u2019aplicaci\u00f3 GUAC ofereix la possibilitat de gestionar l\u2019acc\u00e9s a les aplicacions del Departament. Permet donar autonomia a les direccions dels centres i facilitar la gesti\u00f3 del seu personal.<\/p>\n<p>Acc\u00e9s<\/p>\n<ul>\n<li>Al <strong>Portal de centre<\/strong> &gt; Persones &gt; Gesti\u00f3 del personal del centre &gt; <strong><a href=\"https:\/\/espai.educacio.gencat.cat\/Personal\/Gestio-personal-centre\/GUAC-Aplicacio-usuaris\" target=\"_blank\" rel=\"noopener noreferrer\">Gesti\u00f3 d&#8217;usuaris i aplicacions<\/a><\/strong> hi trobareu\n<ul>\n<li>Funcionalitats principals<\/li>\n<li>Regenerar contrasenyes del personal del centre<\/li>\n<li>\u200bRenovaci\u00f3 massiva vig\u00e8ncies de les funcions\u200b<\/li>\n<li>V\u00eddeos i material de suport\u200b<\/li>\n<\/ul>\n<\/li>\n<\/ul>\n<p>Hi pot accedir el <strong>Director o Directora<\/strong> del centre educatiu (o a persona que n&#8217;exerceix les funcions, en el cas d&#8217;Escoles Concertades), amb les seves credencials GICAR (ATRI)<\/p>\n<p>Per a consultes o incid\u00e8ncies cal adre\u00e7ar-se al SAU, que ho resoldr\u00e0 o derivar\u00e0 segons correspongui<\/p>\n","protected":false},"excerpt":{"rendered":"<p>L\u2019aplicaci\u00f3 GUAC ofereix la possibilitat de gestionar l\u2019acc\u00e9s a les aplicacions del Departament. Permet donar autonomia a les direccions dels centres i facilitar la gesti\u00f3 del seu personal. Acc\u00e9s Al Portal de centre &gt; Persones &gt; Gesti\u00f3 del personal del centre &gt; Gesti\u00f3 d&#8217;usuaris i aplicacions hi trobareu Funcionalitats principals Regenerar contrasenyes del personal del [&hellip;]<\/p>\n","protected":false},"author":3,"featured_media":0,"parent":8849,"menu_order":0,"comment_status":"closed","ping_status":"closed","template":"","meta":{"_bbp_topic_count":0,"_bbp_reply_count":0,"_bbp_total_topic_count":0,"_bbp_total_reply_count":0,"_bbp_voice_count":0,"_bbp_anonymous_reply_count":0,"_bbp_topic_count_hidden":0,"_bbp_reply_count_hidden":0,"_bbp_forum_subforum_count":0,"site-sidebar-layout":"default","site-content-layout":"","ast-site-content-layout":"","site-content-style":"default","site-sidebar-style":"default","ast-global-header-display":"","ast-banner-title-visibility":"","ast-main-header-display":"","ast-hfb-above-header-display":"","ast-hfb-below-header-display":"","ast-hfb-mobile-header-display":"","site-post-title":"","ast-breadcrumbs-content":"","ast-featured-img":"","footer-sml-layout":"","theme-transparent-header-meta":"","adv-header-id-meta":"","stick-header-meta":"","header-above-stick-meta":"","header-main-stick-meta":"","header-below-stick-meta":"","astra-migrate-meta-layouts":"default","ast-page-background-enabled":"default","ast-page-background-meta":{"desktop":{"background-color":"var(--ast-global-color-4)","background-image":"","background-repeat":"repeat","background-position":"center center","background-size":"auto","background-attachment":"scroll","background-type":"","background-media":"","overlay-type":"","overlay-color":"","overlay-opacity":"","overlay-gradient":""},"tablet":{"background-color":"","background-image":"","background-repeat":"repeat","background-position":"center center","background-size":"auto","background-attachment":"scroll","background-type":"","background-media":"","overlay-type":"","overlay-color":"","overlay-opacity":"","overlay-gradient":""},"mobile":{"background-color":"","background-image":"","background-repeat":"repeat","background-position":"center center","background-size":"auto","background-attachment":"scroll","background-type":"","background-media":"","overlay-type":"","overlay-color":"","overlay-opacity":"","overlay-gradient":""}},"ast-content-background-meta":{"desktop":{"background-color":"var(--ast-global-color-5)","background-image":"","background-repeat":"repeat","background-position":"center center","background-size":"auto","background-attachment":"scroll","background-type":"","background-media":"","overlay-type":"","overlay-color":"","overlay-opacity":"","overlay-gradient":""},"tablet":{"background-color":"var(--ast-global-color-5)","background-image":"","background-repeat":"repeat","background-position":"center center","background-size":"auto","background-attachment":"scroll","background-type":"","background-media":"","overlay-type":"","overlay-color":"","overlay-opacity":"","overlay-gradient":""},"mobile":{"background-color":"var(--ast-global-color-5)","background-image":"","background-repeat":"repeat","background-position":"center center","background-size":"auto","background-attachment":"scroll","background-type":"","background-media":"","overlay-type":"","overlay-color":"","overlay-opacity":"","overlay-gradient":""}},"footnotes":""},"class_list":["post-9696","page","type-page","status-publish","hentry"],"post_mailing_queue_ids":[],"_links":{"self":[{"href":"https:\/\/serveiseducatius.xtec.cat\/baixllobregat7\/wp-json\/wp\/v2\/pages\/9696","targetHints":{"allow":["GET"]}}],"collection":[{"href":"https:\/\/serveiseducatius.xtec.cat\/baixllobregat7\/wp-json\/wp\/v2\/pages"}],"about":[{"href":"https:\/\/serveiseducatius.xtec.cat\/baixllobregat7\/wp-json\/wp\/v2\/types\/page"}],"author":[{"embeddable":true,"href":"https:\/\/serveiseducatius.xtec.cat\/baixllobregat7\/wp-json\/wp\/v2\/users\/3"}],"replies":[{"embeddable":true,"href":"https:\/\/serveiseducatius.xtec.cat\/baixllobregat7\/wp-json\/wp\/v2\/comments?post=9696"}],"version-history":[{"count":3,"href":"https:\/\/serveiseducatius.xtec.cat\/baixllobregat7\/wp-json\/wp\/v2\/pages\/9696\/revisions"}],"predecessor-version":[{"id":12109,"href":"https:\/\/serveiseducatius.xtec.cat\/baixllobregat7\/wp-json\/wp\/v2\/pages\/9696\/revisions\/12109"}],"up":[{"embeddable":true,"href":"https:\/\/serveiseducatius.xtec.cat\/baixllobregat7\/wp-json\/wp\/v2\/pages\/8849"}],"wp:attachment":[{"href":"https:\/\/serveiseducatius.xtec.cat\/baixllobregat7\/wp-json\/wp\/v2\/media?parent=9696"}],"curies":[{"name":"wp","href":"https:\/\/api.w.org\/{rel}","templated":true}]}}