{"id":9425,"date":"2021-01-05T20:27:17","date_gmt":"2021-01-05T19:27:17","guid":{"rendered":"http:\/\/serveiseducatius.xtec.cat\/baixllobregat7\/?page_id=9425"},"modified":"2021-01-07T17:46:39","modified_gmt":"2021-01-07T16:46:39","slug":"comencar-google-classroom","status":"publish","type":"page","link":"https:\/\/serveiseducatius.xtec.cat\/baixllobregat7\/entorns-virtuals-daprenentage\/comencar-google-classroom\/","title":{"rendered":"Iniciaci\u00f3 a Google Classroom"},"content":{"rendered":"<p><strong>1 Primers passos<\/strong><\/p>\n<ul>\n<li>Crear una classe. Imprescindible posar-hi nom <a href=\"https:\/\/youtu.be\/skejA40OnKs\" target=\"_blank\" rel=\"noopener noreferrer\">https:\/\/youtu.be\/skejA40OnKs<\/a><\/li>\n<li>Afegir-hi altres professors. Podran accedir-hi, reutilitzar recursos, rebre notificacions <a href=\"https:\/\/youtu.be\/taryQNw_utE\" target=\"_blank\" rel=\"noopener noreferrer\">https:\/\/youtu.be\/taryQNw_utE<\/a><\/li>\n<li>Afegir-hi alumnes: convidant-los, donar-los el codi o facilitant-ne l&#8217;enlla\u00e7 de la classe <a href=\"https:\/\/youtu.be\/taryQNw_utE?t=31\" target=\"_blank\" rel=\"noopener noreferrer\">https:\/\/youtu.be\/taryQNw_utE?t=31<\/a><\/li>\n<li>Tauler d&#8217;activitats. Pr\u00f2xims venciments. &#8220;<em>Comparteix alguna cosa amb la classe<\/em>&#8221; (per defecte, l&#8217;alumnat tamb\u00e9) <a href=\"https:\/\/youtu.be\/CJWTuUupS-o\" target=\"_blank\" rel=\"noopener noreferrer\">https:\/\/youtu.be\/CJWTuUupS-o<\/a><\/li>\n<\/ul>\n<p><strong>2 Crear continguts<\/strong><\/p>\n<ul>\n<li>Temes. Permeten agrupar continguts. Es poden reordenar manualment <a href=\"https:\/\/youtu.be\/55PMmUssvTA\" target=\"_blank\" rel=\"noopener noreferrer\">https:\/\/youtu.be\/55PMmUssvTA<\/a><\/li>\n<li>Material de consulta que es posa a disposici\u00f3 de l&#8217;alumnat. Documents, enlla\u00e7os, v\u00eddeos\u2026 <a href=\"https:\/\/youtu.be\/KRJ-40gI47U\" target=\"_blank\" rel=\"noopener noreferrer\">https:\/\/youtu.be\/KRJ-40gI47U<\/a><\/li>\n<li>Tasca, tasca amb test, pregunta. A qualsevol tasca s&#8217;hi pot annexar documents, enlla\u00e7os, v\u00eddeos,&#8230; <a href=\"https:\/\/youtu.be\/JjE1GX5cwIw\" target=\"_blank\" rel=\"noopener noreferrer\">https:\/\/youtu.be\/JjE1GX5cwIw<\/a>\n<ul>\n<li>Es pot assignar una puntuaci\u00f3 a cada tasca i\/o podem associar-hi r\u00fabrica<\/li>\n<li>Les tasques s&#8217;assignen, per defecte, a tota la classe<\/li>\n<li>Totes les tasques requereixen que cada alumne faci un retorn<\/li>\n<\/ul>\n<\/li>\n<\/ul>\n<p><strong>3 Seguiment de les tasques. <\/strong><\/p>\n<ul>\n<li>Cada professor pot saber f\u00e0cilment quins alumnes han lliurat o no cada tasca.\u00a0 <a href=\"https:\/\/youtu.be\/kfPTFdSnj14\" target=\"_blank\" rel=\"noopener noreferrer\">https:\/\/youtu.be\/kfPTFdSnj14<\/a><\/li>\n<li>Corregir. En la revisi\u00f3 de les tasques, es pot fer retroacci\u00f3 individual (comentari privadament) i es poden fer comentaris p\u00fablics. Si escau, es qualifica i\/o s&#8217;aplica la r\u00fabrica corresponent<\/li>\n<\/ul>\n<p><strong>4 Notificacions<\/strong><br \/>\nPer defecte, cada professor i cada alumn@ rep notificaci\u00f3 de totes les novetats de la classe. Cada usuari pot canviar aquesta configuraci\u00f3 <a href=\"https:\/\/youtu.be\/9J-vF3aJjGQ\" target=\"_blank\" rel=\"noopener noreferrer\">https:\/\/youtu.be\/9J-vF3aJjGQ<\/a><\/p>\n<p><strong>5 I l&#8217;alumnat?<\/strong><\/p>\n<ul>\n<li>Acc\u00e9s al men\u00fa d&#8217;aplicacions o directament a classroom.google.com <a style=\"color: #2795b6;\" href=\"https:\/\/youtu.be\/2WGhrc66GXQ\" target=\"_blank\" rel=\"noopener noreferrer\">https:\/\/youtu.be\/2WGhrc66GXQ<\/a>\n<ul>\n<li>El primer acc\u00e9s a Classroom caldr\u00e0 confirmar el rol d&#8217;<strong style=\"font-family: inherit; font-size: 1em;\">alumn<span class=\"\"><span class=\"\">@<\/span><\/span><\/strong><\/li>\n<li>El primer acc\u00e9s a una nova classe, pot ser per diferents vies:\n<ul>\n<li>Acceptar la invitaci\u00f3 rebuda per correu<\/li>\n<li>Obrir <a href=\"https:\/\/classroom.google.com\/\" target=\"_blank\" rel=\"noopener noreferrer\">classroom.google.com <\/a>i, la portada de la nova classe, acceptar la invitaci\u00f3<\/li>\n<li>Amb el codi d&#8217;inscripci\u00f3 (7 d\u00edgits)<\/li>\n<\/ul>\n<\/li>\n<\/ul>\n<\/li>\n<\/ul>\n<p>&nbsp;<\/p>\n","protected":false},"excerpt":{"rendered":"<p>1 Primers passos Crear una classe. Imprescindible posar-hi nom https:\/\/youtu.be\/skejA40OnKs Afegir-hi altres professors. Podran accedir-hi, reutilitzar recursos, rebre notificacions https:\/\/youtu.be\/taryQNw_utE Afegir-hi alumnes: convidant-los, donar-los el codi o facilitant-ne l&#8217;enlla\u00e7 de la classe https:\/\/youtu.be\/taryQNw_utE?t=31 Tauler d&#8217;activitats. Pr\u00f2xims venciments. &#8220;Comparteix alguna cosa amb la classe&#8221; (per defecte, l&#8217;alumnat tamb\u00e9) https:\/\/youtu.be\/CJWTuUupS-o 2 Crear continguts Temes. Permeten agrupar continguts. [&hellip;]<\/p>\n","protected":false},"author":3,"featured_media":0,"parent":9386,"menu_order":0,"comment_status":"closed","ping_status":"closed","template":"","meta":{"_bbp_topic_count":0,"_bbp_reply_count":0,"_bbp_total_topic_count":0,"_bbp_total_reply_count":0,"_bbp_voice_count":0,"_bbp_anonymous_reply_count":0,"_bbp_topic_count_hidden":0,"_bbp_reply_count_hidden":0,"_bbp_forum_subforum_count":0,"site-sidebar-layout":"default","site-content-layout":"","ast-site-content-layout":"","site-content-style":"default","site-sidebar-style":"default","ast-global-header-display":"","ast-banner-title-visibility":"","ast-main-header-display":"","ast-hfb-above-header-display":"","ast-hfb-below-header-display":"","ast-hfb-mobile-header-display":"","site-post-title":"","ast-breadcrumbs-content":"","ast-featured-img":"","footer-sml-layout":"","theme-transparent-header-meta":"","adv-header-id-meta":"","stick-header-meta":"","header-above-stick-meta":"","header-main-stick-meta":"","header-below-stick-meta":"","astra-migrate-meta-layouts":"default","ast-page-background-enabled":"default","ast-page-background-meta":{"desktop":{"background-color":"var(--ast-global-color-4)","background-image":"","background-repeat":"repeat","background-position":"center center","background-size":"auto","background-attachment":"scroll","background-type":"","background-media":"","overlay-type":"","overlay-color":"","overlay-opacity":"","overlay-gradient":""},"tablet":{"background-color":"","background-image":"","background-repeat":"repeat","background-position":"center center","background-size":"auto","background-attachment":"scroll","background-type":"","background-media":"","overlay-type":"","overlay-color":"","overlay-opacity":"","overlay-gradient":""},"mobile":{"background-color":"","background-image":"","background-repeat":"repeat","background-position":"center center","background-size":"auto","background-attachment":"scroll","background-type":"","background-media":"","overlay-type":"","overlay-color":"","overlay-opacity":"","overlay-gradient":""}},"ast-content-background-meta":{"desktop":{"background-color":"var(--ast-global-color-5)","background-image":"","background-repeat":"repeat","background-position":"center center","background-size":"auto","background-attachment":"scroll","background-type":"","background-media":"","overlay-type":"","overlay-color":"","overlay-opacity":"","overlay-gradient":""},"tablet":{"background-color":"var(--ast-global-color-5)","background-image":"","background-repeat":"repeat","background-position":"center center","background-size":"auto","background-attachment":"scroll","background-type":"","background-media":"","overlay-type":"","overlay-color":"","overlay-opacity":"","overlay-gradient":""},"mobile":{"background-color":"var(--ast-global-color-5)","background-image":"","background-repeat":"repeat","background-position":"center center","background-size":"auto","background-attachment":"scroll","background-type":"","background-media":"","overlay-type":"","overlay-color":"","overlay-opacity":"","overlay-gradient":""}},"footnotes":""},"class_list":["post-9425","page","type-page","status-publish","hentry"],"post_mailing_queue_ids":[],"_links":{"self":[{"href":"https:\/\/serveiseducatius.xtec.cat\/baixllobregat7\/wp-json\/wp\/v2\/pages\/9425","targetHints":{"allow":["GET"]}}],"collection":[{"href":"https:\/\/serveiseducatius.xtec.cat\/baixllobregat7\/wp-json\/wp\/v2\/pages"}],"about":[{"href":"https:\/\/serveiseducatius.xtec.cat\/baixllobregat7\/wp-json\/wp\/v2\/types\/page"}],"author":[{"embeddable":true,"href":"https:\/\/serveiseducatius.xtec.cat\/baixllobregat7\/wp-json\/wp\/v2\/users\/3"}],"replies":[{"embeddable":true,"href":"https:\/\/serveiseducatius.xtec.cat\/baixllobregat7\/wp-json\/wp\/v2\/comments?post=9425"}],"version-history":[{"count":3,"href":"https:\/\/serveiseducatius.xtec.cat\/baixllobregat7\/wp-json\/wp\/v2\/pages\/9425\/revisions"}],"predecessor-version":[{"id":9454,"href":"https:\/\/serveiseducatius.xtec.cat\/baixllobregat7\/wp-json\/wp\/v2\/pages\/9425\/revisions\/9454"}],"up":[{"embeddable":true,"href":"https:\/\/serveiseducatius.xtec.cat\/baixllobregat7\/wp-json\/wp\/v2\/pages\/9386"}],"wp:attachment":[{"href":"https:\/\/serveiseducatius.xtec.cat\/baixllobregat7\/wp-json\/wp\/v2\/media?parent=9425"}],"curies":[{"name":"wp","href":"https:\/\/api.w.org\/{rel}","templated":true}]}}