{"id":8886,"date":"2020-11-26T14:12:50","date_gmt":"2020-11-26T13:12:50","guid":{"rendered":"http:\/\/serveiseducatius.xtec.cat\/baixllobregat7\/?page_id=8886"},"modified":"2024-05-01T12:17:53","modified_gmt":"2024-05-01T10:17:53","slug":"acreditacio-de-perfils-professionals","status":"publish","type":"page","link":"https:\/\/serveiseducatius.xtec.cat\/baixllobregat7\/gestions-administratives\/acreditacio-de-perfils-professionals\/","title":{"rendered":"Acreditaci\u00f3 de perfils professionals"},"content":{"rendered":"<h4><strong><img loading=\"lazy\" decoding=\"async\" class=\"alignright wp-image-8888\" src=\"https:\/\/serveiseducatius.xtec.cat\/baixllobregat7\/wp-content\/uploads\/usu1179\/2020\/11\/perfils.jpg\" alt=\"\" width=\"181\" height=\"97\" \/>Consultar les acreditacions reconegudes<\/strong>.<\/h4>\n<p>Al\u00a0<a href=\"https:\/\/atriportal.gencat.cat\/\" target=\"_blank\" rel=\"noopener noreferrer\"><strong>portal ATRI<\/strong>,<\/a> al men\u00fa Expedient\u00a0 &gt; Altres dades de l&#8217;expedient. Cal visualitzar les successives p\u00e0gines (bot\u00f3 <em><strong>Seg\u00fcent<\/strong><\/em>) fins a arribar a <em>Consulta de perfils professionals<\/em><\/p>\n<h4><strong>Obtenir una nova acreditaci\u00f3<\/strong><\/h4>\n<p>Consulteu la informaci\u00f3 detallada dels <strong>requisits generals<\/strong> i els <strong>espec\u00edfics<\/strong> de cada perfil, al <strong><a href=\"https:\/\/espai.educacio.gencat.cat\/Personal\/Acreditacio-perfils\/Pagines\/default.aspx\" target=\"_blank\" rel=\"noopener\">Portal de centre &gt; Persones &gt; Acreditaci\u00f3 de perfils.\u00a0<\/a><\/strong><\/p>\n<ul>\n<li>Ling\u00fc\u00edstic en llengua estrangera, AICLE (angl\u00e8s, franc\u00e8s, itali\u00e0, alemany)<\/li>\n<li>Compet\u00e8ncia digital docent:<\/li>\n<li>Atenci\u00f3 a la diversitat de l&#8217;alumnat<\/li>\n<li>Gesti\u00f3 de projectes i serveis de formaci\u00f3 professional inicial i\/o ensenyaments de r\u00e8gim especial.<\/li>\n<li>Lectura i biblioteca escolar<\/li>\n<li>Immersi\u00f3 i suport ling\u00fc\u00edstic<\/li>\n<li>Educaci\u00f3 visual i pl\u00e0stica<\/li>\n<li>Doc\u00e8ncia de dues especialitats docents a l&#8217;ESO<\/li>\n<li>Metodologies amb enfocament globalitzat.<\/li>\n<\/ul>\n<h5><strong>Sol\u00b7licitar una nova acreditaci\u00f3<\/strong><\/h5>\n<ul>\n<li><strong>Consulta<\/strong> d&#8217;activitats formatives i d&#8217;innovaci\u00f3 acollides als perfils professionals <a href=\"https:\/\/aplicacions.gestioeducativa.gencat.cat\/pls\/apex\/f?p=2017002:35\" target=\"_blank\" rel=\"noopener\">\ud83d\udd17<\/a><\/li>\n<li><strong>Sol\u00b7licitud<\/strong> telem\u00e0tica d&#8217;associaci\u00f3 d&#8217;activitats de formaci\u00f3 i innovaci\u00f3 a perfils professionals <a href=\"https:\/\/aplicacions.gestioeducativa.gencat.cat\/pls\/apex\/f?p=2017002:500:116418148105559:::::\" target=\"_blank\" rel=\"noopener\">\ud83d\udd17<\/a><\/li>\n<\/ul>\n<h5><strong>Termini de presentaci\u00f3 i efectes de les acreditacions\u200b\u200b<\/strong><\/h5>\n<p>Les sol\u00b7licituds d&#8217;acreditaci\u00f3 d&#8217;un o m\u00e9s perfils professionals es podran presentar <strong>en qualsevol moment del curs<\/strong>. Tenen efectes en el procediment d&#8217;adjudicaci\u00f3 de destinacions provisionals que es convoca cada curs les sol\u00b7licituds presentades fins al 30 d&#8217;abril. Les presentades a partir d&#8217;aquesta data poden acreditar el perfil professional, per\u00f2 no tindran efectes fins a la seg\u00fcent convocat\u00f2ria.<\/p>\n<h3><span style=\"font-size: 16px; color: inherit; font-family: inherit;\">M\u00e9s informaci\u00f3\u00a0<\/span><\/h3>\n<ul>\n<li><a href=\"https:\/\/espai.educacio.gencat.cat\/Personal\/Acreditacio-perfils\/Pagines\/default.aspx\" target=\"_blank\" rel=\"noopener\"><strong>Acreditaci\u00f3 de perfils<\/strong><\/a>, al Portal de centre<\/li>\n<li><strong><a href=\"https:\/\/drive.google.com\/file\/d\/1pzw2KDCndvqRSER8PGD5A1zqOksEbtBY\/view?usp=sharing\" target=\"_blank\" rel=\"noopener\">Elements b\u00e0sics de la formaci\u00f3 del professorat<\/a><\/strong> que capacita per a acreditar els diferents Perfils professionals<\/li>\n<\/ul>\n","protected":false},"excerpt":{"rendered":"<p>Consultar les acreditacions reconegudes. Al\u00a0portal ATRI, al men\u00fa Expedient\u00a0 &gt; Altres dades de l&#8217;expedient. Cal visualitzar les successives p\u00e0gines (bot\u00f3 Seg\u00fcent) fins a arribar a Consulta de perfils professionals Obtenir una nova acreditaci\u00f3 Consulteu la informaci\u00f3 detallada dels requisits generals i els espec\u00edfics de cada perfil, al Portal de centre &gt; Persones &gt; Acreditaci\u00f3 de [&hellip;]<\/p>\n","protected":false},"author":3,"featured_media":0,"parent":8849,"menu_order":0,"comment_status":"closed","ping_status":"closed","template":"","meta":{"_bbp_topic_count":0,"_bbp_reply_count":0,"_bbp_total_topic_count":0,"_bbp_total_reply_count":0,"_bbp_voice_count":0,"_bbp_anonymous_reply_count":0,"_bbp_topic_count_hidden":0,"_bbp_reply_count_hidden":0,"_bbp_forum_subforum_count":0,"site-sidebar-layout":"default","site-content-layout":"","ast-site-content-layout":"","site-content-style":"default","site-sidebar-style":"default","ast-global-header-display":"","ast-banner-title-visibility":"","ast-main-header-display":"","ast-hfb-above-header-display":"","ast-hfb-below-header-display":"","ast-hfb-mobile-header-display":"","site-post-title":"","ast-breadcrumbs-content":"","ast-featured-img":"","footer-sml-layout":"","theme-transparent-header-meta":"","adv-header-id-meta":"","stick-header-meta":"","header-above-stick-meta":"","header-main-stick-meta":"","header-below-stick-meta":"","astra-migrate-meta-layouts":"default","ast-page-background-enabled":"default","ast-page-background-meta":{"desktop":{"background-color":"var(--ast-global-color-4)","background-image":"","background-repeat":"repeat","background-position":"center center","background-size":"auto","background-attachment":"scroll","background-type":"","background-media":"","overlay-type":"","overlay-color":"","overlay-opacity":"","overlay-gradient":""},"tablet":{"background-color":"","background-image":"","background-repeat":"repeat","background-position":"center center","background-size":"auto","background-attachment":"scroll","background-type":"","background-media":"","overlay-type":"","overlay-color":"","overlay-opacity":"","overlay-gradient":""},"mobile":{"background-color":"","background-image":"","background-repeat":"repeat","background-position":"center center","background-size":"auto","background-attachment":"scroll","background-type":"","background-media":"","overlay-type":"","overlay-color":"","overlay-opacity":"","overlay-gradient":""}},"ast-content-background-meta":{"desktop":{"background-color":"var(--ast-global-color-5)","background-image":"","background-repeat":"repeat","background-position":"center center","background-size":"auto","background-attachment":"scroll","background-type":"","background-media":"","overlay-type":"","overlay-color":"","overlay-opacity":"","overlay-gradient":""},"tablet":{"background-color":"var(--ast-global-color-5)","background-image":"","background-repeat":"repeat","background-position":"center center","background-size":"auto","background-attachment":"scroll","background-type":"","background-media":"","overlay-type":"","overlay-color":"","overlay-opacity":"","overlay-gradient":""},"mobile":{"background-color":"var(--ast-global-color-5)","background-image":"","background-repeat":"repeat","background-position":"center center","background-size":"auto","background-attachment":"scroll","background-type":"","background-media":"","overlay-type":"","overlay-color":"","overlay-opacity":"","overlay-gradient":""}},"footnotes":""},"class_list":["post-8886","page","type-page","status-publish","hentry"],"post_mailing_queue_ids":[],"_links":{"self":[{"href":"https:\/\/serveiseducatius.xtec.cat\/baixllobregat7\/wp-json\/wp\/v2\/pages\/8886","targetHints":{"allow":["GET"]}}],"collection":[{"href":"https:\/\/serveiseducatius.xtec.cat\/baixllobregat7\/wp-json\/wp\/v2\/pages"}],"about":[{"href":"https:\/\/serveiseducatius.xtec.cat\/baixllobregat7\/wp-json\/wp\/v2\/types\/page"}],"author":[{"embeddable":true,"href":"https:\/\/serveiseducatius.xtec.cat\/baixllobregat7\/wp-json\/wp\/v2\/users\/3"}],"replies":[{"embeddable":true,"href":"https:\/\/serveiseducatius.xtec.cat\/baixllobregat7\/wp-json\/wp\/v2\/comments?post=8886"}],"version-history":[{"count":6,"href":"https:\/\/serveiseducatius.xtec.cat\/baixllobregat7\/wp-json\/wp\/v2\/pages\/8886\/revisions"}],"predecessor-version":[{"id":14008,"href":"https:\/\/serveiseducatius.xtec.cat\/baixllobregat7\/wp-json\/wp\/v2\/pages\/8886\/revisions\/14008"}],"up":[{"embeddable":true,"href":"https:\/\/serveiseducatius.xtec.cat\/baixllobregat7\/wp-json\/wp\/v2\/pages\/8849"}],"wp:attachment":[{"href":"https:\/\/serveiseducatius.xtec.cat\/baixllobregat7\/wp-json\/wp\/v2\/media?parent=8886"}],"curies":[{"name":"wp","href":"https:\/\/api.w.org\/{rel}","templated":true}]}}