{"id":8861,"date":"2020-11-26T13:30:17","date_gmt":"2020-11-26T12:30:17","guid":{"rendered":"http:\/\/serveiseducatius.xtec.cat\/baixllobregat7\/?page_id=8861"},"modified":"2024-09-13T10:39:26","modified_gmt":"2024-09-13T08:39:26","slug":"les-meves-dades-a-xtec","status":"publish","type":"page","link":"https:\/\/serveiseducatius.xtec.cat\/baixllobregat7\/gestions-administratives\/les-meves-dades-a-xtec\/","title":{"rendered":"Les meves activitats"},"content":{"rendered":"<p data-wp-editing=\"1\"><a href=\"https:\/\/xtec.gencat.cat\" target=\"_blank\" rel=\"noopener\"><img loading=\"lazy\" decoding=\"async\" class=\"wp-image-10931 alignnone aligncenter\" src=\"https:\/\/serveiseducatius.xtec.cat\/baixllobregat7\/wp-content\/uploads\/usu1179\/2020\/11\/xtec.jpg\" alt=\"\" width=\"62\" height=\"62\" srcset=\"https:\/\/serveiseducatius.xtec.cat\/baixllobregat7\/wp-content\/uploads\/usu1179\/2020\/11\/xtec.jpg 225w, https:\/\/serveiseducatius.xtec.cat\/baixllobregat7\/wp-content\/uploads\/usu1179\/2020\/11\/xtec-150x150.jpg 150w\" sizes=\"auto, (max-width: 62px) 100vw, 62px\" \/><\/a><\/p>\n<p data-wp-editing=\"1\">Accediu a la <strong><a href=\"https:\/\/xtec.gencat.cat\" target=\"_blank\" rel=\"noopener\">web XTEC<\/a> <\/strong>i desplegueu el men\u00fa <a href=\"https:\/\/xtec.gencat.cat\/ca\/formacio\/la-meva-formacio\/\" target=\"_blank\" rel=\"noopener\"><strong>Formaci\u00f3<\/strong> &gt; <strong>La meva formaci\u00f3<\/strong><\/a> &gt;<strong> Les meves activitats<\/strong>.<\/p>\n<p><a href=\"https:\/\/aplicacions.gestioeducativa.gencat.cat\/pls\/soloas\/pk_for_mod_ins.p_for_form_cons_selec\" target=\"_blank\" rel=\"noopener\"><img loading=\"lazy\" decoding=\"async\" class=\"wp-image-12259 aligncenter\" src=\"https:\/\/serveiseducatius.xtec.cat\/baixllobregat7\/wp-content\/uploads\/usu1179\/2022\/11\/les-meves-activitats.png\" alt=\"\" width=\"566\" height=\"74\" srcset=\"https:\/\/serveiseducatius.xtec.cat\/baixllobregat7\/wp-content\/uploads\/usu1179\/2022\/11\/les-meves-activitats.png 765w, https:\/\/serveiseducatius.xtec.cat\/baixllobregat7\/wp-content\/uploads\/usu1179\/2022\/11\/les-meves-activitats-300x39.png 300w\" sizes=\"auto, (max-width: 566px) 100vw, 566px\" \/><\/a><\/p>\n<p>Polseu a <strong>Acc\u00e9s a les dades.\u00a0<\/strong>Un cop identificat amb l&#8217;usuari i la contrasenya XTEC, s&#8217;obrir\u00e0 la finestra <strong>Resum inscripcions<\/strong>\u00a0, a l&#8217;inici de la qual hi ha les vostres dades personals que consten a <strong>Formaci\u00f3 XTEC<\/strong><\/p>\n<p style=\"text-align: center;\"><img loading=\"lazy\" decoding=\"async\" class=\"aligncenter wp-image-13115\" src=\"https:\/\/serveiseducatius.xtec.cat\/baixllobregat7\/wp-content\/uploads\/usu1179\/2023\/10\/modifica.png\" alt=\"\" width=\"780\" height=\"110\" srcset=\"https:\/\/serveiseducatius.xtec.cat\/baixllobregat7\/wp-content\/uploads\/usu1179\/2023\/10\/modifica.png 917w, https:\/\/serveiseducatius.xtec.cat\/baixllobregat7\/wp-content\/uploads\/usu1179\/2023\/10\/modifica-300x42.png 300w, https:\/\/serveiseducatius.xtec.cat\/baixllobregat7\/wp-content\/uploads\/usu1179\/2023\/10\/modifica-768x108.png 768w\" sizes=\"auto, (max-width: 780px) 100vw, 780px\" \/><\/p>\n<p>Polseu a<span style=\"font-family: inherit; font-size: 1em;\">\u00a0<\/span><strong style=\"font-family: inherit; font-size: 1em;\">Modifica<\/strong> i podeu corregir o actualitzar algunes d&#8217;aquestes dades.<\/p>\n<p style=\"text-align: center;\"><img loading=\"lazy\" decoding=\"async\" class=\"aligncenter size-full wp-image-12997\" src=\"https:\/\/serveiseducatius.xtec.cat\/baixllobregat7\/wp-content\/uploads\/usu1179\/2023\/09\/les-meves-dades.png\" alt=\"\" width=\"576\" height=\"188\" srcset=\"https:\/\/serveiseducatius.xtec.cat\/baixllobregat7\/wp-content\/uploads\/usu1179\/2023\/09\/les-meves-dades.png 576w, https:\/\/serveiseducatius.xtec.cat\/baixllobregat7\/wp-content\/uploads\/usu1179\/2023\/09\/les-meves-dades-300x98.png 300w\" sizes=\"auto, (max-width: 576px) 100vw, 576px\" \/><span style=\"font-size: 10pt;\">En cas que hi hagi alguna errada en el nom o els cognoms, podeu sol\u00b7licitar-ne la rectificaci\u00f3<br \/>\nadjuntant documentaci\u00f3 acreditativa (DNI o passaport escanejat).<\/span><\/p>\n<p>M\u00e9s avall, aquesta mateixa finestra <strong><em>Resum d&#8217;inscripcions<\/em> <\/strong>us mostra la relaci\u00f3 d&#8217;activitats de formaci\u00f3 a les que us heu inscrit durant el curs vigent. En aquesta relaci\u00f3 podeu<\/p>\n<ul>\n<li><span style=\"font-family: inherit; font-size: 1em;\">Revisar les sol\u00b7licituds de formaci\u00f3 i <\/span><span style=\"font-family: inherit; font-size: 1em;\">comprovar si se us ha adjudicat pla\u00e7a<\/span><\/li>\n<li><span style=\"font-family: inherit; font-size: 1em;\">Anul\u00b7lar una inscripci\u00f3, en cas necessari (nom\u00e9s es pot fer abans que comenci la formaci\u00f3)<\/span><\/li>\n<li><span style=\"font-family: inherit; font-size: 1em;\">En alguns casos, accedir a la compleci\u00f3 del <strong>Q\u00fcestionari<\/strong> final d&#8217;una formaci\u00f3<br \/>\nAquest Q\u00fcestionari nom\u00e9s est\u00e0 actiu en algunes formacions, ja que en d&#8217;altres es fa arribar als participants un formulari <em>Google<\/em><\/span><\/li>\n<\/ul>\n<p style=\"text-align: center;\"><img loading=\"lazy\" decoding=\"async\" class=\"aligncenter wp-image-13025\" src=\"https:\/\/serveiseducatius.xtec.cat\/baixllobregat7\/wp-content\/uploads\/usu1179\/2023\/09\/resum-inscripcions.png\" alt=\"\" width=\"638\" height=\"291\" srcset=\"https:\/\/serveiseducatius.xtec.cat\/baixllobregat7\/wp-content\/uploads\/usu1179\/2023\/09\/resum-inscripcions.png 917w, https:\/\/serveiseducatius.xtec.cat\/baixllobregat7\/wp-content\/uploads\/usu1179\/2023\/09\/resum-inscripcions-300x137.png 300w, https:\/\/serveiseducatius.xtec.cat\/baixllobregat7\/wp-content\/uploads\/usu1179\/2023\/09\/resum-inscripcions-768x350.png 768w\" sizes=\"auto, (max-width: 638px) 100vw, 638px\" \/><\/p>\n","protected":false},"excerpt":{"rendered":"<p>Accediu a la web XTEC i desplegueu el men\u00fa Formaci\u00f3 &gt; La meva formaci\u00f3 &gt; Les meves activitats. Polseu a Acc\u00e9s a les dades.\u00a0Un cop identificat amb l&#8217;usuari i la contrasenya XTEC, s&#8217;obrir\u00e0 la finestra Resum inscripcions\u00a0, a l&#8217;inici de la qual hi ha les vostres dades personals que consten a Formaci\u00f3 XTEC Polseu a\u00a0Modifica [&hellip;]<\/p>\n","protected":false},"author":3,"featured_media":0,"parent":8849,"menu_order":0,"comment_status":"closed","ping_status":"closed","template":"","meta":{"_bbp_topic_count":0,"_bbp_reply_count":0,"_bbp_total_topic_count":0,"_bbp_total_reply_count":0,"_bbp_voice_count":0,"_bbp_anonymous_reply_count":0,"_bbp_topic_count_hidden":0,"_bbp_reply_count_hidden":0,"_bbp_forum_subforum_count":0,"site-sidebar-layout":"default","site-content-layout":"","ast-site-content-layout":"","site-content-style":"default","site-sidebar-style":"default","ast-global-header-display":"","ast-banner-title-visibility":"","ast-main-header-display":"","ast-hfb-above-header-display":"","ast-hfb-below-header-display":"","ast-hfb-mobile-header-display":"","site-post-title":"","ast-breadcrumbs-content":"","ast-featured-img":"","footer-sml-layout":"","theme-transparent-header-meta":"","adv-header-id-meta":"","stick-header-meta":"","header-above-stick-meta":"","header-main-stick-meta":"","header-below-stick-meta":"","astra-migrate-meta-layouts":"default","ast-page-background-enabled":"default","ast-page-background-meta":{"desktop":{"background-color":"var(--ast-global-color-4)","background-image":"","background-repeat":"repeat","background-position":"center center","background-size":"auto","background-attachment":"scroll","background-type":"","background-media":"","overlay-type":"","overlay-color":"","overlay-opacity":"","overlay-gradient":""},"tablet":{"background-color":"","background-image":"","background-repeat":"repeat","background-position":"center center","background-size":"auto","background-attachment":"scroll","background-type":"","background-media":"","overlay-type":"","overlay-color":"","overlay-opacity":"","overlay-gradient":""},"mobile":{"background-color":"","background-image":"","background-repeat":"repeat","background-position":"center center","background-size":"auto","background-attachment":"scroll","background-type":"","background-media":"","overlay-type":"","overlay-color":"","overlay-opacity":"","overlay-gradient":""}},"ast-content-background-meta":{"desktop":{"background-color":"var(--ast-global-color-5)","background-image":"","background-repeat":"repeat","background-position":"center center","background-size":"auto","background-attachment":"scroll","background-type":"","background-media":"","overlay-type":"","overlay-color":"","overlay-opacity":"","overlay-gradient":""},"tablet":{"background-color":"var(--ast-global-color-5)","background-image":"","background-repeat":"repeat","background-position":"center center","background-size":"auto","background-attachment":"scroll","background-type":"","background-media":"","overlay-type":"","overlay-color":"","overlay-opacity":"","overlay-gradient":""},"mobile":{"background-color":"var(--ast-global-color-5)","background-image":"","background-repeat":"repeat","background-position":"center center","background-size":"auto","background-attachment":"scroll","background-type":"","background-media":"","overlay-type":"","overlay-color":"","overlay-opacity":"","overlay-gradient":""}},"footnotes":""},"class_list":["post-8861","page","type-page","status-publish","hentry"],"post_mailing_queue_ids":[],"_links":{"self":[{"href":"https:\/\/serveiseducatius.xtec.cat\/baixllobregat7\/wp-json\/wp\/v2\/pages\/8861","targetHints":{"allow":["GET"]}}],"collection":[{"href":"https:\/\/serveiseducatius.xtec.cat\/baixllobregat7\/wp-json\/wp\/v2\/pages"}],"about":[{"href":"https:\/\/serveiseducatius.xtec.cat\/baixllobregat7\/wp-json\/wp\/v2\/types\/page"}],"author":[{"embeddable":true,"href":"https:\/\/serveiseducatius.xtec.cat\/baixllobregat7\/wp-json\/wp\/v2\/users\/3"}],"replies":[{"embeddable":true,"href":"https:\/\/serveiseducatius.xtec.cat\/baixllobregat7\/wp-json\/wp\/v2\/comments?post=8861"}],"version-history":[{"count":7,"href":"https:\/\/serveiseducatius.xtec.cat\/baixllobregat7\/wp-json\/wp\/v2\/pages\/8861\/revisions"}],"predecessor-version":[{"id":14283,"href":"https:\/\/serveiseducatius.xtec.cat\/baixllobregat7\/wp-json\/wp\/v2\/pages\/8861\/revisions\/14283"}],"up":[{"embeddable":true,"href":"https:\/\/serveiseducatius.xtec.cat\/baixllobregat7\/wp-json\/wp\/v2\/pages\/8849"}],"wp:attachment":[{"href":"https:\/\/serveiseducatius.xtec.cat\/baixllobregat7\/wp-json\/wp\/v2\/media?parent=8861"}],"curies":[{"name":"wp","href":"https:\/\/api.w.org\/{rel}","templated":true}]}}