{"id":8338,"date":"2020-11-12T11:03:41","date_gmt":"2020-11-12T10:03:41","guid":{"rendered":"http:\/\/serveiseducatius.xtec.cat\/baixllobregat7\/?page_id=8338"},"modified":"2020-11-12T13:48:22","modified_gmt":"2020-11-12T12:48:22","slug":"la-meva-formacio","status":"publish","type":"page","link":"https:\/\/serveiseducatius.xtec.cat\/baixllobregat7\/la-meva-formacio\/","title":{"rendered":"La meva formaci\u00f3"},"content":{"rendered":"<p>Cada vegada que us inscriviu a una activitat de Formaci\u00f3 a l&#8217;aplicaci\u00f3 XTEC us permet modificar, si escau, algunes de les vostres dades personals.<\/p>\n<p style=\"text-align: center;\"><img decoding=\"async\" style=\"width: 571px; height: 400px;\" src=\"https:\/\/serveiseducatius.xtec.cat\/baixllobregat7\/wp-content\/uploads\/usu1179\/2020\/11\/confirmar_dades-inscripcio.png\" alt=\"\" \/><\/p>\n<p>Tamb\u00e9 podeu accedir a\u00a0<strong><a href=\"https:\/\/aplicacions.gestioeducativa.gencat.cat\/pls\/soloas\/pk_for_mod_ins.p_for_form_cons_selec\" target=\"_blank\" rel=\"noopener noreferrer\">Les meves activitats<\/a><\/strong>, en qualsevol moment del curs per a<\/p>\n<ul>\n<li>revisar sol\u00b7licituds pendents d&#8217;assignar<\/li>\n<li>consultar assignacions<\/li>\n<li>omplir q\u00fcestionaris<\/li>\n<li><span style=\"color: #ff0000;\">modificar aquestes dades personals<\/span><\/li>\n<\/ul>\n<p><iframe loading=\"lazy\" src=\"https:\/\/aplicacions.gestioeducativa.gencat.cat\/pls\/soloas\/pk_for_mod_ins.p_for_form_cons_selec\" width=\"100%\" height=\"250px\"><span data-mce-type=\"bookmark\" style=\"display: inline-block; width: 0px; overflow: hidden; line-height: 0;\" class=\"mce_SELRES_start\">\ufeff<\/span><\/iframe><\/p>\n<p>Si trobeu alguna dificultat, reviseu aquesta guia:<\/p>\n<p style=\"text-align: center;\"><img decoding=\"async\" style=\"width: 800px; height: 142px;\" src=\"https:\/\/serveiseducatius.xtec.cat\/baixllobregat7\/wp-content\/uploads\/usu1179\/2020\/11\/4_modificar.png\" alt=\"\" \/><\/p>\n<p>&nbsp;<\/p>\n<p>Polseu el bot\u00f3 <strong>Modifica<\/strong> per a actualitzar les vostres dades<\/p>\n<p style=\"text-align: center;\"><img decoding=\"async\" style=\"width: 536px; height: 225px;\" src=\"https:\/\/serveiseducatius.xtec.cat\/baixllobregat7\/wp-content\/uploads\/usu1179\/2020\/11\/5_modificar.png\" alt=\"\" \/><\/p>\n<p>En cas de detectar alguna errada en el <span style=\"color: #ff0000;\"><strong>nom o els cognoms<\/strong><\/span>, podeu sol\u00b7licitar-ne la rectificaci\u00f3 <strong>adjuntant documentaci\u00f3<\/strong> (DNI o passaport escanejat)<\/p>\n","protected":false},"excerpt":{"rendered":"<p>Cada vegada que us inscriviu a una activitat de Formaci\u00f3 a l&#8217;aplicaci\u00f3 XTEC us permet modificar, si escau, algunes de les vostres dades personals. Tamb\u00e9 podeu accedir a\u00a0Les meves activitats, en qualsevol moment del curs per a revisar sol\u00b7licituds pendents d&#8217;assignar consultar assignacions omplir q\u00fcestionaris modificar aquestes dades personals \ufeff Si trobeu alguna dificultat, reviseu [&hellip;]<\/p>\n","protected":false},"author":3,"featured_media":0,"parent":0,"menu_order":0,"comment_status":"closed","ping_status":"closed","template":"","meta":{"_bbp_topic_count":0,"_bbp_reply_count":0,"_bbp_total_topic_count":0,"_bbp_total_reply_count":0,"_bbp_voice_count":0,"_bbp_anonymous_reply_count":0,"_bbp_topic_count_hidden":0,"_bbp_reply_count_hidden":0,"_bbp_forum_subforum_count":0,"site-sidebar-layout":"default","site-content-layout":"","ast-site-content-layout":"","site-content-style":"default","site-sidebar-style":"default","ast-global-header-display":"","ast-banner-title-visibility":"","ast-main-header-display":"","ast-hfb-above-header-display":"","ast-hfb-below-header-display":"","ast-hfb-mobile-header-display":"","site-post-title":"","ast-breadcrumbs-content":"","ast-featured-img":"","footer-sml-layout":"","theme-transparent-header-meta":"","adv-header-id-meta":"","stick-header-meta":"","header-above-stick-meta":"","header-main-stick-meta":"","header-below-stick-meta":"","astra-migrate-meta-layouts":"default","ast-page-background-enabled":"default","ast-page-background-meta":{"desktop":{"background-color":"var(--ast-global-color-4)","background-image":"","background-repeat":"repeat","background-position":"center center","background-size":"auto","background-attachment":"scroll","background-type":"","background-media":"","overlay-type":"","overlay-color":"","overlay-opacity":"","overlay-gradient":""},"tablet":{"background-color":"","background-image":"","background-repeat":"repeat","background-position":"center center","background-size":"auto","background-attachment":"scroll","background-type":"","background-media":"","overlay-type":"","overlay-color":"","overlay-opacity":"","overlay-gradient":""},"mobile":{"background-color":"","background-image":"","background-repeat":"repeat","background-position":"center center","background-size":"auto","background-attachment":"scroll","background-type":"","background-media":"","overlay-type":"","overlay-color":"","overlay-opacity":"","overlay-gradient":""}},"ast-content-background-meta":{"desktop":{"background-color":"var(--ast-global-color-5)","background-image":"","background-repeat":"repeat","background-position":"center center","background-size":"auto","background-attachment":"scroll","background-type":"","background-media":"","overlay-type":"","overlay-color":"","overlay-opacity":"","overlay-gradient":""},"tablet":{"background-color":"var(--ast-global-color-5)","background-image":"","background-repeat":"repeat","background-position":"center center","background-size":"auto","background-attachment":"scroll","background-type":"","background-media":"","overlay-type":"","overlay-color":"","overlay-opacity":"","overlay-gradient":""},"mobile":{"background-color":"var(--ast-global-color-5)","background-image":"","background-repeat":"repeat","background-position":"center center","background-size":"auto","background-attachment":"scroll","background-type":"","background-media":"","overlay-type":"","overlay-color":"","overlay-opacity":"","overlay-gradient":""}},"footnotes":""},"class_list":["post-8338","page","type-page","status-publish","hentry"],"post_mailing_queue_ids":[],"_links":{"self":[{"href":"https:\/\/serveiseducatius.xtec.cat\/baixllobregat7\/wp-json\/wp\/v2\/pages\/8338","targetHints":{"allow":["GET"]}}],"collection":[{"href":"https:\/\/serveiseducatius.xtec.cat\/baixllobregat7\/wp-json\/wp\/v2\/pages"}],"about":[{"href":"https:\/\/serveiseducatius.xtec.cat\/baixllobregat7\/wp-json\/wp\/v2\/types\/page"}],"author":[{"embeddable":true,"href":"https:\/\/serveiseducatius.xtec.cat\/baixllobregat7\/wp-json\/wp\/v2\/users\/3"}],"replies":[{"embeddable":true,"href":"https:\/\/serveiseducatius.xtec.cat\/baixllobregat7\/wp-json\/wp\/v2\/comments?post=8338"}],"version-history":[{"count":3,"href":"https:\/\/serveiseducatius.xtec.cat\/baixllobregat7\/wp-json\/wp\/v2\/pages\/8338\/revisions"}],"predecessor-version":[{"id":8350,"href":"https:\/\/serveiseducatius.xtec.cat\/baixllobregat7\/wp-json\/wp\/v2\/pages\/8338\/revisions\/8350"}],"wp:attachment":[{"href":"https:\/\/serveiseducatius.xtec.cat\/baixllobregat7\/wp-json\/wp\/v2\/media?parent=8338"}],"curies":[{"name":"wp","href":"https:\/\/api.w.org\/{rel}","templated":true}]}}