{"id":8316,"date":"2020-11-10T20:12:48","date_gmt":"2020-11-10T19:12:48","guid":{"rendered":"http:\/\/serveiseducatius.xtec.cat\/baixllobregat7\/?page_id=8316"},"modified":"2022-03-16T14:25:38","modified_gmt":"2022-03-16T13:25:38","slug":"documentacio","status":"publish","type":"page","link":"https:\/\/serveiseducatius.xtec.cat\/baixllobregat7\/documentacio\/","title":{"rendered":"Documentaci\u00f3"},"content":{"rendered":"<h3 id=\"item2\"><img decoding=\"async\" style=\"width: 32px; height: 32px;\" src=\"https:\/\/serveiseducatius.xtec.cat\/baixllobregat7\/wp-content\/uploads\/usu1179\/2020\/11\/folder.png\" alt=\"\" \/> <span style=\"color: #ff8c00;\"><strong><span style=\"font-size: 14px;\">Dinamitzaci\u00f3<\/span><\/strong><\/span><\/h3>\n<p style=\"line-height: 100%; padding-left: 40px;\" data-wp-editing=\"1\"><img loading=\"lazy\" decoding=\"async\" class=\"alignnone\" style=\"height: 16px; width: 16px;\" src=\"https:\/\/serveiseducatius.xtec.cat\/baixllobregat7\/wp-content\/uploads\/usu1179\/2020\/11\/folder.png\" alt=\"\" width=\"32\" height=\"32\" \/>\u00a0<a href=\"https:\/\/drive.google.com\/drive\/folders\/0B4sf20EeQ04rQ1QyV2VjVVVBVDA?resourcekey=0-q9MWHxSIMckqFkeI8-FkDg&amp;usp=sharing\" target=\"_blank\" rel=\"noopener noreferrer\">Xarxa Territorial de Compet\u00e8ncies B\u00e0siques<\/a><br \/>\n<img loading=\"lazy\" decoding=\"async\" class=\"alignnone\" style=\"width: 16px; height: 16px;\" src=\"https:\/\/serveiseducatius.xtec.cat\/baixllobregat7\/wp-content\/uploads\/usu1179\/2020\/11\/folder.png\" alt=\"\" width=\"32\" height=\"32\" \/><a href=\"https:\/\/drive.google.com\/drive\/folders\/0B1_5a3x4CrvIUVBfWnhvS2ZDV0k?resourcekey=0-JJQkGv8BFaITHO8ChQ1P7g&amp;usp=sharing\" target=\"_blank\" rel=\"noopener noreferrer\"> Experi\u00e8ncies<\/a><br \/>\n<img loading=\"lazy\" decoding=\"async\" class=\"alignnone\" style=\"width: 16px; height: 16px;\" src=\"https:\/\/serveiseducatius.xtec.cat\/baixllobregat7\/wp-content\/uploads\/usu1179\/2020\/11\/folder.png\" alt=\"\" width=\"32\" height=\"32\" \/> <a href=\"https:\/\/drive.google.com\/drive\/folders\/0B1_5a3x4CrvIN2pZcm9UdlNaeFE?resourcekey=0-N7JkS1DQvwXjhAgEn82lVQ&amp;usp=sharing\" target=\"_blank\" rel=\"noopener noreferrer\">Jornades<\/a><br \/>\n<img loading=\"lazy\" decoding=\"async\" class=\"alignnone\" style=\"width: 16px; height: 16px;\" src=\"https:\/\/serveiseducatius.xtec.cat\/baixllobregat7\/wp-content\/uploads\/usu1179\/2020\/11\/folder.png\" alt=\"\" width=\"32\" height=\"32\" \/> <a href=\"https:\/\/drive.google.com\/drive\/folders\/0B1_5a3x4CrvINXNUTFY4WXBqSkk?resourcekey=0-HC6IziKTj5NqDf9QMnevPQ&amp;usp=sharing\" target=\"_blank\" rel=\"noopener noreferrer\">Projectes<\/a><br \/>\n<img loading=\"lazy\" decoding=\"async\" class=\"alignnone\" style=\"height: 16px; width: 16px;\" src=\"https:\/\/serveiseducatius.xtec.cat\/baixllobregat7\/wp-content\/uploads\/usu1179\/2020\/11\/folder.png\" alt=\"\" width=\"32\" height=\"32\" \/>\u00a0<a style=\"font-family: inherit; font-size: 1em;\" href=\"https:\/\/drive.google.com\/drive\/folders\/0B1_5a3x4CrvISS1ZS1RzclZFVEU?resourcekey=0-rAN3iHuDXr544ZsCCHC-LA&amp;usp=sharing\" target=\"_blank\" rel=\"noopener noreferrer\">Congr\u00e9s de Ci\u00e8ncia<\/a><br \/>\n<img loading=\"lazy\" decoding=\"async\" class=\"alignnone\" style=\"height: 16px; width: 16px;\" src=\"https:\/\/serveiseducatius.xtec.cat\/baixllobregat7\/wp-content\/uploads\/usu1179\/2020\/11\/folder.png\" alt=\"\" width=\"32\" height=\"32\" \/>\u00a0<a href=\"https:\/\/drive.google.com\/drive\/folders\/1QJwjyvos5E6DVTGJIEDDukLVB5kaGMtF?usp=sharing\" target=\"_blank\" rel=\"noopener\">Biblioteca escolar i Animaci\u00f3 a la lectura<\/a><br \/>\n<img loading=\"lazy\" decoding=\"async\" class=\"alignnone\" style=\"height: 16px; width: 16px;\" src=\"https:\/\/serveiseducatius.xtec.cat\/baixllobregat7\/wp-content\/uploads\/usu1179\/2020\/11\/folder.png\" alt=\"\" width=\"32\" height=\"32\" \/> <a href=\"https:\/\/drive.google.com\/drive\/folders\/1NbAiEjB3lSSMgow6klwMaAS1s_dlyOtC?usp=sharing\" target=\"_blank\" rel=\"noopener\">Estrat\u00e8gia digital de centre 2021..2023<\/a><\/p>\n<h3 id=\"item3\"><img decoding=\"async\" style=\"width: 32px; height: 32px;\" src=\"https:\/\/serveiseducatius.xtec.cat\/baixllobregat7\/wp-content\/uploads\/usu1179\/2020\/11\/folder.png\" alt=\"\" \/> <span style=\"color: #ff8c00;\"><strong><span style=\"font-size: 14px;\">Reunions Equip- Seminaris Zona<\/span><\/strong><\/span><\/h3>\n<p style=\"margin-left: 40px;\"><img loading=\"lazy\" decoding=\"async\" class=\"alignnone\" style=\"width: 16px; height: 16px;\" src=\"https:\/\/serveiseducatius.xtec.cat\/baixllobregat7\/wp-content\/uploads\/usu1179\/2020\/11\/folder.png\" alt=\"\" width=\"32\" height=\"32\" \/> <a href=\"https:\/\/drive.google.com\/drive\/folders\/0B1_5a3x4CrvIMF93N0xCbzFOc00?resourcekey=0-P0CuFTMf5ZmX_fXr9chsDg&amp;usp=sharing\" target=\"_blank\" rel=\"noopener\">Millora de l&#8217;aprenentatge inicial de la lectura<\/a><br \/>\n<img decoding=\"async\" style=\"width: 16px; height: 16px;\" src=\"https:\/\/serveiseducatius.xtec.cat\/baixllobregat7\/wp-content\/uploads\/usu1179\/2020\/11\/folder.png\" alt=\"\" \/> <a href=\"https:\/\/drive.google.com\/drive\/folders\/0B1_5a3x4CrvIRW1lbjVEWURKeEU?resourcekey=0-Jglw97IR7YdtMuVYyvlVJQ&amp;usp=sharing\" target=\"_blank\" rel=\"noopener\">Xarxa de Caps d&#8217;Estudis i CP<\/a><br \/>\n<img decoding=\"async\" style=\"width: 16px; height: 16px;\" src=\"https:\/\/serveiseducatius.xtec.cat\/baixllobregat7\/wp-content\/uploads\/usu1179\/2020\/11\/folder.png\" alt=\"\" \/> <a href=\"https:\/\/drive.google.com\/drive\/folders\/0B1_5a3x4CrvIRjN0VW5yQWtLLVk?resourcekey=0-IHqRFFP8ZOzxxTgTyweQLg&amp;usp=sharing\" target=\"_blank\" rel=\"noopener\">Xarxa de Directors\/es<\/a><br \/>\n<img decoding=\"async\" style=\"width: 16px; height: 16px;\" src=\"https:\/\/serveiseducatius.xtec.cat\/baixllobregat7\/wp-content\/uploads\/usu1179\/2020\/11\/folder.png\" alt=\"\" \/> <a href=\"https:\/\/drive.google.com\/drive\/folders\/1ARh6enKjYMc7AjHtEdAhSHFs0I7hpJii?usp=sharing\" target=\"_blank\" rel=\"noopener\">Xarxa de Secretaris\/es<\/a><br \/>\n<img decoding=\"async\" style=\"width: 16px; height: 16px;\" src=\"https:\/\/serveiseducatius.xtec.cat\/baixllobregat7\/wp-content\/uploads\/usu1179\/2020\/11\/folder.png\" alt=\"\" \/> <a href=\"https:\/\/drive.google.com\/drive\/folders\/0B1_5a3x4CrvIcnNPMDNBMmo0bFk?resourcekey=0-xcFSk_t0uJYxxdpan3DN7Q&amp;usp=sharing\" target=\"_blank\" rel=\"noopener\">Seminari de Coordinaci\u00f3 0-6<\/a><br \/>\n<img decoding=\"async\" style=\"width: 16px; height: 16px;\" src=\"https:\/\/serveiseducatius.xtec.cat\/baixllobregat7\/wp-content\/uploads\/usu1179\/2020\/11\/folder.png\" alt=\"\" \/> <a href=\"https:\/\/drive.google.com\/drive\/folders\/0B1_5a3x4CrvIOHkzcVBoUFFIREE?resourcekey=0-0fnnYE0SXVt7aS_B8QSxDQ&amp;usp=sharing\" target=\"_blank\" rel=\"noopener\">Seminari de Coordinaci\u00f3 Prim\u00e0ria Secund\u00e0ria<\/a><br \/>\n<img decoding=\"async\" style=\"width: 16px; height: 16px;\" src=\"https:\/\/serveiseducatius.xtec.cat\/baixllobregat7\/wp-content\/uploads\/usu1179\/2020\/11\/folder.png\" alt=\"\" \/> <a href=\"https:\/\/drive.google.com\/drive\/folders\/0B1_5a3x4CrvIV0loNUkzT1hQNW8?resourcekey=0-SjVUy_qU0Ipbwit0QwwSzA&amp;usp=sharing\" target=\"_blank\" rel=\"noopener\">Seminari d&#8217;Escola Compartida<\/a><br \/>\n<img decoding=\"async\" style=\"width: 16px; height: 16px;\" src=\"https:\/\/serveiseducatius.xtec.cat\/baixllobregat7\/wp-content\/uploads\/usu1179\/2020\/11\/folder.png\" alt=\"\" \/> <a href=\"https:\/\/drive.google.com\/drive\/folders\/1afSy4_e6L9X4Kfl3Ne1PCoH25q4sYPdA\" target=\"_blank\" rel=\"noopener\">Xarxa territorial de Cultura Digital<\/a> (abans, seminari <em>SEMTAC<\/em>)<br \/>\n<img decoding=\"async\" style=\"width: 16px; height: 16px;\" src=\"https:\/\/serveiseducatius.xtec.cat\/baixllobregat7\/wp-content\/uploads\/usu1179\/2020\/11\/folder.png\" alt=\"\" \/>\u00a0<a href=\"https:\/\/drive.google.com\/drive\/folders\/1VoySHX-hPkwEqh1tOKkhwZurPFes7roB?usp=sharing\" target=\"_blank\" rel=\"noopener noreferrer\">Seminari\u00a0d&#8217;Angl\u00e8s<\/a><\/p>\n<h3 id=\"item3\"><img decoding=\"async\" style=\"width: 32px; height: 32px;\" src=\"https:\/\/serveiseducatius.xtec.cat\/baixllobregat7\/wp-content\/uploads\/usu1179\/2020\/11\/folder.png\" alt=\"\" \/> <span style=\"color: #ff8c00;\"><strong><span style=\"font-size: 14px;\">F\u00f2rum TR<\/span><\/strong><\/span><\/h3>\n<p style=\"margin-left: 40px;\"><a href=\"https:\/\/drive.google.com\/drive\/folders\/0BwFIJVC6aXurMUFSRGxWYkttXzg?usp=sharing\" target=\"_blank\" rel=\"noopener noreferrer\"><img decoding=\"async\" style=\"width: 16px; height: 16px;\" src=\"https:\/\/serveiseducatius.xtec.cat\/baixllobregat7\/wp-content\/uploads\/usu1179\/2020\/11\/folder.png\" alt=\"\" \/> Gesti\u00f3<\/a><br \/>\n<a href=\"https:\/\/drive.google.com\/open?id=0B1_5a3x4CrvIYjYzanBjN0FMb1k&amp;authuser=0\" target=\"_blank\" rel=\"noopener noreferrer\"><img decoding=\"async\" style=\"width: 16px; height: 16px;\" src=\"https:\/\/serveiseducatius.xtec.cat\/baixllobregat7\/wp-content\/uploads\/usu1179\/2020\/11\/folder.png\" alt=\"\" \/> Publicacions<\/a><\/p>\n<h3 id=\"item3\"><img decoding=\"async\" style=\"width: 32px; height: 32px;\" src=\"https:\/\/serveiseducatius.xtec.cat\/baixllobregat7\/wp-content\/uploads\/usu1179\/2020\/11\/folder.png\" alt=\"\" \/> <span style=\"color: #ff8c00;\"><strong><span style=\"font-size: 14px;\">Pla de Formaci\u00f3 de Zona<\/span><\/strong><\/span><\/h3>\n<p style=\"margin-left: 40px;\"><img decoding=\"async\" style=\"width: 16px; height: 16px;\" src=\"https:\/\/serveiseducatius.xtec.cat\/baixllobregat7\/wp-content\/uploads\/usu1179\/2020\/11\/folder.png\" alt=\"\" \/> <a href=\"https:\/\/drive.google.com\/drive\/folders\/0B1_5a3x4CrvIVDE0bzNVLWVkQjg?resourcekey=0-XIuxueIRaWJOV9L2np-h9A&amp;usp=sharing\" target=\"_blank\" rel=\"noopener\">Confer\u00e8ncies \/ Tallers<\/a><br \/>\n<img decoding=\"async\" style=\"width: 16px; height: 16px;\" src=\"https:\/\/serveiseducatius.xtec.cat\/baixllobregat7\/wp-content\/uploads\/usu1179\/2020\/11\/folder.png\" alt=\"\" \/> <a href=\"https:\/\/drive.google.com\/drive\/folders\/0B1_5a3x4CrvIUWNUdEU2NXlsR0E?resourcekey=0-aaRdYZfsqEM5q9oQXEG_nA&amp;usp=sharing\" target=\"_blank\" rel=\"noopener\">Detecci\u00f3<\/a><br \/>\n<img decoding=\"async\" style=\"width: 16px; height: 16px;\" src=\"https:\/\/serveiseducatius.xtec.cat\/baixllobregat7\/wp-content\/uploads\/usu1179\/2020\/11\/folder.png\" alt=\"\" \/> <a href=\"https:\/\/drive.google.com\/drive\/folders\/0B1_5a3x4CrvIdzFYeEhQOE1MenM?resourcekey=0-PAVnnDqUHSDZNBo6GyKdHw&amp;usp=sharing\" target=\"_blank\" rel=\"noopener\">Materials<\/a><br \/>\n<img decoding=\"async\" style=\"width: 16px; height: 16px;\" src=\"https:\/\/serveiseducatius.xtec.cat\/baixllobregat7\/wp-content\/uploads\/usu1179\/2020\/11\/folder.png\" alt=\"\" \/> <a href=\"https:\/\/drive.google.com\/drive\/folders\/0B1_5a3x4CrvIcWlKOFgzN1YtbFk?resourcekey=0-KH352tlErV20_Hs5EdnIXA&amp;usp=sharing\" target=\"_blank\" rel=\"noopener\">Seguiment<\/a><\/p>\n<h3 id=\"item3\"><img decoding=\"async\" style=\"width: 32px; height: 32px;\" src=\"https:\/\/serveiseducatius.xtec.cat\/baixllobregat7\/wp-content\/uploads\/usu1179\/2020\/11\/folder.png\" alt=\"\" \/> <span style=\"color: #ff8c00;\"><strong><span style=\"font-size: 14px;\">Recursos<\/span><\/strong><\/span><\/h3>\n<p style=\"margin-left: 40px;\" data-wp-editing=\"1\"><img decoding=\"async\" style=\"width: 16px; height: 16px;\" src=\"https:\/\/serveiseducatius.xtec.cat\/baixllobregat7\/wp-content\/uploads\/usu1179\/2020\/11\/folder.png\" alt=\"\" \/> <a href=\"https:\/\/drive.google.com\/drive\/folders\/0B1_5a3x4CrvINEg3NGRVOWdfMHM?resourcekey=0-25SdTwZrPhWBfD1h16ymvA&amp;usp=sharing\" target=\"_blank\" rel=\"noopener\">Entorn<\/a><br \/>\n<img decoding=\"async\" style=\"width: 16px; height: 16px;\" src=\"https:\/\/serveiseducatius.xtec.cat\/baixllobregat7\/wp-content\/uploads\/usu1179\/2020\/11\/folder.png\" alt=\"\" \/> <a href=\"https:\/\/drive.google.com\/drive\/folders\/0B1_5a3x4CrvIU1FJdVFDbDIzRWM?resourcekey=0-_Y6nLG5dkzm-SAKMfgIxIQ&amp;usp=sharing\" target=\"_blank\" rel=\"noopener\">Suport TAC<\/a><\/p>\n<h3 id=\"item3\"><img decoding=\"async\" style=\"width: 32px; height: 32px;\" src=\"https:\/\/serveiseducatius.xtec.cat\/baixllobregat7\/wp-content\/uploads\/usu1179\/2020\/11\/folder.png\" alt=\"\" \/> <span style=\"color: #ff8c00;\"><strong><span style=\"font-size: 14px;\">Tutoria i Orientaci\u00f3<\/span><\/strong><\/span><\/h3>\n<p style=\"margin-left: 40px;\"><a href=\"https:\/\/drive.google.com\/folder\/d\/0B1_5a3x4CrvIODBobkpMX3lQdmc\/edit?usp=sharing\" target=\"_blank\" rel=\"noopener noreferrer\"><img decoding=\"async\" style=\"width: 16px; height: 16px;\" src=\"https:\/\/serveiseducatius.xtec.cat\/baixllobregat7\/wp-content\/uploads\/usu1179\/2020\/11\/folder.png\" alt=\"\" \/> Etapa d&#8217;Educaci\u00f3 Infantil (2n cicle)<\/a><br \/>\n<a href=\"https:\/\/drive.google.com\/folder\/d\/0B1_5a3x4CrvIaGd1TThwaGpvTUk\/edit?usp=sharing\" target=\"_blank\" rel=\"noopener noreferrer\"><img decoding=\"async\" style=\"width: 16px; height: 16px;\" src=\"https:\/\/serveiseducatius.xtec.cat\/baixllobregat7\/wp-content\/uploads\/usu1179\/2020\/11\/folder.png\" alt=\"\" \/> Etapa d&#8217;Educaci\u00f3 Prim\u00e0ria<\/a><br \/>\n<a href=\"https:\/\/drive.google.com\/folder\/d\/0B1_5a3x4CrvIMXNiT0RXeURHUUU\/edit?usp=sharing\" target=\"_blank\" rel=\"noopener noreferrer\"><img decoding=\"async\" style=\"width: 16px; height: 16px;\" src=\"https:\/\/serveiseducatius.xtec.cat\/baixllobregat7\/wp-content\/uploads\/usu1179\/2020\/11\/folder.png\" alt=\"\" \/> Etapa d&#8217;Educaci\u00f3 Secund\u00e0ria<\/a><\/p>\n","protected":false},"excerpt":{"rendered":"<p>Dinamitzaci\u00f3 \u00a0Xarxa Territorial de Compet\u00e8ncies B\u00e0siques Experi\u00e8ncies Jornades Projectes \u00a0Congr\u00e9s de Ci\u00e8ncia \u00a0Biblioteca escolar i Animaci\u00f3 a la lectura Estrat\u00e8gia digital de centre 2021..2023 Reunions Equip- Seminaris Zona Millora de l&#8217;aprenentatge inicial de la lectura Xarxa de Caps d&#8217;Estudis i CP Xarxa de Directors\/es Xarxa de Secretaris\/es Seminari de Coordinaci\u00f3 0-6 Seminari de Coordinaci\u00f3 Prim\u00e0ria [&hellip;]<\/p>\n","protected":false},"author":3,"featured_media":0,"parent":0,"menu_order":0,"comment_status":"closed","ping_status":"closed","template":"","meta":{"_bbp_topic_count":0,"_bbp_reply_count":0,"_bbp_total_topic_count":0,"_bbp_total_reply_count":0,"_bbp_voice_count":0,"_bbp_anonymous_reply_count":0,"_bbp_topic_count_hidden":0,"_bbp_reply_count_hidden":0,"_bbp_forum_subforum_count":0,"site-sidebar-layout":"default","site-content-layout":"","ast-site-content-layout":"","site-content-style":"default","site-sidebar-style":"default","ast-global-header-display":"","ast-banner-title-visibility":"","ast-main-header-display":"","ast-hfb-above-header-display":"","ast-hfb-below-header-display":"","ast-hfb-mobile-header-display":"","site-post-title":"","ast-breadcrumbs-content":"","ast-featured-img":"","footer-sml-layout":"","theme-transparent-header-meta":"","adv-header-id-meta":"","stick-header-meta":"","header-above-stick-meta":"","header-main-stick-meta":"","header-below-stick-meta":"","astra-migrate-meta-layouts":"default","ast-page-background-enabled":"default","ast-page-background-meta":{"desktop":{"background-color":"var(--ast-global-color-4)","background-image":"","background-repeat":"repeat","background-position":"center center","background-size":"auto","background-attachment":"scroll","background-type":"","background-media":"","overlay-type":"","overlay-color":"","overlay-opacity":"","overlay-gradient":""},"tablet":{"background-color":"","background-image":"","background-repeat":"repeat","background-position":"center center","background-size":"auto","background-attachment":"scroll","background-type":"","background-media":"","overlay-type":"","overlay-color":"","overlay-opacity":"","overlay-gradient":""},"mobile":{"background-color":"","background-image":"","background-repeat":"repeat","background-position":"center center","background-size":"auto","background-attachment":"scroll","background-type":"","background-media":"","overlay-type":"","overlay-color":"","overlay-opacity":"","overlay-gradient":""}},"ast-content-background-meta":{"desktop":{"background-color":"var(--ast-global-color-5)","background-image":"","background-repeat":"repeat","background-position":"center center","background-size":"auto","background-attachment":"scroll","background-type":"","background-media":"","overlay-type":"","overlay-color":"","overlay-opacity":"","overlay-gradient":""},"tablet":{"background-color":"var(--ast-global-color-5)","background-image":"","background-repeat":"repeat","background-position":"center center","background-size":"auto","background-attachment":"scroll","background-type":"","background-media":"","overlay-type":"","overlay-color":"","overlay-opacity":"","overlay-gradient":""},"mobile":{"background-color":"var(--ast-global-color-5)","background-image":"","background-repeat":"repeat","background-position":"center center","background-size":"auto","background-attachment":"scroll","background-type":"","background-media":"","overlay-type":"","overlay-color":"","overlay-opacity":"","overlay-gradient":""}},"footnotes":""},"class_list":["post-8316","page","type-page","status-publish","hentry"],"post_mailing_queue_ids":[],"_links":{"self":[{"href":"https:\/\/serveiseducatius.xtec.cat\/baixllobregat7\/wp-json\/wp\/v2\/pages\/8316","targetHints":{"allow":["GET"]}}],"collection":[{"href":"https:\/\/serveiseducatius.xtec.cat\/baixllobregat7\/wp-json\/wp\/v2\/pages"}],"about":[{"href":"https:\/\/serveiseducatius.xtec.cat\/baixllobregat7\/wp-json\/wp\/v2\/types\/page"}],"author":[{"embeddable":true,"href":"https:\/\/serveiseducatius.xtec.cat\/baixllobregat7\/wp-json\/wp\/v2\/users\/3"}],"replies":[{"embeddable":true,"href":"https:\/\/serveiseducatius.xtec.cat\/baixllobregat7\/wp-json\/wp\/v2\/comments?post=8316"}],"version-history":[{"count":4,"href":"https:\/\/serveiseducatius.xtec.cat\/baixllobregat7\/wp-json\/wp\/v2\/pages\/8316\/revisions"}],"predecessor-version":[{"id":15880,"href":"https:\/\/serveiseducatius.xtec.cat\/baixllobregat7\/wp-json\/wp\/v2\/pages\/8316\/revisions\/15880"}],"wp:attachment":[{"href":"https:\/\/serveiseducatius.xtec.cat\/baixllobregat7\/wp-json\/wp\/v2\/media?parent=8316"}],"curies":[{"name":"wp","href":"https:\/\/api.w.org\/{rel}","templated":true}]}}