{"id":8259,"date":"2021-09-09T08:00:05","date_gmt":"2021-09-09T06:00:05","guid":{"rendered":"http:\/\/serveiseducatius.xtec.cat\/baixllobregat7\/?page_id=8259"},"modified":"2021-09-09T10:00:29","modified_gmt":"2021-09-09T08:00:29","slug":"inscripcions","status":"publish","type":"page","link":"https:\/\/serveiseducatius.xtec.cat\/baixllobregat7\/formacio\/inscripcions\/","title":{"rendered":"Inscripcions"},"content":{"rendered":"<h1 style=\"text-align: center;\"><img decoding=\"async\" style=\"color: inherit; font-family: inherit; font-size: 12px; margin: 7px; width: 150px; height: 129px; border-width: 1px; border-style: solid; float: left;\" title=\"pfz0708.jpg\" src=\"https:\/\/serveiseducatius.xtec.cat\/baixllobregat7\/wp-content\/uploads\/usu1179\/2020\/11\/logopfz_2020-2021.png\" alt=\"pfz\" \/><\/h1>\n<p><span style=\"color: #ff0000;\"><em><span style=\"color: #ff0000;\">Les activitats de formaci\u00f3 per al primer trimestre del curs 2021-2022 seran en format virtual donada la situaci\u00f3 excepcional per la covid-19.<\/span><\/em><\/span><\/p>\n<p><span style=\"font-size: 10pt;\">Les activitats del <strong>Pla de Formaci\u00f3 de Zona<\/strong> s&#8217;adrecen a tot el p<\/span><span style=\"font-size: 10pt;\">rofessorat d&#8217;educaci\u00f3 infantil, prim\u00e0ria, secund\u00e0ria, de formaci\u00f3 professional, de persones adultes i d&#8217;ensenyaments de r\u00e8gim especial dels centres educatius de la zona.<\/span><\/p>\n<p>La inscripci\u00f3 a les activitats de formaci\u00f3\u00a0\u00a0<strong>es realitzar\u00e0 individualment identificant-se com usuari\/a XTEC<\/strong>, excepte als seminaris de coordinaci\u00f3 o altres activitats que impliquin l&#8217;assignaci\u00f3 per part de la direcci\u00f3 del centre; aquestes\u00a0<strong style=\"color: #ff0000;\">les haur\u00e0 de realitzar el director\/a del centre o persona autoritzada identificant-se com usuari\/a XTEC<\/strong>\u00a0a traves de l&#8217;enlla\u00e7 <a href=\"http:\/\/xtec.gencat.cat\/ca\/formacio\/la-meva-formacio\/inscripcio-direccions\/\" target=\"_blank\" rel=\"noopener noreferrer\">Inscripci\u00f3 Direcci\u00f3<\/a> que tamb\u00e9 trobareu a la <a href=\"http:\/\/xtec.gencat.cat\/ca\/formacio\/\" target=\"_blank\" rel=\"noopener noreferrer\">secci\u00f3 de Formaci\u00f3 del portal de la XTEC<\/a><\/p>\n<p>Inscripcions (sol\u00b7licitud de pla\u00e7a del 13 al 27 de setembre de 2021). Imprescindible disposar d&#8217;identificador XTEC<\/p>\n<p><span style=\"font-size: 14pt;\"><strong><span style=\"color: #ff0000;\"><span style=\"font-family: Verdana;\"><a href=\"https:\/\/serveiseducatius.xtec.cat\/baixllobregat7\/formacio\/cataleg-dactivitats-curs-2020-2021\/\">Cat\u00e0leg d&#8217;activitats. Curs 2021-2022<\/a><\/span><\/span><\/strong><\/span><\/p>\n<ul>\n<li><strong><a href=\"http:\/\/serveiseducatius.xtec.cat\/baixllobregat7\/portada\/formacio-en-centre\/\">Formaci\u00f3 en centre<\/a><\/strong>\u00a0S\u00f3n a<span class=\"Estilo1\"><span class=\"Estilo2\">ctivitats destinades i restringides al professorat d&#8217;un centre amb projecte propi especificat en un pla de formaci\u00f3 de centre. Les modalitats s\u00f3n assessoraments, tallers de centre i FIC <\/span><\/span><span style=\"line-height: 18px; font-size: 12px;\"><span style=\"color: black;\"><span style=\"color: #cc0000;\">\u00a0&#8211;\u00a0<\/span><\/span><\/span><strong><span style=\"color: #ff0000;\">Inscripci\u00f3 individual<\/span><\/strong><\/li>\n<li><strong><a href=\"https:\/\/serveiseducatius.xtec.cat\/baixllobregat7\/formacio\/activitats-de-zona-seminaris-de-coordinacio\/\">Activitats de zona (seminaris de coordinaci\u00f3)<\/a><\/strong>\u00a0<span style=\"color: #ff0000;\"><strong><a href=\"http:\/\/xtec.gencat.cat\/ca\/formacio\/la-meva-formacio\/inscripcio-direccions\/\" target=\"_blank\" rel=\"noopener noreferrer\">Inscripci\u00f3 Direcci\u00f3<\/a><\/strong><\/span><br \/>\n<em><em>La inscripci\u00f3 a la<strong>\u00a0Xarxa Territorial de Cultura Digital<\/strong> (activitat <strong>3080040529<\/strong>) <\/em>tot i estar dintre d&#8217;aquest bloc, s&#8217;haur\u00e0 de fer de forma individual, <em>per raons t\u00e8cniques<\/em>\u00a0<\/em><\/li>\n<li><strong><span style=\"color: #005580;\">Activitats Interzona, que est\u00e0 previst realitzar a poblacions del nostre \u00e0mbit.\u00a0&#8211; (per concretar)\u00a0<\/span><span style=\"color: #ff0000;\">Inscripci\u00f3 individual<\/span><\/strong><\/li>\n<li><strong><a href=\"https:\/\/serveiseducatius.xtec.cat\/baixllobregat7\/portada\/activitats-interzona\/\">Activitats Interzona<\/a><\/strong>\u00a0(activitats d&#8217;\u00e0mbit comarcal ofertades des dels Serveis Territorials (la seu pot variar en funci\u00f3 de la inscripci\u00f3). &#8211;\u00a0<strong><span style=\"color: #ff0000;\">Inscripci\u00f3 individual<\/span><\/strong><\/li>\n<li><a href=\"http:\/\/xtec.gencat.cat\/ca\/formacio\/info-general\/cercador-activitats\/\" target=\"_blank\" rel=\"noopener noreferrer\"><strong>Cercador d&#8217;activitats<\/strong> (activitats de tot Catalunya)<\/a><\/li>\n<\/ul>\n<p><span style=\"font-size: 10pt; color: #000000; font-family: Verdana;\"><strong><span style=\"font-size: 10pt;\"><span style=\"color: #ff0000;\">Consultes <\/span><\/span><\/strong><\/span><\/p>\n<ul>\n<li><span style=\"font-size: 10pt;\"><a href=\"http:\/\/xtec.gencat.cat\/ca\/formacio\/la-meva-formacio\/les-meves-activitats\/\" target=\"_blank\" rel=\"noopener noreferrer\">Les meves activitats \u00a0(Consulta d&#8217;assignacions, modificaci\u00f3 de sol\u00b7licituds i canvi de dades personals<\/a>)<\/span><em><br \/>\nLa consulta de les adjudicacions estar\u00e0 disponible <\/em>a partir del dia <strong>8 d&#8217;octubre<\/strong>.<\/li>\n<li><span style=\"font-size: 10pt;\"><span style=\"color: #ff0000;\"><a href=\"http:\/\/xtec.gencat.cat\/ca\/formacio\/la-meva-formacio\/els-meus-certificats\/\" target=\"_blank\" rel=\"noopener noreferrer\">Consulta i Obtenci\u00f3 de certificats de Plans de Formaci\u00f3 anteriors<\/a><\/span><\/span><\/li>\n<li><span style=\"font-size: 12px;\"><strong>Si no disposeu d&#8217;usuari XTEC o heu oblidat la contrasenya, <a href=\"https:\/\/serveiseducatius.xtec.cat\/baixllobregat7\/gestions-administratives\/usuari-xtec\/\">consulteu aquesta guia<\/a>.<\/strong><\/span><\/li>\n<\/ul>\n<p>* <a href=\"http:\/\/xtec.gencat.cat\/ca\/formacio\/\" target=\"_blank\" rel=\"noopener noreferrer\"><em><span style=\"font-size: 10pt;\">M\u00e9s informaci\u00f3 i l&#8217;oferta d&#8217;activitats de tots els Serveis Educatius de Catalunya<\/span><\/em><\/a><\/p>\n","protected":false},"excerpt":{"rendered":"<p>Les activitats de formaci\u00f3 per al primer trimestre del curs 2021-2022 seran en format virtual donada la situaci\u00f3 excepcional per la covid-19. Les activitats del Pla de Formaci\u00f3 de Zona s&#8217;adrecen a tot el professorat d&#8217;educaci\u00f3 infantil, prim\u00e0ria, secund\u00e0ria, de formaci\u00f3 professional, de persones adultes i d&#8217;ensenyaments de r\u00e8gim especial dels centres educatius de la [&hellip;]<\/p>\n","protected":false},"author":3,"featured_media":0,"parent":416,"menu_order":12,"comment_status":"closed","ping_status":"closed","template":"page-templates\/side-menu.php","meta":{"_bbp_topic_count":0,"_bbp_reply_count":0,"_bbp_total_topic_count":0,"_bbp_total_reply_count":0,"_bbp_voice_count":0,"_bbp_anonymous_reply_count":0,"_bbp_topic_count_hidden":0,"_bbp_reply_count_hidden":0,"_bbp_forum_subforum_count":0,"site-sidebar-layout":"default","site-content-layout":"","ast-site-content-layout":"","site-content-style":"default","site-sidebar-style":"default","ast-global-header-display":"","ast-banner-title-visibility":"","ast-main-header-display":"","ast-hfb-above-header-display":"","ast-hfb-below-header-display":"","ast-hfb-mobile-header-display":"","site-post-title":"","ast-breadcrumbs-content":"","ast-featured-img":"","footer-sml-layout":"","theme-transparent-header-meta":"","adv-header-id-meta":"","stick-header-meta":"","header-above-stick-meta":"","header-main-stick-meta":"","header-below-stick-meta":"","astra-migrate-meta-layouts":"default","ast-page-background-enabled":"default","ast-page-background-meta":{"desktop":{"background-color":"var(--ast-global-color-4)","background-image":"","background-repeat":"repeat","background-position":"center center","background-size":"auto","background-attachment":"scroll","background-type":"","background-media":"","overlay-type":"","overlay-color":"","overlay-opacity":"","overlay-gradient":""},"tablet":{"background-color":"","background-image":"","background-repeat":"repeat","background-position":"center center","background-size":"auto","background-attachment":"scroll","background-type":"","background-media":"","overlay-type":"","overlay-color":"","overlay-opacity":"","overlay-gradient":""},"mobile":{"background-color":"","background-image":"","background-repeat":"repeat","background-position":"center center","background-size":"auto","background-attachment":"scroll","background-type":"","background-media":"","overlay-type":"","overlay-color":"","overlay-opacity":"","overlay-gradient":""}},"ast-content-background-meta":{"desktop":{"background-color":"var(--ast-global-color-5)","background-image":"","background-repeat":"repeat","background-position":"center center","background-size":"auto","background-attachment":"scroll","background-type":"","background-media":"","overlay-type":"","overlay-color":"","overlay-opacity":"","overlay-gradient":""},"tablet":{"background-color":"var(--ast-global-color-5)","background-image":"","background-repeat":"repeat","background-position":"center center","background-size":"auto","background-attachment":"scroll","background-type":"","background-media":"","overlay-type":"","overlay-color":"","overlay-opacity":"","overlay-gradient":""},"mobile":{"background-color":"var(--ast-global-color-5)","background-image":"","background-repeat":"repeat","background-position":"center center","background-size":"auto","background-attachment":"scroll","background-type":"","background-media":"","overlay-type":"","overlay-color":"","overlay-opacity":"","overlay-gradient":""}},"footnotes":""},"class_list":["post-8259","page","type-page","status-publish","hentry"],"post_mailing_queue_ids":[],"_links":{"self":[{"href":"https:\/\/serveiseducatius.xtec.cat\/baixllobregat7\/wp-json\/wp\/v2\/pages\/8259","targetHints":{"allow":["GET"]}}],"collection":[{"href":"https:\/\/serveiseducatius.xtec.cat\/baixllobregat7\/wp-json\/wp\/v2\/pages"}],"about":[{"href":"https:\/\/serveiseducatius.xtec.cat\/baixllobregat7\/wp-json\/wp\/v2\/types\/page"}],"author":[{"embeddable":true,"href":"https:\/\/serveiseducatius.xtec.cat\/baixllobregat7\/wp-json\/wp\/v2\/users\/3"}],"replies":[{"embeddable":true,"href":"https:\/\/serveiseducatius.xtec.cat\/baixllobregat7\/wp-json\/wp\/v2\/comments?post=8259"}],"version-history":[{"count":4,"href":"https:\/\/serveiseducatius.xtec.cat\/baixllobregat7\/wp-json\/wp\/v2\/pages\/8259\/revisions"}],"predecessor-version":[{"id":10837,"href":"https:\/\/serveiseducatius.xtec.cat\/baixllobregat7\/wp-json\/wp\/v2\/pages\/8259\/revisions\/10837"}],"up":[{"embeddable":true,"href":"https:\/\/serveiseducatius.xtec.cat\/baixllobregat7\/wp-json\/wp\/v2\/pages\/416"}],"wp:attachment":[{"href":"https:\/\/serveiseducatius.xtec.cat\/baixllobregat7\/wp-json\/wp\/v2\/media?parent=8259"}],"curies":[{"name":"wp","href":"https:\/\/api.w.org\/{rel}","templated":true}]}}