{"id":608,"date":"2015-11-27T10:04:51","date_gmt":"2015-11-27T09:04:51","guid":{"rendered":"http:\/\/serveiseducatius.xtec.cat\/baixllobregat7\/?page_id=608"},"modified":"2025-10-30T10:22:38","modified_gmt":"2025-10-30T09:22:38","slug":"horari-i-calendari","status":"publish","type":"page","link":"https:\/\/serveiseducatius.xtec.cat\/baixllobregat7\/el-servei-educatiu\/horari-i-calendari\/","title":{"rendered":"Horari i calendari curs 2025-26"},"content":{"rendered":"\n<p class=\"has-text-align-left\"><strong>Horari d&#8217;atenci\u00f3 al p\u00fablic<\/strong><\/p>\n\n\n\n<figure class=\"wp-block-table\"><table class=\"has-fixed-layout\"><tbody><tr><td>&nbsp;<\/td><td>Dilluns<\/td><td>Dimarts<\/td><td>Dimecres<\/td><td>Dijous<\/td><td>Divendres<\/td><\/tr><tr><td>Mat\u00ed<\/td><td>de 9 a 2<\/td><td>de 9 a 2<\/td><td>de 9 a 2<\/td><td>de 9 a 2<\/td><td>de 9 a 2<\/td><\/tr><tr><td>Tarda<\/td><td>de 3 a 5<\/td><td>de 3 a 5<\/td><td>de 3 a 5<\/td><td>de 3 a 5<\/td><td>amb cita pr\u00e8via<\/td><\/tr><\/tbody><\/table><\/figure>\n\n\n\n<p><span style=\"font-family: inherit; font-size: 1em;\">Horari intensiu, de <\/span><strong style=\"font-family: inherit; font-size: 1em;\">9<\/strong><span style=\"font-family: inherit; font-size: 1em;\"> a <\/span><strong style=\"font-family: inherit; font-size: 1em;\">14<\/strong><span style=\"font-family: inherit; font-size: 1em;\">&nbsp;h:<\/span><\/p>\n\n\n\n<p><\/p>\n\n\n\n<ul class=\"wp-block-list\">\n<li>De l&#8217;1 al 5 de setembre de 2025<\/li>\n\n\n\n<li>El 19 de desembre de 2025<\/li>\n\n\n\n<li>Del 8 de juny al 15 de juliol de 2026<\/li>\n<\/ul>\n\n\n\n<p>El Servei Educatiu romandr\u00e0 tancat al p\u00fablic en els per\u00edodes de vacances escolars, els dies de festa laboral, festa local de Martorell i els dies de lliure disposici\u00f3 de Martorell:<\/p>\n\n\n\n<ul class=\"wp-block-list\">\n<li>11 de setembre de 2025<\/li>\n\n\n\n<li>31 d&#8217;octubre de 2025 (dia de lliure disposici\u00f3)<\/li>\n\n\n\n<li>9 de desembre de 2025 (dia de lliure disposici\u00f3)<\/li>\n\n\n\n<li>del 20 de desembre al 7 de gener (vacances escolars de Nadal)<\/li>\n\n\n\n<li>16 de febrer 2026 (dia de lliure disposici\u00f3)<\/li>\n\n\n\n<li>del 28 de mar\u00e7 al 6 d&#8217;abril de 2026 (vacances escolars de Setmana Santa)<\/li>\n\n\n\n<li>27 d&#8217;abril (festa local de Martorell)<\/li>\n\n\n\n<li>30 d&#8217;abril de 2026 (dia de lliure disposici\u00f3)<\/li>\n\n\n\n<li>25 de juny de 2026 (festa local de Martorell)<\/li>\n<\/ul>\n\n\n\n<p><a href=\"https:\/\/drive.google.com\/file\/d\/1XyvVH5zeXMnf9Dx7Kpk2E0Zj1vtUbhSH\/view?usp=sharing\" target=\"_blank\" rel=\"noopener\">Calendari en pdf<\/a><\/p>\n\n\n\n<figure class=\"wp-block-image size-large\"><a href=\"https:\/\/serveiseducatius.xtec.cat\/baixllobregat7\/wp-content\/uploads\/usu1179\/2025\/10\/Calendari-Festius-Municipis-BLL-Nord-25-26.jpg\"><img loading=\"lazy\" decoding=\"async\" width=\"1024\" height=\"724\" src=\"https:\/\/serveiseducatius.xtec.cat\/baixllobregat7\/wp-content\/uploads\/usu1179\/2025\/10\/Calendari-Festius-Municipis-BLL-Nord-25-26-1024x724.jpg\" alt=\"\" class=\"wp-image-15945\" srcset=\"https:\/\/serveiseducatius.xtec.cat\/baixllobregat7\/wp-content\/uploads\/usu1179\/2025\/10\/Calendari-Festius-Municipis-BLL-Nord-25-26-1024x724.jpg 1024w, https:\/\/serveiseducatius.xtec.cat\/baixllobregat7\/wp-content\/uploads\/usu1179\/2025\/10\/Calendari-Festius-Municipis-BLL-Nord-25-26-300x212.jpg 300w, https:\/\/serveiseducatius.xtec.cat\/baixllobregat7\/wp-content\/uploads\/usu1179\/2025\/10\/Calendari-Festius-Municipis-BLL-Nord-25-26-768x543.jpg 768w, https:\/\/serveiseducatius.xtec.cat\/baixllobregat7\/wp-content\/uploads\/usu1179\/2025\/10\/Calendari-Festius-Municipis-BLL-Nord-25-26-1536x1085.jpg 1536w, https:\/\/serveiseducatius.xtec.cat\/baixllobregat7\/wp-content\/uploads\/usu1179\/2025\/10\/Calendari-Festius-Municipis-BLL-Nord-25-26.jpg 1755w\" sizes=\"auto, (max-width: 1024px) 100vw, 1024px\" \/><\/a><\/figure>\n\n\n\n<p><\/p>\n","protected":false},"excerpt":{"rendered":"<p>Horari d&#8217;atenci\u00f3 al p\u00fablic &nbsp; Dilluns Dimarts Dimecres Dijous Divendres Mat\u00ed de 9 a 2 de 9 a 2 de 9 a 2 de 9 a 2 de 9 a 2 Tarda de 3 a 5 de 3 a 5 de 3 a 5 de 3 a 5 amb cita pr\u00e8via Horari intensiu, de 9 [&hellip;]<\/p>\n","protected":false},"author":1,"featured_media":0,"parent":806,"menu_order":30,"comment_status":"closed","ping_status":"closed","template":"","meta":{"_bbp_topic_count":0,"_bbp_reply_count":0,"_bbp_total_topic_count":0,"_bbp_total_reply_count":0,"_bbp_voice_count":0,"_bbp_anonymous_reply_count":0,"_bbp_topic_count_hidden":0,"_bbp_reply_count_hidden":0,"_bbp_forum_subforum_count":0,"site-sidebar-layout":"default","site-content-layout":"","ast-site-content-layout":"default","site-content-style":"default","site-sidebar-style":"default","ast-global-header-display":"","ast-banner-title-visibility":"","ast-main-header-display":"","ast-hfb-above-header-display":"","ast-hfb-below-header-display":"","ast-hfb-mobile-header-display":"","site-post-title":"","ast-breadcrumbs-content":"","ast-featured-img":"","footer-sml-layout":"","theme-transparent-header-meta":"default","adv-header-id-meta":"","stick-header-meta":"","header-above-stick-meta":"","header-main-stick-meta":"","header-below-stick-meta":"","astra-migrate-meta-layouts":"set","ast-page-background-enabled":"default","ast-page-background-meta":{"desktop":{"background-color":"var(--ast-global-color-4)","background-image":"","background-repeat":"repeat","background-position":"center center","background-size":"auto","background-attachment":"scroll","background-type":"","background-media":"","overlay-type":"","overlay-color":"","overlay-opacity":"","overlay-gradient":""},"tablet":{"background-color":"","background-image":"","background-repeat":"repeat","background-position":"center center","background-size":"auto","background-attachment":"scroll","background-type":"","background-media":"","overlay-type":"","overlay-color":"","overlay-opacity":"","overlay-gradient":""},"mobile":{"background-color":"","background-image":"","background-repeat":"repeat","background-position":"center center","background-size":"auto","background-attachment":"scroll","background-type":"","background-media":"","overlay-type":"","overlay-color":"","overlay-opacity":"","overlay-gradient":""}},"ast-content-background-meta":{"desktop":{"background-color":"var(--ast-global-color-5)","background-image":"","background-repeat":"repeat","background-position":"center center","background-size":"auto","background-attachment":"scroll","background-type":"","background-media":"","overlay-type":"","overlay-color":"","overlay-opacity":"","overlay-gradient":""},"tablet":{"background-color":"var(--ast-global-color-5)","background-image":"","background-repeat":"repeat","background-position":"center center","background-size":"auto","background-attachment":"scroll","background-type":"","background-media":"","overlay-type":"","overlay-color":"","overlay-opacity":"","overlay-gradient":""},"mobile":{"background-color":"var(--ast-global-color-5)","background-image":"","background-repeat":"repeat","background-position":"center center","background-size":"auto","background-attachment":"scroll","background-type":"","background-media":"","overlay-type":"","overlay-color":"","overlay-opacity":"","overlay-gradient":""}},"footnotes":""},"class_list":["post-608","page","type-page","status-publish","hentry"],"post_mailing_queue_ids":[],"_links":{"self":[{"href":"https:\/\/serveiseducatius.xtec.cat\/baixllobregat7\/wp-json\/wp\/v2\/pages\/608","targetHints":{"allow":["GET"]}}],"collection":[{"href":"https:\/\/serveiseducatius.xtec.cat\/baixllobregat7\/wp-json\/wp\/v2\/pages"}],"about":[{"href":"https:\/\/serveiseducatius.xtec.cat\/baixllobregat7\/wp-json\/wp\/v2\/types\/page"}],"author":[{"embeddable":true,"href":"https:\/\/serveiseducatius.xtec.cat\/baixllobregat7\/wp-json\/wp\/v2\/users\/1"}],"replies":[{"embeddable":true,"href":"https:\/\/serveiseducatius.xtec.cat\/baixllobregat7\/wp-json\/wp\/v2\/comments?post=608"}],"version-history":[{"count":5,"href":"https:\/\/serveiseducatius.xtec.cat\/baixllobregat7\/wp-json\/wp\/v2\/pages\/608\/revisions"}],"predecessor-version":[{"id":15947,"href":"https:\/\/serveiseducatius.xtec.cat\/baixllobregat7\/wp-json\/wp\/v2\/pages\/608\/revisions\/15947"}],"up":[{"embeddable":true,"href":"https:\/\/serveiseducatius.xtec.cat\/baixllobregat7\/wp-json\/wp\/v2\/pages\/806"}],"wp:attachment":[{"href":"https:\/\/serveiseducatius.xtec.cat\/baixllobregat7\/wp-json\/wp\/v2\/media?parent=608"}],"curies":[{"name":"wp","href":"https:\/\/api.w.org\/{rel}","templated":true}]}}