{"id":426,"date":"2025-05-08T12:25:57","date_gmt":"2025-05-08T10:25:57","guid":{"rendered":"http:\/\/serveiseducatius.xtec.cat\/baixllobregat7\/?page_id=426"},"modified":"2025-10-22T14:01:19","modified_gmt":"2025-10-22T12:01:19","slug":"deteccio-necessitats","status":"publish","type":"page","link":"https:\/\/serveiseducatius.xtec.cat\/baixllobregat7\/formacio\/deteccio-necessitats\/","title":{"rendered":"Detecci\u00f3 de necessitats"},"content":{"rendered":"<p><span style=\"font-size: 14pt;\"><strong>Demandes de Formaci\u00f3 &#8211; Curs 2025 &#8211; 2026<\/strong><\/span><\/p>\n<table style=\"height: 179px; width: 827px; border-style: hidden;\" border=\"0\" cellspacing=\"1\" cellpadding=\"1\">\n<tbody>\n<tr>\n<td style=\"text-align: center; width: 211.2px; vertical-align: top;\"><a href=\"https:\/\/serveiseducatius.xtec.cat\/baixllobregat7\/wp-content\/uploads\/usu1179\/2025\/05\/PFZ-25-26.jpg\"><img loading=\"lazy\" decoding=\"async\" class=\"aligncenter size-full wp-image-15307\" src=\"https:\/\/serveiseducatius.xtec.cat\/baixllobregat7\/wp-content\/uploads\/usu1179\/2025\/05\/PFZ-25-26.jpg\" alt=\"\" width=\"807\" height=\"715\" srcset=\"https:\/\/serveiseducatius.xtec.cat\/baixllobregat7\/wp-content\/uploads\/usu1179\/2025\/05\/PFZ-25-26.jpg 807w, https:\/\/serveiseducatius.xtec.cat\/baixllobregat7\/wp-content\/uploads\/usu1179\/2025\/05\/PFZ-25-26-300x266.jpg 300w, https:\/\/serveiseducatius.xtec.cat\/baixllobregat7\/wp-content\/uploads\/usu1179\/2025\/05\/PFZ-25-26-768x680.jpg 768w\" sizes=\"auto, (max-width: 807px) 100vw, 807px\" \/><\/a><\/td>\n<td style=\"width: 611.2px;\">\n<div><\/div>\n<div><a href=\"https:\/\/docs.google.com\/document\/d\/1OA42heKQDbgZfiLhuyybDlJAG3wleLMwDKt6-AlLocY\/edit?tab=t.0#heading=h.gjdgxs\" target=\"_blank\" rel=\"noopener\">Resum Criteris i instruccions formaci\u00f3 permanent del professorat 2025-2026<\/a><\/div>\n<div>\n<p><em>(S&#8217;especifiquen els objectius de la formaci\u00f3, els criteris d&#8217;avaluaci\u00f3, les modalitats de formaci\u00f3, l\u00b4horari i el calendari)<\/em><\/p>\n<p><span style=\"font-size: 12pt;\"><strong style=\"background-color: transparent; text-align: right; font-family: 'Lucida Grande', 'Lucida Sans', Verdana, Arial, sans-serif; line-height: 19px;\">Q\u00fcestionaris per formular demandes de formaci\u00f3.<br \/>\n<span style=\"color: #ff0000;\"><strong>data l\u00edmit 19 de maig<\/strong><\/span><\/strong><\/span><\/p>\n<ul>\n<li><span style=\"font-size: 11pt;\"><strong><span style=\"font-family: arial,helvetica,sans-serif;\"><a href=\"https:\/\/docs.google.com\/forms\/d\/e\/1FAIpQLSfPB7Sa6GdkeuBYXDTxgBBy-O4HeQVE_jSrwfUuB36_rhKHLw\/viewform\" target=\"_blank\" rel=\"noopener\">Demandes de formaci\u00f3 en centre<\/a>:<\/span><\/strong> <span style=\"font-size: 10pt;\">(FIC, Assessorament, Taller)<\/span><\/span><\/li>\n<li><span style=\"font-size: 11pt;\"><strong><span style=\"font-family: arial,helvetica,sans-serif;\"><a href=\"https:\/\/docs.google.com\/forms\/d\/e\/1FAIpQLSd3j_fxtq6ebPQ3GOWoj-80tpb-S1cABcTjnJXwIMee-dZFoQ\/viewform?usp=pp_url\" target=\"_blank\" rel=\"noopener noreferrer\">Demandes de formaci\u00f3 intercentres<\/a><strong style=\"background-color: transparent; text-align: right; font-family: 'Lucida Grande', 'Lucida Sans', Verdana, Arial, sans-serif; line-height: 19px;\">:\u00a0<\/strong><\/span><\/strong><span style=\"font-size: 10pt;\"> (Seminarirs, Cursos, Grups de treball &#8230; <strong>formaci\u00f3 entre professorat de diferents centres<\/strong>)<\/span><\/span><\/li>\n<\/ul>\n<\/div>\n<\/td>\n<\/tr>\n<\/tbody>\n<\/table>\n<hr id=\"system-readmore\" \/>\n<h3><\/h3>\n","protected":false},"excerpt":{"rendered":"<p>Demandes de Formaci\u00f3 &#8211; Curs 2025 &#8211; 2026 Resum Criteris i instruccions formaci\u00f3 permanent del professorat 2025-2026 (S&#8217;especifiquen els objectius de la formaci\u00f3, els criteris d&#8217;avaluaci\u00f3, les modalitats de formaci\u00f3, l\u00b4horari i el calendari) Q\u00fcestionaris per formular demandes de formaci\u00f3. data l\u00edmit 19 de maig Demandes de formaci\u00f3 en centre: (FIC, Assessorament, Taller) Demandes de [&hellip;]<\/p>\n","protected":false},"author":1,"featured_media":0,"parent":416,"menu_order":70,"comment_status":"closed","ping_status":"closed","template":"","meta":{"_bbp_topic_count":0,"_bbp_reply_count":0,"_bbp_total_topic_count":0,"_bbp_total_reply_count":0,"_bbp_voice_count":0,"_bbp_anonymous_reply_count":0,"_bbp_topic_count_hidden":0,"_bbp_reply_count_hidden":0,"_bbp_forum_subforum_count":0,"site-sidebar-layout":"default","site-content-layout":"","ast-site-content-layout":"default","site-content-style":"default","site-sidebar-style":"default","ast-global-header-display":"","ast-banner-title-visibility":"","ast-main-header-display":"","ast-hfb-above-header-display":"","ast-hfb-below-header-display":"","ast-hfb-mobile-header-display":"","site-post-title":"","ast-breadcrumbs-content":"","ast-featured-img":"","footer-sml-layout":"","theme-transparent-header-meta":"","adv-header-id-meta":"","stick-header-meta":"","header-above-stick-meta":"","header-main-stick-meta":"","header-below-stick-meta":"","astra-migrate-meta-layouts":"set","ast-page-background-enabled":"default","ast-page-background-meta":{"desktop":{"background-color":"var(--ast-global-color-4)","background-image":"","background-repeat":"repeat","background-position":"center center","background-size":"auto","background-attachment":"scroll","background-type":"","background-media":"","overlay-type":"","overlay-color":"","overlay-opacity":"","overlay-gradient":""},"tablet":{"background-color":"","background-image":"","background-repeat":"repeat","background-position":"center center","background-size":"auto","background-attachment":"scroll","background-type":"","background-media":"","overlay-type":"","overlay-color":"","overlay-opacity":"","overlay-gradient":""},"mobile":{"background-color":"","background-image":"","background-repeat":"repeat","background-position":"center center","background-size":"auto","background-attachment":"scroll","background-type":"","background-media":"","overlay-type":"","overlay-color":"","overlay-opacity":"","overlay-gradient":""}},"ast-content-background-meta":{"desktop":{"background-color":"var(--ast-global-color-5)","background-image":"","background-repeat":"repeat","background-position":"center center","background-size":"auto","background-attachment":"scroll","background-type":"","background-media":"","overlay-type":"","overlay-color":"","overlay-opacity":"","overlay-gradient":""},"tablet":{"background-color":"var(--ast-global-color-5)","background-image":"","background-repeat":"repeat","background-position":"center center","background-size":"auto","background-attachment":"scroll","background-type":"","background-media":"","overlay-type":"","overlay-color":"","overlay-opacity":"","overlay-gradient":""},"mobile":{"background-color":"var(--ast-global-color-5)","background-image":"","background-repeat":"repeat","background-position":"center center","background-size":"auto","background-attachment":"scroll","background-type":"","background-media":"","overlay-type":"","overlay-color":"","overlay-opacity":"","overlay-gradient":""}},"footnotes":""},"class_list":["post-426","page","type-page","status-publish","hentry"],"post_mailing_queue_ids":[],"_links":{"self":[{"href":"https:\/\/serveiseducatius.xtec.cat\/baixllobregat7\/wp-json\/wp\/v2\/pages\/426","targetHints":{"allow":["GET"]}}],"collection":[{"href":"https:\/\/serveiseducatius.xtec.cat\/baixllobregat7\/wp-json\/wp\/v2\/pages"}],"about":[{"href":"https:\/\/serveiseducatius.xtec.cat\/baixllobregat7\/wp-json\/wp\/v2\/types\/page"}],"author":[{"embeddable":true,"href":"https:\/\/serveiseducatius.xtec.cat\/baixllobregat7\/wp-json\/wp\/v2\/users\/1"}],"replies":[{"embeddable":true,"href":"https:\/\/serveiseducatius.xtec.cat\/baixllobregat7\/wp-json\/wp\/v2\/comments?post=426"}],"version-history":[{"count":6,"href":"https:\/\/serveiseducatius.xtec.cat\/baixllobregat7\/wp-json\/wp\/v2\/pages\/426\/revisions"}],"predecessor-version":[{"id":15874,"href":"https:\/\/serveiseducatius.xtec.cat\/baixllobregat7\/wp-json\/wp\/v2\/pages\/426\/revisions\/15874"}],"up":[{"embeddable":true,"href":"https:\/\/serveiseducatius.xtec.cat\/baixllobregat7\/wp-json\/wp\/v2\/pages\/416"}],"wp:attachment":[{"href":"https:\/\/serveiseducatius.xtec.cat\/baixllobregat7\/wp-json\/wp\/v2\/media?parent=426"}],"curies":[{"name":"wp","href":"https:\/\/api.w.org\/{rel}","templated":true}]}}