{"id":391,"date":"2015-11-25T14:31:04","date_gmt":"2015-11-25T13:31:04","guid":{"rendered":"http:\/\/serveiseducatius.xtec.cat\/baixllobregat7\/?page_id=391"},"modified":"2024-09-26T13:58:02","modified_gmt":"2024-09-26T11:58:02","slug":"martorell","status":"publish","type":"page","link":"https:\/\/serveiseducatius.xtec.cat\/baixllobregat7\/el-servei-educatiu\/centres-educatius\/martorell\/","title":{"rendered":"Martorell"},"content":{"rendered":"<p>&nbsp;<\/p>\n<table style=\"width: 100%; border-collapse: collapse; border-style: hidden;\">\n<tbody>\n<tr>\n<td style=\"width: 40%; vertical-align: top;\"><strong>Infantil i Prim\u00e0ria<\/strong><\/p>\n<ul>\n<li><a href=\"https:\/\/agora.xtec.cat\/ceipconvents\/\">ESC Els Convents<\/a><\/li>\n<li><a href=\"https:\/\/escolajoseechegaray.cat\/\">ESC Jos\u00e9\u00a0 Echegaray<\/a><\/li>\n<li><a href=\"https:\/\/agora.xtec.cat\/ceip-jrj\/\">ESC Juan Ram\u00f3n Jim\u00e9nez<\/a><\/li>\n<li><a href=\"https:\/\/agora.xtec.cat\/ceip-v-aleixandre\/\">ESC Vicente Aleixandre<\/a><\/li>\n<li><a href=\"https:\/\/agora.xtec.cat\/esclolaangladamartorell\/\">ESC Lola Anglada<\/a><\/li>\n<li><a href=\"https:\/\/agora.xtec.cat\/escolamercerodoredamartorell\/\">ESC Merc\u00e9 Rodoreda<\/a><\/li>\n<li><a href=\"https:\/\/sites.google.com\/xtec.cat\/elpontarro\">CEE El Pontarr\u00f3<\/a><\/li>\n<li><a href=\"https:\/\/lamercemartorell.cat\/\">Col\u00b7legi La Merc\u00e8<\/a><\/li>\n<\/ul>\n<p><strong>ESO i Batxillerat<\/strong><\/p>\n<ul>\n<li><a href=\"https:\/\/institutjoanoro.cat\/\">INS Joan Or\u00f3<\/a><\/li>\n<li><a href=\"https:\/\/agora.xtec.cat\/ies-pompeu-fabra-martorell\/\">INS Pompeu Fabra<\/a><\/li>\n<li><a href=\"https:\/\/agora.xtec.cat\/insmariacanela\/\">INS Maria Canela<\/a><\/li>\n<li><a href=\"https:\/\/lamercemartorell.cat\/\">Col\u00b7legi La Merc\u00e8<\/a><\/li>\n<\/ul>\n<p><strong>Altres<\/strong><\/p>\n<ul>\n<li><a href=\"https:\/\/agora.xtec.cat\/cfa-martorell\/\">CFA Pedro D\u00edaz (Centre de formaci\u00f3 de persones adultes)<\/a><\/li>\n<li><a href=\"https:\/\/agora-eoi.xtec.cat\/eoimartorell\/\">EOI (Escola oficial d&#8217;idiomes)<\/a><\/li>\n<\/ul>\n<\/td>\n<td style=\"width: 60%; vertical-align: top;\"><iframe loading=\"lazy\" src=\"https:\/\/www.google.com\/maps\/d\/embed?mid=1u10nRzK6P_ww0ex-FgEfKtahKCWKBseB\" width=\"640\" height=\"480\"><\/iframe><\/td>\n<\/tr>\n<\/tbody>\n<\/table>\n","protected":false},"excerpt":{"rendered":"<p>&nbsp; Infantil i Prim\u00e0ria ESC Els Convents ESC Jos\u00e9\u00a0 Echegaray ESC Juan Ram\u00f3n Jim\u00e9nez ESC Vicente Aleixandre ESC Lola Anglada ESC Merc\u00e9 Rodoreda CEE El Pontarr\u00f3 Col\u00b7legi La Merc\u00e8 ESO i Batxillerat INS Joan Or\u00f3 INS Pompeu Fabra INS Maria Canela Col\u00b7legi La Merc\u00e8 Altres CFA Pedro D\u00edaz (Centre de formaci\u00f3 de persones adultes) EOI [&hellip;]<\/p>\n","protected":false},"author":1,"featured_media":0,"parent":338,"menu_order":4,"comment_status":"closed","ping_status":"closed","template":"page-templates\/side-menu.php","meta":{"_bbp_topic_count":0,"_bbp_reply_count":0,"_bbp_total_topic_count":0,"_bbp_total_reply_count":0,"_bbp_voice_count":0,"_bbp_anonymous_reply_count":0,"_bbp_topic_count_hidden":0,"_bbp_reply_count_hidden":0,"_bbp_forum_subforum_count":0,"site-sidebar-layout":"default","site-content-layout":"","ast-site-content-layout":"","site-content-style":"default","site-sidebar-style":"default","ast-global-header-display":"","ast-banner-title-visibility":"","ast-main-header-display":"","ast-hfb-above-header-display":"","ast-hfb-below-header-display":"","ast-hfb-mobile-header-display":"","site-post-title":"","ast-breadcrumbs-content":"","ast-featured-img":"","footer-sml-layout":"","theme-transparent-header-meta":"","adv-header-id-meta":"","stick-header-meta":"","header-above-stick-meta":"","header-main-stick-meta":"","header-below-stick-meta":"","astra-migrate-meta-layouts":"default","ast-page-background-enabled":"default","ast-page-background-meta":{"desktop":{"background-color":"var(--ast-global-color-4)","background-image":"","background-repeat":"repeat","background-position":"center center","background-size":"auto","background-attachment":"scroll","background-type":"","background-media":"","overlay-type":"","overlay-color":"","overlay-opacity":"","overlay-gradient":""},"tablet":{"background-color":"","background-image":"","background-repeat":"repeat","background-position":"center center","background-size":"auto","background-attachment":"scroll","background-type":"","background-media":"","overlay-type":"","overlay-color":"","overlay-opacity":"","overlay-gradient":""},"mobile":{"background-color":"","background-image":"","background-repeat":"repeat","background-position":"center center","background-size":"auto","background-attachment":"scroll","background-type":"","background-media":"","overlay-type":"","overlay-color":"","overlay-opacity":"","overlay-gradient":""}},"ast-content-background-meta":{"desktop":{"background-color":"var(--ast-global-color-5)","background-image":"","background-repeat":"repeat","background-position":"center center","background-size":"auto","background-attachment":"scroll","background-type":"","background-media":"","overlay-type":"","overlay-color":"","overlay-opacity":"","overlay-gradient":""},"tablet":{"background-color":"var(--ast-global-color-5)","background-image":"","background-repeat":"repeat","background-position":"center center","background-size":"auto","background-attachment":"scroll","background-type":"","background-media":"","overlay-type":"","overlay-color":"","overlay-opacity":"","overlay-gradient":""},"mobile":{"background-color":"var(--ast-global-color-5)","background-image":"","background-repeat":"repeat","background-position":"center center","background-size":"auto","background-attachment":"scroll","background-type":"","background-media":"","overlay-type":"","overlay-color":"","overlay-opacity":"","overlay-gradient":""}},"footnotes":""},"class_list":["post-391","page","type-page","status-publish","hentry"],"post_mailing_queue_ids":[],"_links":{"self":[{"href":"https:\/\/serveiseducatius.xtec.cat\/baixllobregat7\/wp-json\/wp\/v2\/pages\/391","targetHints":{"allow":["GET"]}}],"collection":[{"href":"https:\/\/serveiseducatius.xtec.cat\/baixllobregat7\/wp-json\/wp\/v2\/pages"}],"about":[{"href":"https:\/\/serveiseducatius.xtec.cat\/baixllobregat7\/wp-json\/wp\/v2\/types\/page"}],"author":[{"embeddable":true,"href":"https:\/\/serveiseducatius.xtec.cat\/baixllobregat7\/wp-json\/wp\/v2\/users\/1"}],"replies":[{"embeddable":true,"href":"https:\/\/serveiseducatius.xtec.cat\/baixllobregat7\/wp-json\/wp\/v2\/comments?post=391"}],"version-history":[{"count":8,"href":"https:\/\/serveiseducatius.xtec.cat\/baixllobregat7\/wp-json\/wp\/v2\/pages\/391\/revisions"}],"predecessor-version":[{"id":14381,"href":"https:\/\/serveiseducatius.xtec.cat\/baixllobregat7\/wp-json\/wp\/v2\/pages\/391\/revisions\/14381"}],"up":[{"embeddable":true,"href":"https:\/\/serveiseducatius.xtec.cat\/baixllobregat7\/wp-json\/wp\/v2\/pages\/338"}],"wp:attachment":[{"href":"https:\/\/serveiseducatius.xtec.cat\/baixllobregat7\/wp-json\/wp\/v2\/media?parent=391"}],"curies":[{"name":"wp","href":"https:\/\/api.w.org\/{rel}","templated":true}]}}