{"id":377,"date":"2015-11-25T14:17:51","date_gmt":"2015-11-25T13:17:51","guid":{"rendered":"http:\/\/serveiseducatius.xtec.cat\/baixllobregat7\/?page_id=377"},"modified":"2024-09-26T13:56:13","modified_gmt":"2024-09-26T11:56:13","slug":"abrera","status":"publish","type":"page","link":"https:\/\/serveiseducatius.xtec.cat\/baixllobregat7\/el-servei-educatiu\/centres-educatius\/abrera\/","title":{"rendered":"Abrera"},"content":{"rendered":"<table style=\"width: 100%; border-collapse: collapse; border-style: hidden; border-color: #ffffff;\">\n<tbody>\n<tr>\n<td style=\"width: 40%; vertical-align: top;\"><strong>Llars d\u2019infants <\/strong><\/p>\n<ul>\n<li>Municipal M\u00f3n Petit<\/li>\n<li>Quitxalla<\/li>\n<\/ul>\n<p><strong>Infantil i Prim\u00e0ria<\/strong><\/p>\n<ul>\n<li><a href=\"https:\/\/agora.xtec.cat\/escola-josefina-ibanez\/\" target=\"_blank\" rel=\"noopener\">Escola Josefina Ib\u00e1\u00f1ez<\/a><\/li>\n<li><a href=\"https:\/\/agora.xtec.cat\/ceip-platon\/\" target=\"_blank\" rel=\"noopener\">Escola Fancesc Platon Sart\u00ed<\/a><\/li>\n<li><a href=\"https:\/\/agora.xtec.cat\/ceip-ernest-lluch\/\" target=\"_blank\" rel=\"noopener\">Escola Ernest Lluch<\/a><\/li>\n<\/ul>\n<p><strong>ESO i Batxillerat<\/strong><\/p>\n<ul>\n<li><a href=\"https:\/\/agora.xtec.cat\/insvoltrera\/\" target=\"_blank\" rel=\"noopener\">Institut Voltrera<\/a><\/li>\n<\/ul>\n<\/td>\n<td style=\"width: 60%;\"><iframe loading=\"lazy\" src=\"https:\/\/www.google.com\/maps\/d\/embed?mid=1R2NDPtSN_kXu82GjK6L7GHqVx7A\" width=\"640\" height=\"480\"><span data-mce-type=\"bookmark\" style=\"display: inline-block; width: 0px; overflow: hidden; line-height: 0;\" class=\"mce_SELRES_start\">\ufeff<\/span><\/iframe><\/td>\n<\/tr>\n<\/tbody>\n<\/table>\n","protected":false},"excerpt":{"rendered":"<p>Llars d\u2019infants Municipal M\u00f3n Petit Quitxalla Infantil i Prim\u00e0ria Escola Josefina Ib\u00e1\u00f1ez Escola Fancesc Platon Sart\u00ed Escola Ernest Lluch ESO i Batxillerat Institut Voltrera \ufeff<\/p>\n","protected":false},"author":1,"featured_media":0,"parent":338,"menu_order":1,"comment_status":"closed","ping_status":"closed","template":"page-templates\/side-menu.php","meta":{"_bbp_topic_count":0,"_bbp_reply_count":0,"_bbp_total_topic_count":0,"_bbp_total_reply_count":0,"_bbp_voice_count":0,"_bbp_anonymous_reply_count":0,"_bbp_topic_count_hidden":0,"_bbp_reply_count_hidden":0,"_bbp_forum_subforum_count":0,"site-sidebar-layout":"default","site-content-layout":"","ast-site-content-layout":"","site-content-style":"default","site-sidebar-style":"default","ast-global-header-display":"","ast-banner-title-visibility":"","ast-main-header-display":"","ast-hfb-above-header-display":"","ast-hfb-below-header-display":"","ast-hfb-mobile-header-display":"","site-post-title":"","ast-breadcrumbs-content":"","ast-featured-img":"","footer-sml-layout":"","theme-transparent-header-meta":"","adv-header-id-meta":"","stick-header-meta":"","header-above-stick-meta":"","header-main-stick-meta":"","header-below-stick-meta":"","astra-migrate-meta-layouts":"default","ast-page-background-enabled":"default","ast-page-background-meta":{"desktop":{"background-color":"var(--ast-global-color-4)","background-image":"","background-repeat":"repeat","background-position":"center center","background-size":"auto","background-attachment":"scroll","background-type":"","background-media":"","overlay-type":"","overlay-color":"","overlay-opacity":"","overlay-gradient":""},"tablet":{"background-color":"","background-image":"","background-repeat":"repeat","background-position":"center center","background-size":"auto","background-attachment":"scroll","background-type":"","background-media":"","overlay-type":"","overlay-color":"","overlay-opacity":"","overlay-gradient":""},"mobile":{"background-color":"","background-image":"","background-repeat":"repeat","background-position":"center center","background-size":"auto","background-attachment":"scroll","background-type":"","background-media":"","overlay-type":"","overlay-color":"","overlay-opacity":"","overlay-gradient":""}},"ast-content-background-meta":{"desktop":{"background-color":"var(--ast-global-color-5)","background-image":"","background-repeat":"repeat","background-position":"center center","background-size":"auto","background-attachment":"scroll","background-type":"","background-media":"","overlay-type":"","overlay-color":"","overlay-opacity":"","overlay-gradient":""},"tablet":{"background-color":"var(--ast-global-color-5)","background-image":"","background-repeat":"repeat","background-position":"center center","background-size":"auto","background-attachment":"scroll","background-type":"","background-media":"","overlay-type":"","overlay-color":"","overlay-opacity":"","overlay-gradient":""},"mobile":{"background-color":"var(--ast-global-color-5)","background-image":"","background-repeat":"repeat","background-position":"center center","background-size":"auto","background-attachment":"scroll","background-type":"","background-media":"","overlay-type":"","overlay-color":"","overlay-opacity":"","overlay-gradient":""}},"footnotes":""},"class_list":["post-377","page","type-page","status-publish","hentry"],"post_mailing_queue_ids":[],"_links":{"self":[{"href":"https:\/\/serveiseducatius.xtec.cat\/baixllobregat7\/wp-json\/wp\/v2\/pages\/377","targetHints":{"allow":["GET"]}}],"collection":[{"href":"https:\/\/serveiseducatius.xtec.cat\/baixllobregat7\/wp-json\/wp\/v2\/pages"}],"about":[{"href":"https:\/\/serveiseducatius.xtec.cat\/baixllobregat7\/wp-json\/wp\/v2\/types\/page"}],"author":[{"embeddable":true,"href":"https:\/\/serveiseducatius.xtec.cat\/baixllobregat7\/wp-json\/wp\/v2\/users\/1"}],"replies":[{"embeddable":true,"href":"https:\/\/serveiseducatius.xtec.cat\/baixllobregat7\/wp-json\/wp\/v2\/comments?post=377"}],"version-history":[{"count":8,"href":"https:\/\/serveiseducatius.xtec.cat\/baixllobregat7\/wp-json\/wp\/v2\/pages\/377\/revisions"}],"predecessor-version":[{"id":14380,"href":"https:\/\/serveiseducatius.xtec.cat\/baixllobregat7\/wp-json\/wp\/v2\/pages\/377\/revisions\/14380"}],"up":[{"embeddable":true,"href":"https:\/\/serveiseducatius.xtec.cat\/baixllobregat7\/wp-json\/wp\/v2\/pages\/338"}],"wp:attachment":[{"href":"https:\/\/serveiseducatius.xtec.cat\/baixllobregat7\/wp-json\/wp\/v2\/media?parent=377"}],"curies":[{"name":"wp","href":"https:\/\/api.w.org\/{rel}","templated":true}]}}