{"id":16573,"date":"2026-04-12T20:12:44","date_gmt":"2026-04-12T18:12:44","guid":{"rendered":"https:\/\/serveiseducatius.xtec.cat\/baixllobregat7\/?page_id=16573"},"modified":"2026-04-13T12:24:48","modified_gmt":"2026-04-13T10:24:48","slug":"curs-de-fabricacio-digital-del-citilab","status":"publish","type":"page","link":"https:\/\/serveiseducatius.xtec.cat\/baixllobregat7\/maker\/curs-de-fabricacio-digital-del-citilab\/","title":{"rendered":"Curs de Fabricaci\u00f3 Digital del Citilab"},"content":{"rendered":"\n<div class=\"wp-block-columns is-layout-flex wp-container-core-columns-is-layout-1 wp-block-columns-is-layout-flex\">\n<div class=\"wp-block-column is-layout-flow wp-block-column-is-layout-flow\">\n<figure class=\"wp-block-image size-full is-resized\"><a href=\"https:\/\/serveiseducatius.xtec.cat\/baixllobregat7\/wp-content\/uploads\/usu1179\/2026\/04\/logo-citilab.jpeg\"><img loading=\"lazy\" decoding=\"async\" width=\"400\" height=\"400\" src=\"https:\/\/serveiseducatius.xtec.cat\/baixllobregat7\/wp-content\/uploads\/usu1179\/2026\/04\/logo-citilab.jpeg\" alt=\"\" class=\"wp-image-16574\" style=\"width:284px;height:auto\" srcset=\"https:\/\/serveiseducatius.xtec.cat\/baixllobregat7\/wp-content\/uploads\/usu1179\/2026\/04\/logo-citilab.jpeg 400w, https:\/\/serveiseducatius.xtec.cat\/baixllobregat7\/wp-content\/uploads\/usu1179\/2026\/04\/logo-citilab-300x300.jpeg 300w, https:\/\/serveiseducatius.xtec.cat\/baixllobregat7\/wp-content\/uploads\/usu1179\/2026\/04\/logo-citilab-150x150.jpeg 150w\" sizes=\"auto, (max-width: 400px) 100vw, 400px\" \/><\/a><\/figure>\n<\/div>\n\n\n\n<div class=\"wp-block-column is-layout-flow wp-block-column-is-layout-flow\">\n<p>En aquesta p\u00e0gina trobareu els contingut d&#8217;un dels cursos que el Citilab de Cornell\u00e0 ofereix. <\/p>\n\n\n\n<p>Est\u00e0 sota llic\u00e8ncia Creative Commons, podeu fer servir els continguts sempre que en citeu la font i no els utilitzeu amb finalitats lucratives.<\/p>\n\n\n\n<p>Poder comptar amb l&#8217;expertesa dels professionals del Citilab no t\u00e9 preu. Ofereixen cursos a les seves instal\u00b7lacions i tamb\u00e9 ho poden fer en centres si hi ha un nombre de docents suficient per fer la formaci\u00f3.<\/p>\n<\/div>\n<\/div>\n\n\n\n<ul class=\"wp-block-list\">\n<li>0 &#8211; Proposta de pr\u00e0ctiques a fer (<a href=\"https:\/\/docs.google.com\/document\/d\/1eDGbuIR5d2N-JX6I5p7RJFhFVB6hTmlGn-uuH2quwzY\/edit?usp=sharing\">Enlla\u00e7<\/a>)<\/li>\n\n\n\n<li>00 &#8211; Recursos addicionals (<a href=\"https:\/\/drive.google.com\/file\/d\/1Zt3qghfGqKjSlcQT1HGFCqoLvwSVmdpK\/view?usp=sharing\">Enlla\u00e7<\/a>)<\/li>\n\n\n\n<li>1 &#8211; Introducci\u00f3 a la fabricaci\u00f3 digital (<a href=\"https:\/\/drive.google.com\/file\/d\/1pwJ1lkBFK2E_YDjOFpujcV52Ph5EsUCC\/view?usp=sharing\">Enlla\u00e7<\/a>)\n<ul class=\"wp-block-list\">\n<li>Manifest del moviment Maker (<a href=\"https:\/\/drive.google.com\/file\/d\/1fPWUIEEwwR7iflIJlLFBlvfvXD-RJ9G1\/view?usp=sharing\">Enlla\u00e7<\/a>)<\/li>\n<\/ul>\n<\/li>\n\n\n\n<li>2 &#8211; Disseny 2D amb Inkscape (<a href=\"https:\/\/drive.google.com\/file\/d\/1bMIGBLHYGI3Waf5Ak_0KbDVgCuPVjSLa\/view?usp=sharing\">Enlla\u00e7<\/a>)<\/li>\n\n\n\n<li>3 &#8211; Disseny per brodar amb InkStich (<a href=\"https:\/\/drive.google.com\/file\/d\/1nwgcwSO4MkbAZQMrVffyz8dQYxz5fB7X\/view?usp=sharing\">Enlla\u00e7<\/a>)<\/li>\n\n\n\n<li>4 &#8211; Disseny per brodar amb TurtleStich (<a href=\"https:\/\/drive.google.com\/file\/d\/1aTjd8C0B04w-LBIFOk_oKzExOq9uOe3f\/view?usp=sharing\">Enlla\u00e7<\/a>)\n<ul class=\"wp-block-list\">\n<li>Exemples per brodar amb TurtleStich (<a href=\"https:\/\/drive.google.com\/file\/d\/1rSPSD95xGS9V91FgaUYzpWVS83jbrAmQ\/view?usp=sharing\">Enlla\u00e7<\/a>)<\/li>\n<\/ul>\n<\/li>\n\n\n\n<li>5 &#8211; Introducci\u00f3 a la brodadora digital (<a href=\"https:\/\/drive.google.com\/file\/d\/1pAXGop-o5xI49i-Gr-XfUHKPAH_SB33U\/view?usp=sharing\">Enlla\u00e7<\/a>)\n<ul class=\"wp-block-list\">\n<li>Guia refer\u00e8ncia m240ed (<a href=\"https:\/\/drive.google.com\/file\/d\/1zclJG9Cr4hKhC7hTuUccZ8s1UWIlK1bN\/view?usp=sharing\">Enlla\u00e7<\/a>)<\/li>\n\n\n\n<li>Manual Instruccions m240ed (<a href=\"https:\/\/drive.google.com\/file\/d\/1Ach3LwM5tRvnRzyDnHa2f_pawB0MzppV\/view?usp=sharing\">Enlla\u00e7<\/a>)<\/li>\n<\/ul>\n<\/li>\n\n\n\n<li>6 &#8211; Introducci\u00f3 al pl\u00f3ter de tall (<a href=\"https:\/\/drive.google.com\/file\/d\/1K66Bfy7JyuEcpdvh42_9YqaoDXn7jAGY\/view?usp=sharing\">Enlla\u00e7<\/a>)<\/li>\n\n\n\n<li>7 &#8211; Introducci\u00f3 al gravat-tall l\u00e0ser (<a href=\"https:\/\/drive.google.com\/file\/d\/1o99kj2CeCPrRUD3nNlpJ5fl-lj4BZ_4O\/view?usp=sharing\">Enlla\u00e7<\/a>)<\/li>\n\n\n\n<li>8 &#8211; Disseny 3D amb Tinkercad (<a href=\"https:\/\/drive.google.com\/file\/d\/1_MOmKmWoxxul5snAE_29rgjDWZ_1sy41\/view?usp=drive_link\">Enlla\u00e7<\/a>)\n<ul class=\"wp-block-list\">\n<li>Exemples Tinkercad (<a href=\"https:\/\/drive.google.com\/file\/d\/1dRXbskVccckL88bFtddw0Oji1XAAMhiX\/view?usp=sharing\">Enlla\u00e7<\/a>)<\/li>\n\n\n\n<li>Keyboardshortcuts (<a href=\"https:\/\/drive.google.com\/file\/d\/1wysmH5uv3fsNEYbctX3tBbv--vyNQGda\/view?usp=sharing\">Enlla\u00e7<\/a>)<\/li>\n<\/ul>\n<\/li>\n\n\n\n<li>9 &#8211; <\/li>\n<\/ul>\n\n\n\n<p><\/p>\n","protected":false},"excerpt":{"rendered":"<p>En aquesta p\u00e0gina trobareu els contingut d&#8217;un dels cursos que el Citilab de Cornell\u00e0 ofereix. Est\u00e0 sota llic\u00e8ncia Creative Commons, podeu fer servir els continguts sempre que en citeu la font i no els utilitzeu amb finalitats lucratives. Poder comptar amb l&#8217;expertesa dels professionals del Citilab no t\u00e9 preu. Ofereixen cursos a les seves instal\u00b7lacions [&hellip;]<\/p>\n","protected":false},"author":1,"featured_media":0,"parent":16401,"menu_order":0,"comment_status":"closed","ping_status":"close","template":"","meta":{"_bbp_topic_count":0,"_bbp_reply_count":0,"_bbp_total_topic_count":0,"_bbp_total_reply_count":0,"_bbp_voice_count":0,"_bbp_anonymous_reply_count":0,"_bbp_topic_count_hidden":0,"_bbp_reply_count_hidden":0,"_bbp_forum_subforum_count":0,"site-sidebar-layout":"default","site-content-layout":"","ast-site-content-layout":"default","site-content-style":"default","site-sidebar-style":"default","ast-global-header-display":"","ast-banner-title-visibility":"","ast-main-header-display":"","ast-hfb-above-header-display":"","ast-hfb-below-header-display":"","ast-hfb-mobile-header-display":"","site-post-title":"","ast-breadcrumbs-content":"","ast-featured-img":"","footer-sml-layout":"","theme-transparent-header-meta":"","adv-header-id-meta":"","stick-header-meta":"","header-above-stick-meta":"","header-main-stick-meta":"","header-below-stick-meta":"","astra-migrate-meta-layouts":"set","ast-page-background-enabled":"default","ast-page-background-meta":{"desktop":{"background-color":"var(--ast-global-color-4)","background-image":"","background-repeat":"repeat","background-position":"center center","background-size":"auto","background-attachment":"scroll","background-type":"","background-media":"","overlay-type":"","overlay-color":"","overlay-opacity":"","overlay-gradient":""},"tablet":{"background-color":"","background-image":"","background-repeat":"repeat","background-position":"center center","background-size":"auto","background-attachment":"scroll","background-type":"","background-media":"","overlay-type":"","overlay-color":"","overlay-opacity":"","overlay-gradient":""},"mobile":{"background-color":"","background-image":"","background-repeat":"repeat","background-position":"center center","background-size":"auto","background-attachment":"scroll","background-type":"","background-media":"","overlay-type":"","overlay-color":"","overlay-opacity":"","overlay-gradient":""}},"ast-content-background-meta":{"desktop":{"background-color":"var(--ast-global-color-5)","background-image":"","background-repeat":"repeat","background-position":"center center","background-size":"auto","background-attachment":"scroll","background-type":"","background-media":"","overlay-type":"","overlay-color":"","overlay-opacity":"","overlay-gradient":""},"tablet":{"background-color":"var(--ast-global-color-5)","background-image":"","background-repeat":"repeat","background-position":"center center","background-size":"auto","background-attachment":"scroll","background-type":"","background-media":"","overlay-type":"","overlay-color":"","overlay-opacity":"","overlay-gradient":""},"mobile":{"background-color":"var(--ast-global-color-5)","background-image":"","background-repeat":"repeat","background-position":"center center","background-size":"auto","background-attachment":"scroll","background-type":"","background-media":"","overlay-type":"","overlay-color":"","overlay-opacity":"","overlay-gradient":""}},"footnotes":""},"class_list":["post-16573","page","type-page","status-publish","hentry"],"post_mailing_queue_ids":[],"_links":{"self":[{"href":"https:\/\/serveiseducatius.xtec.cat\/baixllobregat7\/wp-json\/wp\/v2\/pages\/16573","targetHints":{"allow":["GET"]}}],"collection":[{"href":"https:\/\/serveiseducatius.xtec.cat\/baixllobregat7\/wp-json\/wp\/v2\/pages"}],"about":[{"href":"https:\/\/serveiseducatius.xtec.cat\/baixllobregat7\/wp-json\/wp\/v2\/types\/page"}],"author":[{"embeddable":true,"href":"https:\/\/serveiseducatius.xtec.cat\/baixllobregat7\/wp-json\/wp\/v2\/users\/1"}],"replies":[{"embeddable":true,"href":"https:\/\/serveiseducatius.xtec.cat\/baixllobregat7\/wp-json\/wp\/v2\/comments?post=16573"}],"version-history":[{"count":5,"href":"https:\/\/serveiseducatius.xtec.cat\/baixllobregat7\/wp-json\/wp\/v2\/pages\/16573\/revisions"}],"predecessor-version":[{"id":16587,"href":"https:\/\/serveiseducatius.xtec.cat\/baixllobregat7\/wp-json\/wp\/v2\/pages\/16573\/revisions\/16587"}],"up":[{"embeddable":true,"href":"https:\/\/serveiseducatius.xtec.cat\/baixllobregat7\/wp-json\/wp\/v2\/pages\/16401"}],"wp:attachment":[{"href":"https:\/\/serveiseducatius.xtec.cat\/baixllobregat7\/wp-json\/wp\/v2\/media?parent=16573"}],"curies":[{"name":"wp","href":"https:\/\/api.w.org\/{rel}","templated":true}]}}