{"id":14539,"date":"2024-10-16T11:52:27","date_gmt":"2024-10-16T09:52:27","guid":{"rendered":"https:\/\/serveiseducatius.xtec.cat\/baixllobregat7\/?page_id=14539"},"modified":"2025-10-16T09:58:38","modified_gmt":"2025-10-16T07:58:38","slug":"nodes-2","status":"publish","type":"page","link":"https:\/\/serveiseducatius.xtec.cat\/baixllobregat7\/nodes-2\/","title":{"rendered":"Nodes"},"content":{"rendered":"<h6 class=\"CjVfdc\"><span style=\"color: #333399;\"><strong>QU\u00c8 \u00c9S NODES<\/strong><a href=\"https:\/\/serveiseducatius.xtec.cat\/baixllobregat7\/wp-content\/uploads\/usu1179\/2024\/10\/nodes.png\"><img loading=\"lazy\" decoding=\"async\" class=\"size-full wp-image-14540 alignright\" src=\"https:\/\/serveiseducatius.xtec.cat\/baixllobregat7\/wp-content\/uploads\/usu1179\/2024\/10\/nodes.png\" alt=\"\" width=\"225\" height=\"225\" srcset=\"https:\/\/serveiseducatius.xtec.cat\/baixllobregat7\/wp-content\/uploads\/usu1179\/2024\/10\/nodes.png 225w, https:\/\/serveiseducatius.xtec.cat\/baixllobregat7\/wp-content\/uploads\/usu1179\/2024\/10\/nodes-150x150.png 150w\" sizes=\"auto, (max-width: 225px) 100vw, 225px\" \/><\/a><\/span><\/h6>\n<p id=\"h.p_tt8iBP7syWyA\" class=\"CDt4Ke zfr3Q\" dir=\"ltr\">Nodes \u00e9s la maqueta creada pel Departament d&#8217;Educaci\u00f3 feta en WordPress i que t\u00e9 per objectiu donar als centres educatius una eina per a la publicaci\u00f3 de la seva p\u00e0gina web de centre. Aqu\u00ed podreu activar el servei tant de NODES com de MOODLE i estar al dia de les darreres novetats: <a class=\"dhtgD aw5Odc\" href=\"http:\/\/www.google.com\/url?q=http%3A%2F%2Fagora.xtec.cat%2Fmoodle%2Fmoodle%2F&amp;sa=D&amp;sntz=1&amp;usg=AOvVaw0f9CH9ibMz9WK4OQLExzmo\" target=\"_blank\" rel=\"noopener\">http:\/\/agora.xtec.cat\/moodle\/moodle\/<\/a><\/p>\n<p id=\"h.p_F_uRsxBJ4h1q\" class=\"CDt4Ke zfr3Q\" dir=\"ltr\">El lloc per excel\u00b7l\u00e8ncia on trobar informaci\u00f3 sobre Nodes \u00e9s a la <a href=\"https:\/\/projectes.xtec.cat\/digital\/serveis-digitals\/nodes\/\" target=\"_blank\" rel=\"noopener\">P\u00e0gina del Departament sobre NODES<\/a><\/p>\n<h6 class=\"CjVfdc\"><strong><span style=\"color: #333399;\">ESPAI DE PROVES<\/span><\/strong><\/h6>\n<p id=\"h.p_gCPWWJkoyErS\" class=\"CDt4Ke zfr3Q\" dir=\"ltr\">Abans de decidir-se a formalitzar l&#8217;alta amb Nodes, es poden fer proves. Si voleu veure el funcionament de l&#8217;eina, teniu aquest espai que es regenera ell sol cada hora en punt. Per accedir-hi, podeu anar a l&#8217;adre\u00e7a seg\u00fcent:<\/p>\n<p class=\"CDt4Ke zfr3Q\" dir=\"ltr\"><a href=\"https:\/\/agora.xtec.cat\/demo-nodes\/\" target=\"_blank\" rel=\"noopener\">https:\/\/agora.xtec.cat\/demo-nodes\/\u00a0<\/a><\/p>\n<p dir=\"ltr\">Podeu accedir amb les dades seg\u00fcents:<br \/>\nUsuari: admin<br \/>\nContrasenya: agora<\/p>\n<h6 id=\"h.p__PPUieRV44dx\" class=\"CDt4Ke zfr3Q\" dir=\"ltr\"><strong><span style=\"color: #333399;\">NOU CURS ADMINISTRACI\u00d3 NODES 2<\/span><\/strong><\/h6>\n<p><a href=\"https:\/\/odissea.xtec.cat\/course\/view.php?id=216117\" target=\"_blank\" rel=\"noopener\">CURS en OBERT a Odissea<\/a><\/p>\n<p>En aquest apartat es mostraran els recursos que formen part del curs T045 &#8211; Actualitzaci\u00f3 de l&#8217;Administraci\u00f3 de NODES, per tal que les persones que no s&#8217;han pogut apuntar al curs ho puguin seguir al seu ritme.<\/p>\n<p><a href=\"https:\/\/projectes.xtec.cat\/digital\/serveis-digitals\/nodes\/guia-de-nodes\/\" target=\"_blank\" rel=\"noopener\">Espai Nodes a Digital<\/a><\/p>\n<p><a href=\"https:\/\/drive.google.com\/file\/d\/12XN_x1qUroJRko_X6Zr1HYu2n9zc9asc\/view?usp=sharing\" target=\"_blank\" rel=\"noopener\">Guia del curs<\/a><\/p>\n<p>Qu\u00e8 \u00e9s Nodes: <a href=\"https:\/\/docs.google.com\/presentation\/d\/e\/2PACX-1vThrahWn5Q3eRYTVnGyZSDVLwbX3pLGA7lq4YDYtMJ4Vwv4t5bqgwOT_WH0CBdp22cb1vUuSx2XadE_\/embed?start=false&amp;loop=false&amp;delayms=3000&amp;slide=id.p17\">Presentaci\u00f3 sobre Nodes<\/a>\u00a0 i <a href=\"https:\/\/youtu.be\/C1xbKOoEqN8\">V\u00eddeo de Nodes 1 a Nodes 2<\/a><\/p>\n<p>Cal tenir present que la versi\u00f3 de Nodes1 desapareixer\u00e0 en finalitzar el curs 24\/25<\/p>\n<table style=\"border-collapse: collapse; width: 100%;\">\n<tbody>\n<tr>\n<td style=\"width: 33.3333%; vertical-align: top;\"><strong><span style=\"color: #333399;\">M\u00f2dul 1. Cap\u00e7alera i p\u00e0gina d&#8217;inici<\/span><\/strong><a href=\"https:\/\/drive.google.com\/file\/d\/1UIG-jEfyqfx3PfUmSc5pBqtRqpOPwPYJ\/view?usp=sharing\">Presentaci\u00f3 del m\u00f2dul 1<\/a><\/p>\n<p><a href=\"https:\/\/drive.google.com\/file\/d\/1AI-bXEA9Ex4MHvGAvOqTCqxxFP5ubVP5\/view?usp=drive_link\" target=\"_blank\" rel=\"noopener\">A1 &#8211; Personalitzaci\u00f3 de la cap\u00e7alera<\/a><\/p>\n<p><a href=\"https:\/\/drive.google.com\/file\/d\/1UJQtUJFDKY283lAsLOSJOCQ-aADB27hk\/view?usp=sharing\">A2 &#8211; Carrusels<\/a><\/p>\n<p><a href=\"https:\/\/drive.google.com\/file\/d\/1n3jX7ycy8vXeOGbxSyuFT1BnZsJhzIym\/view?usp=sharing\" target=\"_blank\" rel=\"noopener\">A3 &#8211; Completant la p\u00e0gina personal<\/a><\/p>\n<p><a href=\"https:\/\/drive.google.com\/file\/d\/1vtCI3JZQ7FgjD-ZRmjzy57gspxtWxEOZ\/view?usp=drive_link\">A4 &#8211; Bones Pr\u00e0ctiques<\/a><\/td>\n<td style=\"width: 33.3333%; vertical-align: top;\"><span style=\"color: #333399;\"><strong>M\u00f2dul 2. Editor Gutemberg<\/strong><\/span><a href=\"https:\/\/drive.google.com\/file\/d\/19klyIpB-lIq1eZ6bazVIpMlPi4qH7PIz\/view?usp=drive_link\">Presentaci\u00f3 del m\u00f2dul 2<\/a><\/p>\n<p><a href=\"https:\/\/drive.google.com\/file\/d\/1zflRGnyaM8XoOLVWMyt6tFmZW1KIF1Pd\/view?usp=sharing\" target=\"_blank\" rel=\"noopener\">A1 &#8211; Blocs de text<\/a><\/p>\n<p><a href=\"https:\/\/drive.google.com\/file\/d\/1Y0IIwwIuivHMtefLtITydQ1rlW6RGGIe\/view?usp=drive_link\" target=\"_blank\" rel=\"noopener\">A2 &#8211; Blocs d&#8217;imatge<\/a><\/p>\n<p><a href=\"https:\/\/drive.google.com\/file\/d\/1mG-p44MOcuL1v8h3z1NqNcp6EfT5YZeY\/view?usp=drive_link\" target=\"_blank\" rel=\"noopener\">A3 &#8211; Blocs de columnes, acordi\u00f3 i pestanyes<\/a><\/p>\n<p><a href=\"https:\/\/drive.google.com\/file\/d\/1aMyCdfUkWufgcTgb95n4Mig7oqX01CIf\/view?usp=drive_link\" target=\"_blank\" rel=\"noopener\">A4 &#8211; Explorant Blocs i Plantilles<\/a><\/td>\n<td style=\"width: 33.3333%; vertical-align: top;\"><span style=\"color: #333399;\"><strong>M\u00f2dul 3. Editor Gutemberg<\/strong><\/span><a href=\"https:\/\/drive.google.com\/file\/d\/1CyvoTeSJnQkQE9m1RAKsM2PRnutTkL0F\/view?usp=drive_link\" target=\"_blank\" rel=\"noopener\">Presentaci\u00f3 del m\u00f2dul 3<\/a><\/p>\n<p><a href=\"https:\/\/drive.google.com\/file\/d\/1hFGBfyam7MMkOD9z8ObCTtZXP07GSGRP\/view?usp=sharing\" target=\"_blank\" rel=\"noopener\">A1. Canvis a articles i p\u00e0gines<\/a><\/p>\n<p><a href=\"https:\/\/drive.google.com\/file\/d\/1iYo-if12ChJD38JsBAlFpM08svz5M96e\/view?usp=drive_link\" target=\"_blank\" rel=\"noopener\">A2. Extensions (noves i no tan noves)<\/a><\/p>\n<p><a href=\"https:\/\/drive.google.com\/file\/d\/1-J7l2lrovDP7MctPPKlcUIdqvCboruIx\/view?usp=drive_link\" target=\"_blank\" rel=\"noopener\">A3. Pautes per fer el canvi de Nodes 1 a Nodes 2<\/a><\/td>\n<\/tr>\n<\/tbody>\n<\/table>\n","protected":false},"excerpt":{"rendered":"<p>QU\u00c8 \u00c9S NODES Nodes \u00e9s la maqueta creada pel Departament d&#8217;Educaci\u00f3 feta en WordPress i que t\u00e9 per objectiu donar als centres educatius una eina per a la publicaci\u00f3 de la seva p\u00e0gina web de centre. Aqu\u00ed podreu activar el servei tant de NODES com de MOODLE i estar al dia de les darreres novetats: [&hellip;]<\/p>\n","protected":false},"author":1,"featured_media":0,"parent":0,"menu_order":0,"comment_status":"closed","ping_status":"closed","template":"","meta":{"_bbp_topic_count":0,"_bbp_reply_count":0,"_bbp_total_topic_count":0,"_bbp_total_reply_count":0,"_bbp_voice_count":0,"_bbp_anonymous_reply_count":0,"_bbp_topic_count_hidden":0,"_bbp_reply_count_hidden":0,"_bbp_forum_subforum_count":0,"site-sidebar-layout":"default","site-content-layout":"","ast-site-content-layout":"default","site-content-style":"default","site-sidebar-style":"default","ast-global-header-display":"","ast-banner-title-visibility":"","ast-main-header-display":"","ast-hfb-above-header-display":"","ast-hfb-below-header-display":"","ast-hfb-mobile-header-display":"","site-post-title":"","ast-breadcrumbs-content":"","ast-featured-img":"","footer-sml-layout":"","theme-transparent-header-meta":"","adv-header-id-meta":"","stick-header-meta":"","header-above-stick-meta":"","header-main-stick-meta":"","header-below-stick-meta":"","astra-migrate-meta-layouts":"set","ast-page-background-enabled":"default","ast-page-background-meta":{"desktop":{"background-color":"var(--ast-global-color-4)","background-image":"","background-repeat":"repeat","background-position":"center center","background-size":"auto","background-attachment":"scroll","background-type":"","background-media":"","overlay-type":"","overlay-color":"","overlay-opacity":"","overlay-gradient":""},"tablet":{"background-color":"","background-image":"","background-repeat":"repeat","background-position":"center center","background-size":"auto","background-attachment":"scroll","background-type":"","background-media":"","overlay-type":"","overlay-color":"","overlay-opacity":"","overlay-gradient":""},"mobile":{"background-color":"","background-image":"","background-repeat":"repeat","background-position":"center center","background-size":"auto","background-attachment":"scroll","background-type":"","background-media":"","overlay-type":"","overlay-color":"","overlay-opacity":"","overlay-gradient":""}},"ast-content-background-meta":{"desktop":{"background-color":"var(--ast-global-color-5)","background-image":"","background-repeat":"repeat","background-position":"center center","background-size":"auto","background-attachment":"scroll","background-type":"","background-media":"","overlay-type":"","overlay-color":"","overlay-opacity":"","overlay-gradient":""},"tablet":{"background-color":"var(--ast-global-color-5)","background-image":"","background-repeat":"repeat","background-position":"center center","background-size":"auto","background-attachment":"scroll","background-type":"","background-media":"","overlay-type":"","overlay-color":"","overlay-opacity":"","overlay-gradient":""},"mobile":{"background-color":"var(--ast-global-color-5)","background-image":"","background-repeat":"repeat","background-position":"center center","background-size":"auto","background-attachment":"scroll","background-type":"","background-media":"","overlay-type":"","overlay-color":"","overlay-opacity":"","overlay-gradient":""}},"footnotes":""},"class_list":["post-14539","page","type-page","status-publish","hentry"],"post_mailing_queue_ids":[],"_links":{"self":[{"href":"https:\/\/serveiseducatius.xtec.cat\/baixllobregat7\/wp-json\/wp\/v2\/pages\/14539","targetHints":{"allow":["GET"]}}],"collection":[{"href":"https:\/\/serveiseducatius.xtec.cat\/baixllobregat7\/wp-json\/wp\/v2\/pages"}],"about":[{"href":"https:\/\/serveiseducatius.xtec.cat\/baixllobregat7\/wp-json\/wp\/v2\/types\/page"}],"author":[{"embeddable":true,"href":"https:\/\/serveiseducatius.xtec.cat\/baixllobregat7\/wp-json\/wp\/v2\/users\/1"}],"replies":[{"embeddable":true,"href":"https:\/\/serveiseducatius.xtec.cat\/baixllobregat7\/wp-json\/wp\/v2\/comments?post=14539"}],"version-history":[{"count":6,"href":"https:\/\/serveiseducatius.xtec.cat\/baixllobregat7\/wp-json\/wp\/v2\/pages\/14539\/revisions"}],"predecessor-version":[{"id":15753,"href":"https:\/\/serveiseducatius.xtec.cat\/baixllobregat7\/wp-json\/wp\/v2\/pages\/14539\/revisions\/15753"}],"wp:attachment":[{"href":"https:\/\/serveiseducatius.xtec.cat\/baixllobregat7\/wp-json\/wp\/v2\/media?parent=14539"}],"curies":[{"name":"wp","href":"https:\/\/api.w.org\/{rel}","templated":true}]}}