{"id":14474,"date":"2024-10-10T13:46:25","date_gmt":"2024-10-10T11:46:25","guid":{"rendered":"https:\/\/serveiseducatius.xtec.cat\/baixllobregat7\/?page_id=14474"},"modified":"2024-10-29T11:54:26","modified_gmt":"2024-10-29T10:54:26","slug":"microbit","status":"publish","type":"page","link":"https:\/\/serveiseducatius.xtec.cat\/baixllobregat7\/microbit\/","title":{"rendered":"Microbit"},"content":{"rendered":"<p><a href=\"https:\/\/serveiseducatius.xtec.cat\/baixllobregat7\/wp-content\/uploads\/usu1179\/2024\/10\/microbit.jpg\"><img loading=\"lazy\" decoding=\"async\" class=\"size-full wp-image-14472 alignleft\" src=\"https:\/\/serveiseducatius.xtec.cat\/baixllobregat7\/wp-content\/uploads\/usu1179\/2024\/10\/microbit.jpg\" alt=\"\" width=\"251\" height=\"201\" \/><\/a><\/p>\n<p>&nbsp;<\/p>\n<p><strong><span style=\"font-size: 24pt;\">P\u00c0GINA DE RECURSOS SOBRE LA PLACA MICROBIT<\/span><\/strong><\/p>\n<p>&nbsp;<\/p>\n<table style=\"border-collapse: collapse; width: 100%; height: 10px;\">\n<tbody>\n<tr style=\"height: 40px;\">\n<td style=\"width: 9.19144%; height: 10px;\"><a href=\"https:\/\/makecode.microbit.org\"><img loading=\"lazy\" decoding=\"async\" class=\" wp-image-14481 alignleft\" src=\"https:\/\/serveiseducatius.xtec.cat\/baixllobregat7\/wp-content\/uploads\/usu1179\/2024\/10\/microbit-code.png\" alt=\"\" width=\"120\" height=\"52\" \/> <\/a><\/td>\n<td style=\"width: 40.8086%; height: 10px;\"><a href=\"https:\/\/makecode.microbit.org\">Make Code<\/a>:\u00a0Entorn per programar la micro:bit<\/td>\n<td style=\"width: 25%; height: 10px;\"><a href=\"https:\/\/projectes.xtec.cat\/pensament-computacional\/microbit-live-barcelona-2023-programa\/\"><img loading=\"lazy\" decoding=\"async\" class=\"aligncenter size-full wp-image-14606\" src=\"https:\/\/serveiseducatius.xtec.cat\/baixllobregat7\/wp-content\/uploads\/usu1179\/2024\/10\/microbit-live23.png\" alt=\"\" width=\"382\" height=\"131\" srcset=\"https:\/\/serveiseducatius.xtec.cat\/baixllobregat7\/wp-content\/uploads\/usu1179\/2024\/10\/microbit-live23.png 382w, https:\/\/serveiseducatius.xtec.cat\/baixllobregat7\/wp-content\/uploads\/usu1179\/2024\/10\/microbit-live23-300x103.png 300w\" sizes=\"auto, (max-width: 382px) 100vw, 382px\" \/><\/a><\/td>\n<td style=\"width: 25%; height: 10px;\">1a Edici\u00f3 de la<strong> <a href=\"https:\/\/projectes.xtec.cat\/pensament-computacional\/microbit-live-barcelona-2023-programa\/\">micro:bit Live <\/a><\/strong>Barcelona 2023<\/p>\n<p><strong><a href=\"https:\/\/youtu.be\/9dPwlHC2SwA\">V\u00eddeo <\/a><\/strong>de la Jornada<\/td>\n<\/tr>\n<\/tbody>\n<\/table>\n<p><strong>Exemples de programes per la micro:bit<\/strong><\/p>\n<table style=\"border-collapse: collapse; width: 100%;\">\n<tbody>\n<tr>\n<td style=\"width: 25%;\"><a href=\"https:\/\/drive.google.com\/file\/d\/1Vklgcmjw7jgCYmjCUbmuaGXKi_3czVHP\/view?usp=sharing\"><img loading=\"lazy\" decoding=\"async\" class=\"aligncenter wp-image-14570 size-full\" src=\"https:\/\/serveiseducatius.xtec.cat\/baixllobregat7\/wp-content\/uploads\/usu1179\/2024\/10\/castanyada_microbit.png\" alt=\"\" width=\"792\" height=\"457\" srcset=\"https:\/\/serveiseducatius.xtec.cat\/baixllobregat7\/wp-content\/uploads\/usu1179\/2024\/10\/castanyada_microbit.png 792w, https:\/\/serveiseducatius.xtec.cat\/baixllobregat7\/wp-content\/uploads\/usu1179\/2024\/10\/castanyada_microbit-300x173.png 300w, https:\/\/serveiseducatius.xtec.cat\/baixllobregat7\/wp-content\/uploads\/usu1179\/2024\/10\/castanyada_microbit-768x443.png 768w\" sizes=\"auto, (max-width: 792px) 100vw, 792px\" \/><\/a><\/td>\n<td style=\"width: 25%;\">\u00c9s una activitat que relaciona la Compet\u00e8ncia Digital amb l\u2019\u00e0rea d\u2019Educaci\u00f3 Pl\u00e0stica i que serveix com a introducci\u00f3 a aquesta placa. Aquest programa comunica sis micro:bit utilitzant la funci\u00f3 r\u00e0dio. \u00a0\u00a0 \u00a0\u00a0 \u00a0\u00a0 \u00a0\u00a0 \u00a0\u00a0 \u00a0\u00a0 \u00a0\u00a0 <strong><a href=\"https:\/\/drive.google.com\/file\/d\/1Vklgcmjw7jgCYmjCUbmuaGXKi_3czVHP\/view?usp=sharing\">Presentaci\u00f3\u00a0<\/a> \u00a0 <a href=\"https:\/\/drive.google.com\/file\/d\/1JiaSFK-b1uRkCzE-n9nz1NHK7hjTnhut\/view?usp=sharing\">\u00a0Arxius amb els programes<\/a><\/strong><\/td>\n<td style=\"width: 25%;\"><\/td>\n<td style=\"width: 25%;\"><\/td>\n<\/tr>\n<\/tbody>\n<\/table>\n","protected":false},"excerpt":{"rendered":"<p>&nbsp; P\u00c0GINA DE RECURSOS SOBRE LA PLACA MICROBIT &nbsp; Make Code:\u00a0Entorn per programar la micro:bit 1a Edici\u00f3 de la micro:bit Live Barcelona 2023 V\u00eddeo de la Jornada Exemples de programes per la micro:bit \u00c9s una activitat que relaciona la Compet\u00e8ncia Digital amb l\u2019\u00e0rea d\u2019Educaci\u00f3 Pl\u00e0stica i que serveix com a introducci\u00f3 a aquesta placa. Aquest [&hellip;]<\/p>\n","protected":false},"author":1,"featured_media":0,"parent":0,"menu_order":0,"comment_status":"closed","ping_status":"closed","template":"","meta":{"_bbp_topic_count":0,"_bbp_reply_count":0,"_bbp_total_topic_count":0,"_bbp_total_reply_count":0,"_bbp_voice_count":0,"_bbp_anonymous_reply_count":0,"_bbp_topic_count_hidden":0,"_bbp_reply_count_hidden":0,"_bbp_forum_subforum_count":0,"site-sidebar-layout":"default","site-content-layout":"","ast-site-content-layout":"","site-content-style":"default","site-sidebar-style":"default","ast-global-header-display":"","ast-banner-title-visibility":"","ast-main-header-display":"","ast-hfb-above-header-display":"","ast-hfb-below-header-display":"","ast-hfb-mobile-header-display":"","site-post-title":"","ast-breadcrumbs-content":"","ast-featured-img":"","footer-sml-layout":"","theme-transparent-header-meta":"","adv-header-id-meta":"","stick-header-meta":"","header-above-stick-meta":"","header-main-stick-meta":"","header-below-stick-meta":"","astra-migrate-meta-layouts":"default","ast-page-background-enabled":"default","ast-page-background-meta":{"desktop":{"background-color":"var(--ast-global-color-4)","background-image":"","background-repeat":"repeat","background-position":"center center","background-size":"auto","background-attachment":"scroll","background-type":"","background-media":"","overlay-type":"","overlay-color":"","overlay-opacity":"","overlay-gradient":""},"tablet":{"background-color":"","background-image":"","background-repeat":"repeat","background-position":"center center","background-size":"auto","background-attachment":"scroll","background-type":"","background-media":"","overlay-type":"","overlay-color":"","overlay-opacity":"","overlay-gradient":""},"mobile":{"background-color":"","background-image":"","background-repeat":"repeat","background-position":"center center","background-size":"auto","background-attachment":"scroll","background-type":"","background-media":"","overlay-type":"","overlay-color":"","overlay-opacity":"","overlay-gradient":""}},"ast-content-background-meta":{"desktop":{"background-color":"var(--ast-global-color-5)","background-image":"","background-repeat":"repeat","background-position":"center center","background-size":"auto","background-attachment":"scroll","background-type":"","background-media":"","overlay-type":"","overlay-color":"","overlay-opacity":"","overlay-gradient":""},"tablet":{"background-color":"var(--ast-global-color-5)","background-image":"","background-repeat":"repeat","background-position":"center center","background-size":"auto","background-attachment":"scroll","background-type":"","background-media":"","overlay-type":"","overlay-color":"","overlay-opacity":"","overlay-gradient":""},"mobile":{"background-color":"var(--ast-global-color-5)","background-image":"","background-repeat":"repeat","background-position":"center center","background-size":"auto","background-attachment":"scroll","background-type":"","background-media":"","overlay-type":"","overlay-color":"","overlay-opacity":"","overlay-gradient":""}},"footnotes":""},"class_list":["post-14474","page","type-page","status-publish","hentry"],"post_mailing_queue_ids":[],"_links":{"self":[{"href":"https:\/\/serveiseducatius.xtec.cat\/baixllobregat7\/wp-json\/wp\/v2\/pages\/14474","targetHints":{"allow":["GET"]}}],"collection":[{"href":"https:\/\/serveiseducatius.xtec.cat\/baixllobregat7\/wp-json\/wp\/v2\/pages"}],"about":[{"href":"https:\/\/serveiseducatius.xtec.cat\/baixllobregat7\/wp-json\/wp\/v2\/types\/page"}],"author":[{"embeddable":true,"href":"https:\/\/serveiseducatius.xtec.cat\/baixllobregat7\/wp-json\/wp\/v2\/users\/1"}],"replies":[{"embeddable":true,"href":"https:\/\/serveiseducatius.xtec.cat\/baixllobregat7\/wp-json\/wp\/v2\/comments?post=14474"}],"version-history":[{"count":7,"href":"https:\/\/serveiseducatius.xtec.cat\/baixllobregat7\/wp-json\/wp\/v2\/pages\/14474\/revisions"}],"predecessor-version":[{"id":14608,"href":"https:\/\/serveiseducatius.xtec.cat\/baixllobregat7\/wp-json\/wp\/v2\/pages\/14474\/revisions\/14608"}],"wp:attachment":[{"href":"https:\/\/serveiseducatius.xtec.cat\/baixllobregat7\/wp-json\/wp\/v2\/media?parent=14474"}],"curies":[{"name":"wp","href":"https:\/\/api.w.org\/{rel}","templated":true}]}}