{"id":9560,"date":"2016-11-23T12:21:09","date_gmt":"2016-11-23T11:21:09","guid":{"rendered":"http:\/\/serveiseducatius.xtec.cat\/baixllobregat6\/?page_id=9560"},"modified":"2026-01-09T11:11:29","modified_gmt":"2026-01-09T10:11:29","slug":"lego-wedo-2-0","status":"publish","type":"page","link":"https:\/\/serveiseducatius.xtec.cat\/baixllobregat6\/recursos\/lego-wedo-2-0\/","title":{"rendered":"Lego WeDo 2.0"},"content":{"rendered":"\n<figure class=\"wp-block-image aligncenter\"><img loading=\"lazy\" decoding=\"async\" width=\"228\" height=\"270\" src=\"http:\/\/serveiseducatius.xtec.cat\/baixllobregat6\/wp-content\/uploads\/usu778\/2016\/11\/legowedo1.png\" alt=\"legowedo1\" class=\"wp-image-9564\"\/><\/figure>\n\n\n\n<p><strong>Lego WeDo 2.0<\/strong> \u00e9s una proposta perqu\u00e8 nens i nenes de prim\u00e0ria descobreixin les ci\u00e8ncies. Per mitj\u00e0 de l&#8217;aprenentatge basat en projectes, els alumnes exploren, creen i comparteixen les seves experi\u00e8ncies.<\/p>\n\n\n\n<p>L&#8217;alumnat construeix robots amb sensors simples i un motor que es connecten per Bluetooth a ordinadors (PC i Mac) i tauletes (iOS i Android) i programen els seus comportaments amb una eina simple, f\u00e0cil i divertida.<\/p>\n\n\n\n<h4 class=\"wp-block-heading\"><strong><span style=\"color: #ff0000;\">Disposem de 2 kits de Lego WeDo + Ipads.<\/span><\/strong><\/h4>\n\n\n\n<p><strong>Cada Kit Inclou:<\/strong><\/p>\n\n\n\n<ul class=\"wp-block-list\">\n<li>\n<ul class=\"wp-block-list\">\n<li>3 iPad +\u00a01 carregador.<\/li>\n\n\n\n<li>4 Caixes de <span style=\"color: #0000ff;\">Lego WeDo<\/span>.<\/li>\n<\/ul>\n<\/li>\n<\/ul>\n\n\n\n<p><span style=\"color: #0000ff;\">Cada caixa de Lego inclou:<\/span><\/p>\n\n\n\n<ul class=\"wp-block-list\">\n<li><span style=\"color: #6f6f6f; font-family: inherit; font-size: 1em;\">280 peces<\/span><\/li>\n\n\n\n<li><span style=\"color: #6f6f6f; font-family: inherit; font-size: 1em;\">Smarthub (pe\u00e7a que permet la comunicaci\u00f3 per Bluetooth)<\/span><\/li>\n\n\n\n<li><span style=\"color: #6f6f6f; font-family: inherit; font-size: 1em;\">Motor mitj\u00e0<\/span><\/li>\n\n\n\n<li><span style=\"color: #6f6f6f; font-family: inherit; font-size: 1em;\">Sensor de moviment<\/span><\/li>\n\n\n\n<li><span style=\"color: #6f6f6f; font-family: inherit; font-size: 1em;\">Sensor d&#8217;inclinaci\u00f3<\/span><\/li>\n\n\n\n<li><span style=\"color: #6f6f6f; font-family: inherit; font-size: 1em;\">Contenidor per a la classificaci\u00f3 de les peces<\/span><\/li>\n<\/ul>\n\n\n\n<h4 class=\"wp-block-heading\"><strong>\u00c0rea de desc\u00e0rregues<\/strong><\/h4>\n\n\n\n<p><a href=\"https:\/\/education.lego.com\/en-us\/downloads?domainredir=legoeducation.com\" target=\"_blank\" rel=\"noopener noreferrer\">| Software Lego Wedo 2.0 |<\/a><\/p>\n\n\n\n<p><a href=\"https:\/\/itunes.apple.com\/au\/app\/lego-education-wedo-2.0-full\/id1011085891?mt=8\" target=\"_blank\" rel=\"noopener noreferrer\">| App IOS |<\/a><\/p>\n\n\n\n<p><a href=\"https:\/\/itunes.apple.com\/au\/app\/lego-education-wedo-2.0-full\/id1011085891?mt=8\" target=\"_blank\" rel=\"noopener noreferrer\">| App Android |<\/a><\/p>\n\n\n\n<p><a href=\"https:\/\/le-www-live-s.legocdn.com\/wedo\/pdfs\/introduction\/introduction-es-ar-v1.pdf\" target=\"_blank\" rel=\"noopener noreferrer\">| Manual de l&#8217;usuari: Introducci\u00f3 |<\/a><\/p>\n\n\n\n<p><a href=\"https:\/\/le-www-live-s.legocdn.com\/wedo\/pdfs\/scienceteachersguide\/scienceteachersguide-es-ar-v2.pdf\" target=\"_blank\" rel=\"noopener noreferrer\">Guia per al professor de ci\u00e8ncia<\/a><\/p>\n\n\n\n<p><a href=\"https:\/\/le-www-live-s.legocdn.com\/wedo\/pdfs\/computationalthinkingteacherguide\/computationalthinkingteacherguide-es-ar-v1.pdf\" target=\"_blank\" rel=\"noopener noreferrer\">Guia per al professorat: pensament computacional<\/a><\/p>\n\n\n\n<p><a href=\"https:\/\/le-www-live-s.legocdn.com\/wedo\/pdfs\/toolbox\/toolbox-es-ar-v2.pdf\" target=\"_blank\" rel=\"noopener noreferrer\">Caixa d&#8217;eines<\/a><\/p>\n","protected":false},"excerpt":{"rendered":"<p>Lego WeDo 2.0 \u00e9s una proposta perqu\u00e8 nens i nenes de prim\u00e0ria descobreixin les ci\u00e8ncies. Per mitj\u00e0 de l&#8217;aprenentatge basat en projectes, els alumnes exploren, creen i comparteixen les seves experi\u00e8ncies. L&#8217;alumnat construeix robots amb sensors simples i un motor que es connecten per Bluetooth a ordinadors (PC i Mac) i tauletes (iOS i Android) [&hellip;]<\/p>\n","protected":false},"author":1,"featured_media":0,"parent":906,"menu_order":0,"comment_status":"closed","ping_status":"closed","template":"","meta":{"_bbp_topic_count":0,"_bbp_reply_count":0,"_bbp_total_topic_count":0,"_bbp_total_reply_count":0,"_bbp_voice_count":0,"_bbp_anonymous_reply_count":0,"_bbp_topic_count_hidden":0,"_bbp_reply_count_hidden":0,"_bbp_forum_subforum_count":0,"site-sidebar-layout":"default","site-content-layout":"","ast-site-content-layout":"default","site-content-style":"default","site-sidebar-style":"default","ast-global-header-display":"","ast-banner-title-visibility":"","ast-main-header-display":"","ast-hfb-above-header-display":"","ast-hfb-below-header-display":"","ast-hfb-mobile-header-display":"","site-post-title":"","ast-breadcrumbs-content":"","ast-featured-img":"","footer-sml-layout":"","theme-transparent-header-meta":"","adv-header-id-meta":"","stick-header-meta":"","header-above-stick-meta":"","header-main-stick-meta":"","header-below-stick-meta":"","astra-migrate-meta-layouts":"set","ast-page-background-enabled":"default","ast-page-background-meta":{"desktop":{"background-color":"var(--ast-global-color-4)","background-image":"","background-repeat":"repeat","background-position":"center center","background-size":"auto","background-attachment":"scroll","background-type":"","background-media":"","overlay-type":"","overlay-color":"","overlay-opacity":"","overlay-gradient":""},"tablet":{"background-color":"","background-image":"","background-repeat":"repeat","background-position":"center center","background-size":"auto","background-attachment":"scroll","background-type":"","background-media":"","overlay-type":"","overlay-color":"","overlay-opacity":"","overlay-gradient":""},"mobile":{"background-color":"","background-image":"","background-repeat":"repeat","background-position":"center center","background-size":"auto","background-attachment":"scroll","background-type":"","background-media":"","overlay-type":"","overlay-color":"","overlay-opacity":"","overlay-gradient":""}},"ast-content-background-meta":{"desktop":{"background-color":"var(--ast-global-color-5)","background-image":"","background-repeat":"repeat","background-position":"center center","background-size":"auto","background-attachment":"scroll","background-type":"","background-media":"","overlay-type":"","overlay-color":"","overlay-opacity":"","overlay-gradient":""},"tablet":{"background-color":"var(--ast-global-color-5)","background-image":"","background-repeat":"repeat","background-position":"center center","background-size":"auto","background-attachment":"scroll","background-type":"","background-media":"","overlay-type":"","overlay-color":"","overlay-opacity":"","overlay-gradient":""},"mobile":{"background-color":"var(--ast-global-color-5)","background-image":"","background-repeat":"repeat","background-position":"center center","background-size":"auto","background-attachment":"scroll","background-type":"","background-media":"","overlay-type":"","overlay-color":"","overlay-opacity":"","overlay-gradient":""}},"footnotes":""},"class_list":["post-9560","page","type-page","status-publish","hentry"],"post_mailing_queue_ids":[],"_links":{"self":[{"href":"https:\/\/serveiseducatius.xtec.cat\/baixllobregat6\/wp-json\/wp\/v2\/pages\/9560","targetHints":{"allow":["GET"]}}],"collection":[{"href":"https:\/\/serveiseducatius.xtec.cat\/baixllobregat6\/wp-json\/wp\/v2\/pages"}],"about":[{"href":"https:\/\/serveiseducatius.xtec.cat\/baixllobregat6\/wp-json\/wp\/v2\/types\/page"}],"author":[{"embeddable":true,"href":"https:\/\/serveiseducatius.xtec.cat\/baixllobregat6\/wp-json\/wp\/v2\/users\/1"}],"replies":[{"embeddable":true,"href":"https:\/\/serveiseducatius.xtec.cat\/baixllobregat6\/wp-json\/wp\/v2\/comments?post=9560"}],"version-history":[{"count":6,"href":"https:\/\/serveiseducatius.xtec.cat\/baixllobregat6\/wp-json\/wp\/v2\/pages\/9560\/revisions"}],"predecessor-version":[{"id":30468,"href":"https:\/\/serveiseducatius.xtec.cat\/baixllobregat6\/wp-json\/wp\/v2\/pages\/9560\/revisions\/30468"}],"up":[{"embeddable":true,"href":"https:\/\/serveiseducatius.xtec.cat\/baixllobregat6\/wp-json\/wp\/v2\/pages\/906"}],"wp:attachment":[{"href":"https:\/\/serveiseducatius.xtec.cat\/baixllobregat6\/wp-json\/wp\/v2\/media?parent=9560"}],"curies":[{"name":"wp","href":"https:\/\/api.w.org\/{rel}","templated":true}]}}