{"id":9555,"date":"2016-11-23T12:57:19","date_gmt":"2016-11-23T11:57:19","guid":{"rendered":"http:\/\/serveiseducatius.xtec.cat\/baixllobregat6\/?page_id=9555"},"modified":"2026-01-09T11:11:56","modified_gmt":"2026-01-09T10:11:56","slug":"bee-bot","status":"publish","type":"page","link":"https:\/\/serveiseducatius.xtec.cat\/baixllobregat6\/recursos\/bee-bot\/","title":{"rendered":"Bee Bot"},"content":{"rendered":"\n<figure class=\"wp-block-image alignleft\"><img loading=\"lazy\" decoding=\"async\" width=\"221\" height=\"277\" src=\"http:\/\/serveiseducatius.xtec.cat\/baixllobregat6\/wp-content\/uploads\/usu778\/2016\/11\/beebot1.png\" alt=\"beebot1\" class=\"wp-image-9563\"\/><\/figure>\n\n\n\n<p><\/p>\n\n\n\n<p>BEE BOT \u00e9s un petit robot en forma d&#8217;abella que segueix instruccions mitjan\u00e7ant unes ordres b\u00e0siques(endavant, enrere, girar a la dreta, girar a l&#8217;esquerra) seq\u00fcenciades a trav\u00e9s dels botons que estan al llom de l&#8217;abella. Mitjan\u00e7ant aquestes ordres seq\u00fcenciades correctament el petit robot pot&nbsp;arribar al&nbsp;dest\u00ed proposat.<\/p>\n\n\n\n<p>Amb la programaci\u00f3 del BEE BOT,&nbsp;es treballa&nbsp;l&#8217;observaci\u00f3 i l&#8217;an\u00e0lisi de les accions que la petita abella robot realitza a partir&nbsp;de la&nbsp;seq\u00fc\u00e8ncia d&#8217;ordres donades, estimulant en l&#8217;alumnat el desenvolupament de diferents processos mentals, habilitats i compet\u00e8ncies b\u00e0siques.<\/p>\n\n\n\n<h4 class=\"wp-block-heading\">&nbsp;<\/h4>\n\n\n\n<h4 class=\"wp-block-heading\">CONTINGUT DEL KIT<\/h4>\n\n\n\n<ul class=\"wp-block-list\">\n<li>4 Bee bot recarregable<\/li>\n\n\n\n<li>1 estaci\u00f3 de c\u00e0rrega.<\/li>\n\n\n\n<li>1 catifa d&#8217;un carrer i feines.<\/li>\n\n\n\n<li>1 catifa de la illa del tresor.<\/li>\n<\/ul>\n\n\n\n<h5 class=\"wp-block-heading\">ORIENTACIONS PER TREBALLAR A L&#8217;AULA<\/h5>\n\n\n\n<ul class=\"wp-block-list\">\n<li><a href=\"https:\/\/serveiseducatius.xtec.cat\/altmaresme\/wp-content\/uploads\/usu1140\/2018\/06\/Recull_experi%C3%A8ncies_beebots.pdf\" target=\"_blank\" rel=\"noreferrer noopener\">Activitats amb Bee Bot&nbsp;<\/a><em>(CRP Pineda)<\/em><\/li>\n\n\n\n<li><a href=\"https:\/\/drive.google.com\/open?id=1RVrjgGeSEIA6OnLVjVxmiy5-5dH9pe31\" target=\"_blank\" rel=\"noopener noreferrer\">Bee-bots<\/a><em> (Escola Carme Auguet)<\/em><\/li>\n<\/ul>\n\n\n\n<h5 class=\"wp-block-heading\">\u00c0rea de desc\u00e0rrega<\/h5>\n\n\n\n<ul class=\"wp-block-list\">\n<li><a href=\"https:\/\/serveiseducatius.xtec.cat\/conca\/wp-content\/uploads\/usu1131\/2017\/11\/guia_bee_bot.pdf\" target=\"_blank\" rel=\"noreferrer noopener\">Guia de l&#8217;usuari<\/a><\/li>\n\n\n\n<li><a href=\"https:\/\/itunes.apple.com\/es\/app\/bee-bot\/id500131639?l=ca&amp;mt=8\" target=\"_blank\" rel=\"noopener noreferrer\">App Bee Bot (IOS Ipad, Iphone)<\/a><\/li>\n\n\n\n<li><a href=\"https:\/\/bee-bot-tts-group-ltd.es.aptoide.com\/app\" target=\"_blank\" rel=\"noopener\">App Blue Bot (Android)<\/a><\/li>\n\n\n\n<li><a href=\"https:\/\/drive.google.com\/open?id=16KrRl_MseP9x8sTxCZ_9r7OuuLOyBzjq\" target=\"_blank\" rel=\"noopener noreferrer\">Bee-Bot. Cartes de direcci\u00f3<\/a><\/li>\n\n\n\n<li><a href=\"http:\/\/blocs.xtec.cat\/roboticaalescola\/files\/2015\/03\/plantilla_ex.pdf\" target=\"_blank\" rel=\"noopener noreferrer\">Fitxes de programaci\u00f3 amb Bee-Bots<\/a> <em>(Escola Font de la P\u00f3lvora-Girona)<\/em><\/li>\n<\/ul>\n","protected":false},"excerpt":{"rendered":"<p>BEE BOT \u00e9s un petit robot en forma d&#8217;abella que segueix instruccions mitjan\u00e7ant unes ordres b\u00e0siques(endavant, enrere, girar a la dreta, girar a l&#8217;esquerra) seq\u00fcenciades a trav\u00e9s dels botons que estan al llom de l&#8217;abella. Mitjan\u00e7ant aquestes ordres seq\u00fcenciades correctament el petit robot pot&nbsp;arribar al&nbsp;dest\u00ed proposat. Amb la programaci\u00f3 del BEE BOT,&nbsp;es treballa&nbsp;l&#8217;observaci\u00f3 i l&#8217;an\u00e0lisi [&hellip;]<\/p>\n","protected":false},"author":1,"featured_media":0,"parent":906,"menu_order":0,"comment_status":"closed","ping_status":"closed","template":"","meta":{"_bbp_topic_count":0,"_bbp_reply_count":0,"_bbp_total_topic_count":0,"_bbp_total_reply_count":0,"_bbp_voice_count":0,"_bbp_anonymous_reply_count":0,"_bbp_topic_count_hidden":0,"_bbp_reply_count_hidden":0,"_bbp_forum_subforum_count":0,"site-sidebar-layout":"default","site-content-layout":"","ast-site-content-layout":"default","site-content-style":"default","site-sidebar-style":"default","ast-global-header-display":"","ast-banner-title-visibility":"","ast-main-header-display":"","ast-hfb-above-header-display":"","ast-hfb-below-header-display":"","ast-hfb-mobile-header-display":"","site-post-title":"","ast-breadcrumbs-content":"","ast-featured-img":"","footer-sml-layout":"","theme-transparent-header-meta":"","adv-header-id-meta":"","stick-header-meta":"","header-above-stick-meta":"","header-main-stick-meta":"","header-below-stick-meta":"","astra-migrate-meta-layouts":"set","ast-page-background-enabled":"default","ast-page-background-meta":{"desktop":{"background-color":"var(--ast-global-color-4)","background-image":"","background-repeat":"repeat","background-position":"center center","background-size":"auto","background-attachment":"scroll","background-type":"","background-media":"","overlay-type":"","overlay-color":"","overlay-opacity":"","overlay-gradient":""},"tablet":{"background-color":"","background-image":"","background-repeat":"repeat","background-position":"center center","background-size":"auto","background-attachment":"scroll","background-type":"","background-media":"","overlay-type":"","overlay-color":"","overlay-opacity":"","overlay-gradient":""},"mobile":{"background-color":"","background-image":"","background-repeat":"repeat","background-position":"center center","background-size":"auto","background-attachment":"scroll","background-type":"","background-media":"","overlay-type":"","overlay-color":"","overlay-opacity":"","overlay-gradient":""}},"ast-content-background-meta":{"desktop":{"background-color":"var(--ast-global-color-5)","background-image":"","background-repeat":"repeat","background-position":"center center","background-size":"auto","background-attachment":"scroll","background-type":"","background-media":"","overlay-type":"","overlay-color":"","overlay-opacity":"","overlay-gradient":""},"tablet":{"background-color":"var(--ast-global-color-5)","background-image":"","background-repeat":"repeat","background-position":"center center","background-size":"auto","background-attachment":"scroll","background-type":"","background-media":"","overlay-type":"","overlay-color":"","overlay-opacity":"","overlay-gradient":""},"mobile":{"background-color":"var(--ast-global-color-5)","background-image":"","background-repeat":"repeat","background-position":"center center","background-size":"auto","background-attachment":"scroll","background-type":"","background-media":"","overlay-type":"","overlay-color":"","overlay-opacity":"","overlay-gradient":""}},"footnotes":""},"class_list":["post-9555","page","type-page","status-publish","hentry"],"post_mailing_queue_ids":[],"_links":{"self":[{"href":"https:\/\/serveiseducatius.xtec.cat\/baixllobregat6\/wp-json\/wp\/v2\/pages\/9555","targetHints":{"allow":["GET"]}}],"collection":[{"href":"https:\/\/serveiseducatius.xtec.cat\/baixllobregat6\/wp-json\/wp\/v2\/pages"}],"about":[{"href":"https:\/\/serveiseducatius.xtec.cat\/baixllobregat6\/wp-json\/wp\/v2\/types\/page"}],"author":[{"embeddable":true,"href":"https:\/\/serveiseducatius.xtec.cat\/baixllobregat6\/wp-json\/wp\/v2\/users\/1"}],"replies":[{"embeddable":true,"href":"https:\/\/serveiseducatius.xtec.cat\/baixllobregat6\/wp-json\/wp\/v2\/comments?post=9555"}],"version-history":[{"count":6,"href":"https:\/\/serveiseducatius.xtec.cat\/baixllobregat6\/wp-json\/wp\/v2\/pages\/9555\/revisions"}],"predecessor-version":[{"id":30996,"href":"https:\/\/serveiseducatius.xtec.cat\/baixllobregat6\/wp-json\/wp\/v2\/pages\/9555\/revisions\/30996"}],"up":[{"embeddable":true,"href":"https:\/\/serveiseducatius.xtec.cat\/baixllobregat6\/wp-json\/wp\/v2\/pages\/906"}],"wp:attachment":[{"href":"https:\/\/serveiseducatius.xtec.cat\/baixllobregat6\/wp-json\/wp\/v2\/media?parent=9555"}],"curies":[{"name":"wp","href":"https:\/\/api.w.org\/{rel}","templated":true}]}}