{"id":8646,"date":"2016-05-23T10:53:31","date_gmt":"2016-05-23T09:53:31","guid":{"rendered":"http:\/\/serveiseducatius.xtec.cat\/baixllobregat6\/?page_id=8646"},"modified":"2016-06-02T17:28:04","modified_gmt":"2016-06-02T16:28:04","slug":"lespectacle","status":"publish","type":"page","link":"https:\/\/serveiseducatius.xtec.cat\/baixllobregat6\/xarxa-grup-mestres-de-musica\/xocopop\/lespectacle\/","title":{"rendered":"L&#8217;espectacle"},"content":{"rendered":"<p>A primera hora del mat\u00ed les escoles participants van anar arribant al Teatre de la Passi\u00f3 d&#8217;Olesa de Montserrat. A llarg de mat\u00ed van assajar l&#8217;espectacle.<\/p>\n<p><center><iframe loading=\"lazy\" src=\"https:\/\/www.youtube.com\/embed\/n6TuBa60Xpk\" width=\"640\" height=\"480\" frameborder=\"0\" allowfullscreen=\"allowfullscreen\"><\/iframe><\/center><\/p>\n<p>I a la tarda els familiars dels alumnes gaireb\u00e9 van omplir les 1500 butaques del Teatre de la Passi\u00f3 d&#8217;Olesa de Montserrat. L&#8217;expectaci\u00f3 era m\u00e0xima.<\/p>\n<p><img loading=\"lazy\" decoding=\"async\" class=\"alignnone aligncenter\" src=\"https:\/\/pbs.twimg.com\/media\/Ci6BVoBWEAAzXlk.jpg\" alt=\"\" width=\"598\" height=\"149\" \/><\/p>\n<p>La poetessa Lola Casas va explicar als assistents qui fou Roald Dahl i quina relaci\u00f3 va tenir amb la xocolata. Feu refer\u00e8ncia a l&#8217;an\u00e8cdota que el mateix autor recull a la seva obra autobiogr\u00e0fica\u00a0<strong>El nen<\/strong>.<\/p>\n<p style=\"text-align: center;\"><img loading=\"lazy\" decoding=\"async\" class=\"alignnone\" src=\"https:\/\/lh3.googleusercontent.com\/FiFoivoaS2A7ujEYy_wAOPMs9PIk6AMKSZ2orJN9NzKbPnNsc9_5p-osQjv5-7rIOXR1E0w3k89_dFsslAW2p6xSZO8itD9himhjtUw9QJXXTHoRJev4xKhlDEyJeX_cHSjkdvO3_qO_JQAjbX5-ZsCNYkZRRm6Jpz7JjGWefqMDqxF_PPuo7zd_CuyFyMYeLUU8uoqgZpmBjK-WafriS1zdgo6Mpq_MLdwNfDAUBQYYT6f4CL5Z8VajPJ5EK-SQIuTFK45-myG_-UYasKOU_MjRJhTwo6UDXbr086vwa96Ya7Lqpy6OMkPub-hAupxfTRfRbqvJvCGZLnbKspsZLLhzIpK1zntQMkuRHib7pMlrKGZsOuJYIalCq1LIo5jLKvc0geuei_EDdIfVml37mn_DuqT9aSJ3s4JNKt3ijj0hPnVt8OunP0yLtfg_8P_VS9Sjomhq5JNoS1gbPZBI2rKX0jZw1b6Ys4J4rXKc4AbCDdtCvtl40V8wFStiCdRJPmIR4OSHIyThZGEYqBm0AX9sDZ2K6fiaxX-U4DpCRz0E2K-3q0uD9KU7XiGp78Lz_lvukY0Q7NXwF0eNEoT6ZU9LnJRfmGw=w437-h292-no\" alt=\"\" width=\"436\" height=\"292\" \/><\/p>\n","protected":false},"excerpt":{"rendered":"<p>A primera hora del mat\u00ed les escoles participants van anar arribant al Teatre de la Passi\u00f3 d&#8217;Olesa de Montserrat. A llarg de mat\u00ed van assajar l&#8217;espectacle. I a la tarda els familiars dels alumnes gaireb\u00e9 van omplir les 1500 butaques del Teatre de la Passi\u00f3 d&#8217;Olesa de Montserrat. L&#8217;expectaci\u00f3 era m\u00e0xima. La poetessa Lola Casas [&hellip;]<\/p>\n","protected":false},"author":1,"featured_media":0,"parent":8637,"menu_order":40,"comment_status":"closed","ping_status":"closed","template":"","meta":{"_bbp_topic_count":0,"_bbp_reply_count":0,"_bbp_total_topic_count":0,"_bbp_total_reply_count":0,"_bbp_voice_count":0,"_bbp_anonymous_reply_count":0,"_bbp_topic_count_hidden":0,"_bbp_reply_count_hidden":0,"_bbp_forum_subforum_count":0,"site-sidebar-layout":"default","site-content-layout":"","ast-site-content-layout":"","site-content-style":"default","site-sidebar-style":"default","ast-global-header-display":"","ast-banner-title-visibility":"","ast-main-header-display":"","ast-hfb-above-header-display":"","ast-hfb-below-header-display":"","ast-hfb-mobile-header-display":"","site-post-title":"","ast-breadcrumbs-content":"","ast-featured-img":"","footer-sml-layout":"","theme-transparent-header-meta":"","adv-header-id-meta":"","stick-header-meta":"","header-above-stick-meta":"","header-main-stick-meta":"","header-below-stick-meta":"","astra-migrate-meta-layouts":"default","ast-page-background-enabled":"default","ast-page-background-meta":{"desktop":{"background-color":"var(--ast-global-color-4)","background-image":"","background-repeat":"repeat","background-position":"center center","background-size":"auto","background-attachment":"scroll","background-type":"","background-media":"","overlay-type":"","overlay-color":"","overlay-opacity":"","overlay-gradient":""},"tablet":{"background-color":"","background-image":"","background-repeat":"repeat","background-position":"center center","background-size":"auto","background-attachment":"scroll","background-type":"","background-media":"","overlay-type":"","overlay-color":"","overlay-opacity":"","overlay-gradient":""},"mobile":{"background-color":"","background-image":"","background-repeat":"repeat","background-position":"center center","background-size":"auto","background-attachment":"scroll","background-type":"","background-media":"","overlay-type":"","overlay-color":"","overlay-opacity":"","overlay-gradient":""}},"ast-content-background-meta":{"desktop":{"background-color":"var(--ast-global-color-5)","background-image":"","background-repeat":"repeat","background-position":"center center","background-size":"auto","background-attachment":"scroll","background-type":"","background-media":"","overlay-type":"","overlay-color":"","overlay-opacity":"","overlay-gradient":""},"tablet":{"background-color":"var(--ast-global-color-5)","background-image":"","background-repeat":"repeat","background-position":"center center","background-size":"auto","background-attachment":"scroll","background-type":"","background-media":"","overlay-type":"","overlay-color":"","overlay-opacity":"","overlay-gradient":""},"mobile":{"background-color":"var(--ast-global-color-5)","background-image":"","background-repeat":"repeat","background-position":"center center","background-size":"auto","background-attachment":"scroll","background-type":"","background-media":"","overlay-type":"","overlay-color":"","overlay-opacity":"","overlay-gradient":""}},"footnotes":""},"class_list":["post-8646","page","type-page","status-publish","hentry"],"post_mailing_queue_ids":[],"_links":{"self":[{"href":"https:\/\/serveiseducatius.xtec.cat\/baixllobregat6\/wp-json\/wp\/v2\/pages\/8646","targetHints":{"allow":["GET"]}}],"collection":[{"href":"https:\/\/serveiseducatius.xtec.cat\/baixllobregat6\/wp-json\/wp\/v2\/pages"}],"about":[{"href":"https:\/\/serveiseducatius.xtec.cat\/baixllobregat6\/wp-json\/wp\/v2\/types\/page"}],"author":[{"embeddable":true,"href":"https:\/\/serveiseducatius.xtec.cat\/baixllobregat6\/wp-json\/wp\/v2\/users\/1"}],"replies":[{"embeddable":true,"href":"https:\/\/serveiseducatius.xtec.cat\/baixllobregat6\/wp-json\/wp\/v2\/comments?post=8646"}],"version-history":[{"count":3,"href":"https:\/\/serveiseducatius.xtec.cat\/baixllobregat6\/wp-json\/wp\/v2\/pages\/8646\/revisions"}],"predecessor-version":[{"id":8938,"href":"https:\/\/serveiseducatius.xtec.cat\/baixllobregat6\/wp-json\/wp\/v2\/pages\/8646\/revisions\/8938"}],"up":[{"embeddable":true,"href":"https:\/\/serveiseducatius.xtec.cat\/baixllobregat6\/wp-json\/wp\/v2\/pages\/8637"}],"wp:attachment":[{"href":"https:\/\/serveiseducatius.xtec.cat\/baixllobregat6\/wp-json\/wp\/v2\/media?parent=8646"}],"curies":[{"name":"wp","href":"https:\/\/api.w.org\/{rel}","templated":true}]}}